{"id":1072,"date":"2021-12-09T09:22:27","date_gmt":"2021-12-09T09:22:27","guid":{"rendered":"https:\/\/glider-battery.eu\/wartungsarbeiten\/"},"modified":"2021-12-09T09:22:27","modified_gmt":"2021-12-09T09:22:27","slug":"wartungsarbeiten","status":"publish","type":"page","link":"https:\/\/glider-battery.eu\/de\/wartungsarbeiten\/","title":{"rendered":"Wartungsarbeiten"},"content":{"rendered":"\n<p style=\"text-align:center\">Die Website ist aufgrund von Wartungsarbeiten vor\u00fcbergehend deaktiviert. Bei dringenden Anfragen bestellen Sie Batterien bitte bei unseren Partnern oder pers\u00f6nlich. Entschuldigung f\u00fcr die Unannehmlichkeiten, wir kommen bald wieder!<\/p>\n\n<div class=\"wp-block-image\"><figure class=\"aligncenter\"><img loading=\"lazy\" decoding=\"async\" width=\"800\" height=\"800\" src=\"http:\/\/glider-battery.eu\/wp-content\/uploads\/2017\/10\/charge2.jpg\" alt=\"\" class=\"wp-image-1074\" srcset=\"https:\/\/glider-battery.eu\/wp-content\/uploads\/2017\/10\/charge2.jpg 800w, https:\/\/glider-battery.eu\/wp-content\/uploads\/2017\/10\/charge2-400x400.jpg 400w, https:\/\/glider-battery.eu\/wp-content\/uploads\/2017\/10\/charge2-720x720.jpg 720w, https:\/\/glider-battery.eu\/wp-content\/uploads\/2017\/10\/charge2-100x100.jpg 100w, https:\/\/glider-battery.eu\/wp-content\/uploads\/2017\/10\/charge2-150x150.jpg 150w, https:\/\/glider-battery.eu\/wp-content\/uploads\/2017\/10\/charge2-768x768.jpg 768w, https:\/\/glider-battery.eu\/wp-content\/uploads\/2017\/10\/charge2-40x40.jpg 40w\" sizes=\"auto, (max-width: 800px) 100vw, 800px\" \/><\/figure><\/div>\n","protected":false},"excerpt":{"rendered":"<p>Die Website ist aufgrund von Wartungsarbeiten vor\u00fcbergehend deaktiviert. Bei dringenden Anfragen bestellen Sie Batterien bitte bei unseren Partnern oder pers\u00f6nlich. Entschuldigung f\u00fcr die Unannehmlichkeiten, wir kommen bald wieder!<\/p>\n","protected":false},"author":4,"featured_media":0,"parent":0,"menu_order":0,"comment_status":"closed","ping_status":"closed","template":"","meta":{"footnotes":""},"class_list":["post-1072","page","type-page","status-publish","hentry","has-post-title","has-post-date","has-post-category","has-post-tag","has-post-comment","has-post-author",""],"yoast_head":"<!-- This site is optimized with the Yoast SEO plugin v27.0 - https:\/\/yoast.com\/product\/yoast-seo-wordpress\/ -->\n<title>Wartungsarbeiten - Glider Battery Shop<\/title>\n<meta name=\"robots\" content=\"index, follow, max-snippet:-1, max-image-preview:large, max-video-preview:-1\" \/>\n<link rel=\"canonical\" href=\"https:\/\/glider-battery.eu\/de\/wartungsarbeiten\/\" \/>\n<meta property=\"og:locale\" content=\"de_DE\" \/>\n<meta property=\"og:type\" content=\"article\" \/>\n<meta property=\"og:title\" content=\"Wartungsarbeiten - Glider Battery Shop\" \/>\n<meta property=\"og:description\" content=\"Die Website ist aufgrund von Wartungsarbeiten vor\u00fcbergehend deaktiviert. Bei dringenden Anfragen bestellen Sie Batterien bitte bei unseren Partnern oder pers\u00f6nlich. Entschuldigung f\u00fcr die Unannehmlichkeiten, wir kommen bald wieder!\" \/>\n<meta property=\"og:url\" content=\"https:\/\/glider-battery.eu\/de\/wartungsarbeiten\/\" \/>\n<meta property=\"og:site_name\" content=\"Glider Battery Shop\" \/>\n<meta property=\"og:image\" content=\"http:\/\/glider-battery.eu\/wp-content\/uploads\/2017\/10\/charge2.jpg\" \/>\n<meta name=\"twitter:card\" content=\"summary_large_image\" \/>\n<script type=\"application\/ld+json\" class=\"yoast-schema-graph\">{\"@context\":\"https:\/\/schema.org\",\"@graph\":[{\"@type\":\"WebPage\",\"@id\":\"https:\/\/glider-battery.eu\/de\/wartungsarbeiten\/\",\"url\":\"https:\/\/glider-battery.eu\/de\/wartungsarbeiten\/\",\"name\":\"Wartungsarbeiten - Glider Battery Shop\",\"isPartOf\":{\"@id\":\"https:\/\/glider-battery.eu\/#website\"},\"primaryImageOfPage\":{\"@id\":\"https:\/\/glider-battery.eu\/de\/wartungsarbeiten\/#primaryimage\"},\"image\":{\"@id\":\"https:\/\/glider-battery.eu\/de\/wartungsarbeiten\/#primaryimage\"},\"thumbnailUrl\":\"http:\/\/glider-battery.eu\/wp-content\/uploads\/2017\/10\/charge2.jpg\",\"datePublished\":\"2021-12-09T09:22:27+00:00\",\"breadcrumb\":{\"@id\":\"https:\/\/glider-battery.eu\/de\/wartungsarbeiten\/#breadcrumb\"},\"inLanguage\":\"de\",\"potentialAction\":[{\"@type\":\"ReadAction\",\"target\":[\"https:\/\/glider-battery.eu\/de\/wartungsarbeiten\/\"]}]},{\"@type\":\"ImageObject\",\"inLanguage\":\"de\",\"@id\":\"https:\/\/glider-battery.eu\/de\/wartungsarbeiten\/#primaryimage\",\"url\":\"http:\/\/glider-battery.eu\/wp-content\/uploads\/2017\/10\/charge2.jpg\",\"contentUrl\":\"http:\/\/glider-battery.eu\/wp-content\/uploads\/2017\/10\/charge2.jpg\"},{\"@type\":\"BreadcrumbList\",\"@id\":\"https:\/\/glider-battery.eu\/de\/wartungsarbeiten\/#breadcrumb\",\"itemListElement\":[{\"@type\":\"ListItem\",\"position\":1,\"name\":\"Home\",\"item\":\"https:\/\/glider-battery.eu\/\"},{\"@type\":\"ListItem\",\"position\":2,\"name\":\"Wartungsarbeiten\"}]},{\"@type\":\"WebSite\",\"@id\":\"https:\/\/glider-battery.eu\/#website\",\"url\":\"https:\/\/glider-battery.eu\/\",\"name\":\"Glider Battery Shop\",\"description\":\"Power For Your Electronics\",\"publisher\":{\"@id\":\"https:\/\/glider-battery.eu\/#organization\"},\"potentialAction\":[{\"@type\":\"SearchAction\",\"target\":{\"@type\":\"EntryPoint\",\"urlTemplate\":\"https:\/\/glider-battery.eu\/?s={search_term_string}\"},\"query-input\":{\"@type\":\"PropertyValueSpecification\",\"valueRequired\":true,\"valueName\":\"search_term_string\"}}],\"inLanguage\":\"de\"},{\"@type\":\"Organization\",\"@id\":\"https:\/\/glider-battery.eu\/#organization\",\"name\":\"Glider-Battery.eu\",\"url\":\"https:\/\/glider-battery.eu\/\",\"logo\":{\"@type\":\"ImageObject\",\"inLanguage\":\"de\",\"@id\":\"https:\/\/glider-battery.eu\/#\/schema\/logo\/image\/\",\"url\":\"https:\/\/glider-battery.eu\/wp-content\/uploads\/2018\/01\/dar-grey-logo.png\",\"contentUrl\":\"https:\/\/glider-battery.eu\/wp-content\/uploads\/2018\/01\/dar-grey-logo.png\",\"width\":1300,\"height\":400,\"caption\":\"Glider-Battery.eu\"},\"image\":{\"@id\":\"https:\/\/glider-battery.eu\/#\/schema\/logo\/image\/\"}}]}<\/script>\n<!-- \/ Yoast SEO plugin. -->","yoast_head_json":{"title":"Wartungsarbeiten - Glider Battery Shop","robots":{"index":"index","follow":"follow","max-snippet":"max-snippet:-1","max-image-preview":"max-image-preview:large","max-video-preview":"max-video-preview:-1"},"canonical":"https:\/\/glider-battery.eu\/de\/wartungsarbeiten\/","og_locale":"de_DE","og_type":"article","og_title":"Wartungsarbeiten - Glider Battery Shop","og_description":"Die Website ist aufgrund von Wartungsarbeiten vor\u00fcbergehend deaktiviert. Bei dringenden Anfragen bestellen Sie Batterien bitte bei unseren Partnern oder pers\u00f6nlich. Entschuldigung f\u00fcr die Unannehmlichkeiten, wir kommen bald wieder!","og_url":"https:\/\/glider-battery.eu\/de\/wartungsarbeiten\/","og_site_name":"Glider Battery Shop","og_image":[{"url":"http:\/\/glider-battery.eu\/wp-content\/uploads\/2017\/10\/charge2.jpg","type":"","width":"","height":""}],"twitter_card":"summary_large_image","schema":{"@context":"https:\/\/schema.org","@graph":[{"@type":"WebPage","@id":"https:\/\/glider-battery.eu\/de\/wartungsarbeiten\/","url":"https:\/\/glider-battery.eu\/de\/wartungsarbeiten\/","name":"Wartungsarbeiten - Glider Battery Shop","isPartOf":{"@id":"https:\/\/glider-battery.eu\/#website"},"primaryImageOfPage":{"@id":"https:\/\/glider-battery.eu\/de\/wartungsarbeiten\/#primaryimage"},"image":{"@id":"https:\/\/glider-battery.eu\/de\/wartungsarbeiten\/#primaryimage"},"thumbnailUrl":"http:\/\/glider-battery.eu\/wp-content\/uploads\/2017\/10\/charge2.jpg","datePublished":"2021-12-09T09:22:27+00:00","breadcrumb":{"@id":"https:\/\/glider-battery.eu\/de\/wartungsarbeiten\/#breadcrumb"},"inLanguage":"de","potentialAction":[{"@type":"ReadAction","target":["https:\/\/glider-battery.eu\/de\/wartungsarbeiten\/"]}]},{"@type":"ImageObject","inLanguage":"de","@id":"https:\/\/glider-battery.eu\/de\/wartungsarbeiten\/#primaryimage","url":"http:\/\/glider-battery.eu\/wp-content\/uploads\/2017\/10\/charge2.jpg","contentUrl":"http:\/\/glider-battery.eu\/wp-content\/uploads\/2017\/10\/charge2.jpg"},{"@type":"BreadcrumbList","@id":"https:\/\/glider-battery.eu\/de\/wartungsarbeiten\/#breadcrumb","itemListElement":[{"@type":"ListItem","position":1,"name":"Home","item":"https:\/\/glider-battery.eu\/"},{"@type":"ListItem","position":2,"name":"Wartungsarbeiten"}]},{"@type":"WebSite","@id":"https:\/\/glider-battery.eu\/#website","url":"https:\/\/glider-battery.eu\/","name":"Glider Battery Shop","description":"Power For Your Electronics","publisher":{"@id":"https:\/\/glider-battery.eu\/#organization"},"potentialAction":[{"@type":"SearchAction","target":{"@type":"EntryPoint","urlTemplate":"https:\/\/glider-battery.eu\/?s={search_term_string}"},"query-input":{"@type":"PropertyValueSpecification","valueRequired":true,"valueName":"search_term_string"}}],"inLanguage":"de"},{"@type":"Organization","@id":"https:\/\/glider-battery.eu\/#organization","name":"Glider-Battery.eu","url":"https:\/\/glider-battery.eu\/","logo":{"@type":"ImageObject","inLanguage":"de","@id":"https:\/\/glider-battery.eu\/#\/schema\/logo\/image\/","url":"https:\/\/glider-battery.eu\/wp-content\/uploads\/2018\/01\/dar-grey-logo.png","contentUrl":"https:\/\/glider-battery.eu\/wp-content\/uploads\/2018\/01\/dar-grey-logo.png","width":1300,"height":400,"caption":"Glider-Battery.eu"},"image":{"@id":"https:\/\/glider-battery.eu\/#\/schema\/logo\/image\/"}}]}},"builder_content":"","_links":{"self":[{"href":"https:\/\/glider-battery.eu\/de\/wp-json\/wp\/v2\/pages\/1072","targetHints":{"allow":["GET"]}}],"collection":[{"href":"https:\/\/glider-battery.eu\/de\/wp-json\/wp\/v2\/pages"}],"about":[{"href":"https:\/\/glider-battery.eu\/de\/wp-json\/wp\/v2\/types\/page"}],"author":[{"embeddable":true,"href":"https:\/\/glider-battery.eu\/de\/wp-json\/wp\/v2\/users\/4"}],"replies":[{"embeddable":true,"href":"https:\/\/glider-battery.eu\/de\/wp-json\/wp\/v2\/comments?post=1072"}],"version-history":[{"count":1,"href":"https:\/\/glider-battery.eu\/de\/wp-json\/wp\/v2\/pages\/1072\/revisions"}],"predecessor-version":[{"id":1084,"href":"https:\/\/glider-battery.eu\/de\/wp-json\/wp\/v2\/pages\/1072\/revisions\/1084"}],"wp:attachment":[{"href":"https:\/\/glider-battery.eu\/de\/wp-json\/wp\/v2\/media?parent=1072"}],"curies":[{"name":"wp","href":"https:\/\/api.w.org\/{rel}","templated":true}]}}