{"id":1140,"date":"2021-12-09T09:53:20","date_gmt":"2021-12-09T09:53:20","guid":{"rendered":"https:\/\/glider-battery.eu\/ueber\/"},"modified":"2025-01-25T16:33:23","modified_gmt":"2025-01-25T16:33:23","slug":"ueber","status":"publish","type":"page","link":"https:\/\/glider-battery.eu\/de\/ueber\/","title":{"rendered":"\u00dcber"},"content":{"rendered":"<\/p><!--themify_builder_content-->\n<div id=\"themify_builder_content-1140\" data-postid=\"1140\" class=\"themify_builder_content themify_builder_content-1140 themify_builder tf_clear\">\n                    <div  data-lazy=\"1\" class=\"module_row themify_builder_row tb_micu399 tb_first tf_w\">\n                        <div class=\"row_inner col_align_top tb_col_count_1 tf_box tf_rel\">\n                        <div  data-lazy=\"1\" class=\"module_column tb-column col-full tb_cu96393 first\">\n                    <!-- module box -->\n<div  class=\"module module-box tb_ul7t730 \" data-lazy=\"1\">\n    <div class=\"module-box-content ui  tb_default_color\">\n                <div class=\"tb_text_wrap\"><p>Liebe Segelflugfreunde,<\/p>\n<p>Unsere Hauptaufgabe besteht darin, die Sicherheit innerhalb der Segelfluggemeinschaft zu verbessern.<\/p>\n<p>In einer Zeit, die von der Elektronik beherrscht wird, ist auch die Welt des Segelflugs keine Ausnahme. Es ist wichtig, dass die Elektronik zuverl\u00e4ssig und reibungslos funktioniert. Und zwar nicht nur, um die Leistung der Instrumente zu optimieren, sondern auch, um die einwandfreie Funktion der Sicherheitseinrichtungen zu gew\u00e4hrleisten. In Anerkennung dieser wesentlichen Anforderung ist es unser Ziel, jeden Segelflieger mit modernen Batterien auszustatten, die nicht nur sicher und zuverl\u00e4ssig, sondern auch erschwinglich sind. Wir setzen die neuesten Erkenntnisse und technischen Verfahren ein, um die Sicherheitsstandards von Segelflugzeugbatterien zu erh\u00f6hen, ohne dabei Kompromisse bei den Kosten einzugehen. Indem wir nur Standardprodukte und die am meisten nachgefragten Produkte anbieten, sind wir in der Lage, die Lager- und Wartungskosten zu reduzieren, was letztendlich zu einer Preissenkung f\u00fcr unsere Kunden f\u00fchrt.<\/p>\n<p>Unsere Produktpalette umfasst LiFePO4-Akkus in Standardgr\u00f6\u00dfe, die speziell f\u00fcr Segelflugzeuge entwickelt wurden. Wir sind bestrebt, durch den Einsatz hochwertiger Materialien und modernster Sicherheitsl\u00f6sungen einen hohen Qualit\u00e4tsstandard aufrechtzuerhalten. Unsere Batterien verf\u00fcgen \u00fcber erstklassige A+-Zellen, die von weltweit f\u00fchrenden Herstellern bezogen werden, ein hochwertiges Batteriemanagementsystem, mehrere Temperaturschutzsensoren, Reinnickelplatten f\u00fcr erh\u00f6hte Vibrationsfestigkeit und ein spezielles Batteriepack-Layout f\u00fcr erh\u00f6hte Sicherheit. Dies sind nur einige Beispiele f\u00fcr die Ma\u00dfnahmen, die wir ergreifen, um Ihnen Batterien zu liefern, die \u00fcber den Industriestandards liegen und bei denen die Sicherheit an erster Stelle steht.<\/p>\n<p> Sie sind Aeroclub, E-Shop, Wettkampfveranstalter oder repr\u00e4sentieren eine andere Segelflug-Community? Wir sind immer offen f\u00fcr eine Zusammenarbeit. Kontaktiere uns!<\/p>\n<p>           <span style=\"font-family: cornerstone;font-size: 14pt\"> Glider-Battery.eu Team<\/span><\/p><\/div>\n    <\/div>\n<\/div>\n<!-- \/module box -->\n<!-- module box -->\n<div  class=\"module module-box tb_5ykh709 \" data-lazy=\"1\">\n    <div class=\"module-box-content ui  tb_default_color\">\n                <div class=\"tb_text_wrap\">\n<div class=\"wpcf7 no-js\" id=\"wpcf7-f1943-o1\" lang=\"de-DE\" dir=\"ltr\" data-wpcf7-id=\"1943\">\n<div class=\"screen-reader-response\"><p role=\"status\" aria-live=\"polite\" aria-atomic=\"true\"><\/p> <ul><\/ul><\/div>\n<form action=\"\/de\/wp-json\/wp\/v2\/pages\/1140#wpcf7-f1943-o1\" method=\"post\" class=\"wpcf7-form init\" aria-label=\"Kontaktformular\" novalidate=\"novalidate\" data-status=\"init\">\n<fieldset class=\"hidden-fields-container\"><input type=\"hidden\" name=\"_wpcf7\" value=\"1943\" \/><input type=\"hidden\" name=\"_wpcf7_version\" value=\"6.1.5\" \/><input type=\"hidden\" name=\"_wpcf7_locale\" value=\"de_DE\" \/><input type=\"hidden\" name=\"_wpcf7_unit_tag\" value=\"wpcf7-f1943-o1\" \/><input type=\"hidden\" name=\"_wpcf7_container_post\" value=\"0\" \/><input type=\"hidden\" name=\"_wpcf7_posted_data_hash\" value=\"\" \/><input type=\"hidden\" name=\"_wpcf7_recaptcha_response\" value=\"\" \/>\n<\/fieldset>\n<p><label> Ihr Name (erforderlich)<br \/>\n<span class=\"wpcf7-form-control-wrap\" data-name=\"your-name\"><input size=\"40\" maxlength=\"400\" class=\"wpcf7-form-control wpcf7-text wpcf7-validates-as-required\" aria-required=\"true\" aria-invalid=\"false\" value=\"\" type=\"text\" name=\"your-name\" \/><\/span> <\/label>\n<\/p>\n<p><label> Ihre E-Mail (erforderlich)<br \/>\n<span class=\"wpcf7-form-control-wrap\" data-name=\"your-email\"><input size=\"40\" maxlength=\"400\" class=\"wpcf7-form-control wpcf7-email wpcf7-validates-as-required wpcf7-text wpcf7-validates-as-email\" aria-required=\"true\" aria-invalid=\"false\" value=\"\" type=\"email\" name=\"your-email\" \/><\/span> <\/label>\n<\/p>\n<p><label> Thema<br \/>\n<span class=\"wpcf7-form-control-wrap\" data-name=\"your-subject\"><input size=\"40\" maxlength=\"400\" class=\"wpcf7-form-control wpcf7-text\" aria-invalid=\"false\" value=\"\" type=\"text\" name=\"your-subject\" \/><\/span> <\/label>\n<\/p>\n<p><label> Ihre Nachricht<br \/>\n<span class=\"wpcf7-form-control-wrap\" data-name=\"your-message\"><textarea cols=\"40\" rows=\"10\" maxlength=\"2000\" class=\"wpcf7-form-control wpcf7-textarea\" aria-invalid=\"false\" name=\"your-message\"><\/textarea><\/span> <\/label>\n<\/p>\n<p><input class=\"wpcf7-form-control wpcf7-submit has-spinner\" type=\"submit\" value=\"Send\" \/>\n<\/p><p style=\"display: none !important;\" class=\"akismet-fields-container\" data-prefix=\"_wpcf7_ak_\"><label>&#916;<textarea name=\"_wpcf7_ak_hp_textarea\" cols=\"45\" rows=\"8\" maxlength=\"100\"><\/textarea><\/label><input type=\"hidden\" id=\"ak_js_1\" name=\"_wpcf7_ak_js\" value=\"50\"\/><script>document.getElementById( \"ak_js_1\" ).setAttribute( \"value\", ( new Date() ).getTime() );<\/script><\/p><div class=\"wpcf7-response-output\" aria-hidden=\"true\"><\/div>\n<\/form>\n<\/div>\n<\/div>\n    <\/div>\n<\/div>\n<!-- \/module box -->\n        <\/div>\n                        <\/div>\n        <\/div>\n                        <div  data-lazy=\"1\" class=\"module_row themify_builder_row tb_gt1s009 tf_w hide-mobile\">\n                        <div class=\"row_inner col_align_top tb_col_count_3 tf_box tf_rel\">\n                        <div  data-lazy=\"1\" class=\"module_column tb-column col3-1 tb_9fpc670 first\">\n                    <!-- module text -->\n<div  class=\"module module-text tb_8qfs099   \" data-lazy=\"1\">\n        <div  class=\"tb_text_wrap\">\n        <p style=\"text-align: right\"><a href=\"http:\/\/www.glider-battery.eu\/contact-us\/\">Kundendienst<\/a><\/p>    <\/div>\n<\/div>\n<!-- \/module text -->        <\/div>\n                    <div  data-lazy=\"1\" class=\"module_column tb-column col3-1 tb_ji4f039\">\n                    <!-- module text -->\n<div  class=\"module module-text tb_mavs879   \" data-lazy=\"1\">\n        <div  class=\"tb_text_wrap\">\n        <p><a href=\"http:\/\/glider-battery.eu\/about\/\">\u00dcber uns<\/a><\/p>    <\/div>\n<\/div>\n<!-- \/module text -->        <\/div>\n                    <div  data-lazy=\"1\" class=\"module_column tb-column col3-1 tb_lidl997 last\">\n                    <!-- module text -->\n<div  class=\"module module-text tb_d7nb799   \" data-lazy=\"1\">\n        <div  class=\"tb_text_wrap\">\n        <p><a href=\"http:\/\/glider-battery.eu\/my-account\/\">Konto<\/a><\/p>    <\/div>\n<\/div>\n<!-- \/module text -->        <\/div>\n                        <\/div>\n        <\/div>\n                        <div  data-lazy=\"1\" class=\"module_row themify_builder_row tb_gvwp080 tf_w hide-desktop hide-tablet\">\n                        <div class=\"row_inner col_align_top tb_col_count_1 tf_box tf_rel\">\n                        <div  data-lazy=\"1\" class=\"module_column tb-column col-full tb_1v7e000 first\">\n                    <!-- module text -->\n<div  class=\"module module-text tb_g7xr300   \" data-lazy=\"1\">\n        <div  class=\"tb_text_wrap\">\n        <p>Kundenservice <a href=\"http:\/\/glider-battery.eu\/about\/\">\u00dcber Uns<\/a> <a href=\"http:\/\/glider-battery.eu\/my-account\/\">Konto<\/a><\/p>    <\/div>\n<\/div>\n<!-- \/module text -->        <\/div>\n                        <\/div>\n        <\/div>\n                        <div  data-lazy=\"1\" class=\"module_row themify_builder_row tb_skhw317 tf_w hide-mobile\">\n                        <div class=\"row_inner col_align_top tb_col_count_3 tf_box tf_rel\">\n                        <div  data-lazy=\"1\" class=\"module_column tb-column col3-1 tb_vdi2103 first\">\n                    <!-- module text -->\n<div  class=\"module module-text tb_sk3k008   \" data-lazy=\"1\">\n        <div  class=\"tb_text_wrap\">\n        <p style=\"text-align: right\"><a href=\"http:\/\/glider-battery.eu\/privacy-policy\/\">Datenschutz-Bestimmungen<\/a><\/p>    <\/div>\n<\/div>\n<!-- \/module text -->        <\/div>\n                    <div  data-lazy=\"1\" class=\"module_column tb-column col3-1 tb_skby393\">\n                    <!-- module text -->\n<div  class=\"module module-text tb_np96333   \" data-lazy=\"1\">\n        <div  class=\"tb_text_wrap\">\n        <p style=\"text-align: center\"><a href=\"http:\/\/www.glider-battery.eu\/payment-and-shipping\/\">Zahlungen und Versand<\/a><\/p>    <\/div>\n<\/div>\n<!-- \/module text -->        <\/div>\n                    <div  data-lazy=\"1\" class=\"module_column tb-column col3-1 tb_72gt089 last\">\n                    <!-- module text -->\n<div  class=\"module module-text tb_uiuc488   \" data-lazy=\"1\">\n        <div  class=\"tb_text_wrap\">\n        <p style=\"text-align: left\"><a href=\"http:\/\/glider-battery.eu\/Warranty-and-returns\/\">Garantie und R\u00fcckgabe<\/a><\/p>    <\/div>\n<\/div>\n<!-- \/module text -->        <\/div>\n                        <\/div>\n        <\/div>\n                        <div  data-lazy=\"1\" class=\"module_row themify_builder_row tb_pf27804 tf_w hide-desktop hide-tablet\">\n                        <div class=\"row_inner col_align_top tb_col_count_3 tf_box tf_rel\">\n                        <div  data-lazy=\"1\" class=\"module_column tb-column col3-1 tb_yr2c000 first\">\n                            <\/div>\n                    <div  data-lazy=\"1\" class=\"module_column tb-column col3-1 tb_x9qu019\">\n                    <!-- module text -->\n<div  class=\"module module-text tb_wbph909   \" data-lazy=\"1\">\n        <div  class=\"tb_text_wrap\">\n        <p style=\"text-align: center\"><a href=\"http:\/\/glider-battery.eu\/privacy-policy\/\">Datenschutzerkl\u00e4rung<\/a> <a href=\"http:\/\/glider-battery.eu\/warranty-and-returns\/\">Garantie und R\u00fcckgabe<\/a><\/p><p style=\"text-align: center\"><a href=\"http:\/\/www.glider-battery.eu\/payment-and-shipping\/\">Zahlungen und Versand<\/a><\/p>    <\/div>\n<\/div>\n<!-- \/module text -->        <\/div>\n                    <div  data-lazy=\"1\" class=\"module_column tb-column col3-1 tb_2nxh583 last\">\n                            <\/div>\n                        <\/div>\n        <\/div>\n                        <div  data-lazy=\"1\" class=\"module_row themify_builder_row tb_9j0x063 tf_w\">\n                        <div class=\"row_inner col_align_top tb_col_count_1 tf_box tf_rel\">\n                        <div  data-lazy=\"1\" class=\"module_column tb-column col-full tb_ykyl930 first\">\n                            <\/div>\n                        <\/div>\n        <\/div>\n        <\/div>\n<!--\/themify_builder_content-->","protected":false},"excerpt":{"rendered":"","protected":false},"author":1,"featured_media":0,"parent":0,"menu_order":0,"comment_status":"closed","ping_status":"closed","template":"","meta":{"footnotes":""},"class_list":["post-1140","page","type-page","status-publish","hentry","has-post-title","has-post-date","has-post-category","has-post-tag","has-post-comment","has-post-author",""],"yoast_head":"<!-- This site is optimized with the Yoast SEO plugin v27.0 - https:\/\/yoast.com\/product\/yoast-seo-wordpress\/ -->\n<title>\u00dcber - Glider Battery Shop<\/title>\n<meta name=\"robots\" content=\"index, follow, max-snippet:-1, max-image-preview:large, max-video-preview:-1\" \/>\n<link rel=\"canonical\" href=\"https:\/\/glider-battery.eu\/de\/ueber\/\" \/>\n<meta property=\"og:locale\" content=\"de_DE\" \/>\n<meta property=\"og:type\" content=\"article\" \/>\n<meta property=\"og:title\" content=\"\u00dcber - Glider Battery Shop\" \/>\n<meta property=\"og:url\" content=\"https:\/\/glider-battery.eu\/de\/ueber\/\" \/>\n<meta property=\"og:site_name\" content=\"Glider Battery Shop\" \/>\n<meta property=\"article:modified_time\" content=\"2025-01-25T16:33:23+00:00\" \/>\n<meta name=\"twitter:card\" content=\"summary_large_image\" \/>\n<meta name=\"twitter:label1\" content=\"Gesch\u00e4tzte Lesezeit\" \/>\n\t<meta name=\"twitter:data1\" content=\"1\u00a0Minute\" \/>\n<script type=\"application\/ld+json\" class=\"yoast-schema-graph\">{\"@context\":\"https:\/\/schema.org\",\"@graph\":[{\"@type\":\"WebPage\",\"@id\":\"https:\/\/glider-battery.eu\/de\/ueber\/\",\"url\":\"https:\/\/glider-battery.eu\/de\/ueber\/\",\"name\":\"\u00dcber - Glider Battery Shop\",\"isPartOf\":{\"@id\":\"https:\/\/glider-battery.eu\/#website\"},\"datePublished\":\"2021-12-09T09:53:20+00:00\",\"dateModified\":\"2025-01-25T16:33:23+00:00\",\"breadcrumb\":{\"@id\":\"https:\/\/glider-battery.eu\/de\/ueber\/#breadcrumb\"},\"inLanguage\":\"de\",\"potentialAction\":[{\"@type\":\"ReadAction\",\"target\":[\"https:\/\/glider-battery.eu\/de\/ueber\/\"]}]},{\"@type\":\"BreadcrumbList\",\"@id\":\"https:\/\/glider-battery.eu\/de\/ueber\/#breadcrumb\",\"itemListElement\":[{\"@type\":\"ListItem\",\"position\":1,\"name\":\"Home\",\"item\":\"https:\/\/glider-battery.eu\/\"},{\"@type\":\"ListItem\",\"position\":2,\"name\":\"\u00dcber\"}]},{\"@type\":\"WebSite\",\"@id\":\"https:\/\/glider-battery.eu\/#website\",\"url\":\"https:\/\/glider-battery.eu\/\",\"name\":\"Glider Battery Shop\",\"description\":\"Power For Your Electronics\",\"publisher\":{\"@id\":\"https:\/\/glider-battery.eu\/#organization\"},\"potentialAction\":[{\"@type\":\"SearchAction\",\"target\":{\"@type\":\"EntryPoint\",\"urlTemplate\":\"https:\/\/glider-battery.eu\/?s={search_term_string}\"},\"query-input\":{\"@type\":\"PropertyValueSpecification\",\"valueRequired\":true,\"valueName\":\"search_term_string\"}}],\"inLanguage\":\"de\"},{\"@type\":\"Organization\",\"@id\":\"https:\/\/glider-battery.eu\/#organization\",\"name\":\"Glider-Battery.eu\",\"url\":\"https:\/\/glider-battery.eu\/\",\"logo\":{\"@type\":\"ImageObject\",\"inLanguage\":\"de\",\"@id\":\"https:\/\/glider-battery.eu\/#\/schema\/logo\/image\/\",\"url\":\"https:\/\/glider-battery.eu\/wp-content\/uploads\/2018\/01\/dar-grey-logo.png\",\"contentUrl\":\"https:\/\/glider-battery.eu\/wp-content\/uploads\/2018\/01\/dar-grey-logo.png\",\"width\":1300,\"height\":400,\"caption\":\"Glider-Battery.eu\"},\"image\":{\"@id\":\"https:\/\/glider-battery.eu\/#\/schema\/logo\/image\/\"}}]}<\/script>\n<!-- \/ Yoast SEO plugin. -->","yoast_head_json":{"title":"\u00dcber - Glider Battery Shop","robots":{"index":"index","follow":"follow","max-snippet":"max-snippet:-1","max-image-preview":"max-image-preview:large","max-video-preview":"max-video-preview:-1"},"canonical":"https:\/\/glider-battery.eu\/de\/ueber\/","og_locale":"de_DE","og_type":"article","og_title":"\u00dcber - Glider Battery Shop","og_url":"https:\/\/glider-battery.eu\/de\/ueber\/","og_site_name":"Glider Battery Shop","article_modified_time":"2025-01-25T16:33:23+00:00","twitter_card":"summary_large_image","twitter_misc":{"Gesch\u00e4tzte Lesezeit":"1\u00a0Minute"},"schema":{"@context":"https:\/\/schema.org","@graph":[{"@type":"WebPage","@id":"https:\/\/glider-battery.eu\/de\/ueber\/","url":"https:\/\/glider-battery.eu\/de\/ueber\/","name":"\u00dcber - Glider Battery Shop","isPartOf":{"@id":"https:\/\/glider-battery.eu\/#website"},"datePublished":"2021-12-09T09:53:20+00:00","dateModified":"2025-01-25T16:33:23+00:00","breadcrumb":{"@id":"https:\/\/glider-battery.eu\/de\/ueber\/#breadcrumb"},"inLanguage":"de","potentialAction":[{"@type":"ReadAction","target":["https:\/\/glider-battery.eu\/de\/ueber\/"]}]},{"@type":"BreadcrumbList","@id":"https:\/\/glider-battery.eu\/de\/ueber\/#breadcrumb","itemListElement":[{"@type":"ListItem","position":1,"name":"Home","item":"https:\/\/glider-battery.eu\/"},{"@type":"ListItem","position":2,"name":"\u00dcber"}]},{"@type":"WebSite","@id":"https:\/\/glider-battery.eu\/#website","url":"https:\/\/glider-battery.eu\/","name":"Glider Battery Shop","description":"Power For Your Electronics","publisher":{"@id":"https:\/\/glider-battery.eu\/#organization"},"potentialAction":[{"@type":"SearchAction","target":{"@type":"EntryPoint","urlTemplate":"https:\/\/glider-battery.eu\/?s={search_term_string}"},"query-input":{"@type":"PropertyValueSpecification","valueRequired":true,"valueName":"search_term_string"}}],"inLanguage":"de"},{"@type":"Organization","@id":"https:\/\/glider-battery.eu\/#organization","name":"Glider-Battery.eu","url":"https:\/\/glider-battery.eu\/","logo":{"@type":"ImageObject","inLanguage":"de","@id":"https:\/\/glider-battery.eu\/#\/schema\/logo\/image\/","url":"https:\/\/glider-battery.eu\/wp-content\/uploads\/2018\/01\/dar-grey-logo.png","contentUrl":"https:\/\/glider-battery.eu\/wp-content\/uploads\/2018\/01\/dar-grey-logo.png","width":1300,"height":400,"caption":"Glider-Battery.eu"},"image":{"@id":"https:\/\/glider-battery.eu\/#\/schema\/logo\/image\/"}}]}},"builder_content":"<p>Liebe Segelflugfreunde,<\/p> <p>Unsere Hauptaufgabe besteht darin, die Sicherheit innerhalb der Segelfluggemeinschaft zu verbessern.<\/p> <p>In einer Zeit, die von der Elektronik beherrscht wird, ist auch die Welt des Segelflugs keine Ausnahme. Es ist wichtig, dass die Elektronik zuverl\u00e4ssig und reibungslos funktioniert. Und zwar nicht nur, um die Leistung der Instrumente zu optimieren, sondern auch, um die einwandfreie Funktion der Sicherheitseinrichtungen zu gew\u00e4hrleisten. In Anerkennung dieser wesentlichen Anforderung ist es unser Ziel, jeden Segelflieger mit modernen Batterien auszustatten, die nicht nur sicher und zuverl\u00e4ssig, sondern auch erschwinglich sind. Wir setzen die neuesten Erkenntnisse und technischen Verfahren ein, um die Sicherheitsstandards von Segelflugzeugbatterien zu erh\u00f6hen, ohne dabei Kompromisse bei den Kosten einzugehen. Indem wir nur Standardprodukte und die am meisten nachgefragten Produkte anbieten, sind wir in der Lage, die Lager- und Wartungskosten zu reduzieren, was letztendlich zu einer Preissenkung f\u00fcr unsere Kunden f\u00fchrt.<\/p> <p>Unsere Produktpalette umfasst LiFePO4-Akkus in Standardgr\u00f6\u00dfe, die speziell f\u00fcr Segelflugzeuge entwickelt wurden. Wir sind bestrebt, durch den Einsatz hochwertiger Materialien und modernster Sicherheitsl\u00f6sungen einen hohen Qualit\u00e4tsstandard aufrechtzuerhalten. Unsere Batterien verf\u00fcgen \u00fcber erstklassige A+-Zellen, die von weltweit f\u00fchrenden Herstellern bezogen werden, ein hochwertiges Batteriemanagementsystem, mehrere Temperaturschutzsensoren, Reinnickelplatten f\u00fcr erh\u00f6hte Vibrationsfestigkeit und ein spezielles Batteriepack-Layout f\u00fcr erh\u00f6hte Sicherheit. Dies sind nur einige Beispiele f\u00fcr die Ma\u00dfnahmen, die wir ergreifen, um Ihnen Batterien zu liefern, die \u00fcber den Industriestandards liegen und bei denen die Sicherheit an erster Stelle steht.<\/p> <p> Sie sind Aeroclub, E-Shop, Wettkampfveranstalter oder repr\u00e4sentieren eine andere Segelflug-Community? Wir sind immer offen f\u00fcr eine Zusammenarbeit. Kontaktiere uns!<\/p> <p> Glider-Battery.eu Team<\/p>\n<p>[contact-form-7 id=\"238\" title=\"Kontaktiere Uns\"]<\/p>\n<p style=\"text-align: right\"><a href=\"http:\/\/www.glider-battery.eu\/contact-us\/\">Kundendienst<\/a><\/p>\n<p><a href=\"http:\/\/glider-battery.eu\/about\/\">\u00dcber uns<\/a><\/p>\n<p><a href=\"http:\/\/glider-battery.eu\/my-account\/\">Konto<\/a><\/p>\n<p>Kundenservice <a href=\"http:\/\/glider-battery.eu\/about\/\">\u00dcber Uns<\/a> <a href=\"http:\/\/glider-battery.eu\/my-account\/\">Konto<\/a><\/p>\n<p style=\"text-align: right\"><a href=\"http:\/\/glider-battery.eu\/privacy-policy\/\">Datenschutz-Bestimmungen<\/a><\/p>\n<p style=\"text-align: center\"><a href=\"http:\/\/www.glider-battery.eu\/payment-and-shipping\/\">Zahlungen und Versand<\/a><\/p>\n<p style=\"text-align: left\"><a href=\"http:\/\/glider-battery.eu\/Warranty-and-returns\/\">Garantie und R\u00fcckgabe<\/a><\/p>\n<p style=\"text-align: center\"><a href=\"http:\/\/glider-battery.eu\/privacy-policy\/\">Datenschutzerkl\u00e4rung<\/a> <a href=\"http:\/\/glider-battery.eu\/warranty-and-returns\/\">Garantie und R\u00fcckgabe<\/a><\/p><p style=\"text-align: center\"><a href=\"http:\/\/www.glider-battery.eu\/payment-and-shipping\/\">Zahlungen und Versand<\/a><\/p>","_links":{"self":[{"href":"https:\/\/glider-battery.eu\/de\/wp-json\/wp\/v2\/pages\/1140","targetHints":{"allow":["GET"]}}],"collection":[{"href":"https:\/\/glider-battery.eu\/de\/wp-json\/wp\/v2\/pages"}],"about":[{"href":"https:\/\/glider-battery.eu\/de\/wp-json\/wp\/v2\/types\/page"}],"author":[{"embeddable":true,"href":"https:\/\/glider-battery.eu\/de\/wp-json\/wp\/v2\/users\/1"}],"replies":[{"embeddable":true,"href":"https:\/\/glider-battery.eu\/de\/wp-json\/wp\/v2\/comments?post=1140"}],"version-history":[{"count":8,"href":"https:\/\/glider-battery.eu\/de\/wp-json\/wp\/v2\/pages\/1140\/revisions"}],"predecessor-version":[{"id":2572,"href":"https:\/\/glider-battery.eu\/de\/wp-json\/wp\/v2\/pages\/1140\/revisions\/2572"}],"wp:attachment":[{"href":"https:\/\/glider-battery.eu\/de\/wp-json\/wp\/v2\/media?parent=1140"}],"curies":[{"name":"wp","href":"https:\/\/api.w.org\/{rel}","templated":true}]}}