{"id":1152,"date":"2021-12-09T09:59:59","date_gmt":"2021-12-09T09:59:59","guid":{"rendered":"https:\/\/glider-battery.eu\/kann-blei-saeure-ladegeraet-fuer-lifepo4-batterien-verwendet-werden\/"},"modified":"2021-12-09T09:59:59","modified_gmt":"2021-12-09T09:59:59","slug":"kann-blei-saeure-ladegeraet-fuer-lifepo4-batterien-verwendet-werden","status":"publish","type":"page","link":"https:\/\/glider-battery.eu\/de\/kann-blei-saeure-ladegeraet-fuer-lifepo4-batterien-verwendet-werden\/","title":{"rendered":"Kann Blei-S\u00e4ure-Ladeger\u00e4t f\u00fcr LiFePO4-Batterien verwendet werden?"},"content":{"rendered":"<p>Hallo Leute,<\/p>\n<p>Die Frage, die wir k\u00fcrzlich von unseren Kunden bekommen, lautet, ob &#8222;LiFePO4-Batterien mit Blei-S\u00e4ure-Ladeger\u00e4t geladen werden k\u00f6nnen&#8220;.<\/p>\n<p>Nachfolgend finden Sie die Antwort, warum dies nicht getan werden sollte. Einfache Antwort: Es ist M\u00d6GLICH, aber Sie m\u00fcssen SEHR VORSICHTIG sein und Ihre Akkulaufzeit riskieren.<\/p>\n<p>Ein zu 100 % vollst\u00e4ndig aufgeladener 12-V-Lithium-LiFePO4-Akku h\u00e4lt die Spannung zwischen 13,3 und 13,4 V. Sein Blei-S\u00e4ure-Cousin wird ungef\u00e4hr 12,6-12,7 V betragen. Eine Lithiumbatterie mit 20 % Kapazit\u00e4t h\u00e4lt eine Spannung von etwa 13 V, ihr Blei-S\u00e4ure-Cousin wird etwa 11,8 V bei gleicher Kapazit\u00e4t haben. Wie Sie sehen, spielen wir mit Lithium mit einem sehr engen Spannungsfenster, weniger als 0,5 V \u00fcber 80% Kapazit\u00e4t.<\/p>\n<p>Ein Lithium-LiFePO4-Ladeger\u00e4t ist ein spannungsbegrenzendes Ger\u00e4t, das \u00c4hnlichkeiten mit dem Blei-S\u00e4ure-System aufweist. Die Unterschiede zu Li-Ion liegen in einer h\u00f6heren Spannung pro Zelle, engeren Spannungstoleranzen und dem Fehlen von Erhaltungs- oder Erhaltungsladung bei Vollladung. W\u00e4hrend Bleis\u00e4ure eine gewisse Flexibilit\u00e4t in Bezug auf die Spannungsabschaltung bietet, sind die Hersteller von LiFePO4-Zellen sehr streng bei der richtigen Einstellung, da Li-Ion keine \u00dcberladung akzeptieren kann. Das sogenannte Wunderladeger\u00e4t, das mit Impulsen und anderen Spielereien eine Verl\u00e4ngerung der Akkulaufzeit und zus\u00e4tzliche Kapazit\u00e4ten verspricht, gibt es nicht. LiFePO4 ist ein \u201esauberes\u201c System und nimmt nur das auf, was es aufnehmen kann.<\/p>\n<p>Lithium-Ladeger\u00e4te basieren auf einem CV\/CC-Ladealgorithmus (Konstantspannung\/Konstantstrom). Das Ladeger\u00e4t begrenzt die Strommenge auf ein voreingestelltes Niveau, bis die Batterie ein voreingestelltes Spannungsniveau erreicht. Der Strom verringert sich dann, wenn die Batterie vollst\u00e4ndig geladen ist. Dieses System erm\u00f6glicht ein schnelles Laden ohne die Gefahr einer \u00dcberladung und ist f\u00fcr Li-Ion und andere Batterietypen geeignet.<\/p>\n<p><img loading=\"lazy\" decoding=\"async\" class=\"alignnone wp-image-1154\" src=\"http:\/\/glider-battery.eu\/wp-content\/uploads\/2018\/01\/enerdrive-charger-lithium.jpg\" alt=\"\" width=\"525\" height=\"346\" srcset=\"https:\/\/glider-battery.eu\/wp-content\/uploads\/2018\/01\/enerdrive-charger-lithium.jpg 583w, https:\/\/glider-battery.eu\/wp-content\/uploads\/2018\/01\/enerdrive-charger-lithium-400x263.jpg 400w, https:\/\/glider-battery.eu\/wp-content\/uploads\/2018\/01\/enerdrive-charger-lithium-350x231.jpg 350w\" sizes=\"auto, (max-width: 525px) 100vw, 525px\" \/><\/p>\n<p><strong> Beispiel f\u00fcr einen 2-Steps Lithium Charger Algorithmus<\/strong><\/p>\n<p>&nbsp;<\/p>\n<p>Wie Sie dem obigen Ladediagramm entnehmen k\u00f6nnen, hat die Lithiumbatterie am Ende des Ladezyklus einen steilen Spannungsanstieg. Zu diesem Zeitpunkt sinkt der Ladestrom extrem schnell und das Ladeger\u00e4t schaltet dann in den Stromversorgungsmodus.<\/p>\n<p>Die meisten intelligenten Blei-S\u00e4ure-Ladeger\u00e4te verf\u00fcgen heutzutage \u00fcber spezielle Ladealgorithmen f\u00fcr geflutete\/AGM\/Gel-Batterien, die im Allgemeinen einen dreistufigen Ladeprozess erfordern, Bulk\/Absorption\/Float. Sobald das Ladeger\u00e4t in den Bulk-Zustand wechselt, l\u00e4dt es normalerweise eine Blei-S\u00e4ure-Batterie mit vollem Strom auf etwa 80 % der Kapazit\u00e4t. An diesem Punkt geht das Ladeger\u00e4t in die Absorptionsphase \u00fcber.<\/p>\n<p><img loading=\"lazy\" decoding=\"async\" class=\"alignnone size-full wp-image-1157\" src=\"http:\/\/glider-battery.eu\/wp-content\/uploads\/2018\/01\/enerdrive-charger-bankPriority.jpg\" alt=\"\" width=\"548\" height=\"238\" srcset=\"https:\/\/glider-battery.eu\/wp-content\/uploads\/2018\/01\/enerdrive-charger-bankPriority.jpg 548w, https:\/\/glider-battery.eu\/wp-content\/uploads\/2018\/01\/enerdrive-charger-bankPriority-400x174.jpg 400w, https:\/\/glider-battery.eu\/wp-content\/uploads\/2018\/01\/enerdrive-charger-bankPriority-350x152.jpg 350w\" sizes=\"auto, (max-width: 548px) 100vw, 548px\" \/><\/p>\n<p><strong> Typischer Blei-S\u00e4ure-Lade-Algorithmus<\/strong><\/p>\n<p>&nbsp;<\/p>\n<p>In dieser Ladephase h\u00e4lt das Ladeger\u00e4t die maximale Spannung f\u00fcr die gew\u00e4hlte Batterie und l\u00e4dt die Batterie mit reduziertem Strom, da der Innenwiderstand der Batterie den Ladestrom bei maximaler Leistung nicht aufnehmen kann. Sobald der Strom auf ca. \u226410 % der Gesamtleistung des Ladeger\u00e4ts reduziert ist, geht es in den Erhaltungszustand \u00fcber. Die Absorptionsphase ist ebenfalls zeitbasiert. Wenn sich das Ladeger\u00e4t nach 4 Stunden noch in der Absorptionsphase befindet, geht das Ladeger\u00e4t automatisch in die Float-Phase \u00fcber. Dies geschieht im Allgemeinen, wenn das Ladeger\u00e4t f\u00fcr die Batteriebank unterdimensioniert ist oder Lasten im System laufen und das Ladeger\u00e4t den Strom nicht unter den \u00dcbergangspunkt reduzieren kann.<\/p>\n<p>Die meisten, wenn nicht alle Blei-S\u00e4ure-Ladeger\u00e4te verf\u00fcgen \u00fcber einen Ausgleichsmodus. Bei einigen Ladeger\u00e4ten ist dieser Modus m\u00f6glicherweise automatisch und kann nicht ausgeschaltet werden. Lithiumbatterien ben\u00f6tigen keinerlei Ausgleich. Das Anlegen einer Ausgleichsladung von 15 V+ an eine Lithiumbatterie f\u00fchrt zu irreparablen Sch\u00e4den an den Zellen.<\/p>\n<p>Die andere Funktion, die Blei-S\u00e4ure-Ladeger\u00e4te haben, ist die \u201eR\u00fcckkehr zur Masse\u201c-Spannung. Die Spannung einer 100 % vollen Blei-S\u00e4ure-Batterie betr\u00e4gt ca. 12,7 V. Sobald sich das Ladeger\u00e4t im Schwebezustand befindet, h\u00e4lt es die Batterie auf einer voreingestellten Spannung (normalerweise zwischen 13,3-13,8 V je nach Batterietyp) und unterst\u00fctzt auch alle gleichzeitig laufenden Lasten. Wenn die Lasten \u00fcber die maximale Ausgangsleistung des Ladeger\u00e4ts im Erhaltungszustand hinaus ansteigen, beginnt die Batteriespannung zu sinken. Sobald die Spannung die \u201eReturn to Bulk\u201c-Spannung erreicht, startet das Ladeger\u00e4t einen neuen Ladezyklus und beginnt mit dem Aufladen der Batterie.<\/p>\n<p>Die Spannungseinstellung \u201eReturn to Bulk\u201c in Blei-S\u00e4ure-Ladeger\u00e4ten betr\u00e4gt normalerweise 12,5-12,7 V. Diese Spannung f\u00fcr eine Lithiumbatterie ist viel zu niedrig. Bei dieser Spannung ist die Lithiumbatterie auf ca. 10-15% Ladezustand entladen. Lithium-Ladealgorithmen stellen normalerweise eine R\u00fcckkehr zur Massenspannung von 13,1-13,2 V ein. Nur ein weiterer Grund, warum ein Standard-Blei-S\u00e4ure-Ladeger\u00e4t nicht f\u00fcr Lithiumbatterien geeignet ist.<\/p>\n<p>Einige Blei-S\u00e4ure-Ladeger\u00e4te \u201epingen\u201c die Batterie beim Start, um die Spannung\/den Widerstand der Batterie zu bestimmen. Basierend auf den R\u00fcckgabeinformationen bestimmt das Ladeger\u00e4t dann, in welcher Ladephase gestartet werden soll. Da Lithium eine Spannung \u00fcber 13 + V halten kann, betrachten einige Blei-S\u00e4ure-Ladeger\u00e4te dies als fast volle Batterie und gehen in eine Erhaltungsstufe \u00fcber und umgehen die Ladestufe zusammen.<\/p>\n<p>Wenn Sie ein Blei-S\u00e4ure-Ladeger\u00e4t an einer Lithium-Batterie verwenden m\u00f6chten, k\u00f6nnen Sie JEDOCH KEIN Blei-S\u00e4ure-Ladeger\u00e4t verwenden, wenn es \u00fcber einen automatischen \u201eAusgleichsmodus\u201c verf\u00fcgt, der nicht dauerhaft ausgeschaltet werden kann. Ein Blei-S\u00e4ure-Ladeger\u00e4t, das so eingestellt werden kann, dass es nicht h\u00f6her als 14,6 V geladen wird, kann zum regul\u00e4ren Laden verwendet werden und MUSS dann getrennt werden, nachdem die Batterie vollst\u00e4ndig geladen ist. Lassen Sie das Blei-S\u00e4ure-Ladeger\u00e4t NICHT angeschlossen, um die Batterie zu warten oder zu lagern, da die meisten den korrekten Spannungsladealgorithmus f\u00fcr Lithiumbatterien NICHT beibehalten und Sch\u00e4den an der Batterie auftreten und dies nicht durch die Batteriegarantie abgedeckt ist.<\/p>\n<p>Letztendlich ist die Verwendung eines Batterieladeger\u00e4ts mit einem speziellen Lithium-Ladealgorithmus die beste Option f\u00fcr die maximale Leistung und Lebensdauer einer Lithiumbatterie.<\/p>\n<p><em>Quelle: Enerdrive.com<\/em><\/p>\n","protected":false},"excerpt":{"rendered":"<p>Hallo Leute, Die Frage, die wir k\u00fcrzlich von unseren Kunden bekommen, lautet, ob &#8222;LiFePO4-Batterien mit Blei-S\u00e4ure-Ladeger\u00e4t geladen werden k\u00f6nnen&#8220;. Nachfolgend finden Sie die Antwort, warum dies nicht getan werden sollte. Einfache Antwort: Es ist M\u00d6GLICH, aber Sie m\u00fcssen SEHR VORSICHTIG sein und Ihre Akkulaufzeit riskieren. Ein zu 100 % vollst\u00e4ndig aufgeladener 12-V-Lithium-LiFePO4-Akku h\u00e4lt die Spannung [&hellip;]<\/p>\n","protected":false},"author":4,"featured_media":0,"parent":0,"menu_order":0,"comment_status":"closed","ping_status":"closed","template":"","meta":{"footnotes":""},"class_list":["post-1152","page","type-page","status-publish","hentry","has-post-title","has-post-date","has-post-category","has-post-tag","has-post-comment","has-post-author",""],"yoast_head":"<!-- This site is optimized with the Yoast SEO plugin v27.0 - https:\/\/yoast.com\/product\/yoast-seo-wordpress\/ -->\n<title>Kann Blei-S\u00e4ure-Ladeger\u00e4t f\u00fcr LiFePO4-Batterien verwendet werden? - Glider Battery Shop<\/title>\n<meta name=\"robots\" content=\"index, follow, max-snippet:-1, max-image-preview:large, max-video-preview:-1\" \/>\n<link rel=\"canonical\" href=\"https:\/\/glider-battery.eu\/kann-blei-saeure-ladegeraet-fuer-lifepo4-batterien-verwendet-werden\/\" \/>\n<meta property=\"og:locale\" content=\"de_DE\" \/>\n<meta property=\"og:type\" content=\"article\" \/>\n<meta property=\"og:title\" content=\"Kann Blei-S\u00e4ure-Ladeger\u00e4t f\u00fcr LiFePO4-Batterien verwendet werden? - Glider Battery Shop\" \/>\n<meta property=\"og:description\" content=\"Hallo Leute, Die Frage, die wir k\u00fcrzlich von unseren Kunden bekommen, lautet, ob &#8222;LiFePO4-Batterien mit Blei-S\u00e4ure-Ladeger\u00e4t geladen werden k\u00f6nnen&#8220;. Nachfolgend finden Sie die Antwort, warum dies nicht getan werden sollte. Einfache Antwort: Es ist M\u00d6GLICH, aber Sie m\u00fcssen SEHR VORSICHTIG sein und Ihre Akkulaufzeit riskieren. Ein zu 100 % vollst\u00e4ndig aufgeladener 12-V-Lithium-LiFePO4-Akku h\u00e4lt die Spannung [&hellip;]\" \/>\n<meta property=\"og:url\" content=\"https:\/\/glider-battery.eu\/kann-blei-saeure-ladegeraet-fuer-lifepo4-batterien-verwendet-werden\/\" \/>\n<meta property=\"og:site_name\" content=\"Glider Battery Shop\" \/>\n<meta property=\"og:image\" content=\"http:\/\/glider-battery.eu\/wp-content\/uploads\/2018\/01\/enerdrive-charger-lithium.jpg\" \/>\n<meta name=\"twitter:card\" content=\"summary_large_image\" \/>\n<meta name=\"twitter:label1\" content=\"Gesch\u00e4tzte Lesezeit\" \/>\n\t<meta name=\"twitter:data1\" content=\"5\u00a0Minuten\" \/>\n<script type=\"application\/ld+json\" class=\"yoast-schema-graph\">{\"@context\":\"https:\/\/schema.org\",\"@graph\":[{\"@type\":\"WebPage\",\"@id\":\"https:\/\/glider-battery.eu\/kann-blei-saeure-ladegeraet-fuer-lifepo4-batterien-verwendet-werden\/\",\"url\":\"https:\/\/glider-battery.eu\/kann-blei-saeure-ladegeraet-fuer-lifepo4-batterien-verwendet-werden\/\",\"name\":\"Kann Blei-S\u00e4ure-Ladeger\u00e4t f\u00fcr LiFePO4-Batterien verwendet werden? - Glider Battery Shop\",\"isPartOf\":{\"@id\":\"https:\/\/glider-battery.eu\/#website\"},\"primaryImageOfPage\":{\"@id\":\"https:\/\/glider-battery.eu\/kann-blei-saeure-ladegeraet-fuer-lifepo4-batterien-verwendet-werden\/#primaryimage\"},\"image\":{\"@id\":\"https:\/\/glider-battery.eu\/kann-blei-saeure-ladegeraet-fuer-lifepo4-batterien-verwendet-werden\/#primaryimage\"},\"thumbnailUrl\":\"http:\/\/glider-battery.eu\/wp-content\/uploads\/2018\/01\/enerdrive-charger-lithium.jpg\",\"datePublished\":\"2021-12-09T09:59:59+00:00\",\"breadcrumb\":{\"@id\":\"https:\/\/glider-battery.eu\/kann-blei-saeure-ladegeraet-fuer-lifepo4-batterien-verwendet-werden\/#breadcrumb\"},\"inLanguage\":\"de\",\"potentialAction\":[{\"@type\":\"ReadAction\",\"target\":[\"https:\/\/glider-battery.eu\/kann-blei-saeure-ladegeraet-fuer-lifepo4-batterien-verwendet-werden\/\"]}]},{\"@type\":\"ImageObject\",\"inLanguage\":\"de\",\"@id\":\"https:\/\/glider-battery.eu\/kann-blei-saeure-ladegeraet-fuer-lifepo4-batterien-verwendet-werden\/#primaryimage\",\"url\":\"http:\/\/glider-battery.eu\/wp-content\/uploads\/2018\/01\/enerdrive-charger-lithium.jpg\",\"contentUrl\":\"http:\/\/glider-battery.eu\/wp-content\/uploads\/2018\/01\/enerdrive-charger-lithium.jpg\"},{\"@type\":\"BreadcrumbList\",\"@id\":\"https:\/\/glider-battery.eu\/kann-blei-saeure-ladegeraet-fuer-lifepo4-batterien-verwendet-werden\/#breadcrumb\",\"itemListElement\":[{\"@type\":\"ListItem\",\"position\":1,\"name\":\"Home\",\"item\":\"https:\/\/glider-battery.eu\/\"},{\"@type\":\"ListItem\",\"position\":2,\"name\":\"Kann Blei-S\u00e4ure-Ladeger\u00e4t f\u00fcr LiFePO4-Batterien verwendet werden?\"}]},{\"@type\":\"WebSite\",\"@id\":\"https:\/\/glider-battery.eu\/#website\",\"url\":\"https:\/\/glider-battery.eu\/\",\"name\":\"Glider Battery Shop\",\"description\":\"Power For Your Electronics\",\"publisher\":{\"@id\":\"https:\/\/glider-battery.eu\/#organization\"},\"potentialAction\":[{\"@type\":\"SearchAction\",\"target\":{\"@type\":\"EntryPoint\",\"urlTemplate\":\"https:\/\/glider-battery.eu\/?s={search_term_string}\"},\"query-input\":{\"@type\":\"PropertyValueSpecification\",\"valueRequired\":true,\"valueName\":\"search_term_string\"}}],\"inLanguage\":\"de\"},{\"@type\":\"Organization\",\"@id\":\"https:\/\/glider-battery.eu\/#organization\",\"name\":\"Glider-Battery.eu\",\"url\":\"https:\/\/glider-battery.eu\/\",\"logo\":{\"@type\":\"ImageObject\",\"inLanguage\":\"de\",\"@id\":\"https:\/\/glider-battery.eu\/#\/schema\/logo\/image\/\",\"url\":\"https:\/\/glider-battery.eu\/wp-content\/uploads\/2018\/01\/dar-grey-logo.png\",\"contentUrl\":\"https:\/\/glider-battery.eu\/wp-content\/uploads\/2018\/01\/dar-grey-logo.png\",\"width\":1300,\"height\":400,\"caption\":\"Glider-Battery.eu\"},\"image\":{\"@id\":\"https:\/\/glider-battery.eu\/#\/schema\/logo\/image\/\"}}]}<\/script>\n<!-- \/ Yoast SEO plugin. -->","yoast_head_json":{"title":"Kann Blei-S\u00e4ure-Ladeger\u00e4t f\u00fcr LiFePO4-Batterien verwendet werden? - Glider Battery Shop","robots":{"index":"index","follow":"follow","max-snippet":"max-snippet:-1","max-image-preview":"max-image-preview:large","max-video-preview":"max-video-preview:-1"},"canonical":"https:\/\/glider-battery.eu\/kann-blei-saeure-ladegeraet-fuer-lifepo4-batterien-verwendet-werden\/","og_locale":"de_DE","og_type":"article","og_title":"Kann Blei-S\u00e4ure-Ladeger\u00e4t f\u00fcr LiFePO4-Batterien verwendet werden? - Glider Battery Shop","og_description":"Hallo Leute, Die Frage, die wir k\u00fcrzlich von unseren Kunden bekommen, lautet, ob &#8222;LiFePO4-Batterien mit Blei-S\u00e4ure-Ladeger\u00e4t geladen werden k\u00f6nnen&#8220;. Nachfolgend finden Sie die Antwort, warum dies nicht getan werden sollte. Einfache Antwort: Es ist M\u00d6GLICH, aber Sie m\u00fcssen SEHR VORSICHTIG sein und Ihre Akkulaufzeit riskieren. Ein zu 100 % vollst\u00e4ndig aufgeladener 12-V-Lithium-LiFePO4-Akku h\u00e4lt die Spannung [&hellip;]","og_url":"https:\/\/glider-battery.eu\/kann-blei-saeure-ladegeraet-fuer-lifepo4-batterien-verwendet-werden\/","og_site_name":"Glider Battery Shop","og_image":[{"url":"http:\/\/glider-battery.eu\/wp-content\/uploads\/2018\/01\/enerdrive-charger-lithium.jpg","type":"","width":"","height":""}],"twitter_card":"summary_large_image","twitter_misc":{"Gesch\u00e4tzte Lesezeit":"5\u00a0Minuten"},"schema":{"@context":"https:\/\/schema.org","@graph":[{"@type":"WebPage","@id":"https:\/\/glider-battery.eu\/kann-blei-saeure-ladegeraet-fuer-lifepo4-batterien-verwendet-werden\/","url":"https:\/\/glider-battery.eu\/kann-blei-saeure-ladegeraet-fuer-lifepo4-batterien-verwendet-werden\/","name":"Kann Blei-S\u00e4ure-Ladeger\u00e4t f\u00fcr LiFePO4-Batterien verwendet werden? - Glider Battery Shop","isPartOf":{"@id":"https:\/\/glider-battery.eu\/#website"},"primaryImageOfPage":{"@id":"https:\/\/glider-battery.eu\/kann-blei-saeure-ladegeraet-fuer-lifepo4-batterien-verwendet-werden\/#primaryimage"},"image":{"@id":"https:\/\/glider-battery.eu\/kann-blei-saeure-ladegeraet-fuer-lifepo4-batterien-verwendet-werden\/#primaryimage"},"thumbnailUrl":"http:\/\/glider-battery.eu\/wp-content\/uploads\/2018\/01\/enerdrive-charger-lithium.jpg","datePublished":"2021-12-09T09:59:59+00:00","breadcrumb":{"@id":"https:\/\/glider-battery.eu\/kann-blei-saeure-ladegeraet-fuer-lifepo4-batterien-verwendet-werden\/#breadcrumb"},"inLanguage":"de","potentialAction":[{"@type":"ReadAction","target":["https:\/\/glider-battery.eu\/kann-blei-saeure-ladegeraet-fuer-lifepo4-batterien-verwendet-werden\/"]}]},{"@type":"ImageObject","inLanguage":"de","@id":"https:\/\/glider-battery.eu\/kann-blei-saeure-ladegeraet-fuer-lifepo4-batterien-verwendet-werden\/#primaryimage","url":"http:\/\/glider-battery.eu\/wp-content\/uploads\/2018\/01\/enerdrive-charger-lithium.jpg","contentUrl":"http:\/\/glider-battery.eu\/wp-content\/uploads\/2018\/01\/enerdrive-charger-lithium.jpg"},{"@type":"BreadcrumbList","@id":"https:\/\/glider-battery.eu\/kann-blei-saeure-ladegeraet-fuer-lifepo4-batterien-verwendet-werden\/#breadcrumb","itemListElement":[{"@type":"ListItem","position":1,"name":"Home","item":"https:\/\/glider-battery.eu\/"},{"@type":"ListItem","position":2,"name":"Kann Blei-S\u00e4ure-Ladeger\u00e4t f\u00fcr LiFePO4-Batterien verwendet werden?"}]},{"@type":"WebSite","@id":"https:\/\/glider-battery.eu\/#website","url":"https:\/\/glider-battery.eu\/","name":"Glider Battery Shop","description":"Power For Your Electronics","publisher":{"@id":"https:\/\/glider-battery.eu\/#organization"},"potentialAction":[{"@type":"SearchAction","target":{"@type":"EntryPoint","urlTemplate":"https:\/\/glider-battery.eu\/?s={search_term_string}"},"query-input":{"@type":"PropertyValueSpecification","valueRequired":true,"valueName":"search_term_string"}}],"inLanguage":"de"},{"@type":"Organization","@id":"https:\/\/glider-battery.eu\/#organization","name":"Glider-Battery.eu","url":"https:\/\/glider-battery.eu\/","logo":{"@type":"ImageObject","inLanguage":"de","@id":"https:\/\/glider-battery.eu\/#\/schema\/logo\/image\/","url":"https:\/\/glider-battery.eu\/wp-content\/uploads\/2018\/01\/dar-grey-logo.png","contentUrl":"https:\/\/glider-battery.eu\/wp-content\/uploads\/2018\/01\/dar-grey-logo.png","width":1300,"height":400,"caption":"Glider-Battery.eu"},"image":{"@id":"https:\/\/glider-battery.eu\/#\/schema\/logo\/image\/"}}]}},"builder_content":"","_links":{"self":[{"href":"https:\/\/glider-battery.eu\/de\/wp-json\/wp\/v2\/pages\/1152","targetHints":{"allow":["GET"]}}],"collection":[{"href":"https:\/\/glider-battery.eu\/de\/wp-json\/wp\/v2\/pages"}],"about":[{"href":"https:\/\/glider-battery.eu\/de\/wp-json\/wp\/v2\/types\/page"}],"author":[{"embeddable":true,"href":"https:\/\/glider-battery.eu\/de\/wp-json\/wp\/v2\/users\/4"}],"replies":[{"embeddable":true,"href":"https:\/\/glider-battery.eu\/de\/wp-json\/wp\/v2\/comments?post=1152"}],"version-history":[{"count":0,"href":"https:\/\/glider-battery.eu\/de\/wp-json\/wp\/v2\/pages\/1152\/revisions"}],"wp:attachment":[{"href":"https:\/\/glider-battery.eu\/de\/wp-json\/wp\/v2\/media?parent=1152"}],"curies":[{"name":"wp","href":"https:\/\/api.w.org\/{rel}","templated":true}]}}