{"id":1257,"date":"2021-12-09T10:16:02","date_gmt":"2021-12-09T10:16:02","guid":{"rendered":"https:\/\/glider-battery.eu\/datenschutz-bestimmungen\/"},"modified":"2021-12-09T10:16:02","modified_gmt":"2021-12-09T10:16:02","slug":"datenschutz-bestimmungen","status":"publish","type":"page","link":"https:\/\/glider-battery.eu\/de\/datenschutz-bestimmungen\/","title":{"rendered":"Datenschutz-Bestimmungen"},"content":{"rendered":"<p><strong> Datenschutz-Bestimmungen<\/strong><\/p>\n<p>Glider-Battery.eu respektiert die Privatsph\u00e4re aller Benutzer seiner Website und stellt sicher, dass die pers\u00f6nlichen Daten, die Sie uns zur Verf\u00fcgung stellen, vertraulich behandelt werden. Wir verwenden Ihre Informationen, um die Bestellungen so schnell und einfach wie m\u00f6glich zu machen. Im \u00dcbrigen verwenden wir diese Informationen nur mit Ihrer Zustimmung. Wir werden Ihre personenbezogenen Daten nicht an Dritte verkaufen und diese nur an Dritte weitergeben, die an der Ausf\u00fchrung Ihrer Bestellung beteiligt sind.<\/p>\n<p>Glider-Battery.eu verwendet die gesammelten Daten, um seinen Kunden die folgenden Dienstleistungen anzubieten:<br \/>\nWenn Sie eine Bestellung aufgeben, ben\u00f6tigen wir Ihren Namen, Ihre E-Mail-Adresse, Telefonnummer, Lieferadresse und Zahlungsinformationen, um Ihre Bestellung auszuf\u00fchren und Sie auf dem Laufenden zu halten.<br \/>\nUm den Einkauf bei Glider-Battery.eu so angenehm wie m\u00f6glich zu gestalten, speichern wir Ihre pers\u00f6nlichen Daten und Informationen zu Ihrer Bestellung und Nutzung f\u00fcr unsere Dienstleistungen.<br \/>\nWir verwenden Ihre E-Mail-Adresse, um Sie \u00fcber die Entwicklung der Website und \u00fcber besondere Angebote und Aktionen zu informieren. Sie k\u00f6nnen sich jederzeit von unserer Website abmelden.<br \/>\nWenn Sie eine Bestellung bei Glider-Battery.eu aufgeben, bewahren wir Ihre Daten in einer sicheren Umgebung auf. Auf Wunsch k\u00f6nnen Sie sich mit Benutzername und Passwort registrieren\/einloggen und uns Ihren Namen und Adresse, Telefonnummer, E-Mail-Adresse, Liefer- und Zahlungsinformationen mitteilen, damit Sie diese nicht bei jeder neuen Bestellung erneut eingeben m\u00fcssen.<br \/>\nDaten \u00fcber die Nutzung unserer Seite und das Feedback, das wir von unseren Besuchern erhalten, helfen uns, unsere Seite weiterzuentwickeln und zu verbessern.<br \/>\nWenn Sie sich entscheiden, eine Bewertung zu schreiben, k\u00f6nnen Sie w\u00e4hlen, ob Sie Ihren Namen oder andere pers\u00f6nliche Informationen hinzuf\u00fcgen m\u00f6chten. Wir sind neugierig auf die Meinungen unserer Besucher, behalten uns jedoch das Recht vor, keine Beitr\u00e4ge zu Beitr\u00e4gen beizutragen, die nicht unseren Nutzungsbedingungen entsprechen.<br \/>\nGlider-Battery.eu verkauft niemals Ihre Daten.<br \/>\nGlider-Battery.eu verkauft Ihre personenbezogenen Daten nicht an Dritte und stellt sie nur Dritten zur Verf\u00fcgung, die an der Ausf\u00fchrung Ihrer Bestellung beteiligt sind. Unsere Mitarbeiter und von uns beauftragte Dritte sind verpflichtet, die Vertraulichkeit Ihrer Daten zu wahren.<\/p>\n<p><strong>Kekse<\/strong><br \/>\nGlider-Battery.eu verwendet Cookies, um Sie bei einem sp\u00e4teren Besuch wiederzuerkennen. Cookies erm\u00f6glichen es uns, Informationen \u00fcber die Nutzung unserer Dienste zu sammeln, zu verbessern und an die W\u00fcnsche unserer Besucher anzupassen. Unsere Cookies geben Informationen zur pers\u00f6nlichen Identifizierung. Sie k\u00f6nnen Ihren Browser so einstellen, dass er beim Einkaufen auf unserer Website keine Cookies erh\u00e4lt.<\/p>\n<p>Wenn Sie Fragen zur Datenschutzerkl\u00e4rung von Glider-Battery.eu haben, kontaktieren Sie uns bitte. Wir helfen Ihnen gerne, wenn Sie Auskunft \u00fcber Ihre Daten ben\u00f6tigen oder diese \u00e4ndern m\u00f6chten. Bei \u00c4nderungen unserer Datenschutzerkl\u00e4rung finden Sie immer die aktuellsten Informationen auf dieser Seite.<\/p>\n","protected":false},"excerpt":{"rendered":"<p>Datenschutz-Bestimmungen Glider-Battery.eu respektiert die Privatsph\u00e4re aller Benutzer seiner Website und stellt sicher, dass die pers\u00f6nlichen Daten, die Sie uns zur Verf\u00fcgung stellen, vertraulich behandelt werden. Wir verwenden Ihre Informationen, um die Bestellungen so schnell und einfach wie m\u00f6glich zu machen. Im \u00dcbrigen verwenden wir diese Informationen nur mit Ihrer Zustimmung. Wir werden Ihre personenbezogenen Daten [&hellip;]<\/p>\n","protected":false},"author":4,"featured_media":0,"parent":0,"menu_order":0,"comment_status":"closed","ping_status":"closed","template":"","meta":{"footnotes":""},"class_list":["post-1257","page","type-page","status-publish","hentry","has-post-title","has-post-date","has-post-category","has-post-tag","has-post-comment","has-post-author",""],"yoast_head":"<!-- This site is optimized with the Yoast SEO plugin v27.0 - https:\/\/yoast.com\/product\/yoast-seo-wordpress\/ -->\n<title>Datenschutz-Bestimmungen - Glider Battery Shop<\/title>\n<meta name=\"robots\" content=\"index, follow, max-snippet:-1, max-image-preview:large, max-video-preview:-1\" \/>\n<link rel=\"canonical\" href=\"https:\/\/glider-battery.eu\/datenschutz-bestimmungen\/\" \/>\n<meta property=\"og:locale\" content=\"de_DE\" \/>\n<meta property=\"og:type\" content=\"article\" \/>\n<meta property=\"og:title\" content=\"Datenschutz-Bestimmungen - Glider Battery Shop\" \/>\n<meta property=\"og:description\" content=\"Datenschutz-Bestimmungen Glider-Battery.eu respektiert die Privatsph\u00e4re aller Benutzer seiner Website und stellt sicher, dass die pers\u00f6nlichen Daten, die Sie uns zur Verf\u00fcgung stellen, vertraulich behandelt werden. Wir verwenden Ihre Informationen, um die Bestellungen so schnell und einfach wie m\u00f6glich zu machen. Im \u00dcbrigen verwenden wir diese Informationen nur mit Ihrer Zustimmung. Wir werden Ihre personenbezogenen Daten [&hellip;]\" \/>\n<meta property=\"og:url\" content=\"https:\/\/glider-battery.eu\/datenschutz-bestimmungen\/\" \/>\n<meta property=\"og:site_name\" content=\"Glider Battery Shop\" \/>\n<meta name=\"twitter:card\" content=\"summary_large_image\" \/>\n<meta name=\"twitter:label1\" content=\"Gesch\u00e4tzte Lesezeit\" \/>\n\t<meta name=\"twitter:data1\" content=\"2\u00a0Minuten\" \/>\n<script type=\"application\/ld+json\" class=\"yoast-schema-graph\">{\"@context\":\"https:\/\/schema.org\",\"@graph\":[{\"@type\":\"WebPage\",\"@id\":\"https:\/\/glider-battery.eu\/datenschutz-bestimmungen\/\",\"url\":\"https:\/\/glider-battery.eu\/datenschutz-bestimmungen\/\",\"name\":\"Datenschutz-Bestimmungen - Glider Battery Shop\",\"isPartOf\":{\"@id\":\"https:\/\/glider-battery.eu\/#website\"},\"datePublished\":\"2021-12-09T10:16:02+00:00\",\"breadcrumb\":{\"@id\":\"https:\/\/glider-battery.eu\/datenschutz-bestimmungen\/#breadcrumb\"},\"inLanguage\":\"de\",\"potentialAction\":[{\"@type\":\"ReadAction\",\"target\":[\"https:\/\/glider-battery.eu\/datenschutz-bestimmungen\/\"]}]},{\"@type\":\"BreadcrumbList\",\"@id\":\"https:\/\/glider-battery.eu\/datenschutz-bestimmungen\/#breadcrumb\",\"itemListElement\":[{\"@type\":\"ListItem\",\"position\":1,\"name\":\"Home\",\"item\":\"https:\/\/glider-battery.eu\/\"},{\"@type\":\"ListItem\",\"position\":2,\"name\":\"Datenschutz-Bestimmungen\"}]},{\"@type\":\"WebSite\",\"@id\":\"https:\/\/glider-battery.eu\/#website\",\"url\":\"https:\/\/glider-battery.eu\/\",\"name\":\"Glider Battery Shop\",\"description\":\"Power For Your Electronics\",\"publisher\":{\"@id\":\"https:\/\/glider-battery.eu\/#organization\"},\"potentialAction\":[{\"@type\":\"SearchAction\",\"target\":{\"@type\":\"EntryPoint\",\"urlTemplate\":\"https:\/\/glider-battery.eu\/?s={search_term_string}\"},\"query-input\":{\"@type\":\"PropertyValueSpecification\",\"valueRequired\":true,\"valueName\":\"search_term_string\"}}],\"inLanguage\":\"de\"},{\"@type\":\"Organization\",\"@id\":\"https:\/\/glider-battery.eu\/#organization\",\"name\":\"Glider-Battery.eu\",\"url\":\"https:\/\/glider-battery.eu\/\",\"logo\":{\"@type\":\"ImageObject\",\"inLanguage\":\"de\",\"@id\":\"https:\/\/glider-battery.eu\/#\/schema\/logo\/image\/\",\"url\":\"https:\/\/glider-battery.eu\/wp-content\/uploads\/2018\/01\/dar-grey-logo.png\",\"contentUrl\":\"https:\/\/glider-battery.eu\/wp-content\/uploads\/2018\/01\/dar-grey-logo.png\",\"width\":1300,\"height\":400,\"caption\":\"Glider-Battery.eu\"},\"image\":{\"@id\":\"https:\/\/glider-battery.eu\/#\/schema\/logo\/image\/\"}}]}<\/script>\n<!-- \/ Yoast SEO plugin. -->","yoast_head_json":{"title":"Datenschutz-Bestimmungen - Glider Battery Shop","robots":{"index":"index","follow":"follow","max-snippet":"max-snippet:-1","max-image-preview":"max-image-preview:large","max-video-preview":"max-video-preview:-1"},"canonical":"https:\/\/glider-battery.eu\/datenschutz-bestimmungen\/","og_locale":"de_DE","og_type":"article","og_title":"Datenschutz-Bestimmungen - Glider Battery Shop","og_description":"Datenschutz-Bestimmungen Glider-Battery.eu respektiert die Privatsph\u00e4re aller Benutzer seiner Website und stellt sicher, dass die pers\u00f6nlichen Daten, die Sie uns zur Verf\u00fcgung stellen, vertraulich behandelt werden. Wir verwenden Ihre Informationen, um die Bestellungen so schnell und einfach wie m\u00f6glich zu machen. Im \u00dcbrigen verwenden wir diese Informationen nur mit Ihrer Zustimmung. Wir werden Ihre personenbezogenen Daten [&hellip;]","og_url":"https:\/\/glider-battery.eu\/datenschutz-bestimmungen\/","og_site_name":"Glider Battery Shop","twitter_card":"summary_large_image","twitter_misc":{"Gesch\u00e4tzte Lesezeit":"2\u00a0Minuten"},"schema":{"@context":"https:\/\/schema.org","@graph":[{"@type":"WebPage","@id":"https:\/\/glider-battery.eu\/datenschutz-bestimmungen\/","url":"https:\/\/glider-battery.eu\/datenschutz-bestimmungen\/","name":"Datenschutz-Bestimmungen - Glider Battery Shop","isPartOf":{"@id":"https:\/\/glider-battery.eu\/#website"},"datePublished":"2021-12-09T10:16:02+00:00","breadcrumb":{"@id":"https:\/\/glider-battery.eu\/datenschutz-bestimmungen\/#breadcrumb"},"inLanguage":"de","potentialAction":[{"@type":"ReadAction","target":["https:\/\/glider-battery.eu\/datenschutz-bestimmungen\/"]}]},{"@type":"BreadcrumbList","@id":"https:\/\/glider-battery.eu\/datenschutz-bestimmungen\/#breadcrumb","itemListElement":[{"@type":"ListItem","position":1,"name":"Home","item":"https:\/\/glider-battery.eu\/"},{"@type":"ListItem","position":2,"name":"Datenschutz-Bestimmungen"}]},{"@type":"WebSite","@id":"https:\/\/glider-battery.eu\/#website","url":"https:\/\/glider-battery.eu\/","name":"Glider Battery Shop","description":"Power For Your Electronics","publisher":{"@id":"https:\/\/glider-battery.eu\/#organization"},"potentialAction":[{"@type":"SearchAction","target":{"@type":"EntryPoint","urlTemplate":"https:\/\/glider-battery.eu\/?s={search_term_string}"},"query-input":{"@type":"PropertyValueSpecification","valueRequired":true,"valueName":"search_term_string"}}],"inLanguage":"de"},{"@type":"Organization","@id":"https:\/\/glider-battery.eu\/#organization","name":"Glider-Battery.eu","url":"https:\/\/glider-battery.eu\/","logo":{"@type":"ImageObject","inLanguage":"de","@id":"https:\/\/glider-battery.eu\/#\/schema\/logo\/image\/","url":"https:\/\/glider-battery.eu\/wp-content\/uploads\/2018\/01\/dar-grey-logo.png","contentUrl":"https:\/\/glider-battery.eu\/wp-content\/uploads\/2018\/01\/dar-grey-logo.png","width":1300,"height":400,"caption":"Glider-Battery.eu"},"image":{"@id":"https:\/\/glider-battery.eu\/#\/schema\/logo\/image\/"}}]}},"builder_content":"","_links":{"self":[{"href":"https:\/\/glider-battery.eu\/de\/wp-json\/wp\/v2\/pages\/1257","targetHints":{"allow":["GET"]}}],"collection":[{"href":"https:\/\/glider-battery.eu\/de\/wp-json\/wp\/v2\/pages"}],"about":[{"href":"https:\/\/glider-battery.eu\/de\/wp-json\/wp\/v2\/types\/page"}],"author":[{"embeddable":true,"href":"https:\/\/glider-battery.eu\/de\/wp-json\/wp\/v2\/users\/4"}],"replies":[{"embeddable":true,"href":"https:\/\/glider-battery.eu\/de\/wp-json\/wp\/v2\/comments?post=1257"}],"version-history":[{"count":0,"href":"https:\/\/glider-battery.eu\/de\/wp-json\/wp\/v2\/pages\/1257\/revisions"}],"wp:attachment":[{"href":"https:\/\/glider-battery.eu\/de\/wp-json\/wp\/v2\/media?parent=1257"}],"curies":[{"name":"wp","href":"https:\/\/api.w.org\/{rel}","templated":true}]}}