{"id":1261,"date":"2021-12-09T10:17:45","date_gmt":"2021-12-09T10:17:45","guid":{"rendered":"https:\/\/glider-battery.eu\/transaktion-abgeschlossen\/"},"modified":"2021-12-09T10:17:45","modified_gmt":"2021-12-09T10:17:45","slug":"transaktion-abgeschlossen","status":"publish","type":"page","link":"https:\/\/glider-battery.eu\/de\/transaktion-abgeschlossen\/","title":{"rendered":"Transaktion abgeschlossen"},"content":{"rendered":"<p><strong>Transaktion abgeschlossen<\/strong><\/p>\n<p>Danke f\u00fcr deine Bezahlung. Ihre Transaktion wurde abgeschlossen und eine Quittung f\u00fcr Ihren Einkauf wurde Ihnen per E-Mail zugesandt. Sie k\u00f6nnen sich unter www.glider-battery.eu in Ihr Konto einloggen, um Einzelheiten zu dieser Transaktion anzuzeigen.<\/p>\n<p>Glider-Battery.eu Team<\/p>\n","protected":false},"excerpt":{"rendered":"<p>Transaktion abgeschlossen Danke f\u00fcr deine Bezahlung. Ihre Transaktion wurde abgeschlossen und eine Quittung f\u00fcr Ihren Einkauf wurde Ihnen per E-Mail zugesandt. Sie k\u00f6nnen sich unter www.glider-battery.eu in Ihr Konto einloggen, um Einzelheiten zu dieser Transaktion anzuzeigen. Glider-Battery.eu Team<\/p>\n","protected":false},"author":4,"featured_media":0,"parent":0,"menu_order":0,"comment_status":"closed","ping_status":"closed","template":"","meta":{"footnotes":""},"class_list":["post-1261","page","type-page","status-publish","hentry","has-post-title","has-post-date","has-post-category","has-post-tag","has-post-comment","has-post-author",""],"yoast_head":"<!-- This site is optimized with the Yoast SEO plugin v27.0 - https:\/\/yoast.com\/product\/yoast-seo-wordpress\/ -->\n<title>Transaktion abgeschlossen - Glider Battery Shop<\/title>\n<meta name=\"robots\" content=\"index, follow, max-snippet:-1, max-image-preview:large, max-video-preview:-1\" \/>\n<link rel=\"canonical\" href=\"https:\/\/glider-battery.eu\/transaktion-abgeschlossen\/\" \/>\n<meta property=\"og:locale\" content=\"de_DE\" \/>\n<meta property=\"og:type\" content=\"article\" \/>\n<meta property=\"og:title\" content=\"Transaktion abgeschlossen - Glider Battery Shop\" \/>\n<meta property=\"og:description\" content=\"Transaktion abgeschlossen Danke f\u00fcr deine Bezahlung. Ihre Transaktion wurde abgeschlossen und eine Quittung f\u00fcr Ihren Einkauf wurde Ihnen per E-Mail zugesandt. Sie k\u00f6nnen sich unter www.glider-battery.eu in Ihr Konto einloggen, um Einzelheiten zu dieser Transaktion anzuzeigen. Glider-Battery.eu Team\" \/>\n<meta property=\"og:url\" content=\"https:\/\/glider-battery.eu\/transaktion-abgeschlossen\/\" \/>\n<meta property=\"og:site_name\" content=\"Glider Battery Shop\" \/>\n<meta name=\"twitter:card\" content=\"summary_large_image\" \/>\n<script type=\"application\/ld+json\" class=\"yoast-schema-graph\">{\"@context\":\"https:\/\/schema.org\",\"@graph\":[{\"@type\":\"WebPage\",\"@id\":\"https:\/\/glider-battery.eu\/transaktion-abgeschlossen\/\",\"url\":\"https:\/\/glider-battery.eu\/transaktion-abgeschlossen\/\",\"name\":\"Transaktion abgeschlossen - Glider Battery Shop\",\"isPartOf\":{\"@id\":\"https:\/\/glider-battery.eu\/#website\"},\"datePublished\":\"2021-12-09T10:17:45+00:00\",\"breadcrumb\":{\"@id\":\"https:\/\/glider-battery.eu\/transaktion-abgeschlossen\/#breadcrumb\"},\"inLanguage\":\"de\",\"potentialAction\":[{\"@type\":\"ReadAction\",\"target\":[\"https:\/\/glider-battery.eu\/transaktion-abgeschlossen\/\"]}]},{\"@type\":\"BreadcrumbList\",\"@id\":\"https:\/\/glider-battery.eu\/transaktion-abgeschlossen\/#breadcrumb\",\"itemListElement\":[{\"@type\":\"ListItem\",\"position\":1,\"name\":\"Home\",\"item\":\"https:\/\/glider-battery.eu\/\"},{\"@type\":\"ListItem\",\"position\":2,\"name\":\"Transaktion abgeschlossen\"}]},{\"@type\":\"WebSite\",\"@id\":\"https:\/\/glider-battery.eu\/#website\",\"url\":\"https:\/\/glider-battery.eu\/\",\"name\":\"Glider Battery Shop\",\"description\":\"Power For Your Electronics\",\"publisher\":{\"@id\":\"https:\/\/glider-battery.eu\/#organization\"},\"potentialAction\":[{\"@type\":\"SearchAction\",\"target\":{\"@type\":\"EntryPoint\",\"urlTemplate\":\"https:\/\/glider-battery.eu\/?s={search_term_string}\"},\"query-input\":{\"@type\":\"PropertyValueSpecification\",\"valueRequired\":true,\"valueName\":\"search_term_string\"}}],\"inLanguage\":\"de\"},{\"@type\":\"Organization\",\"@id\":\"https:\/\/glider-battery.eu\/#organization\",\"name\":\"Glider-Battery.eu\",\"url\":\"https:\/\/glider-battery.eu\/\",\"logo\":{\"@type\":\"ImageObject\",\"inLanguage\":\"de\",\"@id\":\"https:\/\/glider-battery.eu\/#\/schema\/logo\/image\/\",\"url\":\"https:\/\/glider-battery.eu\/wp-content\/uploads\/2018\/01\/dar-grey-logo.png\",\"contentUrl\":\"https:\/\/glider-battery.eu\/wp-content\/uploads\/2018\/01\/dar-grey-logo.png\",\"width\":1300,\"height\":400,\"caption\":\"Glider-Battery.eu\"},\"image\":{\"@id\":\"https:\/\/glider-battery.eu\/#\/schema\/logo\/image\/\"}}]}<\/script>\n<!-- \/ Yoast SEO plugin. -->","yoast_head_json":{"title":"Transaktion abgeschlossen - Glider Battery Shop","robots":{"index":"index","follow":"follow","max-snippet":"max-snippet:-1","max-image-preview":"max-image-preview:large","max-video-preview":"max-video-preview:-1"},"canonical":"https:\/\/glider-battery.eu\/transaktion-abgeschlossen\/","og_locale":"de_DE","og_type":"article","og_title":"Transaktion abgeschlossen - Glider Battery Shop","og_description":"Transaktion abgeschlossen Danke f\u00fcr deine Bezahlung. Ihre Transaktion wurde abgeschlossen und eine Quittung f\u00fcr Ihren Einkauf wurde Ihnen per E-Mail zugesandt. Sie k\u00f6nnen sich unter www.glider-battery.eu in Ihr Konto einloggen, um Einzelheiten zu dieser Transaktion anzuzeigen. Glider-Battery.eu Team","og_url":"https:\/\/glider-battery.eu\/transaktion-abgeschlossen\/","og_site_name":"Glider Battery Shop","twitter_card":"summary_large_image","schema":{"@context":"https:\/\/schema.org","@graph":[{"@type":"WebPage","@id":"https:\/\/glider-battery.eu\/transaktion-abgeschlossen\/","url":"https:\/\/glider-battery.eu\/transaktion-abgeschlossen\/","name":"Transaktion abgeschlossen - Glider Battery Shop","isPartOf":{"@id":"https:\/\/glider-battery.eu\/#website"},"datePublished":"2021-12-09T10:17:45+00:00","breadcrumb":{"@id":"https:\/\/glider-battery.eu\/transaktion-abgeschlossen\/#breadcrumb"},"inLanguage":"de","potentialAction":[{"@type":"ReadAction","target":["https:\/\/glider-battery.eu\/transaktion-abgeschlossen\/"]}]},{"@type":"BreadcrumbList","@id":"https:\/\/glider-battery.eu\/transaktion-abgeschlossen\/#breadcrumb","itemListElement":[{"@type":"ListItem","position":1,"name":"Home","item":"https:\/\/glider-battery.eu\/"},{"@type":"ListItem","position":2,"name":"Transaktion abgeschlossen"}]},{"@type":"WebSite","@id":"https:\/\/glider-battery.eu\/#website","url":"https:\/\/glider-battery.eu\/","name":"Glider Battery Shop","description":"Power For Your Electronics","publisher":{"@id":"https:\/\/glider-battery.eu\/#organization"},"potentialAction":[{"@type":"SearchAction","target":{"@type":"EntryPoint","urlTemplate":"https:\/\/glider-battery.eu\/?s={search_term_string}"},"query-input":{"@type":"PropertyValueSpecification","valueRequired":true,"valueName":"search_term_string"}}],"inLanguage":"de"},{"@type":"Organization","@id":"https:\/\/glider-battery.eu\/#organization","name":"Glider-Battery.eu","url":"https:\/\/glider-battery.eu\/","logo":{"@type":"ImageObject","inLanguage":"de","@id":"https:\/\/glider-battery.eu\/#\/schema\/logo\/image\/","url":"https:\/\/glider-battery.eu\/wp-content\/uploads\/2018\/01\/dar-grey-logo.png","contentUrl":"https:\/\/glider-battery.eu\/wp-content\/uploads\/2018\/01\/dar-grey-logo.png","width":1300,"height":400,"caption":"Glider-Battery.eu"},"image":{"@id":"https:\/\/glider-battery.eu\/#\/schema\/logo\/image\/"}}]}},"builder_content":"","_links":{"self":[{"href":"https:\/\/glider-battery.eu\/de\/wp-json\/wp\/v2\/pages\/1261","targetHints":{"allow":["GET"]}}],"collection":[{"href":"https:\/\/glider-battery.eu\/de\/wp-json\/wp\/v2\/pages"}],"about":[{"href":"https:\/\/glider-battery.eu\/de\/wp-json\/wp\/v2\/types\/page"}],"author":[{"embeddable":true,"href":"https:\/\/glider-battery.eu\/de\/wp-json\/wp\/v2\/users\/4"}],"replies":[{"embeddable":true,"href":"https:\/\/glider-battery.eu\/de\/wp-json\/wp\/v2\/comments?post=1261"}],"version-history":[{"count":0,"href":"https:\/\/glider-battery.eu\/de\/wp-json\/wp\/v2\/pages\/1261\/revisions"}],"wp:attachment":[{"href":"https:\/\/glider-battery.eu\/de\/wp-json\/wp\/v2\/media?parent=1261"}],"curies":[{"name":"wp","href":"https:\/\/api.w.org\/{rel}","templated":true}]}}