{"id":1265,"date":"2021-12-09T10:17:46","date_gmt":"2021-12-09T10:17:46","guid":{"rendered":"https:\/\/glider-battery.eu\/garantie-und-rueckgabe\/"},"modified":"2021-12-09T10:17:46","modified_gmt":"2021-12-09T10:17:46","slug":"garantie-und-rueckgabe","status":"publish","type":"page","link":"https:\/\/glider-battery.eu\/de\/garantie-und-rueckgabe\/","title":{"rendered":"Garantie und R\u00fcckgabe"},"content":{"rendered":"<p><strong> Garantie und R\u00fcckgabe<\/strong><\/p>\n<p>Jedes Produkt wird von uns vor dem Versand gepr\u00fcft. Wir verkaufen niemals besch\u00e4digte oder nicht richtig funktionierende Produkte.<\/p>\n<p>Wenn der Kunde das letzte auf Lager befindliche Produkt kauft und es scheint besch\u00e4digt zu sein, wird der Kunde direkt kontaktiert und es wird angeboten, entweder den Preis des besch\u00e4digten Produkts zu entsch\u00e4digen oder bis zur neuen Ankunft der Produkte von unserem Lieferanten zu warten.<\/p>\n<p>Manchmal kommt es vor, dass Produkte w\u00e4hrend des Transports besch\u00e4digt werden. Wenn der K\u00e4ufer ein besch\u00e4digtes oder nicht ordnungsgem\u00e4\u00df funktionierendes Produkt erh\u00e4lt, muss der K\u00e4ufer dies innerhalb von 30 Tagen nach Erhalt der Bestellung melden. Besch\u00e4digte Artikel m\u00fcssen an uns zur\u00fcckgesendet werden und wir werden entweder einen neuen Artikel bereitstellen oder Geld zur\u00fcckgeben, wenn diese Artikel nicht vorr\u00e4tig sind. Wenn Sie sich f\u00fcr die Bereitstellung eines neuen Artikels entscheiden, erstatten wir bis zu 20 <em>EUR<\/em> R\u00fccksendekosten und stellen Ihnen einen neuen Artikel kostenlos zur Verf\u00fcgung. Besch\u00e4digte Artikel m\u00fcssen an uns zur\u00fcckgesendet werden. Wenn die Entscheidung getroffen wird, Geld zur\u00fcckzusenden, erstatten wir bis zu 20 <em>EUR<\/em> R\u00fcckversand- und Kaufkosten. In jedem Fall muss eine Rechnung \u00fcber die R\u00fccksendung als Kostenersatz vorgelegt werden.<\/p>\n<p>Zus\u00e4tzliche Garantie ist in den Spezifikationen des jeweiligen Artikels angegeben.<\/p>\n<p>Die Garantie deckt keine Produkte ab, wenn sie gem\u00e4\u00df den allgemeinen Wartungsanweisungen verwendet werden.<\/p>\n<p>Die Garantie f\u00fcr LiFePO4-Akkus ist nicht g\u00fcltig, wenn sie:<\/p>\n<ul>\n<li>Wurden nicht ordnungsgem\u00e4\u00df installiert, gewartet und aufgeladen.<\/li>\n<li>Wurden \u00e4u\u00dferlich besch\u00e4digt.<\/li>\n<li>Hatte ihren Koffer ge\u00f6ffnet.<\/li>\n<li>Wasser, Feuer, starker Hitze oder Frost ausgesetzt waren.<\/li>\n<li>Wurden 1 Monat vollst\u00e4ndig entladen gelagert.<\/li>\n<\/ul>\n<p>F\u00fcr R\u00fccksendungen und Garantiefragen kontaktieren Sie uns bitte per E-Mail: info@glider-battery.eu. R\u00fccksendungen m\u00fcssen innerhalb von 30 Tagen nach Erhalt der Bestellung angek\u00fcndigt werden.<\/p>\n","protected":false},"excerpt":{"rendered":"<p>Garantie und R\u00fcckgabe Jedes Produkt wird von uns vor dem Versand gepr\u00fcft. Wir verkaufen niemals besch\u00e4digte oder nicht richtig funktionierende Produkte. Wenn der Kunde das letzte auf Lager befindliche Produkt kauft und es scheint besch\u00e4digt zu sein, wird der Kunde direkt kontaktiert und es wird angeboten, entweder den Preis des besch\u00e4digten Produkts zu entsch\u00e4digen oder [&hellip;]<\/p>\n","protected":false},"author":4,"featured_media":0,"parent":0,"menu_order":0,"comment_status":"closed","ping_status":"closed","template":"","meta":{"footnotes":""},"class_list":["post-1265","page","type-page","status-publish","hentry","has-post-title","has-post-date","has-post-category","has-post-tag","has-post-comment","has-post-author",""],"yoast_head":"<!-- This site is optimized with the Yoast SEO plugin v27.0 - https:\/\/yoast.com\/product\/yoast-seo-wordpress\/ -->\n<title>Garantie und R\u00fcckgabe - Glider Battery Shop<\/title>\n<meta name=\"robots\" content=\"index, follow, max-snippet:-1, max-image-preview:large, max-video-preview:-1\" \/>\n<link rel=\"canonical\" href=\"https:\/\/glider-battery.eu\/garantie-und-rueckgabe\/\" \/>\n<meta property=\"og:locale\" content=\"de_DE\" \/>\n<meta property=\"og:type\" content=\"article\" \/>\n<meta property=\"og:title\" content=\"Garantie und R\u00fcckgabe - Glider Battery Shop\" \/>\n<meta property=\"og:description\" content=\"Garantie und R\u00fcckgabe Jedes Produkt wird von uns vor dem Versand gepr\u00fcft. Wir verkaufen niemals besch\u00e4digte oder nicht richtig funktionierende Produkte. Wenn der Kunde das letzte auf Lager befindliche Produkt kauft und es scheint besch\u00e4digt zu sein, wird der Kunde direkt kontaktiert und es wird angeboten, entweder den Preis des besch\u00e4digten Produkts zu entsch\u00e4digen oder [&hellip;]\" \/>\n<meta property=\"og:url\" content=\"https:\/\/glider-battery.eu\/garantie-und-rueckgabe\/\" \/>\n<meta property=\"og:site_name\" content=\"Glider Battery Shop\" \/>\n<meta name=\"twitter:card\" content=\"summary_large_image\" \/>\n<meta name=\"twitter:label1\" content=\"Gesch\u00e4tzte Lesezeit\" \/>\n\t<meta name=\"twitter:data1\" content=\"2\u00a0Minuten\" \/>\n<script type=\"application\/ld+json\" class=\"yoast-schema-graph\">{\"@context\":\"https:\/\/schema.org\",\"@graph\":[{\"@type\":\"WebPage\",\"@id\":\"https:\/\/glider-battery.eu\/garantie-und-rueckgabe\/\",\"url\":\"https:\/\/glider-battery.eu\/garantie-und-rueckgabe\/\",\"name\":\"Garantie und R\u00fcckgabe - Glider Battery Shop\",\"isPartOf\":{\"@id\":\"https:\/\/glider-battery.eu\/#website\"},\"datePublished\":\"2021-12-09T10:17:46+00:00\",\"breadcrumb\":{\"@id\":\"https:\/\/glider-battery.eu\/garantie-und-rueckgabe\/#breadcrumb\"},\"inLanguage\":\"de\",\"potentialAction\":[{\"@type\":\"ReadAction\",\"target\":[\"https:\/\/glider-battery.eu\/garantie-und-rueckgabe\/\"]}]},{\"@type\":\"BreadcrumbList\",\"@id\":\"https:\/\/glider-battery.eu\/garantie-und-rueckgabe\/#breadcrumb\",\"itemListElement\":[{\"@type\":\"ListItem\",\"position\":1,\"name\":\"Home\",\"item\":\"https:\/\/glider-battery.eu\/\"},{\"@type\":\"ListItem\",\"position\":2,\"name\":\"Garantie und R\u00fcckgabe\"}]},{\"@type\":\"WebSite\",\"@id\":\"https:\/\/glider-battery.eu\/#website\",\"url\":\"https:\/\/glider-battery.eu\/\",\"name\":\"Glider Battery Shop\",\"description\":\"Power For Your Electronics\",\"publisher\":{\"@id\":\"https:\/\/glider-battery.eu\/#organization\"},\"potentialAction\":[{\"@type\":\"SearchAction\",\"target\":{\"@type\":\"EntryPoint\",\"urlTemplate\":\"https:\/\/glider-battery.eu\/?s={search_term_string}\"},\"query-input\":{\"@type\":\"PropertyValueSpecification\",\"valueRequired\":true,\"valueName\":\"search_term_string\"}}],\"inLanguage\":\"de\"},{\"@type\":\"Organization\",\"@id\":\"https:\/\/glider-battery.eu\/#organization\",\"name\":\"Glider-Battery.eu\",\"url\":\"https:\/\/glider-battery.eu\/\",\"logo\":{\"@type\":\"ImageObject\",\"inLanguage\":\"de\",\"@id\":\"https:\/\/glider-battery.eu\/#\/schema\/logo\/image\/\",\"url\":\"https:\/\/glider-battery.eu\/wp-content\/uploads\/2018\/01\/dar-grey-logo.png\",\"contentUrl\":\"https:\/\/glider-battery.eu\/wp-content\/uploads\/2018\/01\/dar-grey-logo.png\",\"width\":1300,\"height\":400,\"caption\":\"Glider-Battery.eu\"},\"image\":{\"@id\":\"https:\/\/glider-battery.eu\/#\/schema\/logo\/image\/\"}}]}<\/script>\n<!-- \/ Yoast SEO plugin. -->","yoast_head_json":{"title":"Garantie und R\u00fcckgabe - Glider Battery Shop","robots":{"index":"index","follow":"follow","max-snippet":"max-snippet:-1","max-image-preview":"max-image-preview:large","max-video-preview":"max-video-preview:-1"},"canonical":"https:\/\/glider-battery.eu\/garantie-und-rueckgabe\/","og_locale":"de_DE","og_type":"article","og_title":"Garantie und R\u00fcckgabe - Glider Battery Shop","og_description":"Garantie und R\u00fcckgabe Jedes Produkt wird von uns vor dem Versand gepr\u00fcft. Wir verkaufen niemals besch\u00e4digte oder nicht richtig funktionierende Produkte. Wenn der Kunde das letzte auf Lager befindliche Produkt kauft und es scheint besch\u00e4digt zu sein, wird der Kunde direkt kontaktiert und es wird angeboten, entweder den Preis des besch\u00e4digten Produkts zu entsch\u00e4digen oder [&hellip;]","og_url":"https:\/\/glider-battery.eu\/garantie-und-rueckgabe\/","og_site_name":"Glider Battery Shop","twitter_card":"summary_large_image","twitter_misc":{"Gesch\u00e4tzte Lesezeit":"2\u00a0Minuten"},"schema":{"@context":"https:\/\/schema.org","@graph":[{"@type":"WebPage","@id":"https:\/\/glider-battery.eu\/garantie-und-rueckgabe\/","url":"https:\/\/glider-battery.eu\/garantie-und-rueckgabe\/","name":"Garantie und R\u00fcckgabe - Glider Battery Shop","isPartOf":{"@id":"https:\/\/glider-battery.eu\/#website"},"datePublished":"2021-12-09T10:17:46+00:00","breadcrumb":{"@id":"https:\/\/glider-battery.eu\/garantie-und-rueckgabe\/#breadcrumb"},"inLanguage":"de","potentialAction":[{"@type":"ReadAction","target":["https:\/\/glider-battery.eu\/garantie-und-rueckgabe\/"]}]},{"@type":"BreadcrumbList","@id":"https:\/\/glider-battery.eu\/garantie-und-rueckgabe\/#breadcrumb","itemListElement":[{"@type":"ListItem","position":1,"name":"Home","item":"https:\/\/glider-battery.eu\/"},{"@type":"ListItem","position":2,"name":"Garantie und R\u00fcckgabe"}]},{"@type":"WebSite","@id":"https:\/\/glider-battery.eu\/#website","url":"https:\/\/glider-battery.eu\/","name":"Glider Battery Shop","description":"Power For Your Electronics","publisher":{"@id":"https:\/\/glider-battery.eu\/#organization"},"potentialAction":[{"@type":"SearchAction","target":{"@type":"EntryPoint","urlTemplate":"https:\/\/glider-battery.eu\/?s={search_term_string}"},"query-input":{"@type":"PropertyValueSpecification","valueRequired":true,"valueName":"search_term_string"}}],"inLanguage":"de"},{"@type":"Organization","@id":"https:\/\/glider-battery.eu\/#organization","name":"Glider-Battery.eu","url":"https:\/\/glider-battery.eu\/","logo":{"@type":"ImageObject","inLanguage":"de","@id":"https:\/\/glider-battery.eu\/#\/schema\/logo\/image\/","url":"https:\/\/glider-battery.eu\/wp-content\/uploads\/2018\/01\/dar-grey-logo.png","contentUrl":"https:\/\/glider-battery.eu\/wp-content\/uploads\/2018\/01\/dar-grey-logo.png","width":1300,"height":400,"caption":"Glider-Battery.eu"},"image":{"@id":"https:\/\/glider-battery.eu\/#\/schema\/logo\/image\/"}}]}},"builder_content":"","_links":{"self":[{"href":"https:\/\/glider-battery.eu\/de\/wp-json\/wp\/v2\/pages\/1265","targetHints":{"allow":["GET"]}}],"collection":[{"href":"https:\/\/glider-battery.eu\/de\/wp-json\/wp\/v2\/pages"}],"about":[{"href":"https:\/\/glider-battery.eu\/de\/wp-json\/wp\/v2\/types\/page"}],"author":[{"embeddable":true,"href":"https:\/\/glider-battery.eu\/de\/wp-json\/wp\/v2\/users\/4"}],"replies":[{"embeddable":true,"href":"https:\/\/glider-battery.eu\/de\/wp-json\/wp\/v2\/comments?post=1265"}],"version-history":[{"count":0,"href":"https:\/\/glider-battery.eu\/de\/wp-json\/wp\/v2\/pages\/1265\/revisions"}],"wp:attachment":[{"href":"https:\/\/glider-battery.eu\/de\/wp-json\/wp\/v2\/media?parent=1265"}],"curies":[{"name":"wp","href":"https:\/\/api.w.org\/{rel}","templated":true}]}}