{"id":1982,"date":"2023-01-05T02:48:26","date_gmt":"2023-01-05T02:48:26","guid":{"rendered":"https:\/\/glider-battery.eu\/koennen-mehrere-lifepo4-batterien-mit-einem-einzigen-ladegeraet-geladen-werden\/"},"modified":"2023-01-05T03:01:04","modified_gmt":"2023-01-05T03:01:04","slug":"koennen-mehrere-lifepo4-batterien-mit-einem-einzigen-ladegeraet-geladen-werden","status":"publish","type":"page","link":"https:\/\/glider-battery.eu\/de\/koennen-mehrere-lifepo4-batterien-mit-einem-einzigen-ladegeraet-geladen-werden\/","title":{"rendered":"K\u00f6nnen mehrere LiFePO4-Batterien mit einem einzigen Ladeger\u00e4t geladen werden?"},"content":{"rendered":"\n<p class=\"has-large-font-size\">K\u00f6nnen mehrere LiFePO4-Batterien mit einem einzigen Ladeger\u00e4t geladen werden?<\/p>\n\n<p>Laden mehrerer Batterien mit einem einzigen Ladeger\u00e4t. Gehen wir n\u00e4her auf dieses Thema ein.<\/p>\n\n<p>Wenn Sie ein Batteriesystem mit Lithium-Eisen-Phosphat-Batterien (LiFePO4) haben, fragen Sie sich vielleicht, ob es m\u00f6glich ist, zwei 12-V-Batterien parallel mit einem einzigen Ladeger\u00e4t und einem Batteriemanagementsystem (BMS) zu laden. Dies ist zwar technisch m\u00f6glich, wird aber wegen des Risikos einer ungleichm\u00e4\u00dfigen Aufladung und der Gefahr einer Besch\u00e4digung der Batterien im Allgemeinen nicht empfohlen.<\/p>\n\n<figure class=\"wp-block-image size-full\"><img loading=\"lazy\" decoding=\"async\" width=\"621\" height=\"318\" src=\"https:\/\/glider-battery.eu\/wp-content\/uploads\/2023\/01\/image-1.png\" alt=\"\" class=\"wp-image-1975\" srcset=\"https:\/\/glider-battery.eu\/wp-content\/uploads\/2023\/01\/image-1.png 621w, https:\/\/glider-battery.eu\/wp-content\/uploads\/2023\/01\/image-1-400x205.png 400w\" sizes=\"auto, (max-width: 621px) 100vw, 621px\" \/><figcaption class=\"wp-element-caption\">Quelle: https:\/\/www.batterytender.com\/connecting-batteries-chargers-in-series-parallel<\/figcaption><\/figure>\n<p>Beim parallelen Laden von LiFePO4-Batterien ist unbedingt darauf zu achten, dass der Ladestrom gleichm\u00e4\u00dfig auf die Batterien verteilt wird. Wenn der Strom nicht gleichm\u00e4\u00dfig verteilt wird, kann eine Batterie \u00fcberladen werden, w\u00e4hrend die andere unterladen wird, was zu einer unausgewogenen Spannung und Kapazit\u00e4t f\u00fchren kann. Dies kann die Lebensdauer der Batterien verk\u00fcrzen und sogar zu deren Ausfall f\u00fchren.<\/p>\n\n<p>Um dies zu vermeiden, wird allgemein empfohlen, ein Ladeger\u00e4t zu verwenden, das speziell f\u00fcr das parallele Laden ausgelegt ist und \u00fcber eine ausreichende Stromleistung verf\u00fcgt, um alle Batterien gleichzeitig zu laden. Dadurch wird sichergestellt, dass der Ladestrom gleichm\u00e4\u00dfig auf die Batterien verteilt wird und ein ungleichm\u00e4\u00dfiges Laden verhindert wird.<\/p>\n\n<p>Neben der Verwendung eines geeigneten Ladeger\u00e4ts ist es auch wichtig, ein BMS zu verwenden, um das Laden und Entladen der Batterien zu \u00fcberwachen und sicherzustellen, dass sie gleichm\u00e4\u00dfig geladen werden. Ohne ein BMS kann es schwierig sein, die Ladung zwischen den Batterien auszugleichen, was zu Problemen wie \u00dcberladung oder Unterladung f\u00fchren kann.<\/p>\n\n<p>Auch beim parallelen Laden von LiFePO4-Batterien ist es wichtig, die richtigen Ladeverfahren einzuhalten. Dazu geh\u00f6rt, dass Sie die richtige Ladespannung und den richtigen Ladestrom verwenden und sicherstellen, dass die Batterien vollst\u00e4ndig geladen sind, bevor Sie das Ladeger\u00e4t abschalten.<\/p>\n\n<p>Zusammenfassend l\u00e4sst sich sagen, dass es zwar technisch m\u00f6glich ist, zwei 12-V-LiFePO4-Akkus mit einem einzigen Ladeger\u00e4t und einem BMS parallel zu laden, dass dies aber aufgrund des Risikos einer ungleichm\u00e4\u00dfigen Ladung und der Gefahr einer Besch\u00e4digung der Akkus im Allgemeinen nicht empfohlen wird. Um sicherzustellen, dass Ihre Batterien sicher und effizient geladen werden, verwenden Sie am besten ein Ladeger\u00e4t, das speziell f\u00fcr das parallele Laden ausgelegt ist, und ein BMS zur \u00dcberwachung des Lade- und Entladevorgangs der Batterien. Wenn Sie die richtigen Ladeverfahren befolgen, k\u00f6nnen Sie die Lebensdauer Ihrer Batterien verl\u00e4ngern und eine zuverl\u00e4ssige Leistung sicherstellen.<\/p>\n\n<p>In unserem LiFePO4-Batterie-Shop in Europa finden Sie Batterien und Zubeh\u00f6r in Luftfahrtqualit\u00e4t: https:\/\/glider-battery.eu\/shop\/<\/p>\n\n<p>Glider-Battery.eu Team<\/p>\n\n<p>www.glider-battery.eu<\/p>\n\n<p><\/p>\n<!-- wp:themify-builder\/canvas \/-->","protected":false},"excerpt":{"rendered":"<p>K\u00f6nnen mehrere LiFePO4-Batterien mit einem einzigen Ladeger\u00e4t geladen werden? Laden mehrerer Batterien mit einem einzigen Ladeger\u00e4t. Gehen wir n\u00e4her auf dieses Thema ein. Wenn Sie ein Batteriesystem mit Lithium-Eisen-Phosphat-Batterien (LiFePO4) haben, fragen Sie sich vielleicht, ob es m\u00f6glich ist, zwei 12-V-Batterien parallel mit einem einzigen Ladeger\u00e4t und einem Batteriemanagementsystem (BMS) zu laden. Dies ist zwar [&hellip;]<\/p>\n","protected":false},"author":4,"featured_media":0,"parent":0,"menu_order":0,"comment_status":"closed","ping_status":"closed","template":"","meta":{"footnotes":""},"class_list":["post-1982","page","type-page","status-publish","hentry","has-post-title","has-post-date","has-post-category","has-post-tag","has-post-comment","has-post-author",""],"yoast_head":"<!-- This site is optimized with the Yoast SEO plugin v27.0 - https:\/\/yoast.com\/product\/yoast-seo-wordpress\/ -->\n<title>Laden mehrerer Lithium-Batterien mit einem einzigen Ladeger\u00e4t<\/title>\n<meta name=\"description\" content=\"Laden mehrerer Batterien mit einem einzigen Ladeger\u00e4t. Ist es m\u00f6glich, mehrere Batterien mit einem einzigen Ladeger\u00e4t zu laden?\" \/>\n<meta name=\"robots\" content=\"index, follow, max-snippet:-1, max-image-preview:large, max-video-preview:-1\" \/>\n<link rel=\"canonical\" href=\"https:\/\/glider-battery.eu\/de\/?page_id=1982\" \/>\n<meta property=\"og:locale\" content=\"de_DE\" \/>\n<meta property=\"og:type\" content=\"article\" \/>\n<meta property=\"og:title\" content=\"Laden mehrerer Lithium-Batterien mit einem einzigen Ladeger\u00e4t\" \/>\n<meta property=\"og:description\" content=\"Laden mehrerer Batterien mit einem einzigen Ladeger\u00e4t. Ist es m\u00f6glich, mehrere Batterien mit einem einzigen Ladeger\u00e4t zu laden?\" \/>\n<meta property=\"og:url\" content=\"https:\/\/glider-battery.eu\/de\/?page_id=1982\" \/>\n<meta property=\"og:site_name\" content=\"Glider Battery Shop\" \/>\n<meta property=\"article:modified_time\" content=\"2023-01-05T03:01:04+00:00\" \/>\n<meta property=\"og:image\" content=\"https:\/\/glider-battery.eu\/wp-content\/uploads\/2023\/01\/image-1.png\" \/>\n<meta name=\"twitter:card\" content=\"summary_large_image\" \/>\n<meta name=\"twitter:label1\" content=\"Gesch\u00e4tzte Lesezeit\" \/>\n\t<meta name=\"twitter:data1\" content=\"2\u00a0Minuten\" \/>\n<script type=\"application\/ld+json\" class=\"yoast-schema-graph\">{\"@context\":\"https:\/\/schema.org\",\"@graph\":[{\"@type\":\"WebPage\",\"@id\":\"https:\/\/glider-battery.eu\/de\/?page_id=1982\",\"url\":\"https:\/\/glider-battery.eu\/de\/?page_id=1982\",\"name\":\"Laden mehrerer Lithium-Batterien mit einem einzigen Ladeger\u00e4t\",\"isPartOf\":{\"@id\":\"https:\/\/glider-battery.eu\/#website\"},\"primaryImageOfPage\":{\"@id\":\"https:\/\/glider-battery.eu\/de\/?page_id=1982#primaryimage\"},\"image\":{\"@id\":\"https:\/\/glider-battery.eu\/de\/?page_id=1982#primaryimage\"},\"thumbnailUrl\":\"https:\/\/glider-battery.eu\/wp-content\/uploads\/2023\/01\/image-1.png\",\"datePublished\":\"2023-01-05T02:48:26+00:00\",\"dateModified\":\"2023-01-05T03:01:04+00:00\",\"description\":\"Laden mehrerer Batterien mit einem einzigen Ladeger\u00e4t. Ist es m\u00f6glich, mehrere Batterien mit einem einzigen Ladeger\u00e4t zu laden?\",\"breadcrumb\":{\"@id\":\"https:\/\/glider-battery.eu\/de\/?page_id=1982#breadcrumb\"},\"inLanguage\":\"de\",\"potentialAction\":[{\"@type\":\"ReadAction\",\"target\":[\"https:\/\/glider-battery.eu\/de\/?page_id=1982\"]}]},{\"@type\":\"ImageObject\",\"inLanguage\":\"de\",\"@id\":\"https:\/\/glider-battery.eu\/de\/?page_id=1982#primaryimage\",\"url\":\"https:\/\/glider-battery.eu\/wp-content\/uploads\/2023\/01\/image-1.png\",\"contentUrl\":\"https:\/\/glider-battery.eu\/wp-content\/uploads\/2023\/01\/image-1.png\"},{\"@type\":\"BreadcrumbList\",\"@id\":\"https:\/\/glider-battery.eu\/de\/?page_id=1982#breadcrumb\",\"itemListElement\":[{\"@type\":\"ListItem\",\"position\":1,\"name\":\"Home\",\"item\":\"https:\/\/glider-battery.eu\/\"},{\"@type\":\"ListItem\",\"position\":2,\"name\":\"K\u00f6nnen mehrere LiFePO4-Batterien mit einem einzigen Ladeger\u00e4t geladen werden?\"}]},{\"@type\":\"WebSite\",\"@id\":\"https:\/\/glider-battery.eu\/#website\",\"url\":\"https:\/\/glider-battery.eu\/\",\"name\":\"Glider Battery Shop\",\"description\":\"Power For Your Electronics\",\"publisher\":{\"@id\":\"https:\/\/glider-battery.eu\/#organization\"},\"potentialAction\":[{\"@type\":\"SearchAction\",\"target\":{\"@type\":\"EntryPoint\",\"urlTemplate\":\"https:\/\/glider-battery.eu\/?s={search_term_string}\"},\"query-input\":{\"@type\":\"PropertyValueSpecification\",\"valueRequired\":true,\"valueName\":\"search_term_string\"}}],\"inLanguage\":\"de\"},{\"@type\":\"Organization\",\"@id\":\"https:\/\/glider-battery.eu\/#organization\",\"name\":\"Glider-Battery.eu\",\"url\":\"https:\/\/glider-battery.eu\/\",\"logo\":{\"@type\":\"ImageObject\",\"inLanguage\":\"de\",\"@id\":\"https:\/\/glider-battery.eu\/#\/schema\/logo\/image\/\",\"url\":\"https:\/\/glider-battery.eu\/wp-content\/uploads\/2018\/01\/dar-grey-logo.png\",\"contentUrl\":\"https:\/\/glider-battery.eu\/wp-content\/uploads\/2018\/01\/dar-grey-logo.png\",\"width\":1300,\"height\":400,\"caption\":\"Glider-Battery.eu\"},\"image\":{\"@id\":\"https:\/\/glider-battery.eu\/#\/schema\/logo\/image\/\"}}]}<\/script>\n<!-- \/ Yoast SEO plugin. -->","yoast_head_json":{"title":"Laden mehrerer Lithium-Batterien mit einem einzigen Ladeger\u00e4t","description":"Laden mehrerer Batterien mit einem einzigen Ladeger\u00e4t. Ist es m\u00f6glich, mehrere Batterien mit einem einzigen Ladeger\u00e4t zu laden?","robots":{"index":"index","follow":"follow","max-snippet":"max-snippet:-1","max-image-preview":"max-image-preview:large","max-video-preview":"max-video-preview:-1"},"canonical":"https:\/\/glider-battery.eu\/de\/?page_id=1982","og_locale":"de_DE","og_type":"article","og_title":"Laden mehrerer Lithium-Batterien mit einem einzigen Ladeger\u00e4t","og_description":"Laden mehrerer Batterien mit einem einzigen Ladeger\u00e4t. Ist es m\u00f6glich, mehrere Batterien mit einem einzigen Ladeger\u00e4t zu laden?","og_url":"https:\/\/glider-battery.eu\/de\/?page_id=1982","og_site_name":"Glider Battery Shop","article_modified_time":"2023-01-05T03:01:04+00:00","og_image":[{"url":"https:\/\/glider-battery.eu\/wp-content\/uploads\/2023\/01\/image-1.png","type":"","width":"","height":""}],"twitter_card":"summary_large_image","twitter_misc":{"Gesch\u00e4tzte Lesezeit":"2\u00a0Minuten"},"schema":{"@context":"https:\/\/schema.org","@graph":[{"@type":"WebPage","@id":"https:\/\/glider-battery.eu\/de\/?page_id=1982","url":"https:\/\/glider-battery.eu\/de\/?page_id=1982","name":"Laden mehrerer Lithium-Batterien mit einem einzigen Ladeger\u00e4t","isPartOf":{"@id":"https:\/\/glider-battery.eu\/#website"},"primaryImageOfPage":{"@id":"https:\/\/glider-battery.eu\/de\/?page_id=1982#primaryimage"},"image":{"@id":"https:\/\/glider-battery.eu\/de\/?page_id=1982#primaryimage"},"thumbnailUrl":"https:\/\/glider-battery.eu\/wp-content\/uploads\/2023\/01\/image-1.png","datePublished":"2023-01-05T02:48:26+00:00","dateModified":"2023-01-05T03:01:04+00:00","description":"Laden mehrerer Batterien mit einem einzigen Ladeger\u00e4t. Ist es m\u00f6glich, mehrere Batterien mit einem einzigen Ladeger\u00e4t zu laden?","breadcrumb":{"@id":"https:\/\/glider-battery.eu\/de\/?page_id=1982#breadcrumb"},"inLanguage":"de","potentialAction":[{"@type":"ReadAction","target":["https:\/\/glider-battery.eu\/de\/?page_id=1982"]}]},{"@type":"ImageObject","inLanguage":"de","@id":"https:\/\/glider-battery.eu\/de\/?page_id=1982#primaryimage","url":"https:\/\/glider-battery.eu\/wp-content\/uploads\/2023\/01\/image-1.png","contentUrl":"https:\/\/glider-battery.eu\/wp-content\/uploads\/2023\/01\/image-1.png"},{"@type":"BreadcrumbList","@id":"https:\/\/glider-battery.eu\/de\/?page_id=1982#breadcrumb","itemListElement":[{"@type":"ListItem","position":1,"name":"Home","item":"https:\/\/glider-battery.eu\/"},{"@type":"ListItem","position":2,"name":"K\u00f6nnen mehrere LiFePO4-Batterien mit einem einzigen Ladeger\u00e4t geladen werden?"}]},{"@type":"WebSite","@id":"https:\/\/glider-battery.eu\/#website","url":"https:\/\/glider-battery.eu\/","name":"Glider Battery Shop","description":"Power For Your Electronics","publisher":{"@id":"https:\/\/glider-battery.eu\/#organization"},"potentialAction":[{"@type":"SearchAction","target":{"@type":"EntryPoint","urlTemplate":"https:\/\/glider-battery.eu\/?s={search_term_string}"},"query-input":{"@type":"PropertyValueSpecification","valueRequired":true,"valueName":"search_term_string"}}],"inLanguage":"de"},{"@type":"Organization","@id":"https:\/\/glider-battery.eu\/#organization","name":"Glider-Battery.eu","url":"https:\/\/glider-battery.eu\/","logo":{"@type":"ImageObject","inLanguage":"de","@id":"https:\/\/glider-battery.eu\/#\/schema\/logo\/image\/","url":"https:\/\/glider-battery.eu\/wp-content\/uploads\/2018\/01\/dar-grey-logo.png","contentUrl":"https:\/\/glider-battery.eu\/wp-content\/uploads\/2018\/01\/dar-grey-logo.png","width":1300,"height":400,"caption":"Glider-Battery.eu"},"image":{"@id":"https:\/\/glider-battery.eu\/#\/schema\/logo\/image\/"}}]}},"builder_content":"","_links":{"self":[{"href":"https:\/\/glider-battery.eu\/de\/wp-json\/wp\/v2\/pages\/1982","targetHints":{"allow":["GET"]}}],"collection":[{"href":"https:\/\/glider-battery.eu\/de\/wp-json\/wp\/v2\/pages"}],"about":[{"href":"https:\/\/glider-battery.eu\/de\/wp-json\/wp\/v2\/types\/page"}],"author":[{"embeddable":true,"href":"https:\/\/glider-battery.eu\/de\/wp-json\/wp\/v2\/users\/4"}],"replies":[{"embeddable":true,"href":"https:\/\/glider-battery.eu\/de\/wp-json\/wp\/v2\/comments?post=1982"}],"version-history":[{"count":3,"href":"https:\/\/glider-battery.eu\/de\/wp-json\/wp\/v2\/pages\/1982\/revisions"}],"predecessor-version":[{"id":2025,"href":"https:\/\/glider-battery.eu\/de\/wp-json\/wp\/v2\/pages\/1982\/revisions\/2025"}],"wp:attachment":[{"href":"https:\/\/glider-battery.eu\/de\/wp-json\/wp\/v2\/media?parent=1982"}],"curies":[{"name":"wp","href":"https:\/\/api.w.org\/{rel}","templated":true}]}}