{"id":1026,"date":"2021-06-23T11:26:43","date_gmt":"2021-06-23T11:26:43","guid":{"rendered":"https:\/\/glider-battery.eu\/product\/ultimatives-paket-fuer-doppelsitzer-abenteurer\/"},"modified":"2026-04-08T17:02:07","modified_gmt":"2026-04-08T17:02:07","slug":"double-seater-package","status":"publish","type":"product","link":"https:\/\/glider-battery.eu\/de\/produkt\/double-seater-package\/","title":{"rendered":"Ultimatives Paket f\u00fcr Doppelsitzer-Abenteurer"},"content":{"rendered":"<p>Das ultimative Paket f\u00fcr Doppelsitzer-Abenteurer beinhaltet:<\/p>\n<p><strong>2x Glider Akku LiFePO4, 16AH ENDURANCE+ <\/strong>+ <strong>1x Smart LiFePO4 Akku-Ladeger\u00e4t<\/strong><\/p>\n<p>Das ultimative Paket von Double Seater Adventurer ist am besten f\u00fcr einen Doppelsitzer-Segelflugzeug (zwei Instrumente) geeignet, das f\u00fcr lange Fl\u00fcge verwendet wird und eine zuverl\u00e4ssige M\u00f6glichkeit zum Betrieb vieler elektronischer Ger\u00e4te f\u00fcr beide Piloten ben\u00f6tigt.<\/p>\n<p><strong>Eigenschaften der Segelflugzeugbatterie:<\/strong><\/p>\n<p>LiFePO4 (LFP) Akku in Standardgr\u00f6\u00dfe f\u00fcr ein Segelflugzeug. Abmessungen: 151*95*99mm.<\/p>\n<p>Die Batterie verf\u00fcgt \u00fcber ein integriertes Batteriemanagementsystem mit den folgenden Schutzfunktionen:<\/p>\n<ul>\n<li style=\"list-style-type: none;\">\n<ul>\n<li>\u00dcberladung<\/li>\n<li>\u00dcberentladung<\/li>\n<li>Kurzschluss<\/li>\n<li>Umgekehrte Polarit\u00e4t<\/li>\n<li>Unwucht der Batteriezelle<\/li>\n<li>Hohe Temperaturen<\/li>\n<li>Feuer<\/li>\n<\/ul>\n<\/li>\n<\/ul>\n<p>Batterie ist f\u00fcr den europ\u00e4ischen Markt zertifiziert.<\/p>\n<p>Immer frisch hergestellt und bei einer Temperatur von etwa +22 \u00b0C gelagert.<\/p>\n<p><em>Hochwertige japanische\/amerikanische Chips im Inneren erm\u00f6glichen den sicheren Anschluss und die Verwendung von bis zu 4 Batterien in Serie oder parallel.<\/em><\/p>\n<p><em>Extrem geringer Energieverlust, reibungslose Energie\u00fcbertragung und keine \u00fcberm\u00e4\u00dfige Hitze im Inneren, w\u00e4hrend das BMS in Betrieb ist.<\/em><\/p>\n<p><strong>Was gibt&#8217;s Neues ?<\/strong><\/p>\n<p>Die ENDURANCE+ Version ist ein Meilenstein in Sachen Batteriesicherheit und Zuverl\u00e4ssigkeit im Segelflug. Es verf\u00fcgt \u00fcber verbesserte Sicherheitsfunktionen, LiFePO4-Zellen der G\u00fcteklasse A von einem zuverl\u00e4ssigen Hersteller und ein aktualisiertes Batteriemanagementsystem (BMS) mit verbesserter Verkabelung und Anordnung. Verbessern Sie Ihr Segelflugerlebnis mit diesen verbesserten Akkulaufzeiten.<\/p>\n<p>Neue Funktionen und Verbesserungen im Modell ENDURANCE+:<\/p>\n<ol>\n<li><strong>Verbesserter Schutz der Zellen:<\/strong> Das Modell ENDURANCE+ verf\u00fcgt \u00fcber ein verbessertes Design der Zellen, der Verkabelung und des BMS-Layouts, um einen besseren Schutz gegen m\u00f6gliche St\u00f6\u00dfe und Ersch\u00fctterungen zu bieten.<\/li>\n<li><strong>Reinnickel-Steckverbinder:<\/strong> Dieses Modell verf\u00fcgt \u00fcber Anschl\u00fcsse aus reinem Nickel, die eine bessere Haltbarkeit und eine au\u00dfergew\u00f6hnliche Widerstandsf\u00e4higkeit gegen Vibrationen gew\u00e4hrleisten.<\/li>\n<li><strong>Zwei thermische Sensoren:<\/strong> Zwei integrierte W\u00e4rmesensoren \u00fcberwachen und sch\u00fctzen sowohl die Zellen als auch die BMS-Funktionen und erh\u00f6hen so die allgemeine Sicherheit.<\/li>\n<li><strong>Erstklassige Zellenqualit\u00e4t:<\/strong> Die Verwendung von Zellen der G\u00fcteklasse A, die von einem renommierten Hersteller stammen, erh\u00f6ht die Langlebigkeit und Zuverl\u00e4ssigkeit des Akkus erheblich.<\/li>\n<li><strong>Fortschrittliches BMS:<\/strong> Das Modell ENDURANCE+ verf\u00fcgt \u00fcber ein verbessertes BMS und Komponenten, die nicht nur die Batterieleistung optimieren, sondern auch pr\u00e4zisere Schutzmechanismen bieten.<\/li>\n<\/ol>\n<p><strong>30 Monate Garantie.<\/strong><\/p>\n<p>Funktioniert bis zu 3000 Zyklen, ohne dass die Kapazit\u00e4t im Laufe der Zeit signifikant abnimmt.<\/p>\n<p>Spannungsbereich: ~13,5 V (Voll) &#8211; ~10,4 V (Leer).<\/p>\n<p>Um die besten Eigenschaften beizubehalten, wird das Aufladen mit dem Smart Battery Charger empfohlen.<\/p>\n<p>Die Garantie deckt keine Produkte ab, wenn sie gem\u00e4\u00df den allgemeinen Wartungsanweisungen verwendet werden.<\/p>\n<p>Die Garantie f\u00fcr LiFePO4-Batterien ist nicht g\u00fcltig, wenn sie:<\/p>\n<ul>\n<li>wurde nicht ordnungsgem\u00e4\u00df installiert, gewartet und geladen.<\/li>\n<li>Wurde \u00e4u\u00dferlich besch\u00e4digt.<\/li>\n<li>Das Geh\u00e4use wurde ge\u00f6ffnet.<\/li>\n<li>War Wasser, Feuer, starker Hitze oder Frost ausgesetzt.<\/li>\n<li>Wurde 1 Monat lang vollst\u00e4ndig entladen gelagert.<\/li>\n<\/ul>\n<p>&nbsp;<\/p>\n<table width=\"322\">\n<tbody>\n<tr>\n<td colspan=\"2\" width=\"250\"><strong>Spezifikationen<\/strong><\/td>\n<\/tr>\n<tr>\n<td>Abmessungen<\/td>\n<td>151*95*99 mm<\/td>\n<\/tr>\n<tr>\n<td>Gewicht<\/td>\n<td>1800g<\/td>\n<\/tr>\n<tr>\n<td>Nominale Spannung<\/td>\n<td>12,8V<\/td>\n<\/tr>\n<tr>\n<td>Nominale Kapazit\u00e4t<\/td>\n<td>16AH<\/td>\n<\/tr>\n<tr>\n<td>Empfohlener Ladestrom<\/td>\n<td>5A<\/td>\n<\/tr>\n<tr>\n<td>Forts. Entladen<\/td>\n<td>16A<\/td>\n<\/tr>\n<tr>\n<td>Spitzenentladung<\/td>\n<td>40A<\/td>\n<\/tr>\n<tr>\n<td>Methode zum Aufladen<\/td>\n<td>CC\/CV<\/td>\n<\/tr>\n<tr>\n<td>Temperatur der Ladung<\/td>\n<td>0-45 C<\/td>\n<\/tr>\n<tr>\n<td>Entladetemperatur<\/td>\n<td>-20 &#8211; +60 \u00b0C<\/td>\n<\/tr>\n<\/tbody>\n<\/table>\n<p>&nbsp;<\/p>\n<table width=\"583\">\n<tbody>\n<tr>\n<td colspan=\"2\" width=\"579\"><strong>Informationen zu BMS und Zellen<\/strong><\/td>\n<\/tr>\n<tr>\n<td>Spannung der Zelle<\/td>\n<td>3,2V<\/td>\n<\/tr>\n<tr>\n<td>Kapazit\u00e4t der Zelle<\/td>\n<td>4A<\/td>\n<\/tr>\n<tr>\n<td>Modell Zelle<\/td>\n<td>26700<\/td>\n<\/tr>\n<tr>\n<td>Zellen-Layout<\/td>\n<td>4 in Serie, 4 parallel<\/td>\n<\/tr>\n<tr>\n<td>Zellen gesamt<\/td>\n<td>12<\/td>\n<\/tr>\n<tr>\n<td>\u00dcberladeschutz, V\/Zelle<\/td>\n<td>3,8<\/td>\n<\/tr>\n<tr>\n<td>\u00dcberladungsschutz, V\/Zelle<\/td>\n<td>2,3<\/td>\n<\/tr>\n<\/tbody>\n<\/table>\n<p>&nbsp;<\/p>\n<p><a href=\"https:\/\/glider-battery.eu\/wp-content\/uploads\/2021\/06\/GBJTOV12816-16Ah-Datasheet.pdf\">GBJTOV12816 16Ah Datenblatt<\/a><\/p>\n<p>&nbsp;<\/p>\n<p><strong>Eigenschaften des intelligenten LiFePO4-Akkuladeger\u00e4ts:<\/strong><\/p>\n<p>Vierstufiges, einfach zu bedienendes, intelligentes Batterieladeger\u00e4t mit durchgehender Ladeanzeige mit 4 LED-Leuchten. Es ist ideal zum Laden von LiFePO4-Akkus. Passend f\u00fcr 4 Zellen LiFePO4 Akkupack.<\/p>\n<p>&nbsp;<\/p>\n<p>Benutzerfreundliches LiFePO4 14,4V\/4A Ladeger\u00e4t.<\/p>\n<p>Eingang: Europ\u00e4ischer AC-Stecker.<\/p>\n<p>Ausgabe &#8211; Krokodilklemmen.<\/p>\n<p>Gewicht &#8211; 0,39 kg.<\/p>\n<p>Ladeger\u00e4t ist f\u00fcr den europ\u00e4ischen Markt zertifiziert.<\/p>\n<p><strong>30 Monate Garantie.<\/strong><\/p>\n<p><a href=\"https:\/\/glider-battery.eu\/wp-content\/uploads\/2024\/07\/Smart-charger-manual.pdf\">Laden Sie das Benutzerhandbuch hier herunter.<\/a><\/p>\n<p>&nbsp;<\/p>\n<table width=\"522\">\n<tbody>\n<tr>\n<td style=\"text-align: center;\" colspan=\"2\" width=\"386\"><strong>Spezifikationen<\/strong><\/td>\n<\/tr>\n<tr>\n<td width=\"215\">Eingang:<\/td>\n<td width=\"171\">100-240VAC@50\/60Hz<\/td>\n<\/tr>\n<tr>\n<td width=\"215\">Ausgang:<\/td>\n<td width=\"171\">4A<\/td>\n<\/tr>\n<tr>\n<td width=\"215\">Begrenzte Spannung:<\/td>\n<td width=\"171\">12,8V<\/td>\n<\/tr>\n<tr>\n<td width=\"215\">Lademodus:<\/td>\n<td width=\"171\">Vollautomatisch, 4 Stufen<\/td>\n<\/tr>\n<tr>\n<td width=\"215\">Geeignete Batterie R\u00fcckseite<\/td>\n<td width=\"171\">LiFePO4: 12,8V<\/td>\n<\/tr>\n<tr>\n<td width=\"215\">Schutz vor Verpolung:<\/td>\n<td width=\"171\">Ja<\/td>\n<\/tr>\n<tr>\n<td width=\"215\">Kurzschlussschutz:<\/td>\n<td width=\"171\">Ja<\/td>\n<\/tr>\n<tr>\n<td width=\"215\">Thermischer \u00dcberlastungsschutz:<\/td>\n<td width=\"171\">Ja<\/td>\n<\/tr>\n<tr>\n<td width=\"215\">Auto-Off wenn voll<\/td>\n<td width=\"171\">Ja<\/td>\n<\/tr>\n<\/tbody>\n<\/table>\n<p>&nbsp;<\/p>\n<p>&nbsp;<\/p>\n<p style=\"text-align: center;\"><strong>H\u00c4UFIG GESTELLTE FRAGEN<\/strong><\/p>\n<p><strong>Sind unsere Batterien sicher im Gebrauch, nach welchen Richtlinien sind sie zertifiziert?<\/strong><\/p>\n<p><em>Ja, sie sind sicher zu verwenden. Die von uns verwendeten LiFePO4-Zellen entsprechen den EASA-Vorschriften CS-STAN (CS-SC034a).<br \/>\n<\/em><\/p>\n<p><em>Zellen sind nach dem Standard f\u00fcr Sicherheit zertifiziert: UL 1642, Safety for Lithium Batteries.<\/em><\/p>\n<p>&nbsp;<\/p>\n<p><em>Unsere Batterien entsprechen:<\/em><\/p>\n<ul>\n<li><em>RICHTLINIE 2014\/35\/EU DES EUROP\u00c4ISCHEN RATES LVD. <\/em><\/li>\n<\/ul>\n<p><em>Pr\u00fcfnormen <strong>:<\/strong> EN60950-1:2006, A11:2009, A1:2010, A12:2011, A2:2013.<\/em><\/p>\n<ul>\n<li><em>ROHS-RICHTLINIE 2011\/65\/EU DES EUROP\u00c4ISCHEN RATES.<\/em><\/li>\n<\/ul>\n<p><em>Pr\u00fcfnormen <strong>:<\/strong> IEC62321:2008, IEC62321-3-1:2013, IEC62321-5:2013.<\/em><\/p>\n<p>&nbsp;<\/p>\n<p><strong>Welche Art von BMS (PCM) wird verwendet und warum kann nur das LiFePO4-Ladeger\u00e4t zum Laden verwendet werden?<\/strong><\/p>\n<p><em>Das BMS ist in die Batterie integriert und sch\u00fctzt vor hohen\/niedrigen Temperaturen, \u00dcberladung, \u00dcberentladung, Verpolung, Kurzschluss und Ausgleichszellen. <\/em><\/p>\n<p><em>\u00dcberladeschutz: 3,9V\/Zelle.<\/em><\/p>\n<p><em>\u00dcberentladungsschutz: 2,3V\/Zelle.<\/em><\/p>\n<p><em>Trotz der M\u00f6glichkeit, LiFePO4-Akkus mit SLA-Ladeger\u00e4ten aufzuladen, gilt die Garantie nur, wenn ein LiFePO4-Ladeger\u00e4t verwendet wird. Dies ist auf beides zur\u00fcckzuf\u00fchren \u2013 Sicherheit und die F\u00e4higkeit, den Ladezustand von 100% zu erreichen. Wenn ein SLA-Ladeger\u00e4t verwendet wird, m\u00fcssen die Batterien einfach \u00fcberwacht und abgeklemmt werden, sobald sie den maximalen Ladezustand erreichen. <\/em><\/p>\n<p><em>Blei-S\u00e4ure-Batterien werden mit ~2,45V\/Zelle geladen, w\u00e4hrend LiFePO4 3,6V\/Zelle ben\u00f6tigt. Dies bedeutet, dass Ihr Akku am Ende unterladen wird, sodass die volle Kapazit\u00e4t von LiFePO4 nicht erreicht wird. Au\u00dferdem w\u00fcrde der Ausgleich im LiFePO4-Paket nicht ausgel\u00f6st. <\/em><\/p>\n<p><em>Nur mit dem LiFePO4-Ladeger\u00e4t kann die maximale Kapazit\u00e4t und Lebensdauer der Zellen erreicht werden, daher k\u00f6nnen wir mit dem SLA-Ladeger\u00e4t die von uns angegebenen Parameter nicht garantieren. max. Der zul\u00e4ssige Ladestrom f\u00fcr unsere Batterien betr\u00e4gt 10A, empfohlen werden maximal 5A f\u00fcr eine bessere Kapazit\u00e4t und Langlebigkeit.<\/em><\/p>\n<blockquote class=\"wp-embedded-content\" data-secret=\"E1HVj0DOqh\"><p><a href=\"https:\/\/glider-battery.eu\/de\/kann-blei-saeure-ladegeraet-fuer-lifepo4-batterien-verwendet-werden\/\">Can Lead Acid charger be used for LiFePO4 batteries ?<\/a><\/p><\/blockquote>\n<p><iframe loading=\"lazy\" class=\"wp-embedded-content\" sandbox=\"allow-scripts\" security=\"restricted\" style=\"position: absolute; visibility: hidden;\" title=\"&#8222;Can Lead Acid charger be used for LiFePO4 batteries ?&#8220; &#8211; Glider Battery Shop\" src=\"https:\/\/glider-battery.eu\/de\/kann-blei-saeure-ladegeraet-fuer-lifepo4-batterien-verwendet-werden\/embed\/#?secret=K97UZGACTT#?secret=E1HVj0DOqh\" data-secret=\"E1HVj0DOqh\" width=\"600\" height=\"338\" frameborder=\"0\" marginwidth=\"0\" marginheight=\"0\" scrolling=\"no\"><\/iframe><\/p>\n<p>&nbsp;<\/p>\n","protected":false},"excerpt":{"rendered":"<p>Das ultimative Paket f\u00fcr Doppelsitzer-Abenteurer beinhaltet:<\/p>\n<p><strong>2x Glider Akku LiFePO4, 16AH ENDURANCE+ + 1x Smart LiFePO4 Akku-Ladeger\u00e4t<\/strong><\/p>\n<p><strong>Segelflugzeug-Akku LiFePO4, 16AH ENDURANCE+:<\/strong><\/p>\n<p>Standard-Gleiter-Passform (151*95*99mm).<\/p>\n<p>Integriertes Batterie-Management-System.<\/p>\n<p>Zellen der Klasse A.<\/p>\n<p>Tats\u00e4chliche Kapazit\u00e4t &#8211; 16AH. Spannung &#8211; 12,8V.<\/p>\n<p>Funktioniert bis zu 3000 Zyklen (oder 8-10 Jahre), ohne dass die Kapazit\u00e4t im Laufe der Zeit signifikant abnimmt.<\/p>\n<p>Zwei Mal leichter als herk\u00f6mmliche 16AH Blei-S\u00e4ure-Batterien.<\/p>\n<p>Selbstentladungsrate ~2%\/Monat.<\/p>\n<p>Umweltfreundlich.<\/p>\n<p>Spannungsbereich: ~13,5 V (voll) &#8211; ~10,4 V (leer).<\/p>\n<p>Zertifiziert f\u00fcr den europ\u00e4ischen und britischen Markt.<\/p>\n<p><strong>30 Monate Garantie.<\/strong><\/p>\n<p><em>Hochwertige japanische\/amerikanische Chips im Inneren erm\u00f6glichen den sicheren Anschluss und die Verwendung von bis zu 4 Batterien in Serie oder parallel.<\/em><\/p>\n<p><em>Extrem geringer Energieverlust, reibungslose Energie\u00fcbertragung und keine \u00fcberm\u00e4\u00dfige Hitze im Inneren, w\u00e4hrend das BMS in Betrieb ist.<\/em><\/p>\n<p><strong>Was gibt es Neues?<\/strong><\/p>\n<p>Die ENDURANCE+ Version ist ein Meilenstein in Sachen Batteriesicherheit und Zuverl\u00e4ssigkeit im Segelflug. Es verf\u00fcgt \u00fcber verbesserte Sicherheitsfunktionen, LiFePO4-Zellen der G\u00fcteklasse A von einem zuverl\u00e4ssigen Hersteller und ein aktualisiertes Batteriemanagementsystem (BMS) mit verbesserter Verkabelung und Anordnung. Verbessern Sie Ihr Segelflugerlebnis mit diesen verbesserten Akkulaufzeiten.<\/p>\n<p>Neue Funktionen und Verbesserungen im Modell ENDURANCE+:<\/p>\n<ol>\n<li><strong>Verbesserter Schutz der Zellen:<\/strong> Das Modell ENDURANCE+ verf\u00fcgt \u00fcber ein verbessertes Design der Zellen, der Verkabelung und des BMS-Layouts, um einen besseren Schutz gegen m\u00f6gliche St\u00f6\u00dfe und Ersch\u00fctterungen zu bieten.<\/li>\n<li><strong>Reinnickel-Steckverbinder:<\/strong> Dieses Modell verf\u00fcgt \u00fcber Anschl\u00fcsse aus reinem Nickel, die eine bessere Haltbarkeit und eine au\u00dfergew\u00f6hnliche Widerstandsf\u00e4higkeit gegen Vibrationen gew\u00e4hrleisten.<\/li>\n<li><strong>Zwei thermische Sensoren:<\/strong> Zwei integrierte W\u00e4rmesensoren \u00fcberwachen und sch\u00fctzen sowohl die Zellen als auch die BMS-Funktionen und erh\u00f6hen so die allgemeine Sicherheit.<\/li>\n<li><strong>Erstklassige Zellenqualit\u00e4t:<\/strong> Die Verwendung von Zellen der G\u00fcteklasse A, die von einem renommierten Hersteller stammen, erh\u00f6ht die Langlebigkeit und Zuverl\u00e4ssigkeit des Akkus erheblich.<\/li>\n<li><strong>Fortschrittliches BMS:<\/strong> Das Modell ENDURANCE+ verf\u00fcgt \u00fcber ein verbessertes BMS und Komponenten, die nicht nur die Batterieleistung optimieren, sondern auch pr\u00e4zisere Schutzmechanismen bieten.<\/li>\n<\/ol>\n<p><strong>Intelligentes LiFePO4-Akkuladeger\u00e4t:<\/strong><\/p>\n<p>Benutzerfreundliches LiFePO4 14,4V\/4A Ladeger\u00e4t.<\/p>\n<p>&nbsp;<\/p>\n","protected":false},"featured_media":2758,"comment_status":"open","ping_status":"closed","template":"","meta":[],"product_brand":[],"product_cat":[17,25],"product_tag":[],"class_list":{"0":"post-1026","1":"product","2":"type-product","3":"status-publish","4":"has-post-thumbnail","6":"product_cat-batteries","7":"product_cat-chargers","8":"has-post-title","9":"has-post-date","10":"has-post-category","11":"has-post-tag","12":"has-post-comment","13":"has-post-author","14":"","16":"first","17":"instock","18":"sale","19":"featured","20":"taxable","21":"shipping-taxable","22":"purchasable","23":"product-type-simple"},"yoast_head":"<!-- This site is optimized with the Yoast SEO plugin v27.0 - https:\/\/yoast.com\/product\/yoast-seo-wordpress\/ -->\n<title>2x 12V 16AH LiFePO4 Glider Akku + Smart Charger<\/title>\n<meta name=\"description\" content=\"2x Standardgr\u00f6\u00dfe LiFePO4 12V Segelflugzeug-Akku + Ladeger\u00e4t. H\u00f6chste Qualit\u00e4t und Leistung. Gleiche Gr\u00f6\u00dfe mit mehr Kapazit\u00e4t. Zellen der Klasse A+. Versand nach ganz Europa.\" \/>\n<meta name=\"robots\" content=\"index, follow, max-snippet:-1, max-image-preview:large, max-video-preview:-1\" \/>\n<link rel=\"canonical\" href=\"https:\/\/glider-battery.eu\/de\/produkt\/double-seater-package\/\" \/>\n<meta property=\"og:locale\" content=\"de_DE\" \/>\n<meta property=\"og:type\" content=\"article\" \/>\n<meta property=\"og:title\" content=\"2x 12V 16AH LiFePO4 Glider Akku + Smart Charger\" \/>\n<meta property=\"og:description\" content=\"2x Standardgr\u00f6\u00dfe LiFePO4 12V Segelflugzeug-Akku + Ladeger\u00e4t. H\u00f6chste Qualit\u00e4t und Leistung. Gleiche Gr\u00f6\u00dfe mit mehr Kapazit\u00e4t. Zellen der Klasse A+. Versand nach ganz Europa.\" \/>\n<meta property=\"og:url\" content=\"https:\/\/glider-battery.eu\/de\/produkt\/double-seater-package\/\" \/>\n<meta property=\"og:site_name\" content=\"Glider Battery Shop\" \/>\n<meta property=\"article:modified_time\" content=\"2026-04-08T17:02:07+00:00\" \/>\n<meta property=\"og:image\" content=\"https:\/\/glider-battery.eu\/wp-content\/uploads\/2021\/06\/2x-15AH-charger.jpg\" \/>\n\t<meta property=\"og:image:width\" content=\"800\" \/>\n\t<meta property=\"og:image:height\" content=\"800\" \/>\n\t<meta property=\"og:image:type\" content=\"image\/jpeg\" \/>\n<meta name=\"twitter:card\" content=\"summary_large_image\" \/>\n<meta name=\"twitter:label1\" content=\"Gesch\u00e4tzte Lesezeit\" \/>\n\t<meta name=\"twitter:data1\" content=\"4\u00a0Minuten\" \/>\n<script type=\"application\/ld+json\" class=\"yoast-schema-graph\">{\"@context\":\"https:\/\/schema.org\",\"@graph\":[{\"@type\":\"WebPage\",\"@id\":\"https:\/\/glider-battery.eu\/de\/produkt\/double-seater-package\/\",\"url\":\"https:\/\/glider-battery.eu\/de\/produkt\/double-seater-package\/\",\"name\":\"2x 12V 16AH LiFePO4 Glider Akku + Smart Charger\",\"isPartOf\":{\"@id\":\"https:\/\/glider-battery.eu\/#website\"},\"primaryImageOfPage\":{\"@id\":\"https:\/\/glider-battery.eu\/de\/produkt\/double-seater-package\/#primaryimage\"},\"image\":{\"@id\":\"https:\/\/glider-battery.eu\/de\/produkt\/double-seater-package\/#primaryimage\"},\"thumbnailUrl\":\"https:\/\/glider-battery.eu\/wp-content\/uploads\/2021\/06\/2x-15AH-charger.jpg\",\"datePublished\":\"2021-06-23T11:26:43+00:00\",\"dateModified\":\"2026-04-08T17:02:07+00:00\",\"description\":\"2x Standardgr\u00f6\u00dfe LiFePO4 12V Segelflugzeug-Akku + Ladeger\u00e4t. H\u00f6chste Qualit\u00e4t und Leistung. Gleiche Gr\u00f6\u00dfe mit mehr Kapazit\u00e4t. Zellen der Klasse A+. Versand nach ganz Europa.\",\"breadcrumb\":{\"@id\":\"https:\/\/glider-battery.eu\/de\/produkt\/double-seater-package\/#breadcrumb\"},\"inLanguage\":\"de\",\"potentialAction\":[{\"@type\":\"ReadAction\",\"target\":[\"https:\/\/glider-battery.eu\/de\/produkt\/double-seater-package\/\"]}]},{\"@type\":\"ImageObject\",\"inLanguage\":\"de\",\"@id\":\"https:\/\/glider-battery.eu\/de\/produkt\/double-seater-package\/#primaryimage\",\"url\":\"https:\/\/glider-battery.eu\/wp-content\/uploads\/2021\/06\/2x-15AH-charger.jpg\",\"contentUrl\":\"https:\/\/glider-battery.eu\/wp-content\/uploads\/2021\/06\/2x-15AH-charger.jpg\",\"width\":800,\"height\":800},{\"@type\":\"BreadcrumbList\",\"@id\":\"https:\/\/glider-battery.eu\/de\/produkt\/double-seater-package\/#breadcrumb\",\"itemListElement\":[{\"@type\":\"ListItem\",\"position\":1,\"name\":\"Home\",\"item\":\"https:\/\/glider-battery.eu\/\"},{\"@type\":\"ListItem\",\"position\":2,\"name\":\"Produkte\",\"item\":\"https:\/\/glider-battery.eu\/de\/shopde\/\"},{\"@type\":\"ListItem\",\"position\":3,\"name\":\"Ultimatives Paket f\u00fcr Doppelsitzer-Abenteurer\"}]},{\"@type\":\"WebSite\",\"@id\":\"https:\/\/glider-battery.eu\/#website\",\"url\":\"https:\/\/glider-battery.eu\/\",\"name\":\"Glider Battery Shop\",\"description\":\"Power For Your Electronics\",\"publisher\":{\"@id\":\"https:\/\/glider-battery.eu\/#organization\"},\"potentialAction\":[{\"@type\":\"SearchAction\",\"target\":{\"@type\":\"EntryPoint\",\"urlTemplate\":\"https:\/\/glider-battery.eu\/?s={search_term_string}\"},\"query-input\":{\"@type\":\"PropertyValueSpecification\",\"valueRequired\":true,\"valueName\":\"search_term_string\"}}],\"inLanguage\":\"de\"},{\"@type\":\"Organization\",\"@id\":\"https:\/\/glider-battery.eu\/#organization\",\"name\":\"Glider-Battery.eu\",\"url\":\"https:\/\/glider-battery.eu\/\",\"logo\":{\"@type\":\"ImageObject\",\"inLanguage\":\"de\",\"@id\":\"https:\/\/glider-battery.eu\/#\/schema\/logo\/image\/\",\"url\":\"https:\/\/glider-battery.eu\/wp-content\/uploads\/2018\/01\/dar-grey-logo.png\",\"contentUrl\":\"https:\/\/glider-battery.eu\/wp-content\/uploads\/2018\/01\/dar-grey-logo.png\",\"width\":1300,\"height\":400,\"caption\":\"Glider-Battery.eu\"},\"image\":{\"@id\":\"https:\/\/glider-battery.eu\/#\/schema\/logo\/image\/\"}}]}<\/script>\n<!-- \/ Yoast SEO plugin. -->","yoast_head_json":{"title":"2x 12V 16AH LiFePO4 Glider Akku + Smart Charger","description":"2x Standardgr\u00f6\u00dfe LiFePO4 12V Segelflugzeug-Akku + Ladeger\u00e4t. H\u00f6chste Qualit\u00e4t und Leistung. Gleiche Gr\u00f6\u00dfe mit mehr Kapazit\u00e4t. Zellen der Klasse A+. Versand nach ganz Europa.","robots":{"index":"index","follow":"follow","max-snippet":"max-snippet:-1","max-image-preview":"max-image-preview:large","max-video-preview":"max-video-preview:-1"},"canonical":"https:\/\/glider-battery.eu\/de\/produkt\/double-seater-package\/","og_locale":"de_DE","og_type":"article","og_title":"2x 12V 16AH LiFePO4 Glider Akku + Smart Charger","og_description":"2x Standardgr\u00f6\u00dfe LiFePO4 12V Segelflugzeug-Akku + Ladeger\u00e4t. H\u00f6chste Qualit\u00e4t und Leistung. Gleiche Gr\u00f6\u00dfe mit mehr Kapazit\u00e4t. Zellen der Klasse A+. Versand nach ganz Europa.","og_url":"https:\/\/glider-battery.eu\/de\/produkt\/double-seater-package\/","og_site_name":"Glider Battery Shop","article_modified_time":"2026-04-08T17:02:07+00:00","og_image":[{"width":800,"height":800,"url":"https:\/\/glider-battery.eu\/wp-content\/uploads\/2021\/06\/2x-15AH-charger.jpg","type":"image\/jpeg"}],"twitter_card":"summary_large_image","twitter_misc":{"Gesch\u00e4tzte Lesezeit":"4\u00a0Minuten"},"schema":{"@context":"https:\/\/schema.org","@graph":[{"@type":"WebPage","@id":"https:\/\/glider-battery.eu\/de\/produkt\/double-seater-package\/","url":"https:\/\/glider-battery.eu\/de\/produkt\/double-seater-package\/","name":"2x 12V 16AH LiFePO4 Glider Akku + Smart Charger","isPartOf":{"@id":"https:\/\/glider-battery.eu\/#website"},"primaryImageOfPage":{"@id":"https:\/\/glider-battery.eu\/de\/produkt\/double-seater-package\/#primaryimage"},"image":{"@id":"https:\/\/glider-battery.eu\/de\/produkt\/double-seater-package\/#primaryimage"},"thumbnailUrl":"https:\/\/glider-battery.eu\/wp-content\/uploads\/2021\/06\/2x-15AH-charger.jpg","datePublished":"2021-06-23T11:26:43+00:00","dateModified":"2026-04-08T17:02:07+00:00","description":"2x Standardgr\u00f6\u00dfe LiFePO4 12V Segelflugzeug-Akku + Ladeger\u00e4t. H\u00f6chste Qualit\u00e4t und Leistung. Gleiche Gr\u00f6\u00dfe mit mehr Kapazit\u00e4t. Zellen der Klasse A+. Versand nach ganz Europa.","breadcrumb":{"@id":"https:\/\/glider-battery.eu\/de\/produkt\/double-seater-package\/#breadcrumb"},"inLanguage":"de","potentialAction":[{"@type":"ReadAction","target":["https:\/\/glider-battery.eu\/de\/produkt\/double-seater-package\/"]}]},{"@type":"ImageObject","inLanguage":"de","@id":"https:\/\/glider-battery.eu\/de\/produkt\/double-seater-package\/#primaryimage","url":"https:\/\/glider-battery.eu\/wp-content\/uploads\/2021\/06\/2x-15AH-charger.jpg","contentUrl":"https:\/\/glider-battery.eu\/wp-content\/uploads\/2021\/06\/2x-15AH-charger.jpg","width":800,"height":800},{"@type":"BreadcrumbList","@id":"https:\/\/glider-battery.eu\/de\/produkt\/double-seater-package\/#breadcrumb","itemListElement":[{"@type":"ListItem","position":1,"name":"Home","item":"https:\/\/glider-battery.eu\/"},{"@type":"ListItem","position":2,"name":"Produkte","item":"https:\/\/glider-battery.eu\/de\/shopde\/"},{"@type":"ListItem","position":3,"name":"Ultimatives Paket f\u00fcr Doppelsitzer-Abenteurer"}]},{"@type":"WebSite","@id":"https:\/\/glider-battery.eu\/#website","url":"https:\/\/glider-battery.eu\/","name":"Glider Battery Shop","description":"Power For Your Electronics","publisher":{"@id":"https:\/\/glider-battery.eu\/#organization"},"potentialAction":[{"@type":"SearchAction","target":{"@type":"EntryPoint","urlTemplate":"https:\/\/glider-battery.eu\/?s={search_term_string}"},"query-input":{"@type":"PropertyValueSpecification","valueRequired":true,"valueName":"search_term_string"}}],"inLanguage":"de"},{"@type":"Organization","@id":"https:\/\/glider-battery.eu\/#organization","name":"Glider-Battery.eu","url":"https:\/\/glider-battery.eu\/","logo":{"@type":"ImageObject","inLanguage":"de","@id":"https:\/\/glider-battery.eu\/#\/schema\/logo\/image\/","url":"https:\/\/glider-battery.eu\/wp-content\/uploads\/2018\/01\/dar-grey-logo.png","contentUrl":"https:\/\/glider-battery.eu\/wp-content\/uploads\/2018\/01\/dar-grey-logo.png","width":1300,"height":400,"caption":"Glider-Battery.eu"},"image":{"@id":"https:\/\/glider-battery.eu\/#\/schema\/logo\/image\/"}}]}},"builder_content":"","_links":{"self":[{"href":"https:\/\/glider-battery.eu\/de\/wp-json\/wp\/v2\/product\/1026","targetHints":{"allow":["GET"]}}],"collection":[{"href":"https:\/\/glider-battery.eu\/de\/wp-json\/wp\/v2\/product"}],"about":[{"href":"https:\/\/glider-battery.eu\/de\/wp-json\/wp\/v2\/types\/product"}],"replies":[{"embeddable":true,"href":"https:\/\/glider-battery.eu\/de\/wp-json\/wp\/v2\/comments?post=1026"}],"wp:featuredmedia":[{"embeddable":true,"href":"https:\/\/glider-battery.eu\/de\/wp-json\/wp\/v2\/media\/2758"}],"wp:attachment":[{"href":"https:\/\/glider-battery.eu\/de\/wp-json\/wp\/v2\/media?parent=1026"}],"wp:term":[{"taxonomy":"product_brand","embeddable":true,"href":"https:\/\/glider-battery.eu\/de\/wp-json\/wp\/v2\/product_brand?post=1026"},{"taxonomy":"product_cat","embeddable":true,"href":"https:\/\/glider-battery.eu\/de\/wp-json\/wp\/v2\/product_cat?post=1026"},{"taxonomy":"product_tag","embeddable":true,"href":"https:\/\/glider-battery.eu\/de\/wp-json\/wp\/v2\/product_tag?post=1026"}],"curies":[{"name":"wp","href":"https:\/\/api.w.org\/{rel}","templated":true}]}}