{"id":1048,"date":"2018-12-27T19:54:45","date_gmt":"2021-12-09T09:22:26","guid":{"rendered":"https:\/\/glider-battery.eu\/product\/kabelsteckverbinder-vom-typ-xt60-verschiedene-typen\/"},"modified":"2025-07-22T17:57:31","modified_gmt":"2025-07-22T17:57:31","slug":"xt60-typ-draht-steckverbinder-mf","status":"publish","type":"product","link":"https:\/\/glider-battery.eu\/de\/produkt\/xt60-typ-draht-steckverbinder-mf\/","title":{"rendered":"Kabelsteckverbinder vom Typ XT60, verschiedene Typen"},"content":{"rendered":"<p>Standard-Kabelstecker vom Typ XT60, m\u00e4nnliche + weibliche Teile.<\/p>\n<ul>\n<li>Perfekte L\u00f6sung f\u00fcr das wiederholte Trennen Ihrer Batterien und Elektronik.<\/li>\n<li>Montageschutz.<\/li>\n<li>XT60 Stecker + silikonbeschichteter Draht.<\/li>\n<li>XT60 1 Buchse auf 2 Stecker geteilter Adapterstecker. L\u00f6sung f\u00fcr den einfachen Anschluss mehrerer Elektroniken.<\/li>\n<li>Einfach und zuverl\u00e4ssig.<\/li>\n<li>Luftfahrtfreundlich.<\/li>\n<li>Verschiedene Typen f\u00fcr verschiedene Zwecke.<\/li>\n<li>Schnelle Lieferung, guter Preis.<\/li>\n<\/ul>\n<p>Wenn Sie nach einer praktischen L\u00f6sung f\u00fcr Ihre Batterie- oder Elektronikverbindung suchen, sind XT60-Steckverbinder wahrscheinlich die beste Wahl.<\/p>\n<!--themify_builder_content-->\n<div id=\"themify_builder_content-1048\" data-postid=\"1048\" class=\"themify_builder_content themify_builder_content-1048 themify_builder tf_clear\">\n    <\/div>\n<!--\/themify_builder_content-->\n","protected":false},"excerpt":{"rendered":"<p>Die Anschl\u00fcsse bestehen aus vergoldeten Stiften oder Buchsen, die in einem stabilen Kunststoff-\/Nylongeh\u00e4use eingegossen sind.<\/p>\n<ul>\n<li>Die Form des XT60 verhindert eine Verpolung.<\/li>\n<li>Paarweise mit 1 Stecker und 1 Buchse oder separat erh\u00e4ltlich.<\/li>\n<li>Enth\u00e4lt eine Abdeckung, die physische Besch\u00e4digungen der Dr\u00e4hte und silikonbeschichteten hochfesten Dr\u00e4hte verhindert.<\/li>\n<\/ul>\n","protected":false},"featured_media":1064,"comment_status":"open","ping_status":"closed","template":"","meta":[],"product_brand":[],"product_cat":[179],"product_tag":[146,153,154,140,181,138,142,145,152,143,244,150,159,141,147,148,149,252,156,180],"class_list":{"0":"post-1048","1":"product","2":"type-product","3":"status-publish","4":"has-post-thumbnail","6":"product_cat-zubehor-de","7":"product_tag-aeroshop-de","8":"product_tag-aeroshop-eu-de","9":"product_tag-akkuladegerat","10":"product_tag-aufsteigend","11":"product_tag-drahtadapter","12":"product_tag-elektronik-de","13":"product_tag-ladegerat","14":"product_tag-ladegerat-fur-segelflugzeuge","15":"product_tag-lfp-ladegerat","16":"product_tag-lifepo4-de","17":"product_tag-segelflugausrustung","18":"product_tag-segelflugbatterie","19":"product_tag-segelflugladen","20":"product_tag-segelflugzeug","21":"product_tag-segelflugzeugladen","22":"product_tag-segelflugzeugzubehor","23":"product_tag-segelflugzubehor","24":"product_tag-wire-connector-de","25":"product_tag-www-aeroshop-eu-de","26":"product_tag-xt60-de","27":"has-post-title","28":"has-post-date","29":"has-post-category","30":"has-post-tag","31":"has-post-comment","32":"has-post-author","33":"","35":"first","36":"instock","37":"sale","38":"taxable","39":"shipping-taxable","40":"purchasable","41":"product-type-variable","42":"has-default-attributes"},"yoast_head":"<!-- This site is optimized with the Yoast SEO plugin v27.0 - https:\/\/yoast.com\/product\/yoast-seo-wordpress\/ -->\n<title>Kabelsteckverbinder vom Typ XT60, verschiedene Typen - Glider Battery Shop<\/title>\n<meta name=\"description\" content=\"Universal-XT60-Drahtverbinder f\u00fcr h\u00e4ufiges Trennen. Adapter f\u00fcr Segelflug, allgemeine Luftfahrt, RC-Modelle und mehr. Perfekte Wahl f\u00fcr den Anschluss mehrerer Elektronik. Standard XT60 m\u00e4nnlich + weiblich, XT60 mit Schutz, XT60 Splits, XT60 mit Silikondr\u00e4hten. Schneller Versand in ganz Europa aus unserem Lager.\" \/>\n<meta name=\"robots\" content=\"index, follow, max-snippet:-1, max-image-preview:large, max-video-preview:-1\" \/>\n<link rel=\"canonical\" href=\"https:\/\/glider-battery.eu\/de\/produkt\/kabelsteckverbinder-vom-typ-xt60-verschiedene-typen\/\" \/>\n<meta property=\"og:locale\" content=\"de_DE\" \/>\n<meta property=\"og:type\" content=\"article\" \/>\n<meta property=\"og:title\" content=\"Kabelsteckverbinder vom Typ XT60, verschiedene Typen - Glider Battery Shop\" \/>\n<meta property=\"og:description\" content=\"Universal-XT60-Drahtverbinder f\u00fcr h\u00e4ufiges Trennen. Adapter f\u00fcr Segelflug, allgemeine Luftfahrt, RC-Modelle und mehr. Perfekte Wahl f\u00fcr den Anschluss mehrerer Elektronik. Standard XT60 m\u00e4nnlich + weiblich, XT60 mit Schutz, XT60 Splits, XT60 mit Silikondr\u00e4hten. Schneller Versand in ganz Europa aus unserem Lager.\" \/>\n<meta property=\"og:url\" content=\"https:\/\/glider-battery.eu\/de\/produkt\/kabelsteckverbinder-vom-typ-xt60-verschiedene-typen\/\" \/>\n<meta property=\"og:site_name\" content=\"Glider Battery Shop\" \/>\n<meta property=\"article:modified_time\" content=\"2025-07-22T17:57:31+00:00\" \/>\n<meta property=\"og:image\" content=\"https:\/\/glider-battery.eu\/wp-content\/uploads\/2019\/01\/XT60-1-edited.jpg\" \/>\n\t<meta property=\"og:image:width\" content=\"800\" \/>\n\t<meta property=\"og:image:height\" content=\"800\" \/>\n\t<meta property=\"og:image:type\" content=\"image\/jpeg\" \/>\n<meta name=\"twitter:card\" content=\"summary_large_image\" \/>\n<script type=\"application\/ld+json\" class=\"yoast-schema-graph\">{\"@context\":\"https:\/\/schema.org\",\"@graph\":[{\"@type\":\"WebPage\",\"@id\":\"https:\/\/glider-battery.eu\/de\/produkt\/kabelsteckverbinder-vom-typ-xt60-verschiedene-typen\/\",\"url\":\"https:\/\/glider-battery.eu\/de\/produkt\/kabelsteckverbinder-vom-typ-xt60-verschiedene-typen\/\",\"name\":\"Kabelsteckverbinder vom Typ XT60, verschiedene Typen - Glider Battery Shop\",\"isPartOf\":{\"@id\":\"https:\/\/glider-battery.eu\/#website\"},\"primaryImageOfPage\":{\"@id\":\"https:\/\/glider-battery.eu\/de\/produkt\/kabelsteckverbinder-vom-typ-xt60-verschiedene-typen\/#primaryimage\"},\"image\":{\"@id\":\"https:\/\/glider-battery.eu\/de\/produkt\/kabelsteckverbinder-vom-typ-xt60-verschiedene-typen\/#primaryimage\"},\"thumbnailUrl\":\"https:\/\/glider-battery.eu\/wp-content\/uploads\/2019\/01\/XT60-1-edited.jpg\",\"datePublished\":\"2021-12-09T09:22:26+00:00\",\"dateModified\":\"2025-07-22T17:57:31+00:00\",\"description\":\"Universal-XT60-Drahtverbinder f\u00fcr h\u00e4ufiges Trennen. Adapter f\u00fcr Segelflug, allgemeine Luftfahrt, RC-Modelle und mehr. Perfekte Wahl f\u00fcr den Anschluss mehrerer Elektronik. Standard XT60 m\u00e4nnlich + weiblich, XT60 mit Schutz, XT60 Splits, XT60 mit Silikondr\u00e4hten. Schneller Versand in ganz Europa aus unserem Lager.\",\"breadcrumb\":{\"@id\":\"https:\/\/glider-battery.eu\/de\/produkt\/kabelsteckverbinder-vom-typ-xt60-verschiedene-typen\/#breadcrumb\"},\"inLanguage\":\"de\",\"potentialAction\":[{\"@type\":\"ReadAction\",\"target\":[\"https:\/\/glider-battery.eu\/de\/produkt\/kabelsteckverbinder-vom-typ-xt60-verschiedene-typen\/\"]}]},{\"@type\":\"ImageObject\",\"inLanguage\":\"de\",\"@id\":\"https:\/\/glider-battery.eu\/de\/produkt\/kabelsteckverbinder-vom-typ-xt60-verschiedene-typen\/#primaryimage\",\"url\":\"https:\/\/glider-battery.eu\/wp-content\/uploads\/2019\/01\/XT60-1-edited.jpg\",\"contentUrl\":\"https:\/\/glider-battery.eu\/wp-content\/uploads\/2019\/01\/XT60-1-edited.jpg\",\"width\":800,\"height\":800},{\"@type\":\"BreadcrumbList\",\"@id\":\"https:\/\/glider-battery.eu\/de\/produkt\/kabelsteckverbinder-vom-typ-xt60-verschiedene-typen\/#breadcrumb\",\"itemListElement\":[{\"@type\":\"ListItem\",\"position\":1,\"name\":\"Home\",\"item\":\"https:\/\/glider-battery.eu\/\"},{\"@type\":\"ListItem\",\"position\":2,\"name\":\"Produkte\",\"item\":\"https:\/\/glider-battery.eu\/de\/shopde\/\"},{\"@type\":\"ListItem\",\"position\":3,\"name\":\"Kabelsteckverbinder vom Typ XT60, verschiedene Typen\"}]},{\"@type\":\"WebSite\",\"@id\":\"https:\/\/glider-battery.eu\/#website\",\"url\":\"https:\/\/glider-battery.eu\/\",\"name\":\"Glider Battery Shop\",\"description\":\"Power For Your Electronics\",\"publisher\":{\"@id\":\"https:\/\/glider-battery.eu\/#organization\"},\"potentialAction\":[{\"@type\":\"SearchAction\",\"target\":{\"@type\":\"EntryPoint\",\"urlTemplate\":\"https:\/\/glider-battery.eu\/?s={search_term_string}\"},\"query-input\":{\"@type\":\"PropertyValueSpecification\",\"valueRequired\":true,\"valueName\":\"search_term_string\"}}],\"inLanguage\":\"de\"},{\"@type\":\"Organization\",\"@id\":\"https:\/\/glider-battery.eu\/#organization\",\"name\":\"Glider-Battery.eu\",\"url\":\"https:\/\/glider-battery.eu\/\",\"logo\":{\"@type\":\"ImageObject\",\"inLanguage\":\"de\",\"@id\":\"https:\/\/glider-battery.eu\/#\/schema\/logo\/image\/\",\"url\":\"https:\/\/glider-battery.eu\/wp-content\/uploads\/2018\/01\/dar-grey-logo.png\",\"contentUrl\":\"https:\/\/glider-battery.eu\/wp-content\/uploads\/2018\/01\/dar-grey-logo.png\",\"width\":1300,\"height\":400,\"caption\":\"Glider-Battery.eu\"},\"image\":{\"@id\":\"https:\/\/glider-battery.eu\/#\/schema\/logo\/image\/\"}}]}<\/script>\n<!-- \/ Yoast SEO plugin. -->","yoast_head_json":{"title":"Kabelsteckverbinder vom Typ XT60, verschiedene Typen - Glider Battery Shop","description":"Universal-XT60-Drahtverbinder f\u00fcr h\u00e4ufiges Trennen. Adapter f\u00fcr Segelflug, allgemeine Luftfahrt, RC-Modelle und mehr. Perfekte Wahl f\u00fcr den Anschluss mehrerer Elektronik. Standard XT60 m\u00e4nnlich + weiblich, XT60 mit Schutz, XT60 Splits, XT60 mit Silikondr\u00e4hten. Schneller Versand in ganz Europa aus unserem Lager.","robots":{"index":"index","follow":"follow","max-snippet":"max-snippet:-1","max-image-preview":"max-image-preview:large","max-video-preview":"max-video-preview:-1"},"canonical":"https:\/\/glider-battery.eu\/de\/produkt\/kabelsteckverbinder-vom-typ-xt60-verschiedene-typen\/","og_locale":"de_DE","og_type":"article","og_title":"Kabelsteckverbinder vom Typ XT60, verschiedene Typen - Glider Battery Shop","og_description":"Universal-XT60-Drahtverbinder f\u00fcr h\u00e4ufiges Trennen. Adapter f\u00fcr Segelflug, allgemeine Luftfahrt, RC-Modelle und mehr. Perfekte Wahl f\u00fcr den Anschluss mehrerer Elektronik. Standard XT60 m\u00e4nnlich + weiblich, XT60 mit Schutz, XT60 Splits, XT60 mit Silikondr\u00e4hten. Schneller Versand in ganz Europa aus unserem Lager.","og_url":"https:\/\/glider-battery.eu\/de\/produkt\/kabelsteckverbinder-vom-typ-xt60-verschiedene-typen\/","og_site_name":"Glider Battery Shop","article_modified_time":"2025-07-22T17:57:31+00:00","og_image":[{"width":800,"height":800,"url":"https:\/\/glider-battery.eu\/wp-content\/uploads\/2019\/01\/XT60-1-edited.jpg","type":"image\/jpeg"}],"twitter_card":"summary_large_image","schema":{"@context":"https:\/\/schema.org","@graph":[{"@type":"WebPage","@id":"https:\/\/glider-battery.eu\/de\/produkt\/kabelsteckverbinder-vom-typ-xt60-verschiedene-typen\/","url":"https:\/\/glider-battery.eu\/de\/produkt\/kabelsteckverbinder-vom-typ-xt60-verschiedene-typen\/","name":"Kabelsteckverbinder vom Typ XT60, verschiedene Typen - Glider Battery Shop","isPartOf":{"@id":"https:\/\/glider-battery.eu\/#website"},"primaryImageOfPage":{"@id":"https:\/\/glider-battery.eu\/de\/produkt\/kabelsteckverbinder-vom-typ-xt60-verschiedene-typen\/#primaryimage"},"image":{"@id":"https:\/\/glider-battery.eu\/de\/produkt\/kabelsteckverbinder-vom-typ-xt60-verschiedene-typen\/#primaryimage"},"thumbnailUrl":"https:\/\/glider-battery.eu\/wp-content\/uploads\/2019\/01\/XT60-1-edited.jpg","datePublished":"2021-12-09T09:22:26+00:00","dateModified":"2025-07-22T17:57:31+00:00","description":"Universal-XT60-Drahtverbinder f\u00fcr h\u00e4ufiges Trennen. Adapter f\u00fcr Segelflug, allgemeine Luftfahrt, RC-Modelle und mehr. Perfekte Wahl f\u00fcr den Anschluss mehrerer Elektronik. Standard XT60 m\u00e4nnlich + weiblich, XT60 mit Schutz, XT60 Splits, XT60 mit Silikondr\u00e4hten. Schneller Versand in ganz Europa aus unserem Lager.","breadcrumb":{"@id":"https:\/\/glider-battery.eu\/de\/produkt\/kabelsteckverbinder-vom-typ-xt60-verschiedene-typen\/#breadcrumb"},"inLanguage":"de","potentialAction":[{"@type":"ReadAction","target":["https:\/\/glider-battery.eu\/de\/produkt\/kabelsteckverbinder-vom-typ-xt60-verschiedene-typen\/"]}]},{"@type":"ImageObject","inLanguage":"de","@id":"https:\/\/glider-battery.eu\/de\/produkt\/kabelsteckverbinder-vom-typ-xt60-verschiedene-typen\/#primaryimage","url":"https:\/\/glider-battery.eu\/wp-content\/uploads\/2019\/01\/XT60-1-edited.jpg","contentUrl":"https:\/\/glider-battery.eu\/wp-content\/uploads\/2019\/01\/XT60-1-edited.jpg","width":800,"height":800},{"@type":"BreadcrumbList","@id":"https:\/\/glider-battery.eu\/de\/produkt\/kabelsteckverbinder-vom-typ-xt60-verschiedene-typen\/#breadcrumb","itemListElement":[{"@type":"ListItem","position":1,"name":"Home","item":"https:\/\/glider-battery.eu\/"},{"@type":"ListItem","position":2,"name":"Produkte","item":"https:\/\/glider-battery.eu\/de\/shopde\/"},{"@type":"ListItem","position":3,"name":"Kabelsteckverbinder vom Typ XT60, verschiedene Typen"}]},{"@type":"WebSite","@id":"https:\/\/glider-battery.eu\/#website","url":"https:\/\/glider-battery.eu\/","name":"Glider Battery Shop","description":"Power For Your Electronics","publisher":{"@id":"https:\/\/glider-battery.eu\/#organization"},"potentialAction":[{"@type":"SearchAction","target":{"@type":"EntryPoint","urlTemplate":"https:\/\/glider-battery.eu\/?s={search_term_string}"},"query-input":{"@type":"PropertyValueSpecification","valueRequired":true,"valueName":"search_term_string"}}],"inLanguage":"de"},{"@type":"Organization","@id":"https:\/\/glider-battery.eu\/#organization","name":"Glider-Battery.eu","url":"https:\/\/glider-battery.eu\/","logo":{"@type":"ImageObject","inLanguage":"de","@id":"https:\/\/glider-battery.eu\/#\/schema\/logo\/image\/","url":"https:\/\/glider-battery.eu\/wp-content\/uploads\/2018\/01\/dar-grey-logo.png","contentUrl":"https:\/\/glider-battery.eu\/wp-content\/uploads\/2018\/01\/dar-grey-logo.png","width":1300,"height":400,"caption":"Glider-Battery.eu"},"image":{"@id":"https:\/\/glider-battery.eu\/#\/schema\/logo\/image\/"}}]}},"builder_content":"","_links":{"self":[{"href":"https:\/\/glider-battery.eu\/de\/wp-json\/wp\/v2\/product\/1048","targetHints":{"allow":["GET"]}}],"collection":[{"href":"https:\/\/glider-battery.eu\/de\/wp-json\/wp\/v2\/product"}],"about":[{"href":"https:\/\/glider-battery.eu\/de\/wp-json\/wp\/v2\/types\/product"}],"replies":[{"embeddable":true,"href":"https:\/\/glider-battery.eu\/de\/wp-json\/wp\/v2\/comments?post=1048"}],"wp:featuredmedia":[{"embeddable":true,"href":"https:\/\/glider-battery.eu\/de\/wp-json\/wp\/v2\/media\/1064"}],"wp:attachment":[{"href":"https:\/\/glider-battery.eu\/de\/wp-json\/wp\/v2\/media?parent=1048"}],"wp:term":[{"taxonomy":"product_brand","embeddable":true,"href":"https:\/\/glider-battery.eu\/de\/wp-json\/wp\/v2\/product_brand?post=1048"},{"taxonomy":"product_cat","embeddable":true,"href":"https:\/\/glider-battery.eu\/de\/wp-json\/wp\/v2\/product_cat?post=1048"},{"taxonomy":"product_tag","embeddable":true,"href":"https:\/\/glider-battery.eu\/de\/wp-json\/wp\/v2\/product_tag?post=1048"}],"curies":[{"name":"wp","href":"https:\/\/api.w.org\/{rel}","templated":true}]}}