{"id":1066,"date":"2021-06-23T10:58:56","date_gmt":"2021-06-23T10:58:56","guid":{"rendered":"https:\/\/glider-battery.eu\/product\/segelflugzeug-akku-lifepo4-15-ah\/"},"modified":"2026-03-27T06:51:32","modified_gmt":"2026-03-27T06:51:32","slug":"segelflugakku-lifepo4-15ah","status":"publish","type":"product","link":"https:\/\/glider-battery.eu\/de\/produkt\/segelflugakku-lifepo4-15ah\/","title":{"rendered":"Segelflugzeug-Akku LiFePO4, 16AH ENDURANCE+"},"content":{"rendered":"<p>ENDURANCE+ ist der n\u00e4chsth\u00f6here Standard f\u00fcr Leistung, Sicherheit und Zuverl\u00e4ssigkeit.<\/p>\n<p>LiFePO4 (LFP) Akku in Standardgr\u00f6\u00dfe f\u00fcr ein Segelflugzeug. Abmessungen: 151*95*99 mm.<\/p>\n<p>Die Batterie verf\u00fcgt \u00fcber ein integriertes Batteriemanagementsystem mit den folgenden Schutzfunktionen:<\/p>\n<ul>\n<li style=\"list-style-type: none;\">\n<ul>\n<li>\u00dcberladung<\/li>\n<li>\u00dcberentladung<\/li>\n<li>Kurzschluss<\/li>\n<li>Umgekehrte Polarit\u00e4t<\/li>\n<li>Unwucht der Batteriezelle<\/li>\n<li>Hohe Temperaturen<\/li>\n<li>Feuer<\/li>\n<\/ul>\n<\/li>\n<\/ul>\n<p>Batterie ist f\u00fcr den europ\u00e4ischen Markt zertifiziert.<\/p>\n<p>Immer frisch hergestellt und bei einer Temperatur von etwa +22 \u00b0C gelagert.<\/p>\n<p><em>Hochwertige japanische\/amerikanische Chips im Inneren erm\u00f6glichen den sicheren Anschluss und die Verwendung von bis zu 4 Batterien in Serie oder parallel.<\/em><\/p>\n<p><em>Extrem geringer Energieverlust, reibungslose Energie\u00fcbertragung und keine \u00fcberm\u00e4\u00dfige Hitze im Inneren, w\u00e4hrend das BMS in Betrieb ist.<\/em><\/p>\n<p><strong>Was gibt&#8217;s Neues ?<\/strong><\/p>\n<p>Die ENDURANCE+ Version ist ein Meilenstein in Sachen Batteriesicherheit und Zuverl\u00e4ssigkeit im Segelflug. Es bietet verbesserte Sicherheitsfunktionen, LiFePO4-Zellen der G\u00fcteklasse A von einem vertrauensw\u00fcrdigen Hersteller und ein aktualisiertes Batteriemanagementsystem (BMS) mit verbesserter Verkabelung und Layout. Verbessern Sie Ihr Segelflugerlebnis mit diesen verbesserten Akkulaufzeiten.<\/p>\n<p>Neue Funktionen und Verbesserungen im Modell ENDURANCE+:<\/p>\n<ol>\n<li><strong>Verbesserter Schutz der Zellen:<\/strong> Das Modell ENDURANCE+ verf\u00fcgt \u00fcber ein verbessertes Design der Zellen, der Verkabelung und des BMS-Layouts, um einen besseren Schutz gegen m\u00f6gliche St\u00f6\u00dfe und Ersch\u00fctterungen zu bieten.<\/li>\n<li><strong>Reinnickel-Steckverbinder:<\/strong> Dieses Modell verf\u00fcgt \u00fcber Anschl\u00fcsse aus reinem Nickel, die eine bessere Haltbarkeit und eine au\u00dfergew\u00f6hnliche Widerstandsf\u00e4higkeit gegen Vibrationen gew\u00e4hrleisten.<\/li>\n<li><strong>Zwei thermische Sensoren:<\/strong> Zwei integrierte W\u00e4rmesensoren \u00fcberwachen und sch\u00fctzen sowohl die Zellen als auch die BMS-Funktionen und erh\u00f6hen so die allgemeine Sicherheit.<\/li>\n<li><strong>Erstklassige Zellenqualit\u00e4t:<\/strong> Die Verwendung von Zellen der G\u00fcteklasse A, die von einem renommierten Hersteller stammen, erh\u00f6ht die Langlebigkeit und Zuverl\u00e4ssigkeit des Akkus erheblich.<\/li>\n<li><strong>Fortschrittliches BMS:<\/strong> Das Modell ENDURANCE+ verf\u00fcgt \u00fcber ein verbessertes BMS und Komponenten, die nicht nur die Batterieleistung optimieren, sondern auch pr\u00e4zisere Schutzmechanismen bieten.<\/li>\n<\/ol>\n<p><strong>30 Monate Garantie.<\/strong><\/p>\n<p>Funktioniert bis zu 3000 Zyklen, ohne dass die Kapazit\u00e4t im Laufe der Zeit signifikant abnimmt.<\/p>\n<p>Spannungsbereich: ~13,5 V (Voll) &#8211; ~10,4 V (Leer).<\/p>\n<p>Um die besten Eigenschaften beizubehalten, wird das Aufladen mit dem Smart Battery Charger empfohlen.<\/p>\n<p>Die Garantie deckt keine Produkte ab, wenn sie gem\u00e4\u00df den allgemeinen Wartungsanweisungen verwendet werden.<\/p>\n<p>Die Garantie f\u00fcr LiFePO4-Batterien ist nicht g\u00fcltig, wenn sie:<\/p>\n<ul>\n<li>wurde nicht ordnungsgem\u00e4\u00df installiert, gewartet und geladen.<\/li>\n<li>Wurde \u00e4u\u00dferlich besch\u00e4digt.<\/li>\n<li>Das Geh\u00e4use wurde ge\u00f6ffnet.<\/li>\n<li>War Wasser, Feuer, starker Hitze oder Frost ausgesetzt.<\/li>\n<li>Wurde 1 Monat lang vollst\u00e4ndig entladen gelagert.<\/li>\n<\/ul>\n<p>&nbsp;<\/p>\n<table width=\"322\">\n<tbody>\n<tr>\n<td colspan=\"2\" width=\"250\"><strong>Spezifikationen<\/strong><\/td>\n<\/tr>\n<tr>\n<td>Abmessungen<\/td>\n<td>151*95*99 mm<\/td>\n<\/tr>\n<tr>\n<td>Gewicht<\/td>\n<td>1800g<\/td>\n<\/tr>\n<tr>\n<td>Nominale Spannung<\/td>\n<td>12.8V<\/td>\n<\/tr>\n<tr>\n<td>Nominale Kapazit\u00e4t<\/td>\n<td>16AH<\/td>\n<\/tr>\n<tr>\n<td>Strom aufladen<\/td>\n<td>5A<\/td>\n<\/tr>\n<tr>\n<td>Forts. Entladen<\/td>\n<td>16A<\/td>\n<\/tr>\n<tr>\n<td>Spitzenentladung<\/td>\n<td>40A<\/td>\n<\/tr>\n<tr>\n<td>Methode zum Aufladen<\/td>\n<td>CC\/CV<\/td>\n<\/tr>\n<tr>\n<td>Temperatur der Ladung<\/td>\n<td>0-45 C<\/td>\n<\/tr>\n<tr>\n<td>Entladetemperatur<\/td>\n<td>-20 &#8211; +60 \u00b0C<\/td>\n<\/tr>\n<\/tbody>\n<\/table>\n<p>&nbsp;<\/p>\n<table style=\"height: 242px;\" width=\"482\">\n<tbody>\n<tr>\n<td colspan=\"2\" width=\"579\"><strong>Informationen zu BMS und Zellen<\/strong><\/td>\n<\/tr>\n<tr>\n<td>Spannung der Zelle<\/td>\n<td>3,2V<\/td>\n<\/tr>\n<tr>\n<td>Kapazit\u00e4t der Zelle<\/td>\n<td>4A<\/td>\n<\/tr>\n<tr>\n<td>Modell Zelle<\/td>\n<td>26700<\/td>\n<\/tr>\n<tr>\n<td>Zellen-Layout<\/td>\n<td>4 in Serie, 4 parallel<\/td>\n<\/tr>\n<tr>\n<td>Zellen gesamt<\/td>\n<td>12<\/td>\n<\/tr>\n<tr>\n<td>\u00dcberladeschutz, V\/Zelle<\/td>\n<td>3,8<\/td>\n<\/tr>\n<tr>\n<td>\u00dcberladungsschutz, V\/Zelle<\/td>\n<td>2,3<\/td>\n<\/tr>\n<\/tbody>\n<\/table>\n<p>&nbsp;<\/p>\n<p><a href=\"https:\/\/glider-battery.eu\/de\/?attachment_id=2899\">GBJTOV12816 16Ah Datenblatt<\/a><\/p>\n<p style=\"text-align: center;\"><strong>H\u00c4UFIG GESTELLTE FRAGEN<\/strong><\/p>\n<p>&nbsp;<\/p>\n<p>&nbsp;<\/p>\n<p><strong>Sind unsere Batterien sicher im Gebrauch, nach welchen Richtlinien sind sie zertifiziert?<\/strong><\/p>\n<p><em>Ja, sie sind sicher zu verwenden. Die von uns verwendeten LiFePO4-Zellen entsprechen den EASA-Vorschriften CS-STAN (CS-SC034a).  <\/em><\/p>\n<p><em>Zellen sind nach dem Standard f\u00fcr Sicherheit zertifiziert: UL 1642, Safety for Lithium Batteries.<\/em><\/p>\n<p>&nbsp;<\/p>\n<p><em>Unsere Batterien entsprechen:<\/em><\/p>\n<ul>\n<li><em>RICHTLINIE 2014\/35\/EU DES EUROP\u00c4ISCHEN RATES LVD. <\/em><\/li>\n<\/ul>\n<p><em>Pr\u00fcfnormen <strong>:<\/strong> EN60950-1:2006, A11:2009, A1:2010, A12:2011, A2:2013.<\/em><\/p>\n<ul>\n<li><em>ROHS-RICHTLINIE 2011\/65\/EU DES EUROP\u00c4ISCHEN RATES.<\/em><\/li>\n<\/ul>\n<p><em>Pr\u00fcfnormen <strong>:<\/strong> IEC62321:2008, IEC62321-3-1:2013, IEC62321-5:2013.<\/em><\/p>\n<p><em> <\/em><\/p>\n<p><strong>Welche Art von BMS wird verwendet und warum kann nur ein LiFePO4-Ladeger\u00e4t zum Laden verwendet werden?<\/strong><\/p>\n<p><em>Das BMS ist in die Batterie integriert und sch\u00fctzt vor hohen\/niedrigen Temperaturen, \u00dcberladung, \u00dcberentladung, Verpolung, Kurzschluss und Ausgleichszellen.  <\/em><\/p>\n<p><em>\u00dcberladeschutz: 3,9V\/Zelle.<\/em><\/p>\n<p><em>\u00dcberentladungsschutz: 2,3V\/Zelle.<\/em><\/p>\n<p><em>Trotz der M\u00f6glichkeit, LiFePO4-Akkus mit SLA-Ladeger\u00e4ten aufzuladen, gilt die Garantie nur, wenn ein LiFePO4-Ladeger\u00e4t verwendet wird. Dies ist auf beides zur\u00fcckzuf\u00fchren \u2013 Sicherheit und die F\u00e4higkeit, den Ladezustand von 100% zu erreichen. Wenn ein SLA-Ladeger\u00e4t verwendet wird, m\u00fcssen die Batterien einfach \u00fcberwacht und abgeklemmt werden, sobald sie den maximalen Ladezustand erreichen. <\/em><\/p>\n<p><em>Blei-S\u00e4ure-Batterien werden mit ~2,45V\/Zelle geladen, w\u00e4hrend LiFePO4 3,6V\/Zelle ben\u00f6tigt. Dies bedeutet, dass Ihr Akku am Ende unterladen wird, sodass die volle Kapazit\u00e4t von LiFePO4 nicht erreicht wird. Au\u00dferdem w\u00fcrde der Ausgleich im LiFePO4-Paket nicht ausgel\u00f6st. <\/em><\/p>\n<p><em>Nur mit dem LiFePO4-Ladeger\u00e4t kann die maximale Kapazit\u00e4t und Lebensdauer der Zellen erreicht werden, daher k\u00f6nnen wir mit dem SLA-Ladeger\u00e4t die von uns angegebenen Parameter nicht garantieren. max. Der zul\u00e4ssige Ladestrom f\u00fcr unsere Batterien betr\u00e4gt 10A, empfohlen werden maximal 5A f\u00fcr eine bessere Kapazit\u00e4t und Langlebigkeit.<\/em><\/p>\n<blockquote class=\"wp-embedded-content\" data-secret=\"ChNBI6z4In\"><p><a href=\"https:\/\/glider-battery.eu\/de\/kann-blei-saeure-ladegeraet-fuer-lifepo4-batterien-verwendet-werden\/\">Can Lead Acid charger be used for LiFePO4 batteries ?<\/a><\/p><\/blockquote>\n<p><iframe loading=\"lazy\" class=\"wp-embedded-content\" sandbox=\"allow-scripts\" security=\"restricted\" style=\"position: absolute; visibility: hidden;\" title=\"&#8222;Can Lead Acid charger be used for LiFePO4 batteries ?&#8220; &#8211; Glider Battery Shop\" src=\"https:\/\/glider-battery.eu\/de\/kann-blei-saeure-ladegeraet-fuer-lifepo4-batterien-verwendet-werden\/embed\/#?secret=bqAU3OdBkW#?secret=ChNBI6z4In\" data-secret=\"ChNBI6z4In\" width=\"600\" height=\"338\" frameborder=\"0\" marginwidth=\"0\" marginheight=\"0\" scrolling=\"no\"><\/iframe><\/p>\n<p>&nbsp;<\/p>\n","protected":false},"excerpt":{"rendered":"<div class=\"product-description\">\n<p>ENDURANCE+ ist der n\u00e4chsth\u00f6here Standard f\u00fcr Leistung, Sicherheit und Zuverl\u00e4ssigkeit.<\/p>\n<p>Der LiFePO4-Akku passt in ein Standard-Segelflugzeug (151*95*99 mm).<\/p>\n<p>Integriertes Batterie-Management-System.<\/p>\n<p>Zellen der Klasse A.<\/p>\n<p>Kapazit\u00e4t &#8211; 16AH. Spannung &#8211; 12,8V.<\/p>\n<p>Funktioniert bis zu 3000 Zyklen (oder 8-10 Jahre), ohne dass die Kapazit\u00e4t im Laufe der Zeit signifikant abnimmt.<\/p>\n<p>Zwei Mal leichter als herk\u00f6mmliche 16AH Blei-S\u00e4ure-Batterien.<\/p>\n<p>Selbstentladungsrate ~2%\/Monat.<\/p>\n<p>Umweltfreundlich.<\/p>\n<p>Spannungsbereich: ~13,5 V (Voll) &#8211; ~10,4 V (Leer).<\/p>\n<p>Zertifiziert f\u00fcr den europ\u00e4ischen und britischen Markt.<\/p>\n<p><strong>30 Monate Garantie.<\/strong><\/p>\n<p><em>Hochwertige japanische\/amerikanische Chips im Inneren erm\u00f6glichen den sicheren Anschluss und die Verwendung von bis zu 4 Batterien in Serie oder parallel.<\/em><\/p>\n<p><em>Extrem geringer Energieverlust, reibungslose Energie\u00fcbertragung und keine \u00fcberm\u00e4\u00dfige Hitze im Inneren, w\u00e4hrend das BMS in Betrieb ist.<\/em><\/p>\n<p><strong>Was gibt es Neues?<\/strong><\/p>\n<p>Die ENDURANCE+ Version ist ein Meilenstein in Sachen Batteriesicherheit und Zuverl\u00e4ssigkeit im Segelflug. Es verf\u00fcgt \u00fcber verbesserte Sicherheitsfunktionen, LiFePO4-Zellen der G\u00fcteklasse A von einem zuverl\u00e4ssigen Hersteller und ein aktualisiertes Batteriemanagementsystem (BMS) mit verbesserter Verkabelung und Anordnung. Verbessern Sie Ihr Segelflugerlebnis mit diesen verbesserten Akkulaufzeiten.<\/p>\n<p>Neue Funktionen und Verbesserungen im Modell ENDURANCE+:<\/p>\n<ol>\n<li><strong>Verbesserter Schutz der Zellen:<\/strong> Das Modell ENDURANCE+ verf\u00fcgt \u00fcber ein verbessertes Design der Zellen, der Verkabelung und des BMS-Layouts, um einen besseren Schutz gegen m\u00f6gliche St\u00f6\u00dfe und Ersch\u00fctterungen zu bieten.<\/li>\n<li><strong>Reinnickel-Steckverbinder:<\/strong> Dieses Modell verf\u00fcgt \u00fcber Anschl\u00fcsse aus reinem Nickel, die eine bessere Haltbarkeit und eine au\u00dfergew\u00f6hnliche Widerstandsf\u00e4higkeit gegen Vibrationen gew\u00e4hrleisten.<\/li>\n<li><strong>Zwei thermische Sensoren:<\/strong> Zwei integrierte W\u00e4rmesensoren \u00fcberwachen und sch\u00fctzen sowohl die Zellen als auch die BMS-Funktionen und erh\u00f6hen so die allgemeine Sicherheit.<\/li>\n<li><strong>Erstklassige Zellenqualit\u00e4t:<\/strong> Die Verwendung von Zellen der G\u00fcteklasse A, die von einem renommierten Hersteller stammen, erh\u00f6ht die Langlebigkeit und Zuverl\u00e4ssigkeit des Akkus erheblich.<\/li>\n<li><strong>Fortschrittliches BMS:<\/strong> Das Modell ENDURANCE+ verf\u00fcgt \u00fcber ein verbessertes BMS und Komponenten, die nicht nur die Batterieleistung optimieren, sondern auch pr\u00e4zisere Schutzmechanismen bieten.<\/li>\n<\/ol>\n<\/div>\n<p>&nbsp;<\/p>\n","protected":false},"featured_media":2863,"comment_status":"open","ping_status":"closed","template":"","meta":[],"product_brand":[],"product_cat":[113],"product_tag":[146,153,394,236,157,251,160,389,393,379,383,144,390,143,391,392,158,385,382,384,395,380,388,386,387,381,170,167,168,246,155],"class_list":{"0":"post-1066","1":"product","2":"type-product","3":"status-publish","4":"has-post-thumbnail","6":"product_cat-batterien-de-4","7":"product_tag-aeroshop-de","8":"product_tag-aeroshop-eu-de","9":"product_tag-aufsteigend-2","10":"product_tag-batterie-de-4","11":"product_tag-egc-de","12":"product_tag-elektronik-de-2","13":"product_tag-fcc-de","14":"product_tag-gleiten-2","15":"product_tag-himmelssicht-2","16":"product_tag-ladegerat-2","17":"product_tag-ladegerat-fur-segelflugzeuge-2","18":"product_tag-lfp-de","19":"product_tag-lfp-batterie-2","20":"product_tag-lifepo4-de","21":"product_tag-lifepo4-batterie-2","22":"product_tag-lifepo4-ladegerat-2","23":"product_tag-pribinacup-de","24":"product_tag-segelflugausrustung-2","25":"product_tag-segelflugbatterie-2","26":"product_tag-segelflugelektronik-2","27":"product_tag-segelflugplatz-2","28":"product_tag-segelflugzeug-2","29":"product_tag-segelflugzeug-batterie-eu-2","30":"product_tag-segelflugzeugladen-2","31":"product_tag-segelflugzeugzubehor-2","32":"product_tag-segelflugzubehor-2","33":"product_tag-skysight-io-de","34":"product_tag-topmeteo-de","35":"product_tag-topmeteo-com-de","36":"product_tag-topmeteo-eu-de-2","37":"product_tag-wgc-de","38":"has-post-title","39":"has-post-date","40":"has-post-category","41":"has-post-tag","42":"has-post-comment","43":"has-post-author","44":"","46":"first","47":"instock","48":"taxable","49":"shipping-taxable","50":"purchasable","51":"product-type-simple"},"yoast_head":"<!-- This site is optimized with the Yoast SEO plugin v27.0 - https:\/\/yoast.com\/product\/yoast-seo-wordpress\/ -->\n<title>Segelflugzeug-Akku LiFePO4, 16AH ENDURANCE+ - Glider Battery Shop<\/title>\n<meta name=\"description\" content=\"LiFePO4 12V Segelflugzeug-Akku in Standardgr\u00f6\u00dfe. H\u00f6chste Qualit\u00e4t und Leistung. Gleiche Gr\u00f6\u00dfe mit mehr Kapazit\u00e4t. Zellen der Klasse A+. Versand nach ganz Europa.\" \/>\n<meta name=\"robots\" content=\"index, follow, max-snippet:-1, max-image-preview:large, max-video-preview:-1\" \/>\n<link rel=\"canonical\" href=\"https:\/\/glider-battery.eu\/de\/produkt\/segelflugakku-lifepo4-15ah\/\" \/>\n<meta property=\"og:locale\" content=\"de_DE\" \/>\n<meta property=\"og:type\" content=\"article\" \/>\n<meta property=\"og:title\" content=\"Segelflugzeug-Akku LiFePO4, 16AH ENDURANCE+ - Glider Battery Shop\" \/>\n<meta property=\"og:description\" content=\"LiFePO4 12V Segelflugzeug-Akku in Standardgr\u00f6\u00dfe. H\u00f6chste Qualit\u00e4t und Leistung. Gleiche Gr\u00f6\u00dfe mit mehr Kapazit\u00e4t. Zellen der Klasse A+. Versand nach ganz Europa.\" \/>\n<meta property=\"og:url\" content=\"https:\/\/glider-battery.eu\/de\/produkt\/segelflugakku-lifepo4-15ah\/\" \/>\n<meta property=\"og:site_name\" content=\"Glider Battery Shop\" \/>\n<meta property=\"article:modified_time\" content=\"2026-03-27T06:51:32+00:00\" \/>\n<meta property=\"og:image\" content=\"https:\/\/glider-battery.eu\/wp-content\/uploads\/2021\/06\/1-Done-Filter-Tundra-800px-ENDURANCE.jpg\" \/>\n\t<meta property=\"og:image:width\" content=\"800\" \/>\n\t<meta property=\"og:image:height\" content=\"800\" \/>\n\t<meta property=\"og:image:type\" content=\"image\/jpeg\" \/>\n<meta name=\"twitter:card\" content=\"summary_large_image\" \/>\n<meta name=\"twitter:label1\" content=\"Gesch\u00e4tzte Lesezeit\" \/>\n\t<meta name=\"twitter:data1\" content=\"4\u00a0Minuten\" \/>\n<script type=\"application\/ld+json\" class=\"yoast-schema-graph\">{\"@context\":\"https:\/\/schema.org\",\"@graph\":[{\"@type\":\"WebPage\",\"@id\":\"https:\/\/glider-battery.eu\/de\/produkt\/segelflugakku-lifepo4-15ah\/\",\"url\":\"https:\/\/glider-battery.eu\/de\/produkt\/segelflugakku-lifepo4-15ah\/\",\"name\":\"Segelflugzeug-Akku LiFePO4, 16AH ENDURANCE+ - Glider Battery Shop\",\"isPartOf\":{\"@id\":\"https:\/\/glider-battery.eu\/#website\"},\"primaryImageOfPage\":{\"@id\":\"https:\/\/glider-battery.eu\/de\/produkt\/segelflugakku-lifepo4-15ah\/#primaryimage\"},\"image\":{\"@id\":\"https:\/\/glider-battery.eu\/de\/produkt\/segelflugakku-lifepo4-15ah\/#primaryimage\"},\"thumbnailUrl\":\"https:\/\/glider-battery.eu\/wp-content\/uploads\/2021\/06\/1-Done-Filter-Tundra-800px-ENDURANCE.jpg\",\"datePublished\":\"2021-06-23T10:58:56+00:00\",\"dateModified\":\"2026-03-27T06:51:32+00:00\",\"description\":\"LiFePO4 12V Segelflugzeug-Akku in Standardgr\u00f6\u00dfe. H\u00f6chste Qualit\u00e4t und Leistung. Gleiche Gr\u00f6\u00dfe mit mehr Kapazit\u00e4t. Zellen der Klasse A+. Versand nach ganz Europa.\",\"breadcrumb\":{\"@id\":\"https:\/\/glider-battery.eu\/de\/produkt\/segelflugakku-lifepo4-15ah\/#breadcrumb\"},\"inLanguage\":\"de\",\"potentialAction\":[{\"@type\":\"ReadAction\",\"target\":[\"https:\/\/glider-battery.eu\/de\/produkt\/segelflugakku-lifepo4-15ah\/\"]}]},{\"@type\":\"ImageObject\",\"inLanguage\":\"de\",\"@id\":\"https:\/\/glider-battery.eu\/de\/produkt\/segelflugakku-lifepo4-15ah\/#primaryimage\",\"url\":\"https:\/\/glider-battery.eu\/wp-content\/uploads\/2021\/06\/1-Done-Filter-Tundra-800px-ENDURANCE.jpg\",\"contentUrl\":\"https:\/\/glider-battery.eu\/wp-content\/uploads\/2021\/06\/1-Done-Filter-Tundra-800px-ENDURANCE.jpg\",\"width\":800,\"height\":800,\"caption\":\"16Ah Hauptprodukt Foto-Akku\"},{\"@type\":\"BreadcrumbList\",\"@id\":\"https:\/\/glider-battery.eu\/de\/produkt\/segelflugakku-lifepo4-15ah\/#breadcrumb\",\"itemListElement\":[{\"@type\":\"ListItem\",\"position\":1,\"name\":\"Home\",\"item\":\"https:\/\/glider-battery.eu\/\"},{\"@type\":\"ListItem\",\"position\":2,\"name\":\"Produkte\",\"item\":\"https:\/\/glider-battery.eu\/de\/shopde\/\"},{\"@type\":\"ListItem\",\"position\":3,\"name\":\"Segelflugzeug-Akku LiFePO4, 16AH ENDURANCE+\"}]},{\"@type\":\"WebSite\",\"@id\":\"https:\/\/glider-battery.eu\/#website\",\"url\":\"https:\/\/glider-battery.eu\/\",\"name\":\"Glider Battery Shop\",\"description\":\"Power For Your Electronics\",\"publisher\":{\"@id\":\"https:\/\/glider-battery.eu\/#organization\"},\"potentialAction\":[{\"@type\":\"SearchAction\",\"target\":{\"@type\":\"EntryPoint\",\"urlTemplate\":\"https:\/\/glider-battery.eu\/?s={search_term_string}\"},\"query-input\":{\"@type\":\"PropertyValueSpecification\",\"valueRequired\":true,\"valueName\":\"search_term_string\"}}],\"inLanguage\":\"de\"},{\"@type\":\"Organization\",\"@id\":\"https:\/\/glider-battery.eu\/#organization\",\"name\":\"Glider-Battery.eu\",\"url\":\"https:\/\/glider-battery.eu\/\",\"logo\":{\"@type\":\"ImageObject\",\"inLanguage\":\"de\",\"@id\":\"https:\/\/glider-battery.eu\/#\/schema\/logo\/image\/\",\"url\":\"https:\/\/glider-battery.eu\/wp-content\/uploads\/2018\/01\/dar-grey-logo.png\",\"contentUrl\":\"https:\/\/glider-battery.eu\/wp-content\/uploads\/2018\/01\/dar-grey-logo.png\",\"width\":1300,\"height\":400,\"caption\":\"Glider-Battery.eu\"},\"image\":{\"@id\":\"https:\/\/glider-battery.eu\/#\/schema\/logo\/image\/\"}}]}<\/script>\n<!-- \/ Yoast SEO plugin. -->","yoast_head_json":{"title":"Segelflugzeug-Akku LiFePO4, 16AH ENDURANCE+ - Glider Battery Shop","description":"LiFePO4 12V Segelflugzeug-Akku in Standardgr\u00f6\u00dfe. H\u00f6chste Qualit\u00e4t und Leistung. Gleiche Gr\u00f6\u00dfe mit mehr Kapazit\u00e4t. Zellen der Klasse A+. Versand nach ganz Europa.","robots":{"index":"index","follow":"follow","max-snippet":"max-snippet:-1","max-image-preview":"max-image-preview:large","max-video-preview":"max-video-preview:-1"},"canonical":"https:\/\/glider-battery.eu\/de\/produkt\/segelflugakku-lifepo4-15ah\/","og_locale":"de_DE","og_type":"article","og_title":"Segelflugzeug-Akku LiFePO4, 16AH ENDURANCE+ - Glider Battery Shop","og_description":"LiFePO4 12V Segelflugzeug-Akku in Standardgr\u00f6\u00dfe. H\u00f6chste Qualit\u00e4t und Leistung. Gleiche Gr\u00f6\u00dfe mit mehr Kapazit\u00e4t. Zellen der Klasse A+. Versand nach ganz Europa.","og_url":"https:\/\/glider-battery.eu\/de\/produkt\/segelflugakku-lifepo4-15ah\/","og_site_name":"Glider Battery Shop","article_modified_time":"2026-03-27T06:51:32+00:00","og_image":[{"width":800,"height":800,"url":"https:\/\/glider-battery.eu\/wp-content\/uploads\/2021\/06\/1-Done-Filter-Tundra-800px-ENDURANCE.jpg","type":"image\/jpeg"}],"twitter_card":"summary_large_image","twitter_misc":{"Gesch\u00e4tzte Lesezeit":"4\u00a0Minuten"},"schema":{"@context":"https:\/\/schema.org","@graph":[{"@type":"WebPage","@id":"https:\/\/glider-battery.eu\/de\/produkt\/segelflugakku-lifepo4-15ah\/","url":"https:\/\/glider-battery.eu\/de\/produkt\/segelflugakku-lifepo4-15ah\/","name":"Segelflugzeug-Akku LiFePO4, 16AH ENDURANCE+ - Glider Battery Shop","isPartOf":{"@id":"https:\/\/glider-battery.eu\/#website"},"primaryImageOfPage":{"@id":"https:\/\/glider-battery.eu\/de\/produkt\/segelflugakku-lifepo4-15ah\/#primaryimage"},"image":{"@id":"https:\/\/glider-battery.eu\/de\/produkt\/segelflugakku-lifepo4-15ah\/#primaryimage"},"thumbnailUrl":"https:\/\/glider-battery.eu\/wp-content\/uploads\/2021\/06\/1-Done-Filter-Tundra-800px-ENDURANCE.jpg","datePublished":"2021-06-23T10:58:56+00:00","dateModified":"2026-03-27T06:51:32+00:00","description":"LiFePO4 12V Segelflugzeug-Akku in Standardgr\u00f6\u00dfe. H\u00f6chste Qualit\u00e4t und Leistung. Gleiche Gr\u00f6\u00dfe mit mehr Kapazit\u00e4t. Zellen der Klasse A+. Versand nach ganz Europa.","breadcrumb":{"@id":"https:\/\/glider-battery.eu\/de\/produkt\/segelflugakku-lifepo4-15ah\/#breadcrumb"},"inLanguage":"de","potentialAction":[{"@type":"ReadAction","target":["https:\/\/glider-battery.eu\/de\/produkt\/segelflugakku-lifepo4-15ah\/"]}]},{"@type":"ImageObject","inLanguage":"de","@id":"https:\/\/glider-battery.eu\/de\/produkt\/segelflugakku-lifepo4-15ah\/#primaryimage","url":"https:\/\/glider-battery.eu\/wp-content\/uploads\/2021\/06\/1-Done-Filter-Tundra-800px-ENDURANCE.jpg","contentUrl":"https:\/\/glider-battery.eu\/wp-content\/uploads\/2021\/06\/1-Done-Filter-Tundra-800px-ENDURANCE.jpg","width":800,"height":800,"caption":"16Ah Hauptprodukt Foto-Akku"},{"@type":"BreadcrumbList","@id":"https:\/\/glider-battery.eu\/de\/produkt\/segelflugakku-lifepo4-15ah\/#breadcrumb","itemListElement":[{"@type":"ListItem","position":1,"name":"Home","item":"https:\/\/glider-battery.eu\/"},{"@type":"ListItem","position":2,"name":"Produkte","item":"https:\/\/glider-battery.eu\/de\/shopde\/"},{"@type":"ListItem","position":3,"name":"Segelflugzeug-Akku LiFePO4, 16AH ENDURANCE+"}]},{"@type":"WebSite","@id":"https:\/\/glider-battery.eu\/#website","url":"https:\/\/glider-battery.eu\/","name":"Glider Battery Shop","description":"Power For Your Electronics","publisher":{"@id":"https:\/\/glider-battery.eu\/#organization"},"potentialAction":[{"@type":"SearchAction","target":{"@type":"EntryPoint","urlTemplate":"https:\/\/glider-battery.eu\/?s={search_term_string}"},"query-input":{"@type":"PropertyValueSpecification","valueRequired":true,"valueName":"search_term_string"}}],"inLanguage":"de"},{"@type":"Organization","@id":"https:\/\/glider-battery.eu\/#organization","name":"Glider-Battery.eu","url":"https:\/\/glider-battery.eu\/","logo":{"@type":"ImageObject","inLanguage":"de","@id":"https:\/\/glider-battery.eu\/#\/schema\/logo\/image\/","url":"https:\/\/glider-battery.eu\/wp-content\/uploads\/2018\/01\/dar-grey-logo.png","contentUrl":"https:\/\/glider-battery.eu\/wp-content\/uploads\/2018\/01\/dar-grey-logo.png","width":1300,"height":400,"caption":"Glider-Battery.eu"},"image":{"@id":"https:\/\/glider-battery.eu\/#\/schema\/logo\/image\/"}}]}},"builder_content":"","_links":{"self":[{"href":"https:\/\/glider-battery.eu\/de\/wp-json\/wp\/v2\/product\/1066","targetHints":{"allow":["GET"]}}],"collection":[{"href":"https:\/\/glider-battery.eu\/de\/wp-json\/wp\/v2\/product"}],"about":[{"href":"https:\/\/glider-battery.eu\/de\/wp-json\/wp\/v2\/types\/product"}],"replies":[{"embeddable":true,"href":"https:\/\/glider-battery.eu\/de\/wp-json\/wp\/v2\/comments?post=1066"}],"wp:featuredmedia":[{"embeddable":true,"href":"https:\/\/glider-battery.eu\/de\/wp-json\/wp\/v2\/media\/2863"}],"wp:attachment":[{"href":"https:\/\/glider-battery.eu\/de\/wp-json\/wp\/v2\/media?parent=1066"}],"wp:term":[{"taxonomy":"product_brand","embeddable":true,"href":"https:\/\/glider-battery.eu\/de\/wp-json\/wp\/v2\/product_brand?post=1066"},{"taxonomy":"product_cat","embeddable":true,"href":"https:\/\/glider-battery.eu\/de\/wp-json\/wp\/v2\/product_cat?post=1066"},{"taxonomy":"product_tag","embeddable":true,"href":"https:\/\/glider-battery.eu\/de\/wp-json\/wp\/v2\/product_tag?post=1066"}],"curies":[{"name":"wp","href":"https:\/\/api.w.org\/{rel}","templated":true}]}}