{"id":1312,"date":"2017-10-12T11:50:36","date_gmt":"2017-10-12T11:50:36","guid":{"rendered":"https:\/\/glider-battery.eu\/product\/intelligentes-lifepo4-akkuladegeraet\/"},"modified":"2026-04-08T17:02:07","modified_gmt":"2026-04-08T17:02:07","slug":"smart-charger-4a","status":"publish","type":"product","link":"https:\/\/glider-battery.eu\/de\/produkt\/smart-charger-4a\/","title":{"rendered":"Intelligentes LiFePO4-Akkuladeger\u00e4t"},"content":{"rendered":"<p>Vierstufiges, einfach zu bedienendes, intelligentes Batterieladeger\u00e4t mit durchgehender Ladeanzeige mit 4 LED-Leuchten. Es ist ideal zum Laden von LiFePO4-Akkus. Passend f\u00fcr 4 Zellen LiFePO4 Akkupack.<\/p>\n<p>Ladeger\u00e4t ist f\u00fcr den europ\u00e4ischen Markt zertifiziert.<\/p>\n<p>24 Monate Garantie.<\/p>\n<p>Das Ladeger\u00e4t verwandelt sich in eine Schwimmstufe, wenn die Batterie voll ist. Die Clips k\u00f6nnen sicher f\u00fcr unbegrenzte Zeit am Akku befestigt bleiben.<\/p>\n<p><a href=\"https:\/\/glider-battery.eu\/wp-content\/uploads\/2024\/07\/Smart-charger-manual.pdf\">-&gt; Laden Sie hier das Benutzerhandbuch herunter.<\/a><\/p>\n<p>&nbsp;<\/p>\n<table style=\"height: 432px;\" width=\"522\">\n<tbody>\n<tr>\n<td style=\"text-align: center;\" colspan=\"2\" width=\"386\"><strong>Spezifikationen<\/strong><\/td>\n<\/tr>\n<tr>\n<td width=\"215\">Eingang:<\/td>\n<td width=\"171\">100-240VAC@50\/60Hz<\/td>\n<\/tr>\n<tr>\n<td width=\"215\">Ausgang:<\/td>\n<td width=\"171\">4A<\/td>\n<\/tr>\n<tr>\n<td width=\"215\">Begrenzte Spannung:<\/td>\n<td width=\"171\">12.8V<\/td>\n<\/tr>\n<tr>\n<td width=\"215\">Lademodus:<\/td>\n<td width=\"171\">Vollautomatisch, 4 Stufen<\/td>\n<\/tr>\n<tr>\n<td width=\"215\">Geeignete Batterie R\u00fcckseite<\/td>\n<td width=\"171\">LiFePO4: 12,8V<\/td>\n<\/tr>\n<tr>\n<td width=\"215\">Schutz vor Verpolung:<\/td>\n<td width=\"171\">Ja<\/td>\n<\/tr>\n<tr>\n<td width=\"215\">Kurzschlussschutz:<\/td>\n<td width=\"171\">Ja<\/td>\n<\/tr>\n<tr>\n<td width=\"215\">Thermischer \u00dcberlastungsschutz:<\/td>\n<td width=\"171\">Ja<\/td>\n<\/tr>\n<tr>\n<td width=\"215\">Auto-Off wenn voll<\/td>\n<td width=\"171\">Ja<\/td>\n<\/tr>\n<\/tbody>\n<\/table>\n<p>&nbsp;<\/p>\n<table style=\"height: 27px;\" width=\"517\">\n<tbody>\n<tr>\n<td style=\"text-align: center;\" colspan=\"2\" width=\"466\"><\/td>\n<\/tr>\n<\/tbody>\n<\/table>\n","protected":false},"excerpt":{"rendered":"<p>Benutzerfreundliches LiFePO4 14,4V\/4A Ladeger\u00e4t.<\/p>\n<p>Eingang: Europ\u00e4ischer AC-Stecker.<\/p>\n<p>Ausgabe: Krokodilklemmen.<\/p>\n<p>Optional: Zus\u00e4tzliche GX16- oder XLR-Ausgangsanschl\u00fcsse.<\/p>\n<p>Das Ladeger\u00e4t verwandelt sich in eine Schwimmstufe, wenn die Batterie voll ist. Die Clips k\u00f6nnen sicher f\u00fcr unbegrenzte Zeit am Akku befestigt bleiben.<\/p>\n<p>Zertifiziert f\u00fcr den europ\u00e4ischen Markt.<\/p>\n<p><a href=\"https:\/\/glider-battery.eu\/wp-content\/uploads\/2024\/07\/Smart-charger-manual.pdf\">Laden Sie das Benutzerhandbuch hier herunter.<\/a><\/p>\n<p>&nbsp;<\/p>\n","protected":false},"featured_media":3068,"comment_status":"open","ping_status":"closed","template":"","meta":[],"product_brand":[],"product_cat":[25],"product_tag":[33,40,30,22,44,20,46,21,41,24,29,28,27,26,31,42,45,18,38,34,23,35,36,37,43],"class_list":{"0":"post-1312","1":"product","2":"type-product","3":"status-publish","4":"has-post-thumbnail","6":"product_cat-chargers","7":"product_tag-aeroshop","8":"product_tag-aeroshop-eu","9":"product_tag-battery-charger","10":"product_tag-soaring","11":"product_tag-egc","12":"product_tag-electronics","13":"product_tag-fcc","14":"product_tag-gliding","15":"product_tag-smart-charger","16":"product_tag-charger","17":"product_tag-glider-battery-charger","18":"product_tag-lfp","19":"product_tag-lfp-charger","20":"product_tag-lifepo4","21":"product_tag-lifepo4-charger","22":"product_tag-li-ion-charger","23":"product_tag-pribinacup","24":"product_tag-glider-equipment","25":"product_tag-glider-battery","26":"product_tag-glidershop","27":"product_tag-glider","28":"product_tag-glider-shop","29":"product_tag-glider-supplies","30":"product_tag-glider-accessories","31":"product_tag-wgc","32":"product_shipping_class-battery-charger","33":"has-post-title","34":"has-post-date","35":"has-post-category","36":"has-post-tag","37":"has-post-comment","38":"has-post-author","39":"","41":"first","42":"instock","43":"featured","44":"taxable","45":"shipping-taxable","46":"purchasable","47":"product-type-simple"},"yoast_head":"<!-- This site is optimized with the Yoast SEO plugin v27.0 - https:\/\/yoast.com\/product\/yoast-seo-wordpress\/ -->\n<title>Intelligentes LiFePO4-Akkuladeger\u00e4t - Glider Battery Shop<\/title>\n<meta name=\"robots\" content=\"index, follow, max-snippet:-1, max-image-preview:large, max-video-preview:-1\" \/>\n<link rel=\"canonical\" href=\"https:\/\/glider-battery.eu\/de\/produkt\/smart-charger-4a\/\" \/>\n<meta property=\"og:locale\" content=\"de_DE\" \/>\n<meta property=\"og:type\" content=\"article\" \/>\n<meta property=\"og:title\" content=\"Intelligentes LiFePO4-Akkuladeger\u00e4t - Glider Battery Shop\" \/>\n<meta property=\"og:description\" content=\"Benutzerfreundliches LiFePO4 14,4V\/4A Ladeger\u00e4t.  Eingang: Europ\u00e4ischer AC-Stecker.  Ausgabe: Krokodilklemmen.  Optional: Zus\u00e4tzliche GX16- oder XLR-Ausgangsanschl\u00fcsse.  Das Ladeger\u00e4t verwandelt sich in eine Schwimmstufe, wenn die Batterie voll ist. Die Clips k\u00f6nnen sicher f\u00fcr unbegrenzte Zeit am Akku befestigt bleiben.  Zertifiziert f\u00fcr den europ\u00e4ischen Markt.  Laden Sie das Benutzerhandbuch hier herunter.  &nbsp;\" \/>\n<meta property=\"og:url\" content=\"https:\/\/glider-battery.eu\/de\/produkt\/smart-charger-4a\/\" \/>\n<meta property=\"og:site_name\" content=\"Glider Battery Shop\" \/>\n<meta property=\"article:modified_time\" content=\"2026-04-08T17:02:07+00:00\" \/>\n<meta property=\"og:image\" content=\"https:\/\/glider-battery.eu\/wp-content\/uploads\/2017\/10\/1-1.jpg\" \/>\n\t<meta property=\"og:image:width\" content=\"800\" \/>\n\t<meta property=\"og:image:height\" content=\"800\" \/>\n\t<meta property=\"og:image:type\" content=\"image\/jpeg\" \/>\n<meta name=\"twitter:card\" content=\"summary_large_image\" \/>\n<meta name=\"twitter:label1\" content=\"Gesch\u00e4tzte Lesezeit\" \/>\n\t<meta name=\"twitter:data1\" content=\"1\u00a0Minute\" \/>\n<script type=\"application\/ld+json\" class=\"yoast-schema-graph\">{\"@context\":\"https:\/\/schema.org\",\"@graph\":[{\"@type\":\"WebPage\",\"@id\":\"https:\/\/glider-battery.eu\/de\/produkt\/smart-charger-4a\/\",\"url\":\"https:\/\/glider-battery.eu\/de\/produkt\/smart-charger-4a\/\",\"name\":\"Intelligentes LiFePO4-Akkuladeger\u00e4t - Glider Battery Shop\",\"isPartOf\":{\"@id\":\"https:\/\/glider-battery.eu\/#website\"},\"primaryImageOfPage\":{\"@id\":\"https:\/\/glider-battery.eu\/de\/produkt\/smart-charger-4a\/#primaryimage\"},\"image\":{\"@id\":\"https:\/\/glider-battery.eu\/de\/produkt\/smart-charger-4a\/#primaryimage\"},\"thumbnailUrl\":\"https:\/\/glider-battery.eu\/wp-content\/uploads\/2017\/10\/1-1.jpg\",\"datePublished\":\"2017-10-12T11:50:36+00:00\",\"dateModified\":\"2026-04-08T17:02:07+00:00\",\"breadcrumb\":{\"@id\":\"https:\/\/glider-battery.eu\/de\/produkt\/smart-charger-4a\/#breadcrumb\"},\"inLanguage\":\"de\",\"potentialAction\":[{\"@type\":\"ReadAction\",\"target\":[\"https:\/\/glider-battery.eu\/de\/produkt\/smart-charger-4a\/\"]}]},{\"@type\":\"ImageObject\",\"inLanguage\":\"de\",\"@id\":\"https:\/\/glider-battery.eu\/de\/produkt\/smart-charger-4a\/#primaryimage\",\"url\":\"https:\/\/glider-battery.eu\/wp-content\/uploads\/2017\/10\/1-1.jpg\",\"contentUrl\":\"https:\/\/glider-battery.eu\/wp-content\/uploads\/2017\/10\/1-1.jpg\",\"width\":800,\"height\":800},{\"@type\":\"BreadcrumbList\",\"@id\":\"https:\/\/glider-battery.eu\/de\/produkt\/smart-charger-4a\/#breadcrumb\",\"itemListElement\":[{\"@type\":\"ListItem\",\"position\":1,\"name\":\"Home\",\"item\":\"https:\/\/glider-battery.eu\/\"},{\"@type\":\"ListItem\",\"position\":2,\"name\":\"Produkte\",\"item\":\"https:\/\/glider-battery.eu\/de\/shopde\/\"},{\"@type\":\"ListItem\",\"position\":3,\"name\":\"Intelligentes LiFePO4-Akkuladeger\u00e4t\"}]},{\"@type\":\"WebSite\",\"@id\":\"https:\/\/glider-battery.eu\/#website\",\"url\":\"https:\/\/glider-battery.eu\/\",\"name\":\"Glider Battery Shop\",\"description\":\"Power For Your Electronics\",\"publisher\":{\"@id\":\"https:\/\/glider-battery.eu\/#organization\"},\"potentialAction\":[{\"@type\":\"SearchAction\",\"target\":{\"@type\":\"EntryPoint\",\"urlTemplate\":\"https:\/\/glider-battery.eu\/?s={search_term_string}\"},\"query-input\":{\"@type\":\"PropertyValueSpecification\",\"valueRequired\":true,\"valueName\":\"search_term_string\"}}],\"inLanguage\":\"de\"},{\"@type\":\"Organization\",\"@id\":\"https:\/\/glider-battery.eu\/#organization\",\"name\":\"Glider-Battery.eu\",\"url\":\"https:\/\/glider-battery.eu\/\",\"logo\":{\"@type\":\"ImageObject\",\"inLanguage\":\"de\",\"@id\":\"https:\/\/glider-battery.eu\/#\/schema\/logo\/image\/\",\"url\":\"https:\/\/glider-battery.eu\/wp-content\/uploads\/2018\/01\/dar-grey-logo.png\",\"contentUrl\":\"https:\/\/glider-battery.eu\/wp-content\/uploads\/2018\/01\/dar-grey-logo.png\",\"width\":1300,\"height\":400,\"caption\":\"Glider-Battery.eu\"},\"image\":{\"@id\":\"https:\/\/glider-battery.eu\/#\/schema\/logo\/image\/\"}}]}<\/script>\n<!-- \/ Yoast SEO plugin. -->","yoast_head_json":{"title":"Intelligentes LiFePO4-Akkuladeger\u00e4t - Glider Battery Shop","robots":{"index":"index","follow":"follow","max-snippet":"max-snippet:-1","max-image-preview":"max-image-preview:large","max-video-preview":"max-video-preview:-1"},"canonical":"https:\/\/glider-battery.eu\/de\/produkt\/smart-charger-4a\/","og_locale":"de_DE","og_type":"article","og_title":"Intelligentes LiFePO4-Akkuladeger\u00e4t - Glider Battery Shop","og_description":"Benutzerfreundliches LiFePO4 14,4V\/4A Ladeger\u00e4t.  Eingang: Europ\u00e4ischer AC-Stecker.  Ausgabe: Krokodilklemmen.  Optional: Zus\u00e4tzliche GX16- oder XLR-Ausgangsanschl\u00fcsse.  Das Ladeger\u00e4t verwandelt sich in eine Schwimmstufe, wenn die Batterie voll ist. Die Clips k\u00f6nnen sicher f\u00fcr unbegrenzte Zeit am Akku befestigt bleiben.  Zertifiziert f\u00fcr den europ\u00e4ischen Markt.  Laden Sie das Benutzerhandbuch hier herunter.  &nbsp;","og_url":"https:\/\/glider-battery.eu\/de\/produkt\/smart-charger-4a\/","og_site_name":"Glider Battery Shop","article_modified_time":"2026-04-08T17:02:07+00:00","og_image":[{"width":800,"height":800,"url":"https:\/\/glider-battery.eu\/wp-content\/uploads\/2017\/10\/1-1.jpg","type":"image\/jpeg"}],"twitter_card":"summary_large_image","twitter_misc":{"Gesch\u00e4tzte Lesezeit":"1\u00a0Minute"},"schema":{"@context":"https:\/\/schema.org","@graph":[{"@type":"WebPage","@id":"https:\/\/glider-battery.eu\/de\/produkt\/smart-charger-4a\/","url":"https:\/\/glider-battery.eu\/de\/produkt\/smart-charger-4a\/","name":"Intelligentes LiFePO4-Akkuladeger\u00e4t - Glider Battery Shop","isPartOf":{"@id":"https:\/\/glider-battery.eu\/#website"},"primaryImageOfPage":{"@id":"https:\/\/glider-battery.eu\/de\/produkt\/smart-charger-4a\/#primaryimage"},"image":{"@id":"https:\/\/glider-battery.eu\/de\/produkt\/smart-charger-4a\/#primaryimage"},"thumbnailUrl":"https:\/\/glider-battery.eu\/wp-content\/uploads\/2017\/10\/1-1.jpg","datePublished":"2017-10-12T11:50:36+00:00","dateModified":"2026-04-08T17:02:07+00:00","breadcrumb":{"@id":"https:\/\/glider-battery.eu\/de\/produkt\/smart-charger-4a\/#breadcrumb"},"inLanguage":"de","potentialAction":[{"@type":"ReadAction","target":["https:\/\/glider-battery.eu\/de\/produkt\/smart-charger-4a\/"]}]},{"@type":"ImageObject","inLanguage":"de","@id":"https:\/\/glider-battery.eu\/de\/produkt\/smart-charger-4a\/#primaryimage","url":"https:\/\/glider-battery.eu\/wp-content\/uploads\/2017\/10\/1-1.jpg","contentUrl":"https:\/\/glider-battery.eu\/wp-content\/uploads\/2017\/10\/1-1.jpg","width":800,"height":800},{"@type":"BreadcrumbList","@id":"https:\/\/glider-battery.eu\/de\/produkt\/smart-charger-4a\/#breadcrumb","itemListElement":[{"@type":"ListItem","position":1,"name":"Home","item":"https:\/\/glider-battery.eu\/"},{"@type":"ListItem","position":2,"name":"Produkte","item":"https:\/\/glider-battery.eu\/de\/shopde\/"},{"@type":"ListItem","position":3,"name":"Intelligentes LiFePO4-Akkuladeger\u00e4t"}]},{"@type":"WebSite","@id":"https:\/\/glider-battery.eu\/#website","url":"https:\/\/glider-battery.eu\/","name":"Glider Battery Shop","description":"Power For Your Electronics","publisher":{"@id":"https:\/\/glider-battery.eu\/#organization"},"potentialAction":[{"@type":"SearchAction","target":{"@type":"EntryPoint","urlTemplate":"https:\/\/glider-battery.eu\/?s={search_term_string}"},"query-input":{"@type":"PropertyValueSpecification","valueRequired":true,"valueName":"search_term_string"}}],"inLanguage":"de"},{"@type":"Organization","@id":"https:\/\/glider-battery.eu\/#organization","name":"Glider-Battery.eu","url":"https:\/\/glider-battery.eu\/","logo":{"@type":"ImageObject","inLanguage":"de","@id":"https:\/\/glider-battery.eu\/#\/schema\/logo\/image\/","url":"https:\/\/glider-battery.eu\/wp-content\/uploads\/2018\/01\/dar-grey-logo.png","contentUrl":"https:\/\/glider-battery.eu\/wp-content\/uploads\/2018\/01\/dar-grey-logo.png","width":1300,"height":400,"caption":"Glider-Battery.eu"},"image":{"@id":"https:\/\/glider-battery.eu\/#\/schema\/logo\/image\/"}}]}},"builder_content":"","_links":{"self":[{"href":"https:\/\/glider-battery.eu\/de\/wp-json\/wp\/v2\/product\/1312","targetHints":{"allow":["GET"]}}],"collection":[{"href":"https:\/\/glider-battery.eu\/de\/wp-json\/wp\/v2\/product"}],"about":[{"href":"https:\/\/glider-battery.eu\/de\/wp-json\/wp\/v2\/types\/product"}],"replies":[{"embeddable":true,"href":"https:\/\/glider-battery.eu\/de\/wp-json\/wp\/v2\/comments?post=1312"}],"wp:featuredmedia":[{"embeddable":true,"href":"https:\/\/glider-battery.eu\/de\/wp-json\/wp\/v2\/media\/3068"}],"wp:attachment":[{"href":"https:\/\/glider-battery.eu\/de\/wp-json\/wp\/v2\/media?parent=1312"}],"wp:term":[{"taxonomy":"product_brand","embeddable":true,"href":"https:\/\/glider-battery.eu\/de\/wp-json\/wp\/v2\/product_brand?post=1312"},{"taxonomy":"product_cat","embeddable":true,"href":"https:\/\/glider-battery.eu\/de\/wp-json\/wp\/v2\/product_cat?post=1312"},{"taxonomy":"product_tag","embeddable":true,"href":"https:\/\/glider-battery.eu\/de\/wp-json\/wp\/v2\/product_tag?post=1312"}],"curies":[{"name":"wp","href":"https:\/\/api.w.org\/{rel}","templated":true}]}}