{"id":1382,"date":"2017-10-12T11:42:43","date_gmt":"2017-10-12T11:42:43","guid":{"rendered":"https:\/\/glider-battery.eu\/product\/segelflugzeug-akku-lifepo4-10ah-v2-0\/"},"modified":"2026-04-24T03:04:58","modified_gmt":"2026-04-24T03:04:58","slug":"lifepo4-batterie-10ah","status":"publish","type":"product","link":"https:\/\/glider-battery.eu\/de\/produkt\/lifepo4-batterie-10ah\/","title":{"rendered":"Segelflugzeug-Akku LiFePO4, 10.8AH ENDURANCE+"},"content":{"rendered":"<p>LiFePO4 (LFP) Akku in Standardgr\u00f6\u00dfe f\u00fcr ein Segelflugzeug. Abmessungen: 151*95*65 mm.<\/p>\n<p>Die Batterie verf\u00fcgt \u00fcber ein integriertes Batteriemanagementsystem mit den folgenden Schutzfunktionen:<\/p>\n<ul>\n<li style=\"list-style-type: none;\">\n<ul>\n<li>\u00dcberladung<\/li>\n<li>\u00dcberentladung<\/li>\n<li>Kurzschluss<\/li>\n<li>Umgekehrte Polarit\u00e4t<\/li>\n<li>Unwucht der Batteriezelle<\/li>\n<li>Hohe Temperaturen<\/li>\n<li>Feuer<\/li>\n<\/ul>\n<\/li>\n<\/ul>\n<p>Der Akku ist f\u00fcr den europ\u00e4ischen und britischen Markt zertifiziert.<\/p>\n<p>UN 38.3 zertifiziert. Zertifikats-ID auf Anfrage erh\u00e4ltlich. <\/p>\n<p>MSDS auf Anfrage erh\u00e4ltlich.<\/p>\n<p>Immer frisch hergestellt und bei einer Temperatur von etwa +22 \u00b0C gelagert.<\/p>\n<p><em>Hochwertige japanische\/amerikanische Chips im Inneren erm\u00f6glichen den sicheren Anschluss und die Verwendung von bis zu 4 Batterien in Serie oder parallel.<\/em><\/p>\n<p><em>Extrem geringer Energieverlust, reibungslose Energie\u00fcbertragung und keine \u00fcberm\u00e4\u00dfige Hitze im Inneren, w\u00e4hrend das BMS in Betrieb ist.<\/em><\/p>\n<p><strong>Was gibt&#8217;s Neues ?<\/strong><\/p>\n<p>Die ENDURANCE+ Version ist ein Meilenstein in Sachen Batteriesicherheit und Zuverl\u00e4ssigkeit im Segelflug. Es verf\u00fcgt \u00fcber verbesserte Sicherheitsfunktionen, LiFePO4-Zellen der G\u00fcteklasse A von einem zuverl\u00e4ssigen Hersteller und ein aktualisiertes Batteriemanagementsystem (BMS) mit verbesserter Verkabelung und Anordnung. Verbessern Sie Ihr Segelflugerlebnis mit diesen verbesserten Akkulaufzeiten.<\/p>\n<p>Neue Funktionen und Verbesserungen im Modell ENDURANCE+:<\/p>\n<ol>\n<li><strong>Verbesserter Schutz der Zellen:<\/strong> Das Modell ENDURANCE+ verf\u00fcgt \u00fcber ein verbessertes Design der Zellen, der Verkabelung und des BMS-Layouts, um einen besseren Schutz gegen m\u00f6gliche St\u00f6\u00dfe und Ersch\u00fctterungen zu bieten.<\/li>\n<li><strong>Reinnickel-Steckverbinder:<\/strong> Dieses Modell verf\u00fcgt \u00fcber Anschl\u00fcsse aus reinem Nickel, die eine bessere Haltbarkeit und eine au\u00dfergew\u00f6hnliche Widerstandsf\u00e4higkeit gegen Vibrationen gew\u00e4hrleisten.<\/li>\n<li><strong>Zwei thermische Sensoren:<\/strong> Zwei integrierte W\u00e4rmesensoren \u00fcberwachen und sch\u00fctzen sowohl die Zellen als auch die BMS-Funktionen und erh\u00f6hen so die allgemeine Sicherheit.<\/li>\n<li><strong>Erstklassige Zellenqualit\u00e4t:<\/strong> Die Verwendung von Zellen der G\u00fcteklasse A, die von einem renommierten Hersteller stammen, erh\u00f6ht die Langlebigkeit und Zuverl\u00e4ssigkeit des Akkus erheblich.<\/li>\n<li><strong>Fortschrittliches BMS:<\/strong> Das Modell ENDURANCE+ verf\u00fcgt \u00fcber ein verbessertes BMS und Komponenten, die nicht nur die Batterieleistung optimieren, sondern auch pr\u00e4zisere Schutzmechanismen bieten.<\/li>\n<\/ol>\n<p>&nbsp;<\/p>\n<p><strong>30 Monate Garantie.<\/strong><\/p>\n<p>Funktioniert bis zu 3000 Zyklen, ohne dass die Kapazit\u00e4t im Laufe der Zeit signifikant abnimmt.<\/p>\n<p>Spannungsbereich: ~13,5 V (Voll) &#8211; ~10,4 V (Leer).<\/p>\n<p>Um die besten Eigenschaften beizubehalten, wird das Aufladen mit dem Smart Battery Charger empfohlen.<\/p>\n<p>Die Garantie deckt keine Produkte ab, wenn sie gem\u00e4\u00df den allgemeinen Wartungsanweisungen verwendet werden.<\/p>\n<p>Die Garantie f\u00fcr LiFePO4-Batterien ist nicht g\u00fcltig, wenn sie:<\/p>\n<ul>\n<li>wurde nicht ordnungsgem\u00e4\u00df installiert, gewartet und geladen.<\/li>\n<li>Wurde \u00e4u\u00dferlich besch\u00e4digt.<\/li>\n<li>Das Geh\u00e4use wurde ge\u00f6ffnet.<\/li>\n<li>War Wasser, Feuer, starker Hitze oder Frost ausgesetzt.<\/li>\n<li>Wurde 1 Monat lang vollst\u00e4ndig entladen gelagert.<\/li>\n<\/ul>\n<p>&nbsp;<\/p>\n<table style=\"height: 400px;\" width=\"322\">\n<tbody>\n<tr>\n<td style=\"text-align: center;\" colspan=\"2\" width=\"250\"><strong>Spezifikationen<\/strong><\/td>\n<\/tr>\n<tr>\n<td>Abmessungen<\/td>\n<td>151*95*65 mm<\/td>\n<\/tr>\n<tr>\n<td>Gewicht<\/td>\n<td>1260g<\/td>\n<\/tr>\n<tr>\n<td>Nominale Spannung<\/td>\n<td>12,8V<\/td>\n<\/tr>\n<tr>\n<td>Nominale Kapazit\u00e4t<\/td>\n<td>10,8AH<\/td>\n<\/tr>\n<tr>\n<td>Strom aufladen<\/td>\n<td>5A<\/td>\n<\/tr>\n<tr>\n<td>Forts. Entladen<\/td>\n<td>10,8A<\/td>\n<\/tr>\n<tr>\n<td>Spitzenentladung<\/td>\n<td>30A<\/td>\n<\/tr>\n<tr>\n<td>Methode zum Aufladen<\/td>\n<td>CC\/CV<\/td>\n<\/tr>\n<tr>\n<td>Temperatur der Ladung<\/td>\n<td>0-45 C<\/td>\n<\/tr>\n<tr>\n<td>Entladetemperatur<\/td>\n<td>-20 &#8211; +60 \u00b0C<\/td>\n<\/tr>\n<\/tbody>\n<\/table>\n<p>&nbsp;<\/p>\n<table style=\"height: 438px;\" width=\"423\">\n<tbody>\n<tr>\n<td colspan=\"2\" width=\"579\"><strong>Informationen zu BMS und Zellen<\/strong><\/td>\n<\/tr>\n<tr>\n<td>Spannung der Zelle<\/td>\n<td>3,2V<\/td>\n<\/tr>\n<tr>\n<td>Kapazit\u00e4t der Zelle<\/td>\n<td>3,6A<\/td>\n<\/tr>\n<tr>\n<td>Zellenmodell<\/td>\n<td>26650<\/td>\n<\/tr>\n<tr>\n<td>Zellen-Layout<\/td>\n<td>4 in Serie, 3 parallel<\/td>\n<\/tr>\n<tr>\n<td>Zellen gesamt<\/td>\n<td>12<\/td>\n<\/tr>\n<tr>\n<td>\u00dcberladeschutz, V\/Zelle<\/td>\n<td>3,8<\/td>\n<\/tr>\n<tr>\n<td>\u00dcberladungsschutz, V\/Zelle<\/td>\n<td>2,3<\/td>\n<\/tr>\n<\/tbody>\n<\/table>\n<p>&nbsp;<\/p>\n<p><a href=\"https:\/\/glider-battery.eu\/wp-content\/uploads\/2017\/10\/108-Datasheet.pdf\">GBJTOV128108 Datenblatt<\/a><\/p>\n<p>&nbsp;<\/p>\n<p>&nbsp;<\/p>\n<p style=\"text-align: center;\"><strong>H\u00c4UFIG GESTELLTE FRAGEN<\/strong><\/p>\n<p>&nbsp;<\/p>\n<p><strong>Welche Art von Zellen werden in unseren 10H-Batterien verwendet?<\/strong><\/p>\n<p><em>Wir verwenden Zellen des Typs 26650, A-grade 3,2V und 3,6Ah. Insgesamt 12 Zellen \u2013 3 parallel in 4 Reihen.<\/em><\/p>\n<p><em> <\/em><\/p>\n<p><strong>Sind unsere Batterien sicher im Gebrauch, nach welchen Richtlinien sind sie zertifiziert?<\/strong><\/p>\n<p><em>Ja, sie sind sicher zu verwenden. LiFePO4-Zellen, die in unseren Akkupacks verwendet werden, entsprechen den EASA-Vorschriften CS-STAN (CS-SC034a). <\/em><\/p>\n<p><em>Zellen sind nach dem Standard f\u00fcr Sicherheit zertifiziert: UL 1642, Safety for Lithium Batteries.<\/em><\/p>\n<p>&nbsp;<\/p>\n<p><em>Unsere Batterien entsprechen:<\/em><\/p>\n<ul>\n<li><em>RICHTLINIE 2014\/35\/EU DES EUROP\u00c4ISCHEN RATES LVD. <\/em><\/li>\n<\/ul>\n<p><em>Pr\u00fcfnormen <strong>:<\/strong> EN60950-1:2006, A11:2009, A1:2010, A12:2011, A2:2013.<\/em><\/p>\n<ul>\n<li><em>ROHS-RICHTLINIE 2011\/65\/EU DES EUROP\u00c4ISCHEN RATES.<\/em><\/li>\n<\/ul>\n<p><em>Pr\u00fcfnormen <strong>:<\/strong> IEC62321:2008, IEC62321-3-1:2013, IEC62321-5:2013.<\/em><\/p>\n<p><em> <\/em><\/p>\n<p><strong>Welche Art von BMS (PCM) wird verwendet und warum kann nur das LiFePO4-Ladeger\u00e4t zum Laden verwendet werden?<\/strong><\/p>\n<p><em>Das BMS ist in die Batterie integriert und sch\u00fctzt vor hohen\/niedrigen Temperaturen, \u00dcberladung, \u00dcberentladung, Verpolung, Kurzschluss und Ausgleichszellen.  <\/em><\/p>\n<p><em>\u00dcberladungsschutz: 3,8V\/Zelle.<\/em><\/p>\n<p><em>\u00dcberentladungsschutz: 2,3V\/Zelle.<\/em><\/p>\n<p><em>Trotz der M\u00f6glichkeit, LiFePO4-Akkus mit SLA-Ladeger\u00e4ten aufzuladen, gilt die Garantie nur, wenn ein LiFePO4-Ladeger\u00e4t verwendet wird. Beides &#8211; Sicherheit und die F\u00e4higkeit, 100 % zu erreichen &#8211; ist der Grund daf\u00fcr.<\/em><em>% Ladezustand. Wenn ein SLA-Ladeger\u00e4t verwendet wird, m\u00fcssen die Batterien einfach \u00fcberwacht und abgeklemmt werden, sobald sie den maximalen Ladezustand erreichen. <\/em><\/p>\n<p><em>Blei-S\u00e4ure-Batterien werden mit ~2,45V\/Zelle geladen, w\u00e4hrend LiFePO4 3,6V\/Zelle ben\u00f6tigt. Dies bedeutet, dass Ihr Akku am Ende unterladen wird, sodass die volle Kapazit\u00e4t von LiFePO4 nicht erreicht wird. Au\u00dferdem w\u00fcrde der Ausgleich im LiFePO4-Paket nicht ausgel\u00f6st. <\/em><\/p>\n<p><em>Nur mit dem LiFePO4-Ladeger\u00e4t kann die maximale Kapazit\u00e4t und Lebensdauer der Zellen erreicht werden, daher k\u00f6nnen wir mit dem SLA-Ladeger\u00e4t die von uns angegebenen Parameter nicht garantieren. max. Der zul\u00e4ssige Ladestrom f\u00fcr unsere Batterien betr\u00e4gt 10A, empfohlen werden maximal 5A f\u00fcr eine bessere Kapazit\u00e4t und Langlebigkeit.<\/em><\/p>\n<blockquote class=\"wp-embedded-content\" data-secret=\"Hrt04yoLVv\"><p><a href=\"https:\/\/glider-battery.eu\/de\/kann-blei-saeure-ladegeraet-fuer-lifepo4-batterien-verwendet-werden\/\">Can Lead Acid charger be used for LiFePO4 batteries ?<\/a><\/p><\/blockquote>\n<p><iframe loading=\"lazy\" class=\"wp-embedded-content\" sandbox=\"allow-scripts\" security=\"restricted\" style=\"position: absolute; visibility: hidden;\" title=\"&#8222;Can Lead Acid charger be used for LiFePO4 batteries ?&#8220; &#8211; Glider Battery Shop\" src=\"https:\/\/glider-battery.eu\/de\/kann-blei-saeure-ladegeraet-fuer-lifepo4-batterien-verwendet-werden\/embed\/#?secret=pjJlNX08uO#?secret=Hrt04yoLVv\" data-secret=\"Hrt04yoLVv\" width=\"600\" height=\"338\" frameborder=\"0\" marginwidth=\"0\" marginheight=\"0\" scrolling=\"no\"><\/iframe><\/p>\n","protected":false},"excerpt":{"rendered":"<p>Standardm\u00e4\u00dfig passt der LiFePO4-Akku in das Segelflugzeug (151*95*65 mm).<\/p>\n<p>Konform mit EASA CS-STAN CS-SC034c.<\/p>\n<p>Integriertes Batterie-Management-System.<\/p>\n<p>Zellen der Klasse A.<\/p>\n<p>Kapazit\u00e4t &#8211; 10,8AH. Spannung &#8211; 12,8V.<\/p>\n<p>Funktioniert bis zu 3000 Zyklen (oder 8-10 Jahre), ohne dass die Kapazit\u00e4t im Laufe der Zeit signifikant abnimmt.<\/p>\n<p>Fast dreimal leichter als normale 10AH Blei-S\u00e4ure-Batterien.<\/p>\n<p>Selbstentladungsrate ~2%\/Monat.<\/p>\n<p>Umweltfreundlich.<\/p>\n<p>Spannungsbereich: ~13,5 V (Voll) &#8211; ~10,0 V (Leer).<\/p>\n<p>Zertifiziert f\u00fcr den europ\u00e4ischen und britischen Markt.<\/p>\n<p>UN 38.3 Zertifikat auf Anfrage erh\u00e4ltlich.<\/p>\n<p><strong>30 Monate Garantie.<\/strong><\/p>\n<p><em>Hochwertige japanische\/amerikanische Chips im Inneren erm\u00f6glichen den sicheren Anschluss und die Verwendung von bis zu 4 Batterien in Serie oder parallel.<\/em><\/p>\n<p><em>Extrem geringer Energieverlust, reibungslose Energie\u00fcbertragung und keine \u00fcberm\u00e4\u00dfige Hitze im Inneren, w\u00e4hrend das BMS in Betrieb ist.<\/em><\/p>\n<p><strong>Was gibt&#8217;s Neues ?<\/strong><\/p>\n<p>Die ENDURANCE+ Version ist ein Meilenstein in Sachen Batteriesicherheit und Zuverl\u00e4ssigkeit im Segelflug. Es verf\u00fcgt \u00fcber verbesserte Sicherheitsfunktionen, LiFePO4-Zellen der G\u00fcteklasse A von einem zuverl\u00e4ssigen Hersteller und ein aktualisiertes Batteriemanagementsystem (BMS) mit verbesserter Verkabelung und Anordnung. Verbessern Sie Ihr Segelflugerlebnis mit diesen verbesserten Akkulaufzeiten.<\/p>\n<p>Neue Funktionen und Verbesserungen im Modell ENDURANCE+:<\/p>\n<ol>\n<li><strong>Verbesserter Schutz der Zellen:<\/strong> Das Modell ENDURANCE+ verf\u00fcgt \u00fcber ein verbessertes Design der Zellen, der Verkabelung und des BMS-Layouts, um einen besseren Schutz gegen m\u00f6gliche St\u00f6\u00dfe und Ersch\u00fctterungen zu bieten.<\/li>\n<li><strong>Reinnickel-Steckverbinder:<\/strong> Dieses Modell verf\u00fcgt \u00fcber Anschl\u00fcsse aus reinem Nickel, die eine bessere Haltbarkeit und eine au\u00dfergew\u00f6hnliche Widerstandsf\u00e4higkeit gegen Vibrationen gew\u00e4hrleisten.<\/li>\n<li><strong>Zwei thermische Sensoren:<\/strong> Zwei integrierte W\u00e4rmesensoren \u00fcberwachen und sch\u00fctzen sowohl die Zellen als auch die BMS-Funktionen und erh\u00f6hen so die allgemeine Sicherheit.<\/li>\n<li><strong>Erstklassige Zellenqualit\u00e4t:<\/strong> Die Verwendung von Zellen der G\u00fcteklasse A, die von einem renommierten Hersteller stammen, erh\u00f6ht die Langlebigkeit und Zuverl\u00e4ssigkeit des Akkus erheblich.<\/li>\n<li><strong>Fortschrittliches BMS:<\/strong> Das Modell ENDURANCE+ verf\u00fcgt \u00fcber ein verbessertes BMS und Komponenten, die nicht nur die Batterieleistung optimieren, sondern auch pr\u00e4zisere Schutzmechanismen bieten.<\/li>\n<\/ol>\n","protected":false},"featured_media":2752,"comment_status":"open","ping_status":"closed","template":"","meta":[],"product_brand":[],"product_cat":[17],"product_tag":[33,40,65,22,19,64,44,20,46,21,56,24,29,28,50,26,47,31,45,18,38,49,68,51,23,67,66,48,35,36,37,55,52,53,54,43],"class_list":{"0":"post-1382","1":"product","2":"type-product","3":"status-publish","4":"has-post-thumbnail","6":"product_cat-batteries","7":"product_tag-aeroshop","8":"product_tag-aeroshop-eu","9":"product_tag-glider-battery-lifepo4","10":"product_tag-soaring","11":"product_tag-battery","12":"product_tag-sailplane-battery-systems","13":"product_tag-egc","14":"product_tag-electronics","15":"product_tag-fcc","16":"product_tag-gliding","17":"product_tag-skysight","18":"product_tag-charger","19":"product_tag-glider-battery-charger","20":"product_tag-lfp","21":"product_tag-lfp-battery","22":"product_tag-lifepo4","23":"product_tag-lifepo4-battery","24":"product_tag-lifepo4-charger","25":"product_tag-pribinacup","26":"product_tag-glider-equipment","27":"product_tag-glider-battery","28":"product_tag-glider-electronics","29":"product_tag-glider-light-battery","30":"product_tag-soaringspot","31":"product_tag-glider","32":"product_tag-glider-lifepo4","33":"product_tag-sailplane-battery","34":"product_tag-glider-battery-eu","35":"product_tag-glider-shop","36":"product_tag-glider-supplies","37":"product_tag-glider-accessories","38":"product_tag-skysight-io","39":"product_tag-topmeteo","40":"product_tag-topmeteo-com","41":"product_tag-topmeteo-eu","42":"product_tag-wgc","43":"product_shipping_class-10ah-battery","44":"has-post-title","45":"has-post-date","46":"has-post-category","47":"has-post-tag","48":"has-post-comment","49":"has-post-author","50":"","52":"first","53":"instock","54":"featured","55":"taxable","56":"shipping-taxable","57":"purchasable","58":"product-type-simple"},"yoast_head":"<!-- This site is optimized with the Yoast SEO plugin v27.0 - https:\/\/yoast.com\/product\/yoast-seo-wordpress\/ -->\n<title>Segelflugzeug-Akku LiFePO4, 10.8AH ENDURANCE+ - Glider Battery Shop<\/title>\n<meta name=\"description\" content=\"LiFePO4 12V Segelflugzeug-Akku in Standardgr\u00f6\u00dfe. H\u00f6chste Qualit\u00e4t und Leistung. Gleiche Gr\u00f6\u00dfe mit mehr Kapazit\u00e4t. Zellen der Klasse A+. Versand nach ganz Europa.\" \/>\n<meta name=\"robots\" content=\"index, follow, max-snippet:-1, max-image-preview:large, max-video-preview:-1\" \/>\n<link rel=\"canonical\" href=\"https:\/\/glider-battery.eu\/de\/produkt\/lifepo4-batterie-10ah\/\" \/>\n<meta property=\"og:locale\" content=\"de_DE\" \/>\n<meta property=\"og:type\" content=\"article\" \/>\n<meta property=\"og:title\" content=\"Segelflugzeug-Akku LiFePO4, 10.8AH ENDURANCE+ - Glider Battery Shop\" \/>\n<meta property=\"og:description\" content=\"LiFePO4 12V Segelflugzeug-Akku in Standardgr\u00f6\u00dfe. H\u00f6chste Qualit\u00e4t und Leistung. Gleiche Gr\u00f6\u00dfe mit mehr Kapazit\u00e4t. Zellen der Klasse A+. Versand nach ganz Europa.\" \/>\n<meta property=\"og:url\" content=\"https:\/\/glider-battery.eu\/de\/produkt\/lifepo4-batterie-10ah\/\" \/>\n<meta property=\"og:site_name\" content=\"Glider Battery Shop\" \/>\n<meta property=\"article:modified_time\" content=\"2026-04-24T03:04:58+00:00\" \/>\n<meta property=\"og:image\" content=\"https:\/\/glider-battery.eu\/wp-content\/uploads\/2025\/05\/10AH-ENDURANCE-2.jpg\" \/>\n\t<meta property=\"og:image:width\" content=\"800\" \/>\n\t<meta property=\"og:image:height\" content=\"800\" \/>\n\t<meta property=\"og:image:type\" content=\"image\/jpeg\" \/>\n<meta name=\"twitter:card\" content=\"summary_large_image\" \/>\n<meta name=\"twitter:label1\" content=\"Gesch\u00e4tzte Lesezeit\" \/>\n\t<meta name=\"twitter:data1\" content=\"4\u00a0Minuten\" \/>\n<script type=\"application\/ld+json\" class=\"yoast-schema-graph\">{\"@context\":\"https:\/\/schema.org\",\"@graph\":[{\"@type\":\"WebPage\",\"@id\":\"https:\/\/glider-battery.eu\/de\/produkt\/lifepo4-batterie-10ah\/\",\"url\":\"https:\/\/glider-battery.eu\/de\/produkt\/lifepo4-batterie-10ah\/\",\"name\":\"Segelflugzeug-Akku LiFePO4, 10.8AH ENDURANCE+ - Glider Battery Shop\",\"isPartOf\":{\"@id\":\"https:\/\/glider-battery.eu\/#website\"},\"primaryImageOfPage\":{\"@id\":\"https:\/\/glider-battery.eu\/de\/produkt\/lifepo4-batterie-10ah\/#primaryimage\"},\"image\":{\"@id\":\"https:\/\/glider-battery.eu\/de\/produkt\/lifepo4-batterie-10ah\/#primaryimage\"},\"thumbnailUrl\":\"https:\/\/glider-battery.eu\/wp-content\/uploads\/2025\/05\/10AH-ENDURANCE-2.jpg\",\"datePublished\":\"2017-10-12T11:42:43+00:00\",\"dateModified\":\"2026-04-24T03:04:58+00:00\",\"description\":\"LiFePO4 12V Segelflugzeug-Akku in Standardgr\u00f6\u00dfe. H\u00f6chste Qualit\u00e4t und Leistung. Gleiche Gr\u00f6\u00dfe mit mehr Kapazit\u00e4t. Zellen der Klasse A+. Versand nach ganz Europa.\",\"breadcrumb\":{\"@id\":\"https:\/\/glider-battery.eu\/de\/produkt\/lifepo4-batterie-10ah\/#breadcrumb\"},\"inLanguage\":\"de\",\"potentialAction\":[{\"@type\":\"ReadAction\",\"target\":[\"https:\/\/glider-battery.eu\/de\/produkt\/lifepo4-batterie-10ah\/\"]}]},{\"@type\":\"ImageObject\",\"inLanguage\":\"de\",\"@id\":\"https:\/\/glider-battery.eu\/de\/produkt\/lifepo4-batterie-10ah\/#primaryimage\",\"url\":\"https:\/\/glider-battery.eu\/wp-content\/uploads\/2025\/05\/10AH-ENDURANCE-2.jpg\",\"contentUrl\":\"https:\/\/glider-battery.eu\/wp-content\/uploads\/2025\/05\/10AH-ENDURANCE-2.jpg\",\"width\":800,\"height\":800},{\"@type\":\"BreadcrumbList\",\"@id\":\"https:\/\/glider-battery.eu\/de\/produkt\/lifepo4-batterie-10ah\/#breadcrumb\",\"itemListElement\":[{\"@type\":\"ListItem\",\"position\":1,\"name\":\"Home\",\"item\":\"https:\/\/glider-battery.eu\/\"},{\"@type\":\"ListItem\",\"position\":2,\"name\":\"Produkte\",\"item\":\"https:\/\/glider-battery.eu\/de\/shopde\/\"},{\"@type\":\"ListItem\",\"position\":3,\"name\":\"Segelflugzeug-Akku LiFePO4, 10.8AH ENDURANCE+\"}]},{\"@type\":\"WebSite\",\"@id\":\"https:\/\/glider-battery.eu\/#website\",\"url\":\"https:\/\/glider-battery.eu\/\",\"name\":\"Glider Battery Shop\",\"description\":\"Power For Your Electronics\",\"publisher\":{\"@id\":\"https:\/\/glider-battery.eu\/#organization\"},\"potentialAction\":[{\"@type\":\"SearchAction\",\"target\":{\"@type\":\"EntryPoint\",\"urlTemplate\":\"https:\/\/glider-battery.eu\/?s={search_term_string}\"},\"query-input\":{\"@type\":\"PropertyValueSpecification\",\"valueRequired\":true,\"valueName\":\"search_term_string\"}}],\"inLanguage\":\"de\"},{\"@type\":\"Organization\",\"@id\":\"https:\/\/glider-battery.eu\/#organization\",\"name\":\"Glider-Battery.eu\",\"url\":\"https:\/\/glider-battery.eu\/\",\"logo\":{\"@type\":\"ImageObject\",\"inLanguage\":\"de\",\"@id\":\"https:\/\/glider-battery.eu\/#\/schema\/logo\/image\/\",\"url\":\"https:\/\/glider-battery.eu\/wp-content\/uploads\/2018\/01\/dar-grey-logo.png\",\"contentUrl\":\"https:\/\/glider-battery.eu\/wp-content\/uploads\/2018\/01\/dar-grey-logo.png\",\"width\":1300,\"height\":400,\"caption\":\"Glider-Battery.eu\"},\"image\":{\"@id\":\"https:\/\/glider-battery.eu\/#\/schema\/logo\/image\/\"}}]}<\/script>\n<!-- \/ Yoast SEO plugin. -->","yoast_head_json":{"title":"Segelflugzeug-Akku LiFePO4, 10.8AH ENDURANCE+ - Glider Battery Shop","description":"LiFePO4 12V Segelflugzeug-Akku in Standardgr\u00f6\u00dfe. H\u00f6chste Qualit\u00e4t und Leistung. Gleiche Gr\u00f6\u00dfe mit mehr Kapazit\u00e4t. Zellen der Klasse A+. Versand nach ganz Europa.","robots":{"index":"index","follow":"follow","max-snippet":"max-snippet:-1","max-image-preview":"max-image-preview:large","max-video-preview":"max-video-preview:-1"},"canonical":"https:\/\/glider-battery.eu\/de\/produkt\/lifepo4-batterie-10ah\/","og_locale":"de_DE","og_type":"article","og_title":"Segelflugzeug-Akku LiFePO4, 10.8AH ENDURANCE+ - Glider Battery Shop","og_description":"LiFePO4 12V Segelflugzeug-Akku in Standardgr\u00f6\u00dfe. H\u00f6chste Qualit\u00e4t und Leistung. Gleiche Gr\u00f6\u00dfe mit mehr Kapazit\u00e4t. Zellen der Klasse A+. Versand nach ganz Europa.","og_url":"https:\/\/glider-battery.eu\/de\/produkt\/lifepo4-batterie-10ah\/","og_site_name":"Glider Battery Shop","article_modified_time":"2026-04-24T03:04:58+00:00","og_image":[{"width":800,"height":800,"url":"https:\/\/glider-battery.eu\/wp-content\/uploads\/2025\/05\/10AH-ENDURANCE-2.jpg","type":"image\/jpeg"}],"twitter_card":"summary_large_image","twitter_misc":{"Gesch\u00e4tzte Lesezeit":"4\u00a0Minuten"},"schema":{"@context":"https:\/\/schema.org","@graph":[{"@type":"WebPage","@id":"https:\/\/glider-battery.eu\/de\/produkt\/lifepo4-batterie-10ah\/","url":"https:\/\/glider-battery.eu\/de\/produkt\/lifepo4-batterie-10ah\/","name":"Segelflugzeug-Akku LiFePO4, 10.8AH ENDURANCE+ - Glider Battery Shop","isPartOf":{"@id":"https:\/\/glider-battery.eu\/#website"},"primaryImageOfPage":{"@id":"https:\/\/glider-battery.eu\/de\/produkt\/lifepo4-batterie-10ah\/#primaryimage"},"image":{"@id":"https:\/\/glider-battery.eu\/de\/produkt\/lifepo4-batterie-10ah\/#primaryimage"},"thumbnailUrl":"https:\/\/glider-battery.eu\/wp-content\/uploads\/2025\/05\/10AH-ENDURANCE-2.jpg","datePublished":"2017-10-12T11:42:43+00:00","dateModified":"2026-04-24T03:04:58+00:00","description":"LiFePO4 12V Segelflugzeug-Akku in Standardgr\u00f6\u00dfe. H\u00f6chste Qualit\u00e4t und Leistung. Gleiche Gr\u00f6\u00dfe mit mehr Kapazit\u00e4t. Zellen der Klasse A+. Versand nach ganz Europa.","breadcrumb":{"@id":"https:\/\/glider-battery.eu\/de\/produkt\/lifepo4-batterie-10ah\/#breadcrumb"},"inLanguage":"de","potentialAction":[{"@type":"ReadAction","target":["https:\/\/glider-battery.eu\/de\/produkt\/lifepo4-batterie-10ah\/"]}]},{"@type":"ImageObject","inLanguage":"de","@id":"https:\/\/glider-battery.eu\/de\/produkt\/lifepo4-batterie-10ah\/#primaryimage","url":"https:\/\/glider-battery.eu\/wp-content\/uploads\/2025\/05\/10AH-ENDURANCE-2.jpg","contentUrl":"https:\/\/glider-battery.eu\/wp-content\/uploads\/2025\/05\/10AH-ENDURANCE-2.jpg","width":800,"height":800},{"@type":"BreadcrumbList","@id":"https:\/\/glider-battery.eu\/de\/produkt\/lifepo4-batterie-10ah\/#breadcrumb","itemListElement":[{"@type":"ListItem","position":1,"name":"Home","item":"https:\/\/glider-battery.eu\/"},{"@type":"ListItem","position":2,"name":"Produkte","item":"https:\/\/glider-battery.eu\/de\/shopde\/"},{"@type":"ListItem","position":3,"name":"Segelflugzeug-Akku LiFePO4, 10.8AH ENDURANCE+"}]},{"@type":"WebSite","@id":"https:\/\/glider-battery.eu\/#website","url":"https:\/\/glider-battery.eu\/","name":"Glider Battery Shop","description":"Power For Your Electronics","publisher":{"@id":"https:\/\/glider-battery.eu\/#organization"},"potentialAction":[{"@type":"SearchAction","target":{"@type":"EntryPoint","urlTemplate":"https:\/\/glider-battery.eu\/?s={search_term_string}"},"query-input":{"@type":"PropertyValueSpecification","valueRequired":true,"valueName":"search_term_string"}}],"inLanguage":"de"},{"@type":"Organization","@id":"https:\/\/glider-battery.eu\/#organization","name":"Glider-Battery.eu","url":"https:\/\/glider-battery.eu\/","logo":{"@type":"ImageObject","inLanguage":"de","@id":"https:\/\/glider-battery.eu\/#\/schema\/logo\/image\/","url":"https:\/\/glider-battery.eu\/wp-content\/uploads\/2018\/01\/dar-grey-logo.png","contentUrl":"https:\/\/glider-battery.eu\/wp-content\/uploads\/2018\/01\/dar-grey-logo.png","width":1300,"height":400,"caption":"Glider-Battery.eu"},"image":{"@id":"https:\/\/glider-battery.eu\/#\/schema\/logo\/image\/"}}]}},"builder_content":"","_links":{"self":[{"href":"https:\/\/glider-battery.eu\/de\/wp-json\/wp\/v2\/product\/1382","targetHints":{"allow":["GET"]}}],"collection":[{"href":"https:\/\/glider-battery.eu\/de\/wp-json\/wp\/v2\/product"}],"about":[{"href":"https:\/\/glider-battery.eu\/de\/wp-json\/wp\/v2\/types\/product"}],"replies":[{"embeddable":true,"href":"https:\/\/glider-battery.eu\/de\/wp-json\/wp\/v2\/comments?post=1382"}],"wp:featuredmedia":[{"embeddable":true,"href":"https:\/\/glider-battery.eu\/de\/wp-json\/wp\/v2\/media\/2752"}],"wp:attachment":[{"href":"https:\/\/glider-battery.eu\/de\/wp-json\/wp\/v2\/media?parent=1382"}],"wp:term":[{"taxonomy":"product_brand","embeddable":true,"href":"https:\/\/glider-battery.eu\/de\/wp-json\/wp\/v2\/product_brand?post=1382"},{"taxonomy":"product_cat","embeddable":true,"href":"https:\/\/glider-battery.eu\/de\/wp-json\/wp\/v2\/product_cat?post=1382"},{"taxonomy":"product_tag","embeddable":true,"href":"https:\/\/glider-battery.eu\/de\/wp-json\/wp\/v2\/product_tag?post=1382"}],"curies":[{"name":"wp","href":"https:\/\/api.w.org\/{rel}","templated":true}]}}