{"id":1865,"date":"2022-08-31T10:55:52","date_gmt":"2022-08-31T10:55:52","guid":{"rendered":"https:\/\/glider-battery.eu\/?post_type=product&#038;p=1865"},"modified":"2026-05-07T14:17:48","modified_gmt":"2026-05-07T14:17:48","slug":"batteriekappe-diy","status":"publish","type":"product","link":"https:\/\/glider-battery.eu\/de\/produkt\/batteriekappe-diy\/","title":{"rendered":"DIY-Kit &#8211; Batteriedeckel mit automatischem Schutzschalter 10A\/5A"},"content":{"rendered":"<p>Segelflugzeug-Batterieabdeckung mit automatischem Unterbrecher f\u00fcr die Batterie Ihres Segelflugzeugs (passend f\u00fcr 10A glider-battery.eu-Batterie) mit integriertem automatischem Unterbrecher (zum Zur\u00fccksetzen dr\u00fccken). Die Box ist aus strapazierf\u00e4higem Kunststoff gefertigt, ist leicht und hat keine Schrauben. Der Deckel der Box l\u00e4sst sich mit einem internen Verriegelungsmechanismus \u00f6ffnen und schlie\u00dfen. So sieht sie von au\u00dfen sch\u00f6n und ordentlich aus und ist ohne Werkzeug leicht zu \u00f6ffnen.  <\/p>\n<p>Kappe in schwarzer Farbe.<\/p>\n<p>Die Glider Batterieabdeckung ist eine perfekte L\u00f6sung, um Ihre Batteriepole vor \u00e4u\u00dferen Sch\u00e4den, Korrosion und Kurzschl\u00fcssen zu sch\u00fctzen.<\/p>\n<p>Der Qualit\u00e4ts-Klemmenkasten wird mit einem integrierten 10A-Schutzschalter mit &#8222;Press-to-Reset&#8220;-Taste und allem notwendigen Zubeh\u00f6r geliefert, um Ihr Batteriesystem in Betrieb zu nehmen, das entweder von uns oder als Do-It-Yourself-Version montiert werden kann.<\/p>\n<p>Die Artikel umfassen:<\/p>\n<ul>\n<li>Qualit\u00e4tsbox (Klemmenabdeckung);<\/li>\n<li>Hochwertiger Schachteldeckel;<\/li>\n<li>10A Automatischer Schutzschalter (Press-to-Reset);<\/li>\n<li>Luftfahrtstecker GX16 (3-polig oder 2-polig) oder XLR 3-polig Female<\/li>\n<li>2x Elektrokabel rot (+) und schwarz (-) &#8211; 40cm<\/li>\n<li>Geflochtenes Geh\u00e4use &#8211; 35cm<\/li>\n<li>3x Kabelbinder<\/li>\n<li>1x Rotes Kabel f\u00fcr die Verbindung vom Terminal zum Schutzschalter &#8211; 7cm<\/li>\n<li>2x Batterieanschlussklemmen (Flachstecker);<\/li>\n<li>2x Sicherungsklemmen (90\u00b0-Winkel, Flachstecker)<\/li>\n<li>Schrumpfschlauch<\/li>\n<li>Schritt-f\u00fcr-Schritt-Anleitung<\/li>\n<\/ul>\n<p>Abmessungen einer Schachtel: <strong>LxBxH<\/strong><strong>:<\/strong><strong>50x62x21<\/strong><\/p>\n<p>!!! Bitte denken Sie daran, dass Sie f\u00fcr Ihr Ladeger\u00e4t oder ein Segelflugzeug zus\u00e4tzlich GX16 (3-polig oder 2-polig) oder XLR 3-polig m\u00e4nnliche Seitenstecker separat bestellen sollten. <\/p>\n<p>Geeignet f\u00fcr 10,8Ah Akku:<\/p>\n<blockquote class=\"wp-embedded-content\" data-secret=\"VL6boFrBQX\"><p><a href=\"https:\/\/glider-battery.eu\/product\/lifepo4-battery-10ah\/\">Glider Battery LiFePO4, 10AH v2.0<\/a><\/p><\/blockquote>\n<p><iframe loading=\"lazy\" class=\"wp-embedded-content\" sandbox=\"allow-scripts\" security=\"restricted\" style=\"position: absolute; clip: rect(1px, 1px, 1px, 1px);\" title=\"&#8220;Glider Battery LiFePO4, 10AH v2.0&#8221; &#8212; Glider Battery Shop\" src=\"https:\/\/glider-battery.eu\/product\/lifepo4-battery-10ah\/embed\/#?secret=13px0LBpUg#?secret=VL6boFrBQX\" data-secret=\"VL6boFrBQX\" width=\"600\" height=\"338\" frameborder=\"0\" marginwidth=\"0\" marginheight=\"0\" scrolling=\"no\"><\/iframe><\/p>\n<!--themify_builder_content-->\n<div id=\"themify_builder_content-1865\" data-postid=\"1865\" class=\"themify_builder_content themify_builder_content-1865 themify_builder tf_clear\">\n    <\/div>\n<!--\/themify_builder_content-->\n","protected":false},"excerpt":{"rendered":"<p>Sie m\u00fcssen vor dem Flug keine Sicherungen, B\u00e4nder oder Dr\u00e4hte mehr mitnehmen. Kein Kurzschlussrisiko mehr in Ihrem Segelflugzeug. Eine sichere und saubere Art, sich gegen hohe Str\u00f6me zu sch\u00fctzen, Ihre Batteriepole abzudecken und eine sichere Verbindung zwischen Batterie und Flugzeug zu haben.  <\/p>\n<p>Segelflugzeug-Batterieabdeckung mit automatischem Schutzschalter f\u00fcr die Batterie Ihres Segelflugzeugs (passend f\u00fcr eine normale kleine Batterie) mit integriertem automatischen Schutzschalter (zum Zur\u00fccksetzen dr\u00fccken). Die Box ist aus strapazierf\u00e4higem Kunststoff gefertigt, ist leicht und hat keine Schrauben. Der Deckel der Box l\u00e4sst sich mit einem internen Verriegelungsmechanismus \u00f6ffnen und schlie\u00dfen. Daher sieht sie von au\u00dfen sch\u00f6n und ordentlich aus und ist ohne Werkzeug leicht zu \u00f6ffnen.  <\/p>\n<p>Die Box ist in schwarzer Farbe.<\/p>\n<p>Der Batteriedeckel ist die perfekte L\u00f6sung, um Ihre Batteriepole vor \u00e4u\u00dferen Sch\u00e4den, Korrosion und Kurzschl\u00fcssen zu sch\u00fctzen.<\/p>\n<p>Der hochwertige Klemmenkasten wird mit einem integrierten 10A-Schutzschalter mit &#8222;Press-to-Reset&#8220;-Taste und allem notwendigen Zubeh\u00f6r f\u00fcr Ihr Batteriesystem geliefert, das entweder von uns montiert oder als Do-It-Yourself-Version erworben werden kann.<\/p>\n<p>Heimwerkerartikel enthalten:<\/p>\n<ul>\n<li>Qualit\u00e4tsbox (Klemmenabdeckung);<\/li>\n<li>Hochwertiger Schachteldeckel;<\/li>\n<li>10A oder 5A Automatischer Schutzschalter (Press-to-Reset);<\/li>\n<li>Geflochtener Geh\u00e4useschutz f\u00fcr einen Draht;<\/li>\n<li>Kabel f\u00fcr positiven (+) und negativen (-) Anschluss<\/li>\n<li>Ausgew\u00e4hlter Luftfahrtanschluss GX16 (3-polig oder 2-polig F) oder XLR 3-polig F;<\/li>\n<li>2+1x Batterieanschl\u00fcsse;<\/li>\n<li>2+1x Sicherungsanschl\u00fcsse (90\u00b0-Winkel);<\/li>\n<li>Kabelbinder<\/li>\n<li>Schrumpfschl\u00e4uche verschiedene Gr\u00f6\u00dfen<\/li>\n<li>Schritt-f\u00fcr-Schritt-Anleitung f\u00fcr DIY<\/li>\n<\/ul>\n<p>Ben\u00f6tigtes Werkzeug: Ma\u00dfband, L\u00f6tkolben, Schneidezange, Feuerzeug.<\/p>\n","protected":false},"featured_media":1825,"comment_status":"open","ping_status":"closed","template":"","meta":[],"product_brand":[],"product_cat":[219,179,210],"product_tag":[301,146,305,174,306,310,309,299,296,303,312,307,293,150,311,149,289,291,294],"class_list":{"0":"post-1865","1":"product","2":"type-product","3":"status-publish","4":"has-post-thumbnail","6":"product_cat-accessoires-de","7":"product_cat-zubehor-de","8":"product_cat-zubehor-de-2","9":"product_tag-abdeckung-der-batterieklemmen","10":"product_tag-aeroshop-de","11":"product_tag-anschlusskappe","12":"product_tag-batterie-de-3","13":"product_tag-batteriefachdeckel","14":"product_tag-batteriezubehor","15":"product_tag-deutschland","16":"product_tag-gx-de","17":"product_tag-gx-anschluss","18":"product_tag-klemmenabdeckung","19":"product_tag-luftfahrt","20":"product_tag-navboys-de","21":"product_tag-schutzschalterkasten","22":"product_tag-segelflugbatterie","23":"product_tag-segelflugzeuge","24":"product_tag-segelflugzubehor","25":"product_tag-sicherung","26":"product_tag-sicherungskasten","27":"product_tag-xlr-stecker","28":"has-post-title","29":"has-post-date","30":"has-post-category","31":"has-post-tag","32":"has-post-comment","33":"has-post-author","34":"","36":"first","37":"instock","38":"taxable","39":"shipping-taxable","40":"purchasable","41":"product-type-variable"},"yoast_head":"<!-- This site is optimized with the Yoast SEO plugin v27.0 - https:\/\/yoast.com\/product\/yoast-seo-wordpress\/ -->\n<title>DIY-Kit - Batteriedeckel mit automatischem Schutzschalter 10A\/5A - Glider Battery Shop<\/title>\n<meta name=\"description\" content=\"Hochwertige Batteriepolabdeckung mit integriertem Schutzschalter und einem beiliegenden Kabel mit Stecker. Geeignet f\u00fcr Standard 10Ah Batterie.\" \/>\n<meta name=\"robots\" content=\"index, follow, max-snippet:-1, max-image-preview:large, max-video-preview:-1\" \/>\n<link rel=\"canonical\" href=\"https:\/\/glider-battery.eu\/de\/produkt\/batteriekappe-diy\/\" \/>\n<meta property=\"og:locale\" content=\"de_DE\" \/>\n<meta property=\"og:type\" content=\"article\" \/>\n<meta property=\"og:title\" content=\"DIY-Kit - Batteriedeckel mit automatischem Schutzschalter 10A\/5A - Glider Battery Shop\" \/>\n<meta property=\"og:description\" content=\"Hochwertige Batteriepolabdeckung mit integriertem Schutzschalter und einem beiliegenden Kabel mit Stecker. Geeignet f\u00fcr Standard 10Ah Batterie.\" \/>\n<meta property=\"og:url\" content=\"https:\/\/glider-battery.eu\/de\/produkt\/batteriekappe-diy\/\" \/>\n<meta property=\"og:site_name\" content=\"Glider Battery Shop\" \/>\n<meta property=\"article:modified_time\" content=\"2026-05-07T14:17:48+00:00\" \/>\n<meta property=\"og:image\" content=\"https:\/\/glider-battery.eu\/wp-content\/uploads\/2022\/08\/7-DIY.jpg\" \/>\n\t<meta property=\"og:image:width\" content=\"800\" \/>\n\t<meta property=\"og:image:height\" content=\"800\" \/>\n\t<meta property=\"og:image:type\" content=\"image\/jpeg\" \/>\n<meta name=\"twitter:card\" content=\"summary_large_image\" \/>\n<meta name=\"twitter:label1\" content=\"Gesch\u00e4tzte Lesezeit\" \/>\n\t<meta name=\"twitter:data1\" content=\"1\u00a0Minute\" \/>\n<script type=\"application\/ld+json\" class=\"yoast-schema-graph\">{\"@context\":\"https:\/\/schema.org\",\"@graph\":[{\"@type\":\"WebPage\",\"@id\":\"https:\/\/glider-battery.eu\/de\/produkt\/batteriekappe-diy\/\",\"url\":\"https:\/\/glider-battery.eu\/de\/produkt\/batteriekappe-diy\/\",\"name\":\"DIY-Kit - Batteriedeckel mit automatischem Schutzschalter 10A\/5A - Glider Battery Shop\",\"isPartOf\":{\"@id\":\"https:\/\/glider-battery.eu\/#website\"},\"primaryImageOfPage\":{\"@id\":\"https:\/\/glider-battery.eu\/de\/produkt\/batteriekappe-diy\/#primaryimage\"},\"image\":{\"@id\":\"https:\/\/glider-battery.eu\/de\/produkt\/batteriekappe-diy\/#primaryimage\"},\"thumbnailUrl\":\"https:\/\/glider-battery.eu\/wp-content\/uploads\/2022\/08\/7-DIY.jpg\",\"datePublished\":\"2022-08-31T10:55:52+00:00\",\"dateModified\":\"2026-05-07T14:17:48+00:00\",\"description\":\"Hochwertige Batteriepolabdeckung mit integriertem Schutzschalter und einem beiliegenden Kabel mit Stecker. Geeignet f\u00fcr Standard 10Ah Batterie.\",\"breadcrumb\":{\"@id\":\"https:\/\/glider-battery.eu\/de\/produkt\/batteriekappe-diy\/#breadcrumb\"},\"inLanguage\":\"de\",\"potentialAction\":[{\"@type\":\"ReadAction\",\"target\":[\"https:\/\/glider-battery.eu\/de\/produkt\/batteriekappe-diy\/\"]}]},{\"@type\":\"ImageObject\",\"inLanguage\":\"de\",\"@id\":\"https:\/\/glider-battery.eu\/de\/produkt\/batteriekappe-diy\/#primaryimage\",\"url\":\"https:\/\/glider-battery.eu\/wp-content\/uploads\/2022\/08\/7-DIY.jpg\",\"contentUrl\":\"https:\/\/glider-battery.eu\/wp-content\/uploads\/2022\/08\/7-DIY.jpg\",\"width\":800,\"height\":800},{\"@type\":\"BreadcrumbList\",\"@id\":\"https:\/\/glider-battery.eu\/de\/produkt\/batteriekappe-diy\/#breadcrumb\",\"itemListElement\":[{\"@type\":\"ListItem\",\"position\":1,\"name\":\"Home\",\"item\":\"https:\/\/glider-battery.eu\/\"},{\"@type\":\"ListItem\",\"position\":2,\"name\":\"Produkte\",\"item\":\"https:\/\/glider-battery.eu\/de\/shopde\/\"},{\"@type\":\"ListItem\",\"position\":3,\"name\":\"DIY-Kit &#8211; Batteriedeckel mit automatischem Schutzschalter 10A\/5A\"}]},{\"@type\":\"WebSite\",\"@id\":\"https:\/\/glider-battery.eu\/#website\",\"url\":\"https:\/\/glider-battery.eu\/\",\"name\":\"Glider Battery Shop\",\"description\":\"Power For Your Electronics\",\"publisher\":{\"@id\":\"https:\/\/glider-battery.eu\/#organization\"},\"potentialAction\":[{\"@type\":\"SearchAction\",\"target\":{\"@type\":\"EntryPoint\",\"urlTemplate\":\"https:\/\/glider-battery.eu\/?s={search_term_string}\"},\"query-input\":{\"@type\":\"PropertyValueSpecification\",\"valueRequired\":true,\"valueName\":\"search_term_string\"}}],\"inLanguage\":\"de\"},{\"@type\":\"Organization\",\"@id\":\"https:\/\/glider-battery.eu\/#organization\",\"name\":\"Glider-Battery.eu\",\"url\":\"https:\/\/glider-battery.eu\/\",\"logo\":{\"@type\":\"ImageObject\",\"inLanguage\":\"de\",\"@id\":\"https:\/\/glider-battery.eu\/#\/schema\/logo\/image\/\",\"url\":\"https:\/\/glider-battery.eu\/wp-content\/uploads\/2018\/01\/dar-grey-logo.png\",\"contentUrl\":\"https:\/\/glider-battery.eu\/wp-content\/uploads\/2018\/01\/dar-grey-logo.png\",\"width\":1300,\"height\":400,\"caption\":\"Glider-Battery.eu\"},\"image\":{\"@id\":\"https:\/\/glider-battery.eu\/#\/schema\/logo\/image\/\"}}]}<\/script>\n<!-- \/ Yoast SEO plugin. -->","yoast_head_json":{"title":"DIY-Kit - Batteriedeckel mit automatischem Schutzschalter 10A\/5A - Glider Battery Shop","description":"Hochwertige Batteriepolabdeckung mit integriertem Schutzschalter und einem beiliegenden Kabel mit Stecker. Geeignet f\u00fcr Standard 10Ah Batterie.","robots":{"index":"index","follow":"follow","max-snippet":"max-snippet:-1","max-image-preview":"max-image-preview:large","max-video-preview":"max-video-preview:-1"},"canonical":"https:\/\/glider-battery.eu\/de\/produkt\/batteriekappe-diy\/","og_locale":"de_DE","og_type":"article","og_title":"DIY-Kit - Batteriedeckel mit automatischem Schutzschalter 10A\/5A - Glider Battery Shop","og_description":"Hochwertige Batteriepolabdeckung mit integriertem Schutzschalter und einem beiliegenden Kabel mit Stecker. Geeignet f\u00fcr Standard 10Ah Batterie.","og_url":"https:\/\/glider-battery.eu\/de\/produkt\/batteriekappe-diy\/","og_site_name":"Glider Battery Shop","article_modified_time":"2026-05-07T14:17:48+00:00","og_image":[{"width":800,"height":800,"url":"https:\/\/glider-battery.eu\/wp-content\/uploads\/2022\/08\/7-DIY.jpg","type":"image\/jpeg"}],"twitter_card":"summary_large_image","twitter_misc":{"Gesch\u00e4tzte Lesezeit":"1\u00a0Minute"},"schema":{"@context":"https:\/\/schema.org","@graph":[{"@type":"WebPage","@id":"https:\/\/glider-battery.eu\/de\/produkt\/batteriekappe-diy\/","url":"https:\/\/glider-battery.eu\/de\/produkt\/batteriekappe-diy\/","name":"DIY-Kit - Batteriedeckel mit automatischem Schutzschalter 10A\/5A - Glider Battery Shop","isPartOf":{"@id":"https:\/\/glider-battery.eu\/#website"},"primaryImageOfPage":{"@id":"https:\/\/glider-battery.eu\/de\/produkt\/batteriekappe-diy\/#primaryimage"},"image":{"@id":"https:\/\/glider-battery.eu\/de\/produkt\/batteriekappe-diy\/#primaryimage"},"thumbnailUrl":"https:\/\/glider-battery.eu\/wp-content\/uploads\/2022\/08\/7-DIY.jpg","datePublished":"2022-08-31T10:55:52+00:00","dateModified":"2026-05-07T14:17:48+00:00","description":"Hochwertige Batteriepolabdeckung mit integriertem Schutzschalter und einem beiliegenden Kabel mit Stecker. Geeignet f\u00fcr Standard 10Ah Batterie.","breadcrumb":{"@id":"https:\/\/glider-battery.eu\/de\/produkt\/batteriekappe-diy\/#breadcrumb"},"inLanguage":"de","potentialAction":[{"@type":"ReadAction","target":["https:\/\/glider-battery.eu\/de\/produkt\/batteriekappe-diy\/"]}]},{"@type":"ImageObject","inLanguage":"de","@id":"https:\/\/glider-battery.eu\/de\/produkt\/batteriekappe-diy\/#primaryimage","url":"https:\/\/glider-battery.eu\/wp-content\/uploads\/2022\/08\/7-DIY.jpg","contentUrl":"https:\/\/glider-battery.eu\/wp-content\/uploads\/2022\/08\/7-DIY.jpg","width":800,"height":800},{"@type":"BreadcrumbList","@id":"https:\/\/glider-battery.eu\/de\/produkt\/batteriekappe-diy\/#breadcrumb","itemListElement":[{"@type":"ListItem","position":1,"name":"Home","item":"https:\/\/glider-battery.eu\/"},{"@type":"ListItem","position":2,"name":"Produkte","item":"https:\/\/glider-battery.eu\/de\/shopde\/"},{"@type":"ListItem","position":3,"name":"DIY-Kit &#8211; Batteriedeckel mit automatischem Schutzschalter 10A\/5A"}]},{"@type":"WebSite","@id":"https:\/\/glider-battery.eu\/#website","url":"https:\/\/glider-battery.eu\/","name":"Glider Battery Shop","description":"Power For Your Electronics","publisher":{"@id":"https:\/\/glider-battery.eu\/#organization"},"potentialAction":[{"@type":"SearchAction","target":{"@type":"EntryPoint","urlTemplate":"https:\/\/glider-battery.eu\/?s={search_term_string}"},"query-input":{"@type":"PropertyValueSpecification","valueRequired":true,"valueName":"search_term_string"}}],"inLanguage":"de"},{"@type":"Organization","@id":"https:\/\/glider-battery.eu\/#organization","name":"Glider-Battery.eu","url":"https:\/\/glider-battery.eu\/","logo":{"@type":"ImageObject","inLanguage":"de","@id":"https:\/\/glider-battery.eu\/#\/schema\/logo\/image\/","url":"https:\/\/glider-battery.eu\/wp-content\/uploads\/2018\/01\/dar-grey-logo.png","contentUrl":"https:\/\/glider-battery.eu\/wp-content\/uploads\/2018\/01\/dar-grey-logo.png","width":1300,"height":400,"caption":"Glider-Battery.eu"},"image":{"@id":"https:\/\/glider-battery.eu\/#\/schema\/logo\/image\/"}}]}},"builder_content":"","_links":{"self":[{"href":"https:\/\/glider-battery.eu\/de\/wp-json\/wp\/v2\/product\/1865","targetHints":{"allow":["GET"]}}],"collection":[{"href":"https:\/\/glider-battery.eu\/de\/wp-json\/wp\/v2\/product"}],"about":[{"href":"https:\/\/glider-battery.eu\/de\/wp-json\/wp\/v2\/types\/product"}],"replies":[{"embeddable":true,"href":"https:\/\/glider-battery.eu\/de\/wp-json\/wp\/v2\/comments?post=1865"}],"wp:featuredmedia":[{"embeddable":true,"href":"https:\/\/glider-battery.eu\/de\/wp-json\/wp\/v2\/media\/1825"}],"wp:attachment":[{"href":"https:\/\/glider-battery.eu\/de\/wp-json\/wp\/v2\/media?parent=1865"}],"wp:term":[{"taxonomy":"product_brand","embeddable":true,"href":"https:\/\/glider-battery.eu\/de\/wp-json\/wp\/v2\/product_brand?post=1865"},{"taxonomy":"product_cat","embeddable":true,"href":"https:\/\/glider-battery.eu\/de\/wp-json\/wp\/v2\/product_cat?post=1865"},{"taxonomy":"product_tag","embeddable":true,"href":"https:\/\/glider-battery.eu\/de\/wp-json\/wp\/v2\/product_tag?post=1865"}],"curies":[{"name":"wp","href":"https:\/\/api.w.org\/{rel}","templated":true}]}}