{"id":1871,"date":"2022-08-30T11:52:35","date_gmt":"2022-08-30T11:52:35","guid":{"rendered":"https:\/\/glider-battery.eu\/?post_type=product&#038;p=1871"},"modified":"2025-07-22T17:57:31","modified_gmt":"2025-07-22T17:57:31","slug":"batteriefachdeckel","status":"publish","type":"product","link":"https:\/\/glider-battery.eu\/de\/produkt\/batteriefachdeckel\/","title":{"rendered":"Batteriedeckel mit automatischem Schutzschalter 10A\/5A"},"content":{"rendered":"<p>Segelflugzeug-Batterieabdeckung mit automatischem Unterbrecher f\u00fcr die Batterie Ihres Segelflugzeugs (passend f\u00fcr 10A glider-battery.eu-Batterie) mit integriertem automatischem Unterbrecher (press-to-reset). Die Box ist aus strapazierf\u00e4higem Kunststoff gefertigt, leicht und schraubenlos. Der Deckel der Box l\u00e4sst sich mit einem internen Verriegelungsmechanismus \u00f6ffnen und schlie\u00dfen, so dass er von au\u00dfen sch\u00f6n und ordentlich aussieht und ohne Werkzeug leicht zu \u00f6ffnen ist.<\/p>\n<p>Die Kappe ist in schwarzer Farbe.<\/p>\n<p>Die Glider-Batterieabdeckung ist eine perfekte L\u00f6sung, um Ihre Batteriepole vor \u00e4u\u00dferen Sch\u00e4den, Korrosion und Kurzschl\u00fcssen zu sch\u00fctzen.<\/p>\n<p>Der Qualit\u00e4ts-Klemmenkasten wird mit einem integrierten 10A-Schutzschalter mit &#8222;Press-to-Reset&#8220;-Taste und allen notwendigen Zubeh\u00f6rteilen geliefert, um Ihr Batteriesystem in Betrieb zu nehmen, das entweder von uns oder als Do-It-Yourself-Version montiert werden kann.<\/p>\n<p>Die Artikel umfassen:<\/p>\n<ul>\n<li>Qualit\u00e4tsbox (Klemmenabdeckung);<\/li>\n<li>Hochwertiger Schachteldeckel;<\/li>\n<li>10A Automatischer Schutzschalter (Press-to-Reset);<\/li>\n<li>Geflochtenes, geh\u00e4usegesch\u00fctztes Kabel f\u00fcr Plus- (+) und Minuspole (-), vorkonfektioniert mit einem ausgew\u00e4hlten Luftfahrtstecker GX16 (3-polig oder 2-polig) Buchse &#8211; 40 cm;<\/li>\n<li>2x Batterieanschlussklemmen (Flachstecker);<\/li>\n<li>2x Sicherungsklemmleisten (90\u00b0-Winkel, Flachstecker).<\/li>\n<\/ul>\n<p>Abmessungen einer Schachtel: <strong>LxBxH<\/strong><strong>:50x62x21<\/strong><\/p>\n<p>Zus\u00e4tzlich k\u00f6nnen Sie f\u00fcr Ihr Ladeger\u00e4t oder ein Segelflugzeug GX16-Stecker (3-polig oder 2-polig) mit angeschlossenen Plus- und Minuskabeln bestellen.<\/p>\n<p>Geeignet f\u00fcr 10Ah Batterie:<\/p>\n<blockquote class=\"wp-embedded-content\" data-secret=\"J3XLg7jRfR\"><p><a href=\"https:\/\/glider-battery.eu\/product\/lifepo4-battery-10ah\/\">Glider Battery LiFePO4, 10AH v2.0<\/a><\/p><\/blockquote>\n<p><iframe loading=\"lazy\" class=\"wp-embedded-content\" sandbox=\"allow-scripts\" security=\"restricted\" style=\"position: absolute; clip: rect(1px, 1px, 1px, 1px);\" title=\"&#8220;Glider Battery LiFePO4, 10AH v2.0&#8221; &#8212; Glider Battery Shop\" src=\"https:\/\/glider-battery.eu\/product\/lifepo4-battery-10ah\/embed\/#?secret=ifEvdjYrXv#?secret=J3XLg7jRfR\" data-secret=\"J3XLg7jRfR\" width=\"600\" height=\"338\" frameborder=\"0\" marginwidth=\"0\" marginheight=\"0\" scrolling=\"no\"><\/iframe><\/p>\n<!--themify_builder_content-->\n<div id=\"themify_builder_content-1871\" data-postid=\"1871\" class=\"themify_builder_content themify_builder_content-1871 themify_builder tf_clear\">\n    <\/div>\n<!--\/themify_builder_content-->\n","protected":false},"excerpt":{"rendered":"<p>Vor dem Flug m\u00fcssen keine Sicherungen, B\u00e4nder oder Dr\u00e4hte mehr mitgef\u00fchrt werden. Das Risiko eines Kurzschlusses in Ihrem Segelflugzeug entf\u00e4llt. Eine sichere und saubere Art, sich gegen hohe Str\u00f6me zu sch\u00fctzen, die Batteriepole abzudecken und eine sichere Batterieverbindung zu Ihrem Flugzeug zu haben.<\/p>\n<p>Segelflugzeug-Batterieabdeckung mit automatischem Unterbrecher f\u00fcr die Batterie Ihres Segelflugzeugs (passend f\u00fcr 10A glider-battery.eu-Batterie) mit integriertem automatischem Unterbrecher (zum Zur\u00fccksetzen dr\u00fccken). Die Box ist aus strapazierf\u00e4higem Kunststoff gefertigt, leicht und schraubenlos. Der Deckel der Box l\u00e4sst sich mit einem internen Verriegelungsmechanismus \u00f6ffnen und schlie\u00dfen, so dass er von au\u00dfen sch\u00f6n und ordentlich aussieht und ohne Werkzeug leicht zu \u00f6ffnen ist.<\/p>\n<p>Die Box ist in schwarzer Farbe.<\/p>\n<p>Der Batteriedeckel ist die perfekte L\u00f6sung, um Ihre Batteriepole vor \u00e4u\u00dferen Sch\u00e4den, Korrosion und Kurzschl\u00fcssen zu sch\u00fctzen.<\/p>\n<p>Der Qualit\u00e4ts-Klemmenkasten wird mit einem integrierten 10A-Schutzschalter mit &#8222;Press-to-Reset&#8220;-Taste und allen notwendigen Zubeh\u00f6rteilen geliefert, um Ihr Batteriesystem in Betrieb zu nehmen, das entweder von uns oder als Do-It-Yourself-Version montiert werden kann.<\/p>\n<p>Die Artikel umfassen:<\/p>\n<ul>\n<li>Qualit\u00e4tsbox (Klemmenabdeckung);<\/li>\n<li>Hochwertiger Schachteldeckel;<\/li>\n<li>10A Automatischer Schutzschalter (Press-to-Reset);<\/li>\n<li>Geflochtenes, geh\u00e4usegesch\u00fctztes Kabel f\u00fcr Plus- (+) und Minuspole (-), vorkonfektioniert mit einem ausgew\u00e4hlten Luftfahrtstecker GX16 (3-polig oder 2-polig) Buchse &#8211; 40 cm;<\/li>\n<li>2x Batterieanschlussklemmen (Flachstecker);<\/li>\n<li>2x Sicherungsklemmleisten (90\u00b0-Winkel, Flachstecker).<\/li>\n<\/ul>\n","protected":false},"featured_media":1806,"comment_status":"open","ping_status":"closed","template":"","meta":[],"product_brand":[],"product_cat":[219,179,210],"product_tag":[301,146,305,174,306,310,309,299,296,303,312,307,293,150,311,149,289,291,294],"class_list":{"0":"post-1871","1":"product","2":"type-product","3":"status-publish","4":"has-post-thumbnail","6":"product_cat-accessoires-de","7":"product_cat-zubehor-de","8":"product_cat-zubehor-de-2","9":"product_tag-abdeckung-der-batterieklemmen","10":"product_tag-aeroshop-de","11":"product_tag-anschlusskappe","12":"product_tag-batterie-de-3","13":"product_tag-batteriefachdeckel","14":"product_tag-batteriezubehor","15":"product_tag-deutschland","16":"product_tag-gx-de","17":"product_tag-gx-anschluss","18":"product_tag-klemmenabdeckung","19":"product_tag-luftfahrt","20":"product_tag-navboys-de","21":"product_tag-schutzschalterkasten","22":"product_tag-segelflugbatterie","23":"product_tag-segelflugzeuge","24":"product_tag-segelflugzubehor","25":"product_tag-sicherung","26":"product_tag-sicherungskasten","27":"product_tag-xlr-stecker","28":"has-post-title","29":"has-post-date","30":"has-post-category","31":"has-post-tag","32":"has-post-comment","33":"has-post-author","34":"","36":"first","37":"instock","38":"taxable","39":"shipping-taxable","40":"purchasable","41":"product-type-variable"},"yoast_head":"<!-- This site is optimized with the Yoast SEO plugin v27.0 - https:\/\/yoast.com\/product\/yoast-seo-wordpress\/ -->\n<title>Batteriedeckel mit automatischem Schutzschalter 10A\/5A - Glider Battery Shop<\/title>\n<meta name=\"description\" content=\"Hochwertige Batteriepolabdeckung mit integriertem Schutzschalter und einem beiliegenden Kabel mit Stecker. Geeignet f\u00fcr Standard 10Ah Batterie.\" \/>\n<meta name=\"robots\" content=\"index, follow, max-snippet:-1, max-image-preview:large, max-video-preview:-1\" \/>\n<link rel=\"canonical\" href=\"https:\/\/glider-battery.eu\/produkt\/battery-cap\/\" \/>\n<meta property=\"og:locale\" content=\"de_DE\" \/>\n<meta property=\"og:type\" content=\"article\" \/>\n<meta property=\"og:title\" content=\"Batteriedeckel mit automatischem Schutzschalter 10A\/5A - Glider Battery Shop\" \/>\n<meta property=\"og:description\" content=\"Hochwertige Batteriepolabdeckung mit integriertem Schutzschalter und einem beiliegenden Kabel mit Stecker. Geeignet f\u00fcr Standard 10Ah Batterie.\" \/>\n<meta property=\"og:url\" content=\"https:\/\/glider-battery.eu\/produkt\/battery-cap\/\" \/>\n<meta property=\"og:site_name\" content=\"Glider Battery Shop\" \/>\n<meta property=\"article:modified_time\" content=\"2025-07-22T17:57:31+00:00\" \/>\n<meta property=\"og:image\" content=\"https:\/\/glider-battery.eu\/wp-content\/uploads\/2022\/08\/7.jpg\" \/>\n\t<meta property=\"og:image:width\" content=\"800\" \/>\n\t<meta property=\"og:image:height\" content=\"800\" \/>\n\t<meta property=\"og:image:type\" content=\"image\/jpeg\" \/>\n<meta name=\"twitter:card\" content=\"summary_large_image\" \/>\n<meta name=\"twitter:label1\" content=\"Gesch\u00e4tzte Lesezeit\" \/>\n\t<meta name=\"twitter:data1\" content=\"1\u00a0Minute\" \/>\n<script type=\"application\/ld+json\" class=\"yoast-schema-graph\">{\"@context\":\"https:\/\/schema.org\",\"@graph\":[{\"@type\":\"WebPage\",\"@id\":\"https:\/\/glider-battery.eu\/produkt\/battery-cap\/\",\"url\":\"https:\/\/glider-battery.eu\/produkt\/battery-cap\/\",\"name\":\"Batteriedeckel mit automatischem Schutzschalter 10A\/5A - Glider Battery Shop\",\"isPartOf\":{\"@id\":\"https:\/\/glider-battery.eu\/#website\"},\"primaryImageOfPage\":{\"@id\":\"https:\/\/glider-battery.eu\/produkt\/battery-cap\/#primaryimage\"},\"image\":{\"@id\":\"https:\/\/glider-battery.eu\/produkt\/battery-cap\/#primaryimage\"},\"thumbnailUrl\":\"https:\/\/glider-battery.eu\/wp-content\/uploads\/2022\/08\/7.jpg\",\"datePublished\":\"2022-08-30T11:52:35+00:00\",\"dateModified\":\"2025-07-22T17:57:31+00:00\",\"description\":\"Hochwertige Batteriepolabdeckung mit integriertem Schutzschalter und einem beiliegenden Kabel mit Stecker. Geeignet f\u00fcr Standard 10Ah Batterie.\",\"breadcrumb\":{\"@id\":\"https:\/\/glider-battery.eu\/produkt\/battery-cap\/#breadcrumb\"},\"inLanguage\":\"de\",\"potentialAction\":[{\"@type\":\"ReadAction\",\"target\":[\"https:\/\/glider-battery.eu\/produkt\/battery-cap\/\"]}]},{\"@type\":\"ImageObject\",\"inLanguage\":\"de\",\"@id\":\"https:\/\/glider-battery.eu\/produkt\/battery-cap\/#primaryimage\",\"url\":\"https:\/\/glider-battery.eu\/wp-content\/uploads\/2022\/08\/7.jpg\",\"contentUrl\":\"https:\/\/glider-battery.eu\/wp-content\/uploads\/2022\/08\/7.jpg\",\"width\":800,\"height\":800,\"caption\":\"Klemmenabdeckung der Batterie2\"},{\"@type\":\"BreadcrumbList\",\"@id\":\"https:\/\/glider-battery.eu\/produkt\/battery-cap\/#breadcrumb\",\"itemListElement\":[{\"@type\":\"ListItem\",\"position\":1,\"name\":\"Home\",\"item\":\"https:\/\/glider-battery.eu\/\"},{\"@type\":\"ListItem\",\"position\":2,\"name\":\"Produkte\",\"item\":\"https:\/\/glider-battery.eu\/de\/shopde\/\"},{\"@type\":\"ListItem\",\"position\":3,\"name\":\"Batteriedeckel mit automatischem Schutzschalter 10A\/5A\"}]},{\"@type\":\"WebSite\",\"@id\":\"https:\/\/glider-battery.eu\/#website\",\"url\":\"https:\/\/glider-battery.eu\/\",\"name\":\"Glider Battery Shop\",\"description\":\"Power For Your Electronics\",\"publisher\":{\"@id\":\"https:\/\/glider-battery.eu\/#organization\"},\"potentialAction\":[{\"@type\":\"SearchAction\",\"target\":{\"@type\":\"EntryPoint\",\"urlTemplate\":\"https:\/\/glider-battery.eu\/?s={search_term_string}\"},\"query-input\":{\"@type\":\"PropertyValueSpecification\",\"valueRequired\":true,\"valueName\":\"search_term_string\"}}],\"inLanguage\":\"de\"},{\"@type\":\"Organization\",\"@id\":\"https:\/\/glider-battery.eu\/#organization\",\"name\":\"Glider-Battery.eu\",\"url\":\"https:\/\/glider-battery.eu\/\",\"logo\":{\"@type\":\"ImageObject\",\"inLanguage\":\"de\",\"@id\":\"https:\/\/glider-battery.eu\/#\/schema\/logo\/image\/\",\"url\":\"https:\/\/glider-battery.eu\/wp-content\/uploads\/2018\/01\/dar-grey-logo.png\",\"contentUrl\":\"https:\/\/glider-battery.eu\/wp-content\/uploads\/2018\/01\/dar-grey-logo.png\",\"width\":1300,\"height\":400,\"caption\":\"Glider-Battery.eu\"},\"image\":{\"@id\":\"https:\/\/glider-battery.eu\/#\/schema\/logo\/image\/\"}}]}<\/script>\n<!-- \/ Yoast SEO plugin. -->","yoast_head_json":{"title":"Batteriedeckel mit automatischem Schutzschalter 10A\/5A - Glider Battery Shop","description":"Hochwertige Batteriepolabdeckung mit integriertem Schutzschalter und einem beiliegenden Kabel mit Stecker. Geeignet f\u00fcr Standard 10Ah Batterie.","robots":{"index":"index","follow":"follow","max-snippet":"max-snippet:-1","max-image-preview":"max-image-preview:large","max-video-preview":"max-video-preview:-1"},"canonical":"https:\/\/glider-battery.eu\/produkt\/battery-cap\/","og_locale":"de_DE","og_type":"article","og_title":"Batteriedeckel mit automatischem Schutzschalter 10A\/5A - Glider Battery Shop","og_description":"Hochwertige Batteriepolabdeckung mit integriertem Schutzschalter und einem beiliegenden Kabel mit Stecker. Geeignet f\u00fcr Standard 10Ah Batterie.","og_url":"https:\/\/glider-battery.eu\/produkt\/battery-cap\/","og_site_name":"Glider Battery Shop","article_modified_time":"2025-07-22T17:57:31+00:00","og_image":[{"width":800,"height":800,"url":"https:\/\/glider-battery.eu\/wp-content\/uploads\/2022\/08\/7.jpg","type":"image\/jpeg"}],"twitter_card":"summary_large_image","twitter_misc":{"Gesch\u00e4tzte Lesezeit":"1\u00a0Minute"},"schema":{"@context":"https:\/\/schema.org","@graph":[{"@type":"WebPage","@id":"https:\/\/glider-battery.eu\/produkt\/battery-cap\/","url":"https:\/\/glider-battery.eu\/produkt\/battery-cap\/","name":"Batteriedeckel mit automatischem Schutzschalter 10A\/5A - Glider Battery Shop","isPartOf":{"@id":"https:\/\/glider-battery.eu\/#website"},"primaryImageOfPage":{"@id":"https:\/\/glider-battery.eu\/produkt\/battery-cap\/#primaryimage"},"image":{"@id":"https:\/\/glider-battery.eu\/produkt\/battery-cap\/#primaryimage"},"thumbnailUrl":"https:\/\/glider-battery.eu\/wp-content\/uploads\/2022\/08\/7.jpg","datePublished":"2022-08-30T11:52:35+00:00","dateModified":"2025-07-22T17:57:31+00:00","description":"Hochwertige Batteriepolabdeckung mit integriertem Schutzschalter und einem beiliegenden Kabel mit Stecker. Geeignet f\u00fcr Standard 10Ah Batterie.","breadcrumb":{"@id":"https:\/\/glider-battery.eu\/produkt\/battery-cap\/#breadcrumb"},"inLanguage":"de","potentialAction":[{"@type":"ReadAction","target":["https:\/\/glider-battery.eu\/produkt\/battery-cap\/"]}]},{"@type":"ImageObject","inLanguage":"de","@id":"https:\/\/glider-battery.eu\/produkt\/battery-cap\/#primaryimage","url":"https:\/\/glider-battery.eu\/wp-content\/uploads\/2022\/08\/7.jpg","contentUrl":"https:\/\/glider-battery.eu\/wp-content\/uploads\/2022\/08\/7.jpg","width":800,"height":800,"caption":"Klemmenabdeckung der Batterie2"},{"@type":"BreadcrumbList","@id":"https:\/\/glider-battery.eu\/produkt\/battery-cap\/#breadcrumb","itemListElement":[{"@type":"ListItem","position":1,"name":"Home","item":"https:\/\/glider-battery.eu\/"},{"@type":"ListItem","position":2,"name":"Produkte","item":"https:\/\/glider-battery.eu\/de\/shopde\/"},{"@type":"ListItem","position":3,"name":"Batteriedeckel mit automatischem Schutzschalter 10A\/5A"}]},{"@type":"WebSite","@id":"https:\/\/glider-battery.eu\/#website","url":"https:\/\/glider-battery.eu\/","name":"Glider Battery Shop","description":"Power For Your Electronics","publisher":{"@id":"https:\/\/glider-battery.eu\/#organization"},"potentialAction":[{"@type":"SearchAction","target":{"@type":"EntryPoint","urlTemplate":"https:\/\/glider-battery.eu\/?s={search_term_string}"},"query-input":{"@type":"PropertyValueSpecification","valueRequired":true,"valueName":"search_term_string"}}],"inLanguage":"de"},{"@type":"Organization","@id":"https:\/\/glider-battery.eu\/#organization","name":"Glider-Battery.eu","url":"https:\/\/glider-battery.eu\/","logo":{"@type":"ImageObject","inLanguage":"de","@id":"https:\/\/glider-battery.eu\/#\/schema\/logo\/image\/","url":"https:\/\/glider-battery.eu\/wp-content\/uploads\/2018\/01\/dar-grey-logo.png","contentUrl":"https:\/\/glider-battery.eu\/wp-content\/uploads\/2018\/01\/dar-grey-logo.png","width":1300,"height":400,"caption":"Glider-Battery.eu"},"image":{"@id":"https:\/\/glider-battery.eu\/#\/schema\/logo\/image\/"}}]}},"builder_content":"","_links":{"self":[{"href":"https:\/\/glider-battery.eu\/de\/wp-json\/wp\/v2\/product\/1871","targetHints":{"allow":["GET"]}}],"collection":[{"href":"https:\/\/glider-battery.eu\/de\/wp-json\/wp\/v2\/product"}],"about":[{"href":"https:\/\/glider-battery.eu\/de\/wp-json\/wp\/v2\/types\/product"}],"replies":[{"embeddable":true,"href":"https:\/\/glider-battery.eu\/de\/wp-json\/wp\/v2\/comments?post=1871"}],"wp:featuredmedia":[{"embeddable":true,"href":"https:\/\/glider-battery.eu\/de\/wp-json\/wp\/v2\/media\/1806"}],"wp:attachment":[{"href":"https:\/\/glider-battery.eu\/de\/wp-json\/wp\/v2\/media?parent=1871"}],"wp:term":[{"taxonomy":"product_brand","embeddable":true,"href":"https:\/\/glider-battery.eu\/de\/wp-json\/wp\/v2\/product_brand?post=1871"},{"taxonomy":"product_cat","embeddable":true,"href":"https:\/\/glider-battery.eu\/de\/wp-json\/wp\/v2\/product_cat?post=1871"},{"taxonomy":"product_tag","embeddable":true,"href":"https:\/\/glider-battery.eu\/de\/wp-json\/wp\/v2\/product_tag?post=1871"}],"curies":[{"name":"wp","href":"https:\/\/api.w.org\/{rel}","templated":true}]}}