{"id":1888,"date":"2022-09-07T22:11:55","date_gmt":"2022-09-07T22:11:55","guid":{"rendered":"https:\/\/glider-battery.eu\/product\/luftfahrt-batterieanschlusskabel-gx16-3-pin-2-pin\/"},"modified":"2022-09-07T22:12:05","modified_gmt":"2022-09-07T22:12:05","slug":"luftfahrt-batterieanschlusskabel-gx16-3-pin-2-pin","status":"publish","type":"product","link":"https:\/\/glider-battery.eu\/de\/produkt\/luftfahrt-batterieanschlusskabel-gx16-3-pin-2-pin\/","title":{"rendered":"Luftfahrt-Batterieanschlusskabel GX16 3-Pin \/ 2-Pin"},"content":{"rendered":"<p>Gesch\u00fctztes Batterieanschlusskabel von den Batterieklemmen zum GX16 F (2-Pin und 3-Pin) mit Schutzgeh\u00e4use.<\/p>\n<p>Enth\u00e4lt:<\/p>\n<ul>\n<li>Luftfahrtstecker GX16 2-PIN \/ 3-PIN (bekannt als XLR mit Gewinde) Buchsengeh\u00e4use zum \u00d6ffnen der positiven (+) und negativen (-) Kabelenden<\/li>\n<li>Flammhemmendes Geh\u00e4use aus geflochtenem Nylon<\/li>\n<li>Kabell\u00e4nge &#8211; 40cm<\/li>\n<\/ul>\n<p>Geeignet f\u00fcr:<\/p>\n<ol>\n<li>Batterie-Gleitschirm-Verbindung<\/li>\n<li>Batterieladeger\u00e4t GX16 (&#8218;aka&#8216; Threaded XLR) 2-PIN \/ 3-PIN Male Adapteranschluss<\/li>\n<\/ol>\n<p>Der flammhemmende Flechtschlauch sch\u00fctzt vor mechanischer Besch\u00e4digung des Kabels (Ziehen, \u00fcberm\u00e4\u00dfiges Biegen, Abrieb, Ziehen, Materialerm\u00fcdung) und reduziert die Flammenausbreitung.<\/p>\n<p>Sorgt daf\u00fcr, dass die elektrische Anlage Ihres Segelflugzeugs ordentlich und aufger\u00e4umt aussieht und l\u00e4nger h\u00e4lt.<\/p>\n<p>&nbsp;<\/p>\n<p>Diese L\u00f6sung funktioniert perfekt mit Glider Battery 10Ah und Glider Battery 15Ah Batterien.<\/p>\n<p>Sie k\u00f6nnen sie direkt bestellen:<\/p>\n<blockquote class=\"wp-embedded-content\" data-secret=\"gkfr9FzDcK\"><p><a href=\"https:\/\/glider-battery.eu\/product\/lifepo4-battery-10ah\/\">Glider Battery LiFePO4, 10AH v2.0<\/a><\/p><\/blockquote>\n<p><iframe loading=\"lazy\" class=\"wp-embedded-content\" sandbox=\"allow-scripts\" security=\"restricted\" style=\"position: absolute; clip: rect(1px, 1px, 1px, 1px);\" title=\"&#8222;Glider Battery LiFePO4, 10AH v2.0&#8220; &#8212; Glider Battery Shop\" src=\"https:\/\/glider-battery.eu\/product\/lifepo4-battery-10ah\/embed\/#?secret=3akOaV1ju5#?secret=gkfr9FzDcK\" data-secret=\"gkfr9FzDcK\" width=\"600\" height=\"338\" frameborder=\"0\" marginwidth=\"0\" marginheight=\"0\" scrolling=\"no\"><\/iframe><\/p>\n<p>&nbsp;<\/p>\n<p>Das gesch\u00fctzte Batterieanschlusskabel ist 40 cm lang, von den Anschlussklemmen bis zur Spitze des GX16-Gewindeanschlusses. Das Produkt wird mit der F (Female) Seite des GX16 2\/3-Pins Gewindesteckers geliefert. Damit das System funktioniert, muss der Typ M (Stecker) separat bestellt werden. Den m\u00e4nnlichen Typ f\u00fcr Ihr Ladeger\u00e4t oder Ihren Gleiter finden Sie in unserer Produktliste.<\/p>\n<p>&nbsp;<\/p>\n<!--themify_builder_content-->\n<div id=\"themify_builder_content-1888\" data-postid=\"1888\" class=\"themify_builder_content themify_builder_content-1888 themify_builder tf_clear\">\n    <\/div>\n<!--\/themify_builder_content-->\n","protected":false},"excerpt":{"rendered":"<p>Gesch\u00fctztes Batterieanschlusskabel von den Batterieklemmen zum GX16 F (2-Pin und 3-Pin) mit Schutzgeh\u00e4use.<\/p>\n<p>Enth\u00e4lt:<\/p>\n<ul>\n<li>Luftfahrtstecker GX16 2-PIN \/ 3-PIN (bekannt als XLR mit Gewinde) Buchsengeh\u00e4use zum \u00d6ffnen der positiven (+) und negativen (-) Kabelenden<\/li>\n<li>Flammhemmendes Geh\u00e4use aus geflochtenem Nylon<\/li>\n<li>Kabell\u00e4nge &#8211; 40cm<\/li>\n<\/ul>\n<p>Geeignet f\u00fcr:<\/p>\n<ol>\n<li>Batterie-Gleitschirm-Verbindung<\/li>\n<li>Batterieladeger\u00e4t GX16 (&#8218;aka&#8216; Threaded XLR) 2-PIN \/ 3-PIN Male Adapteranschluss<\/li>\n<\/ol>\n<p>Der flammhemmende Flechtschlauch sch\u00fctzt vor mechanischer Besch\u00e4digung des Kabels (Ziehen, \u00fcberm\u00e4\u00dfiges Biegen, Abrieb, Ziehen, Materialerm\u00fcdung) und reduziert die Flammenausbreitung.<\/p>\n<p>Sorgt daf\u00fcr, dass die elektrische Anlage Ihres Segelflugzeugs sauber und aufger\u00e4umt aussieht und l\u00e4nger h\u00e4lt.<\/p>\n","protected":false},"featured_media":1783,"comment_status":"closed","ping_status":"closed","template":"","meta":[],"product_brand":[],"product_cat":[219,210,179],"product_tag":[],"class_list":{"0":"post-1888","1":"product","2":"type-product","3":"status-publish","4":"has-post-thumbnail","6":"product_cat-accessoires-de","7":"product_cat-zubehor-de-2","8":"product_cat-zubehor-de","9":"has-post-title","10":"has-post-date","11":"has-post-category","12":"has-post-tag","13":"has-post-comment","14":"has-post-author","15":"","17":"first","18":"instock","19":"taxable","20":"shipping-taxable","21":"purchasable","22":"product-type-variable"},"yoast_head":"<!-- This site is optimized with the Yoast SEO plugin v27.0 - https:\/\/yoast.com\/product\/yoast-seo-wordpress\/ -->\n<title>Luftfahrt-Batterieanschlusskabel GX16 3-Pin \/ 2-Pin - Glider Battery Shop<\/title>\n<meta name=\"description\" content=\"XLR-3-Pin-Anschlusskabel mit Batterieanschl\u00fcssen und Schutzgeh\u00e4use. Langlebige L\u00f6sung f\u00fcr den mechanischen Schutz von Kabeln.\" \/>\n<meta name=\"robots\" content=\"index, follow, max-snippet:-1, max-image-preview:large, max-video-preview:-1\" \/>\n<link rel=\"canonical\" href=\"https:\/\/glider-battery.eu\/de\/?post_type=product&p=1888\" \/>\n<meta property=\"og:locale\" content=\"de_DE\" \/>\n<meta property=\"og:type\" content=\"article\" \/>\n<meta property=\"og:title\" content=\"Luftfahrt-Batterieanschlusskabel GX16 3-Pin \/ 2-Pin - Glider Battery Shop\" \/>\n<meta property=\"og:description\" content=\"XLR-3-Pin-Anschlusskabel mit Batterieanschl\u00fcssen und Schutzgeh\u00e4use. Langlebige L\u00f6sung f\u00fcr den mechanischen Schutz von Kabeln.\" \/>\n<meta property=\"og:url\" content=\"https:\/\/glider-battery.eu\/de\/?post_type=product&amp;p=1888\" \/>\n<meta property=\"og:site_name\" content=\"Glider Battery Shop\" \/>\n<meta property=\"article:modified_time\" content=\"2022-09-07T22:12:05+00:00\" \/>\n<meta property=\"og:image\" content=\"https:\/\/glider-battery.eu\/wp-content\/uploads\/2022\/08\/3.jpg\" \/>\n\t<meta property=\"og:image:width\" content=\"800\" \/>\n\t<meta property=\"og:image:height\" content=\"800\" \/>\n\t<meta property=\"og:image:type\" content=\"image\/jpeg\" \/>\n<meta name=\"twitter:card\" content=\"summary_large_image\" \/>\n<meta name=\"twitter:label1\" content=\"Gesch\u00e4tzte Lesezeit\" \/>\n\t<meta name=\"twitter:data1\" content=\"1\u00a0Minute\" \/>\n<script type=\"application\/ld+json\" class=\"yoast-schema-graph\">{\"@context\":\"https:\/\/schema.org\",\"@graph\":[{\"@type\":\"WebPage\",\"@id\":\"https:\/\/glider-battery.eu\/de\/?post_type=product&p=1888\",\"url\":\"https:\/\/glider-battery.eu\/de\/?post_type=product&p=1888\",\"name\":\"Luftfahrt-Batterieanschlusskabel GX16 3-Pin \/ 2-Pin - Glider Battery Shop\",\"isPartOf\":{\"@id\":\"https:\/\/glider-battery.eu\/#website\"},\"primaryImageOfPage\":{\"@id\":\"https:\/\/glider-battery.eu\/de\/?post_type=product&p=1888#primaryimage\"},\"image\":{\"@id\":\"https:\/\/glider-battery.eu\/de\/?post_type=product&p=1888#primaryimage\"},\"thumbnailUrl\":\"https:\/\/glider-battery.eu\/wp-content\/uploads\/2022\/08\/3.jpg\",\"datePublished\":\"2022-09-07T22:11:55+00:00\",\"dateModified\":\"2022-09-07T22:12:05+00:00\",\"description\":\"XLR-3-Pin-Anschlusskabel mit Batterieanschl\u00fcssen und Schutzgeh\u00e4use. Langlebige L\u00f6sung f\u00fcr den mechanischen Schutz von Kabeln.\",\"breadcrumb\":{\"@id\":\"https:\/\/glider-battery.eu\/de\/?post_type=product&p=1888#breadcrumb\"},\"inLanguage\":\"de\",\"potentialAction\":[{\"@type\":\"ReadAction\",\"target\":[\"https:\/\/glider-battery.eu\/de\/?post_type=product&p=1888\"]}]},{\"@type\":\"ImageObject\",\"inLanguage\":\"de\",\"@id\":\"https:\/\/glider-battery.eu\/de\/?post_type=product&p=1888#primaryimage\",\"url\":\"https:\/\/glider-battery.eu\/wp-content\/uploads\/2022\/08\/3.jpg\",\"contentUrl\":\"https:\/\/glider-battery.eu\/wp-content\/uploads\/2022\/08\/3.jpg\",\"width\":800,\"height\":800,\"caption\":\"2pin\"},{\"@type\":\"BreadcrumbList\",\"@id\":\"https:\/\/glider-battery.eu\/de\/?post_type=product&p=1888#breadcrumb\",\"itemListElement\":[{\"@type\":\"ListItem\",\"position\":1,\"name\":\"Home\",\"item\":\"https:\/\/glider-battery.eu\/\"},{\"@type\":\"ListItem\",\"position\":2,\"name\":\"Produkte\",\"item\":\"https:\/\/glider-battery.eu\/de\/shopde\/\"},{\"@type\":\"ListItem\",\"position\":3,\"name\":\"Luftfahrt-Batterieanschlusskabel GX16 3-Pin \/ 2-Pin\"}]},{\"@type\":\"WebSite\",\"@id\":\"https:\/\/glider-battery.eu\/#website\",\"url\":\"https:\/\/glider-battery.eu\/\",\"name\":\"Glider Battery Shop\",\"description\":\"Power For Your Electronics\",\"publisher\":{\"@id\":\"https:\/\/glider-battery.eu\/#organization\"},\"potentialAction\":[{\"@type\":\"SearchAction\",\"target\":{\"@type\":\"EntryPoint\",\"urlTemplate\":\"https:\/\/glider-battery.eu\/?s={search_term_string}\"},\"query-input\":{\"@type\":\"PropertyValueSpecification\",\"valueRequired\":true,\"valueName\":\"search_term_string\"}}],\"inLanguage\":\"de\"},{\"@type\":\"Organization\",\"@id\":\"https:\/\/glider-battery.eu\/#organization\",\"name\":\"Glider-Battery.eu\",\"url\":\"https:\/\/glider-battery.eu\/\",\"logo\":{\"@type\":\"ImageObject\",\"inLanguage\":\"de\",\"@id\":\"https:\/\/glider-battery.eu\/#\/schema\/logo\/image\/\",\"url\":\"https:\/\/glider-battery.eu\/wp-content\/uploads\/2018\/01\/dar-grey-logo.png\",\"contentUrl\":\"https:\/\/glider-battery.eu\/wp-content\/uploads\/2018\/01\/dar-grey-logo.png\",\"width\":1300,\"height\":400,\"caption\":\"Glider-Battery.eu\"},\"image\":{\"@id\":\"https:\/\/glider-battery.eu\/#\/schema\/logo\/image\/\"}}]}<\/script>\n<!-- \/ Yoast SEO plugin. -->","yoast_head_json":{"title":"Luftfahrt-Batterieanschlusskabel GX16 3-Pin \/ 2-Pin - Glider Battery Shop","description":"XLR-3-Pin-Anschlusskabel mit Batterieanschl\u00fcssen und Schutzgeh\u00e4use. Langlebige L\u00f6sung f\u00fcr den mechanischen Schutz von Kabeln.","robots":{"index":"index","follow":"follow","max-snippet":"max-snippet:-1","max-image-preview":"max-image-preview:large","max-video-preview":"max-video-preview:-1"},"canonical":"https:\/\/glider-battery.eu\/de\/?post_type=product&p=1888","og_locale":"de_DE","og_type":"article","og_title":"Luftfahrt-Batterieanschlusskabel GX16 3-Pin \/ 2-Pin - Glider Battery Shop","og_description":"XLR-3-Pin-Anschlusskabel mit Batterieanschl\u00fcssen und Schutzgeh\u00e4use. Langlebige L\u00f6sung f\u00fcr den mechanischen Schutz von Kabeln.","og_url":"https:\/\/glider-battery.eu\/de\/?post_type=product&p=1888","og_site_name":"Glider Battery Shop","article_modified_time":"2022-09-07T22:12:05+00:00","og_image":[{"width":800,"height":800,"url":"https:\/\/glider-battery.eu\/wp-content\/uploads\/2022\/08\/3.jpg","type":"image\/jpeg"}],"twitter_card":"summary_large_image","twitter_misc":{"Gesch\u00e4tzte Lesezeit":"1\u00a0Minute"},"schema":{"@context":"https:\/\/schema.org","@graph":[{"@type":"WebPage","@id":"https:\/\/glider-battery.eu\/de\/?post_type=product&p=1888","url":"https:\/\/glider-battery.eu\/de\/?post_type=product&p=1888","name":"Luftfahrt-Batterieanschlusskabel GX16 3-Pin \/ 2-Pin - Glider Battery Shop","isPartOf":{"@id":"https:\/\/glider-battery.eu\/#website"},"primaryImageOfPage":{"@id":"https:\/\/glider-battery.eu\/de\/?post_type=product&p=1888#primaryimage"},"image":{"@id":"https:\/\/glider-battery.eu\/de\/?post_type=product&p=1888#primaryimage"},"thumbnailUrl":"https:\/\/glider-battery.eu\/wp-content\/uploads\/2022\/08\/3.jpg","datePublished":"2022-09-07T22:11:55+00:00","dateModified":"2022-09-07T22:12:05+00:00","description":"XLR-3-Pin-Anschlusskabel mit Batterieanschl\u00fcssen und Schutzgeh\u00e4use. Langlebige L\u00f6sung f\u00fcr den mechanischen Schutz von Kabeln.","breadcrumb":{"@id":"https:\/\/glider-battery.eu\/de\/?post_type=product&p=1888#breadcrumb"},"inLanguage":"de","potentialAction":[{"@type":"ReadAction","target":["https:\/\/glider-battery.eu\/de\/?post_type=product&p=1888"]}]},{"@type":"ImageObject","inLanguage":"de","@id":"https:\/\/glider-battery.eu\/de\/?post_type=product&p=1888#primaryimage","url":"https:\/\/glider-battery.eu\/wp-content\/uploads\/2022\/08\/3.jpg","contentUrl":"https:\/\/glider-battery.eu\/wp-content\/uploads\/2022\/08\/3.jpg","width":800,"height":800,"caption":"2pin"},{"@type":"BreadcrumbList","@id":"https:\/\/glider-battery.eu\/de\/?post_type=product&p=1888#breadcrumb","itemListElement":[{"@type":"ListItem","position":1,"name":"Home","item":"https:\/\/glider-battery.eu\/"},{"@type":"ListItem","position":2,"name":"Produkte","item":"https:\/\/glider-battery.eu\/de\/shopde\/"},{"@type":"ListItem","position":3,"name":"Luftfahrt-Batterieanschlusskabel GX16 3-Pin \/ 2-Pin"}]},{"@type":"WebSite","@id":"https:\/\/glider-battery.eu\/#website","url":"https:\/\/glider-battery.eu\/","name":"Glider Battery Shop","description":"Power For Your Electronics","publisher":{"@id":"https:\/\/glider-battery.eu\/#organization"},"potentialAction":[{"@type":"SearchAction","target":{"@type":"EntryPoint","urlTemplate":"https:\/\/glider-battery.eu\/?s={search_term_string}"},"query-input":{"@type":"PropertyValueSpecification","valueRequired":true,"valueName":"search_term_string"}}],"inLanguage":"de"},{"@type":"Organization","@id":"https:\/\/glider-battery.eu\/#organization","name":"Glider-Battery.eu","url":"https:\/\/glider-battery.eu\/","logo":{"@type":"ImageObject","inLanguage":"de","@id":"https:\/\/glider-battery.eu\/#\/schema\/logo\/image\/","url":"https:\/\/glider-battery.eu\/wp-content\/uploads\/2018\/01\/dar-grey-logo.png","contentUrl":"https:\/\/glider-battery.eu\/wp-content\/uploads\/2018\/01\/dar-grey-logo.png","width":1300,"height":400,"caption":"Glider-Battery.eu"},"image":{"@id":"https:\/\/glider-battery.eu\/#\/schema\/logo\/image\/"}}]}},"builder_content":"","_links":{"self":[{"href":"https:\/\/glider-battery.eu\/de\/wp-json\/wp\/v2\/product\/1888","targetHints":{"allow":["GET"]}}],"collection":[{"href":"https:\/\/glider-battery.eu\/de\/wp-json\/wp\/v2\/product"}],"about":[{"href":"https:\/\/glider-battery.eu\/de\/wp-json\/wp\/v2\/types\/product"}],"replies":[{"embeddable":true,"href":"https:\/\/glider-battery.eu\/de\/wp-json\/wp\/v2\/comments?post=1888"}],"wp:featuredmedia":[{"embeddable":true,"href":"https:\/\/glider-battery.eu\/de\/wp-json\/wp\/v2\/media\/1783"}],"wp:attachment":[{"href":"https:\/\/glider-battery.eu\/de\/wp-json\/wp\/v2\/media?parent=1888"}],"wp:term":[{"taxonomy":"product_brand","embeddable":true,"href":"https:\/\/glider-battery.eu\/de\/wp-json\/wp\/v2\/product_brand?post=1888"},{"taxonomy":"product_cat","embeddable":true,"href":"https:\/\/glider-battery.eu\/de\/wp-json\/wp\/v2\/product_cat?post=1888"},{"taxonomy":"product_tag","embeddable":true,"href":"https:\/\/glider-battery.eu\/de\/wp-json\/wp\/v2\/product_tag?post=1888"}],"curies":[{"name":"wp","href":"https:\/\/api.w.org\/{rel}","templated":true}]}}