{"id":2614,"date":"2025-02-26T18:08:44","date_gmt":"2025-02-26T18:08:44","guid":{"rendered":"https:\/\/glider-battery.eu\/product\/12v-batteriehalter-tablett-small\/"},"modified":"2026-01-14T11:30:42","modified_gmt":"2026-01-14T11:30:42","slug":"12v-batteriehalter-tablett-small","status":"publish","type":"product","link":"https:\/\/glider-battery.eu\/de\/produkt\/12v-batteriehalter-tablett-small\/","title":{"rendered":"12V Batteriehalter \/ Tablett GRO\u00df"},"content":{"rendered":"<p><strong>Batteriehalter f\u00fcr 16 Ah Segelflugzeugbatterie.<\/strong><\/p>\n<p><span class=\"x-el x-el-span c2-1 c2-2 c2-3 c2-4 c2-5 c2-6 c2-7 c2-8\" data-ux=\"Element\">Extra starkes und haltbares Material &#8211; Marine Grade Aluminium 5052, schwarz eloxiert. <\/span><\/p>\n<p>Inklusive starkem und strapazierf\u00e4higem Nylon-Akkugurt.<\/p>\n<p><span class=\"x-el x-el-span c2-1 c2-2 c2-3 c2-4 c2-5 c2-6 c2-7 c2-8\" data-ux=\"Element\">Extra leicht &#8211; Nur 108 g.<\/span><\/p>\n<p><span class=\"x-el x-el-span c2-1 c2-2 c2-3 c2-4 c2-5 c2-6 c2-7 c2-8\" data-ux=\"Element\">Kann durch vorgebohrte L\u00f6cher an der Unterseite mit Schrauben oder Bolzen an jeder Oberfl\u00e4che befestigt werden<\/span>.<\/p>\n<p><span class=\"x-el x-el-span c2-1 c2-2 c2-3 c2-4 c2-5 c2-6 c2-7 c2-8\" data-ux=\"Element\">Inklusive Haken- und Schlaufenband aus Nylon zum Festhalten der Batterie<\/span>.<\/p>\n<p>Keine Metallteile am Armband verhindern Kratzer oder Besch\u00e4digungen beim Auswechseln der Batterie.<\/p>\n<p>Passt perfekt auf die 16 Ah Glider Batterie oder jede andere 12V 10-16Ah Batterie in Standardgr\u00f6\u00dfe, vertikal oder flach.<\/p>\n<p>Bolzen\/Schrauben\/Muttern sind nicht enthalten.<\/p>\n<p>\u00c4u\u00dfere Abmessungen, einschlie\u00dflich Befestigungs\u00f6sen: <strong>LxHxB<\/strong> (mm) = <strong>155 <\/strong>x <strong>27<\/strong> x <strong>128<\/strong> (mm)<\/p>\n<p>&nbsp;<\/p>\n<p>&nbsp;<\/p>\n","protected":false},"excerpt":{"rendered":"<p><strong>Batteriehalter f\u00fcr 16 AH Segelflugzeugbatterie.<\/strong><\/p>\n<p><span class=\"x-el x-el-span c2-1 c2-2 c2-3 c2-4 c2-5 c2-6 c2-7 c2-8\" data-ux=\"Element\">Extra starkes und haltbares Material &#8211; Marine Grade Aluminium 5052, schwarz eloxiert. <\/span><\/p>\n<p>Inklusive starkem und strapazierf\u00e4higem Nylon-Akkugurt.<\/p>\n<p><span class=\"x-el x-el-span c2-1 c2-2 c2-3 c2-4 c2-5 c2-6 c2-7 c2-8\" data-ux=\"Element\">Extra leicht &#8211; Nur 108 g.<\/span><\/p>\n<p><span class=\"x-el x-el-span c2-1 c2-2 c2-3 c2-4 c2-5 c2-6 c2-7 c2-8\" data-ux=\"Element\">Kann durch vorgebohrte L\u00f6cher an der Unterseite mit Schrauben oder Bolzen an jeder Oberfl\u00e4che befestigt werden<\/span>.<\/p>\n<p><span class=\"x-el x-el-span c2-1 c2-2 c2-3 c2-4 c2-5 c2-6 c2-7 c2-8\" data-ux=\"Element\">Inklusive Haken- und Schlaufenband aus Nylon zum Festhalten der Batterie<\/span>.<\/p>\n<p>Keine Metallteile am Armband verhindern Kratzer oder Besch\u00e4digungen beim Auswechseln der Batterie.<\/p>\n<p>Passt perfekt auf die 16 Ah Glider Batterie oder jede andere 12V 12-16Ah Batterie in Standardgr\u00f6\u00dfe.<\/p>\n<p>Bolzen\/Schrauben\/Muttern sind nicht enthalten.<\/p>\n<p>&nbsp;<\/p>\n","protected":false},"featured_media":2622,"comment_status":"closed","ping_status":"closed","template":"","meta":[],"product_brand":[],"product_cat":[219,230,233,210],"product_tag":[327,326,329,330,325,328],"class_list":{"0":"post-2614","1":"product","2":"type-product","3":"status-publish","4":"has-post-thumbnail","6":"product_cat-accessoires-de","7":"product_cat-piles-de-2","8":"product_cat-uncategorized-de","9":"product_cat-zubehor-de-2","10":"product_tag-12v-batteriefach","11":"product_tag-12v-batteriehalter","12":"product_tag-12v-batteriehalter-aus-metall","13":"product_tag-aluminium-halter","14":"product_tag-batteriefach","15":"product_tag-batteriehalter","16":"has-post-title","17":"has-post-date","18":"has-post-category","19":"has-post-tag","20":"has-post-comment","21":"has-post-author","22":"","24":"first","25":"instock","26":"taxable","27":"shipping-taxable","28":"purchasable","29":"product-type-simple"},"yoast_head":"<!-- This site is optimized with the Yoast SEO plugin v27.0 - https:\/\/yoast.com\/product\/yoast-seo-wordpress\/ -->\n<title>12V Batteriehalter \/ Tablett GRO\u00df - Glider Battery Shop<\/title>\n<meta name=\"description\" content=\"Batteriehalterung aus Metall f\u00fcr 12V-Batterien LiFePO4 oder Blei-S\u00e4ure. Verschiedene Gr\u00f6\u00dfen f\u00fcr Angeln, Segelfliegen, Outdoor-Aktivit\u00e4ten, Boote. 12V-Halterung in Standardgr\u00f6\u00dfe.\" \/>\n<meta name=\"robots\" content=\"index, follow, max-snippet:-1, max-image-preview:large, max-video-preview:-1\" \/>\n<link rel=\"canonical\" href=\"https:\/\/glider-battery.eu\/produkt\/12v-battery-holder-tray-large\/\" \/>\n<meta property=\"og:locale\" content=\"de_DE\" \/>\n<meta property=\"og:type\" content=\"article\" \/>\n<meta property=\"og:title\" content=\"12V Batteriehalter \/ Tablett GRO\u00df - Glider Battery Shop\" \/>\n<meta property=\"og:description\" content=\"Batteriehalterung aus Metall f\u00fcr 12V-Batterien LiFePO4 oder Blei-S\u00e4ure. Verschiedene Gr\u00f6\u00dfen f\u00fcr Angeln, Segelfliegen, Outdoor-Aktivit\u00e4ten, Boote. 12V-Halterung in Standardgr\u00f6\u00dfe.\" \/>\n<meta property=\"og:url\" content=\"https:\/\/glider-battery.eu\/produkt\/12v-battery-holder-tray-large\/\" \/>\n<meta property=\"og:site_name\" content=\"Glider Battery Shop\" \/>\n<meta property=\"article:modified_time\" content=\"2026-01-14T11:30:42+00:00\" \/>\n<meta property=\"og:image\" content=\"https:\/\/glider-battery.eu\/wp-content\/uploads\/2025\/02\/2-1.png\" \/>\n\t<meta property=\"og:image:width\" content=\"800\" \/>\n\t<meta property=\"og:image:height\" content=\"800\" \/>\n\t<meta property=\"og:image:type\" content=\"image\/png\" \/>\n<meta name=\"twitter:card\" content=\"summary_large_image\" \/>\n<meta name=\"twitter:label1\" content=\"Gesch\u00e4tzte Lesezeit\" \/>\n\t<meta name=\"twitter:data1\" content=\"1\u00a0Minute\" \/>\n<script type=\"application\/ld+json\" class=\"yoast-schema-graph\">{\"@context\":\"https:\/\/schema.org\",\"@graph\":[{\"@type\":\"WebPage\",\"@id\":\"https:\/\/glider-battery.eu\/produkt\/12v-battery-holder-tray-large\/\",\"url\":\"https:\/\/glider-battery.eu\/produkt\/12v-battery-holder-tray-large\/\",\"name\":\"12V Batteriehalter \/ Tablett GRO\u00df - Glider Battery Shop\",\"isPartOf\":{\"@id\":\"https:\/\/glider-battery.eu\/#website\"},\"primaryImageOfPage\":{\"@id\":\"https:\/\/glider-battery.eu\/produkt\/12v-battery-holder-tray-large\/#primaryimage\"},\"image\":{\"@id\":\"https:\/\/glider-battery.eu\/produkt\/12v-battery-holder-tray-large\/#primaryimage\"},\"thumbnailUrl\":\"https:\/\/glider-battery.eu\/wp-content\/uploads\/2025\/02\/2-1.png\",\"datePublished\":\"2025-02-26T18:08:44+00:00\",\"dateModified\":\"2026-01-14T11:30:42+00:00\",\"description\":\"Batteriehalterung aus Metall f\u00fcr 12V-Batterien LiFePO4 oder Blei-S\u00e4ure. Verschiedene Gr\u00f6\u00dfen f\u00fcr Angeln, Segelfliegen, Outdoor-Aktivit\u00e4ten, Boote. 12V-Halterung in Standardgr\u00f6\u00dfe.\",\"breadcrumb\":{\"@id\":\"https:\/\/glider-battery.eu\/produkt\/12v-battery-holder-tray-large\/#breadcrumb\"},\"inLanguage\":\"de\",\"potentialAction\":[{\"@type\":\"ReadAction\",\"target\":[\"https:\/\/glider-battery.eu\/produkt\/12v-battery-holder-tray-large\/\"]}]},{\"@type\":\"ImageObject\",\"inLanguage\":\"de\",\"@id\":\"https:\/\/glider-battery.eu\/produkt\/12v-battery-holder-tray-large\/#primaryimage\",\"url\":\"https:\/\/glider-battery.eu\/wp-content\/uploads\/2025\/02\/2-1.png\",\"contentUrl\":\"https:\/\/glider-battery.eu\/wp-content\/uploads\/2025\/02\/2-1.png\",\"width\":800,\"height\":800},{\"@type\":\"BreadcrumbList\",\"@id\":\"https:\/\/glider-battery.eu\/produkt\/12v-battery-holder-tray-large\/#breadcrumb\",\"itemListElement\":[{\"@type\":\"ListItem\",\"position\":1,\"name\":\"Home\",\"item\":\"https:\/\/glider-battery.eu\/\"},{\"@type\":\"ListItem\",\"position\":2,\"name\":\"Produkte\",\"item\":\"https:\/\/glider-battery.eu\/de\/shopde\/\"},{\"@type\":\"ListItem\",\"position\":3,\"name\":\"12V Batteriehalter \/ Tablett GRO\u00df\"}]},{\"@type\":\"WebSite\",\"@id\":\"https:\/\/glider-battery.eu\/#website\",\"url\":\"https:\/\/glider-battery.eu\/\",\"name\":\"Glider Battery Shop\",\"description\":\"Power For Your Electronics\",\"publisher\":{\"@id\":\"https:\/\/glider-battery.eu\/#organization\"},\"potentialAction\":[{\"@type\":\"SearchAction\",\"target\":{\"@type\":\"EntryPoint\",\"urlTemplate\":\"https:\/\/glider-battery.eu\/?s={search_term_string}\"},\"query-input\":{\"@type\":\"PropertyValueSpecification\",\"valueRequired\":true,\"valueName\":\"search_term_string\"}}],\"inLanguage\":\"de\"},{\"@type\":\"Organization\",\"@id\":\"https:\/\/glider-battery.eu\/#organization\",\"name\":\"Glider-Battery.eu\",\"url\":\"https:\/\/glider-battery.eu\/\",\"logo\":{\"@type\":\"ImageObject\",\"inLanguage\":\"de\",\"@id\":\"https:\/\/glider-battery.eu\/#\/schema\/logo\/image\/\",\"url\":\"https:\/\/glider-battery.eu\/wp-content\/uploads\/2018\/01\/dar-grey-logo.png\",\"contentUrl\":\"https:\/\/glider-battery.eu\/wp-content\/uploads\/2018\/01\/dar-grey-logo.png\",\"width\":1300,\"height\":400,\"caption\":\"Glider-Battery.eu\"},\"image\":{\"@id\":\"https:\/\/glider-battery.eu\/#\/schema\/logo\/image\/\"}}]}<\/script>\n<!-- \/ Yoast SEO plugin. -->","yoast_head_json":{"title":"12V Batteriehalter \/ Tablett GRO\u00df - Glider Battery Shop","description":"Batteriehalterung aus Metall f\u00fcr 12V-Batterien LiFePO4 oder Blei-S\u00e4ure. Verschiedene Gr\u00f6\u00dfen f\u00fcr Angeln, Segelfliegen, Outdoor-Aktivit\u00e4ten, Boote. 12V-Halterung in Standardgr\u00f6\u00dfe.","robots":{"index":"index","follow":"follow","max-snippet":"max-snippet:-1","max-image-preview":"max-image-preview:large","max-video-preview":"max-video-preview:-1"},"canonical":"https:\/\/glider-battery.eu\/produkt\/12v-battery-holder-tray-large\/","og_locale":"de_DE","og_type":"article","og_title":"12V Batteriehalter \/ Tablett GRO\u00df - Glider Battery Shop","og_description":"Batteriehalterung aus Metall f\u00fcr 12V-Batterien LiFePO4 oder Blei-S\u00e4ure. Verschiedene Gr\u00f6\u00dfen f\u00fcr Angeln, Segelfliegen, Outdoor-Aktivit\u00e4ten, Boote. 12V-Halterung in Standardgr\u00f6\u00dfe.","og_url":"https:\/\/glider-battery.eu\/produkt\/12v-battery-holder-tray-large\/","og_site_name":"Glider Battery Shop","article_modified_time":"2026-01-14T11:30:42+00:00","og_image":[{"width":800,"height":800,"url":"https:\/\/glider-battery.eu\/wp-content\/uploads\/2025\/02\/2-1.png","type":"image\/png"}],"twitter_card":"summary_large_image","twitter_misc":{"Gesch\u00e4tzte Lesezeit":"1\u00a0Minute"},"schema":{"@context":"https:\/\/schema.org","@graph":[{"@type":"WebPage","@id":"https:\/\/glider-battery.eu\/produkt\/12v-battery-holder-tray-large\/","url":"https:\/\/glider-battery.eu\/produkt\/12v-battery-holder-tray-large\/","name":"12V Batteriehalter \/ Tablett GRO\u00df - Glider Battery Shop","isPartOf":{"@id":"https:\/\/glider-battery.eu\/#website"},"primaryImageOfPage":{"@id":"https:\/\/glider-battery.eu\/produkt\/12v-battery-holder-tray-large\/#primaryimage"},"image":{"@id":"https:\/\/glider-battery.eu\/produkt\/12v-battery-holder-tray-large\/#primaryimage"},"thumbnailUrl":"https:\/\/glider-battery.eu\/wp-content\/uploads\/2025\/02\/2-1.png","datePublished":"2025-02-26T18:08:44+00:00","dateModified":"2026-01-14T11:30:42+00:00","description":"Batteriehalterung aus Metall f\u00fcr 12V-Batterien LiFePO4 oder Blei-S\u00e4ure. Verschiedene Gr\u00f6\u00dfen f\u00fcr Angeln, Segelfliegen, Outdoor-Aktivit\u00e4ten, Boote. 12V-Halterung in Standardgr\u00f6\u00dfe.","breadcrumb":{"@id":"https:\/\/glider-battery.eu\/produkt\/12v-battery-holder-tray-large\/#breadcrumb"},"inLanguage":"de","potentialAction":[{"@type":"ReadAction","target":["https:\/\/glider-battery.eu\/produkt\/12v-battery-holder-tray-large\/"]}]},{"@type":"ImageObject","inLanguage":"de","@id":"https:\/\/glider-battery.eu\/produkt\/12v-battery-holder-tray-large\/#primaryimage","url":"https:\/\/glider-battery.eu\/wp-content\/uploads\/2025\/02\/2-1.png","contentUrl":"https:\/\/glider-battery.eu\/wp-content\/uploads\/2025\/02\/2-1.png","width":800,"height":800},{"@type":"BreadcrumbList","@id":"https:\/\/glider-battery.eu\/produkt\/12v-battery-holder-tray-large\/#breadcrumb","itemListElement":[{"@type":"ListItem","position":1,"name":"Home","item":"https:\/\/glider-battery.eu\/"},{"@type":"ListItem","position":2,"name":"Produkte","item":"https:\/\/glider-battery.eu\/de\/shopde\/"},{"@type":"ListItem","position":3,"name":"12V Batteriehalter \/ Tablett GRO\u00df"}]},{"@type":"WebSite","@id":"https:\/\/glider-battery.eu\/#website","url":"https:\/\/glider-battery.eu\/","name":"Glider Battery Shop","description":"Power For Your Electronics","publisher":{"@id":"https:\/\/glider-battery.eu\/#organization"},"potentialAction":[{"@type":"SearchAction","target":{"@type":"EntryPoint","urlTemplate":"https:\/\/glider-battery.eu\/?s={search_term_string}"},"query-input":{"@type":"PropertyValueSpecification","valueRequired":true,"valueName":"search_term_string"}}],"inLanguage":"de"},{"@type":"Organization","@id":"https:\/\/glider-battery.eu\/#organization","name":"Glider-Battery.eu","url":"https:\/\/glider-battery.eu\/","logo":{"@type":"ImageObject","inLanguage":"de","@id":"https:\/\/glider-battery.eu\/#\/schema\/logo\/image\/","url":"https:\/\/glider-battery.eu\/wp-content\/uploads\/2018\/01\/dar-grey-logo.png","contentUrl":"https:\/\/glider-battery.eu\/wp-content\/uploads\/2018\/01\/dar-grey-logo.png","width":1300,"height":400,"caption":"Glider-Battery.eu"},"image":{"@id":"https:\/\/glider-battery.eu\/#\/schema\/logo\/image\/"}}]}},"builder_content":"","_links":{"self":[{"href":"https:\/\/glider-battery.eu\/de\/wp-json\/wp\/v2\/product\/2614","targetHints":{"allow":["GET"]}}],"collection":[{"href":"https:\/\/glider-battery.eu\/de\/wp-json\/wp\/v2\/product"}],"about":[{"href":"https:\/\/glider-battery.eu\/de\/wp-json\/wp\/v2\/types\/product"}],"replies":[{"embeddable":true,"href":"https:\/\/glider-battery.eu\/de\/wp-json\/wp\/v2\/comments?post=2614"}],"wp:featuredmedia":[{"embeddable":true,"href":"https:\/\/glider-battery.eu\/de\/wp-json\/wp\/v2\/media\/2622"}],"wp:attachment":[{"href":"https:\/\/glider-battery.eu\/de\/wp-json\/wp\/v2\/media?parent=2614"}],"wp:term":[{"taxonomy":"product_brand","embeddable":true,"href":"https:\/\/glider-battery.eu\/de\/wp-json\/wp\/v2\/product_brand?post=2614"},{"taxonomy":"product_cat","embeddable":true,"href":"https:\/\/glider-battery.eu\/de\/wp-json\/wp\/v2\/product_cat?post=2614"},{"taxonomy":"product_tag","embeddable":true,"href":"https:\/\/glider-battery.eu\/de\/wp-json\/wp\/v2\/product_tag?post=2614"}],"curies":[{"name":"wp","href":"https:\/\/api.w.org\/{rel}","templated":true}]}}