{"id":3112,"date":"2026-01-03T12:23:46","date_gmt":"2026-01-03T12:23:46","guid":{"rendered":"https:\/\/glider-battery.eu\/product\/aviation-batterieanschlusskabel-gx16-3-pin-2-pin-kopie\/"},"modified":"2026-01-14T10:13:32","modified_gmt":"2026-01-14T10:13:32","slug":"aviation-batterieanschlusskabel-gx16-3-pin-2-pin-kopie","status":"publish","type":"product","link":"https:\/\/glider-battery.eu\/de\/produkt\/aviation-batterieanschlusskabel-gx16-3-pin-2-pin-kopie\/","title":{"rendered":"Smart LiFePO4 Ladeger\u00e4t DC Kabel Adapter"},"content":{"rendered":"<p>Smart LiFePO4 Battery Charger DC (12,8V) Adapter \u00fcber Quick-Connect SAE-Anschluss.<\/p>\n<p>Ersetzen Sie herk\u00f6mmliche Krokodilklemmen durch den Luftfahrtstecker GX16 (3-polig\/2-polig) oder XLR (m\u00e4nnlich\/weiblich) \u00fcber einen Quick-Connect-Adapter.<\/p>\n<p>Der Adapter besteht aus: <strong>SAE-Stecker<\/strong> zum Ladeger\u00e4t + <strong>60cm<\/strong> langes Kabel + <strong>Verschiedene<\/strong> Stecker zum Akku (siehe unten)<\/p>\n<p>Verschiedene Typen:<\/p>\n<ol>\n<li style=\"list-style-type: none;\">\n<ol>\n<li><strong>GX16<\/strong> (2-poliger Stecker) <em>Pin 1: &#8222;+&#8220; positiv, Pin 2: &#8222;-&#8220; negativ<\/em><\/li>\n<li><strong>GX16<\/strong> (3-poliger Stecker) <em>Pin 2: &#8222;+&#8220; positiv, Pin 3: &#8222;-&#8220; negativ<\/em><\/li>\n<li><strong>XLR<\/strong> (3-poliger Stecker) <em>Pin 2: &#8222;+&#8220; positiv, Pin 3: &#8222;-&#8220; negativ<\/em><\/li>\n<li><strong>XLR<\/strong> (3-polige Buchse) <em>Pin 2: &#8222;+&#8220; positiv, Pin 3: &#8222;-&#8220; negativ<\/em><\/li>\n<\/ol>\n<\/li>\n<\/ol>\n","protected":false},"excerpt":{"rendered":"<p>&#8222;Schnellverbindung&#8220; Ladeger\u00e4t DC-Adapter mit 60cm Kabel.<br \/>\nVerschiedene Typen: <\/p>\n<ol>\n<li><strong>GX16<\/strong> (2-poliger Stecker) <em>Pin 1: &#8222;+&#8220; positiv, Pin 2: &#8222;-&#8220; negativ<\/em><\/li>\n<li><strong>GX16<\/strong> (3-poliger Stecker) <em>Pin 2: &#8222;+&#8220; positiv, Pin 3: &#8222;-&#8220; negativ<\/em><\/li>\n<li><strong>XLR<\/strong> (3-poliger Stecker) <em>Pin 2: &#8222;+&#8220; positiv, Pin 3: &#8222;-&#8220; negativ<\/em><\/li>\n<li><strong>XLR<\/strong> (3-polige Buchse) <em>Pin 2: &#8222;+&#8220; positiv, Pin 3: &#8222;-&#8220; negativ<\/em><\/li>\n<\/ol>\n<p>&nbsp;<\/p>\n","protected":false},"featured_media":3119,"comment_status":"closed","ping_status":"closed","template":"","meta":[],"product_brand":[],"product_cat":[219,210,179],"product_tag":[],"class_list":{"0":"post-3112","1":"product","2":"type-product","3":"status-publish","4":"has-post-thumbnail","6":"product_cat-accessoires-de","7":"product_cat-zubehor-de-2","8":"product_cat-zubehor-de","9":"has-post-title","10":"has-post-date","11":"has-post-category","12":"has-post-tag","13":"has-post-comment","14":"has-post-author","15":"","17":"first","18":"instock","19":"taxable","20":"shipping-taxable","21":"purchasable","22":"product-type-simple"},"yoast_head":"<!-- This site is optimized with the Yoast SEO plugin v27.0 - https:\/\/yoast.com\/product\/yoast-seo-wordpress\/ -->\n<title>Smart LiFePO4 Ladeger\u00e4t DC Kabel Adapter - Glider Battery Shop<\/title>\n<meta name=\"description\" content=\"LiFePO4 Akku-Ladeger\u00e4t DC (12,8V) Adapter \u00fcber SAE-Anschluss. Schneller Ersatz f\u00fcr herk\u00f6mmliche Krokodilklemmen. XLR- und GX16-Anschl\u00fcsse verf\u00fcgbar\" \/>\n<meta name=\"robots\" content=\"index, follow, max-snippet:-1, max-image-preview:large, max-video-preview:-1\" \/>\n<link rel=\"canonical\" href=\"https:\/\/glider-battery.eu\/de\/produkt\/aviation-batterieanschlusskabel-gx16-3-pin-2-pin-kopie\/\" \/>\n<meta property=\"og:locale\" content=\"de_DE\" \/>\n<meta property=\"og:type\" content=\"article\" \/>\n<meta property=\"og:title\" content=\"Smart LiFePO4 Ladeger\u00e4t DC Kabel Adapter - Glider Battery Shop\" \/>\n<meta property=\"og:description\" content=\"LiFePO4 Akku-Ladeger\u00e4t DC (12,8V) Adapter \u00fcber SAE-Anschluss. Schneller Ersatz f\u00fcr herk\u00f6mmliche Krokodilklemmen. XLR- und GX16-Anschl\u00fcsse verf\u00fcgbar\" \/>\n<meta property=\"og:url\" content=\"https:\/\/glider-battery.eu\/de\/produkt\/aviation-batterieanschlusskabel-gx16-3-pin-2-pin-kopie\/\" \/>\n<meta property=\"og:site_name\" content=\"Glider Battery Shop\" \/>\n<meta property=\"article:modified_time\" content=\"2026-01-14T10:13:32+00:00\" \/>\n<meta property=\"og:image\" content=\"https:\/\/glider-battery.eu\/wp-content\/uploads\/2026\/01\/GX16-3pin-M-SAE-NEW-PRODUCT.jpg\" \/>\n\t<meta property=\"og:image:width\" content=\"800\" \/>\n\t<meta property=\"og:image:height\" content=\"800\" \/>\n\t<meta property=\"og:image:type\" content=\"image\/jpeg\" \/>\n<meta name=\"twitter:card\" content=\"summary_large_image\" \/>\n<meta name=\"twitter:label1\" content=\"Gesch\u00e4tzte Lesezeit\" \/>\n\t<meta name=\"twitter:data1\" content=\"1\u00a0Minute\" \/>\n<script type=\"application\/ld+json\" class=\"yoast-schema-graph\">{\"@context\":\"https:\/\/schema.org\",\"@graph\":[{\"@type\":\"WebPage\",\"@id\":\"https:\/\/glider-battery.eu\/de\/produkt\/aviation-batterieanschlusskabel-gx16-3-pin-2-pin-kopie\/\",\"url\":\"https:\/\/glider-battery.eu\/de\/produkt\/aviation-batterieanschlusskabel-gx16-3-pin-2-pin-kopie\/\",\"name\":\"Smart LiFePO4 Ladeger\u00e4t DC Kabel Adapter - Glider Battery Shop\",\"isPartOf\":{\"@id\":\"https:\/\/glider-battery.eu\/#website\"},\"primaryImageOfPage\":{\"@id\":\"https:\/\/glider-battery.eu\/de\/produkt\/aviation-batterieanschlusskabel-gx16-3-pin-2-pin-kopie\/#primaryimage\"},\"image\":{\"@id\":\"https:\/\/glider-battery.eu\/de\/produkt\/aviation-batterieanschlusskabel-gx16-3-pin-2-pin-kopie\/#primaryimage\"},\"thumbnailUrl\":\"https:\/\/glider-battery.eu\/wp-content\/uploads\/2026\/01\/GX16-3pin-M-SAE-NEW-PRODUCT.jpg\",\"datePublished\":\"2026-01-03T12:23:46+00:00\",\"dateModified\":\"2026-01-14T10:13:32+00:00\",\"description\":\"LiFePO4 Akku-Ladeger\u00e4t DC (12,8V) Adapter \u00fcber SAE-Anschluss. Schneller Ersatz f\u00fcr herk\u00f6mmliche Krokodilklemmen. XLR- und GX16-Anschl\u00fcsse verf\u00fcgbar\",\"breadcrumb\":{\"@id\":\"https:\/\/glider-battery.eu\/de\/produkt\/aviation-batterieanschlusskabel-gx16-3-pin-2-pin-kopie\/#breadcrumb\"},\"inLanguage\":\"de\",\"potentialAction\":[{\"@type\":\"ReadAction\",\"target\":[\"https:\/\/glider-battery.eu\/de\/produkt\/aviation-batterieanschlusskabel-gx16-3-pin-2-pin-kopie\/\"]}]},{\"@type\":\"ImageObject\",\"inLanguage\":\"de\",\"@id\":\"https:\/\/glider-battery.eu\/de\/produkt\/aviation-batterieanschlusskabel-gx16-3-pin-2-pin-kopie\/#primaryimage\",\"url\":\"https:\/\/glider-battery.eu\/wp-content\/uploads\/2026\/01\/GX16-3pin-M-SAE-NEW-PRODUCT.jpg\",\"contentUrl\":\"https:\/\/glider-battery.eu\/wp-content\/uploads\/2026\/01\/GX16-3pin-M-SAE-NEW-PRODUCT.jpg\",\"width\":800,\"height\":800},{\"@type\":\"BreadcrumbList\",\"@id\":\"https:\/\/glider-battery.eu\/de\/produkt\/aviation-batterieanschlusskabel-gx16-3-pin-2-pin-kopie\/#breadcrumb\",\"itemListElement\":[{\"@type\":\"ListItem\",\"position\":1,\"name\":\"Home\",\"item\":\"https:\/\/glider-battery.eu\/\"},{\"@type\":\"ListItem\",\"position\":2,\"name\":\"Produkte\",\"item\":\"https:\/\/glider-battery.eu\/de\/shopde\/\"},{\"@type\":\"ListItem\",\"position\":3,\"name\":\"Smart LiFePO4 Ladeger\u00e4t DC Kabel Adapter\"}]},{\"@type\":\"WebSite\",\"@id\":\"https:\/\/glider-battery.eu\/#website\",\"url\":\"https:\/\/glider-battery.eu\/\",\"name\":\"Glider Battery Shop\",\"description\":\"Power For Your Electronics\",\"publisher\":{\"@id\":\"https:\/\/glider-battery.eu\/#organization\"},\"potentialAction\":[{\"@type\":\"SearchAction\",\"target\":{\"@type\":\"EntryPoint\",\"urlTemplate\":\"https:\/\/glider-battery.eu\/?s={search_term_string}\"},\"query-input\":{\"@type\":\"PropertyValueSpecification\",\"valueRequired\":true,\"valueName\":\"search_term_string\"}}],\"inLanguage\":\"de\"},{\"@type\":\"Organization\",\"@id\":\"https:\/\/glider-battery.eu\/#organization\",\"name\":\"Glider-Battery.eu\",\"url\":\"https:\/\/glider-battery.eu\/\",\"logo\":{\"@type\":\"ImageObject\",\"inLanguage\":\"de\",\"@id\":\"https:\/\/glider-battery.eu\/#\/schema\/logo\/image\/\",\"url\":\"https:\/\/glider-battery.eu\/wp-content\/uploads\/2018\/01\/dar-grey-logo.png\",\"contentUrl\":\"https:\/\/glider-battery.eu\/wp-content\/uploads\/2018\/01\/dar-grey-logo.png\",\"width\":1300,\"height\":400,\"caption\":\"Glider-Battery.eu\"},\"image\":{\"@id\":\"https:\/\/glider-battery.eu\/#\/schema\/logo\/image\/\"}}]}<\/script>\n<!-- \/ Yoast SEO plugin. -->","yoast_head_json":{"title":"Smart LiFePO4 Ladeger\u00e4t DC Kabel Adapter - Glider Battery Shop","description":"LiFePO4 Akku-Ladeger\u00e4t DC (12,8V) Adapter \u00fcber SAE-Anschluss. Schneller Ersatz f\u00fcr herk\u00f6mmliche Krokodilklemmen. XLR- und GX16-Anschl\u00fcsse verf\u00fcgbar","robots":{"index":"index","follow":"follow","max-snippet":"max-snippet:-1","max-image-preview":"max-image-preview:large","max-video-preview":"max-video-preview:-1"},"canonical":"https:\/\/glider-battery.eu\/de\/produkt\/aviation-batterieanschlusskabel-gx16-3-pin-2-pin-kopie\/","og_locale":"de_DE","og_type":"article","og_title":"Smart LiFePO4 Ladeger\u00e4t DC Kabel Adapter - Glider Battery Shop","og_description":"LiFePO4 Akku-Ladeger\u00e4t DC (12,8V) Adapter \u00fcber SAE-Anschluss. Schneller Ersatz f\u00fcr herk\u00f6mmliche Krokodilklemmen. XLR- und GX16-Anschl\u00fcsse verf\u00fcgbar","og_url":"https:\/\/glider-battery.eu\/de\/produkt\/aviation-batterieanschlusskabel-gx16-3-pin-2-pin-kopie\/","og_site_name":"Glider Battery Shop","article_modified_time":"2026-01-14T10:13:32+00:00","og_image":[{"width":800,"height":800,"url":"https:\/\/glider-battery.eu\/wp-content\/uploads\/2026\/01\/GX16-3pin-M-SAE-NEW-PRODUCT.jpg","type":"image\/jpeg"}],"twitter_card":"summary_large_image","twitter_misc":{"Gesch\u00e4tzte Lesezeit":"1\u00a0Minute"},"schema":{"@context":"https:\/\/schema.org","@graph":[{"@type":"WebPage","@id":"https:\/\/glider-battery.eu\/de\/produkt\/aviation-batterieanschlusskabel-gx16-3-pin-2-pin-kopie\/","url":"https:\/\/glider-battery.eu\/de\/produkt\/aviation-batterieanschlusskabel-gx16-3-pin-2-pin-kopie\/","name":"Smart LiFePO4 Ladeger\u00e4t DC Kabel Adapter - Glider Battery Shop","isPartOf":{"@id":"https:\/\/glider-battery.eu\/#website"},"primaryImageOfPage":{"@id":"https:\/\/glider-battery.eu\/de\/produkt\/aviation-batterieanschlusskabel-gx16-3-pin-2-pin-kopie\/#primaryimage"},"image":{"@id":"https:\/\/glider-battery.eu\/de\/produkt\/aviation-batterieanschlusskabel-gx16-3-pin-2-pin-kopie\/#primaryimage"},"thumbnailUrl":"https:\/\/glider-battery.eu\/wp-content\/uploads\/2026\/01\/GX16-3pin-M-SAE-NEW-PRODUCT.jpg","datePublished":"2026-01-03T12:23:46+00:00","dateModified":"2026-01-14T10:13:32+00:00","description":"LiFePO4 Akku-Ladeger\u00e4t DC (12,8V) Adapter \u00fcber SAE-Anschluss. Schneller Ersatz f\u00fcr herk\u00f6mmliche Krokodilklemmen. XLR- und GX16-Anschl\u00fcsse verf\u00fcgbar","breadcrumb":{"@id":"https:\/\/glider-battery.eu\/de\/produkt\/aviation-batterieanschlusskabel-gx16-3-pin-2-pin-kopie\/#breadcrumb"},"inLanguage":"de","potentialAction":[{"@type":"ReadAction","target":["https:\/\/glider-battery.eu\/de\/produkt\/aviation-batterieanschlusskabel-gx16-3-pin-2-pin-kopie\/"]}]},{"@type":"ImageObject","inLanguage":"de","@id":"https:\/\/glider-battery.eu\/de\/produkt\/aviation-batterieanschlusskabel-gx16-3-pin-2-pin-kopie\/#primaryimage","url":"https:\/\/glider-battery.eu\/wp-content\/uploads\/2026\/01\/GX16-3pin-M-SAE-NEW-PRODUCT.jpg","contentUrl":"https:\/\/glider-battery.eu\/wp-content\/uploads\/2026\/01\/GX16-3pin-M-SAE-NEW-PRODUCT.jpg","width":800,"height":800},{"@type":"BreadcrumbList","@id":"https:\/\/glider-battery.eu\/de\/produkt\/aviation-batterieanschlusskabel-gx16-3-pin-2-pin-kopie\/#breadcrumb","itemListElement":[{"@type":"ListItem","position":1,"name":"Home","item":"https:\/\/glider-battery.eu\/"},{"@type":"ListItem","position":2,"name":"Produkte","item":"https:\/\/glider-battery.eu\/de\/shopde\/"},{"@type":"ListItem","position":3,"name":"Smart LiFePO4 Ladeger\u00e4t DC Kabel Adapter"}]},{"@type":"WebSite","@id":"https:\/\/glider-battery.eu\/#website","url":"https:\/\/glider-battery.eu\/","name":"Glider Battery Shop","description":"Power For Your Electronics","publisher":{"@id":"https:\/\/glider-battery.eu\/#organization"},"potentialAction":[{"@type":"SearchAction","target":{"@type":"EntryPoint","urlTemplate":"https:\/\/glider-battery.eu\/?s={search_term_string}"},"query-input":{"@type":"PropertyValueSpecification","valueRequired":true,"valueName":"search_term_string"}}],"inLanguage":"de"},{"@type":"Organization","@id":"https:\/\/glider-battery.eu\/#organization","name":"Glider-Battery.eu","url":"https:\/\/glider-battery.eu\/","logo":{"@type":"ImageObject","inLanguage":"de","@id":"https:\/\/glider-battery.eu\/#\/schema\/logo\/image\/","url":"https:\/\/glider-battery.eu\/wp-content\/uploads\/2018\/01\/dar-grey-logo.png","contentUrl":"https:\/\/glider-battery.eu\/wp-content\/uploads\/2018\/01\/dar-grey-logo.png","width":1300,"height":400,"caption":"Glider-Battery.eu"},"image":{"@id":"https:\/\/glider-battery.eu\/#\/schema\/logo\/image\/"}}]}},"builder_content":"","_links":{"self":[{"href":"https:\/\/glider-battery.eu\/de\/wp-json\/wp\/v2\/product\/3112","targetHints":{"allow":["GET"]}}],"collection":[{"href":"https:\/\/glider-battery.eu\/de\/wp-json\/wp\/v2\/product"}],"about":[{"href":"https:\/\/glider-battery.eu\/de\/wp-json\/wp\/v2\/types\/product"}],"replies":[{"embeddable":true,"href":"https:\/\/glider-battery.eu\/de\/wp-json\/wp\/v2\/comments?post=3112"}],"wp:featuredmedia":[{"embeddable":true,"href":"https:\/\/glider-battery.eu\/de\/wp-json\/wp\/v2\/media\/3119"}],"wp:attachment":[{"href":"https:\/\/glider-battery.eu\/de\/wp-json\/wp\/v2\/media?parent=3112"}],"wp:term":[{"taxonomy":"product_brand","embeddable":true,"href":"https:\/\/glider-battery.eu\/de\/wp-json\/wp\/v2\/product_brand?post=3112"},{"taxonomy":"product_cat","embeddable":true,"href":"https:\/\/glider-battery.eu\/de\/wp-json\/wp\/v2\/product_cat?post=3112"},{"taxonomy":"product_tag","embeddable":true,"href":"https:\/\/glider-battery.eu\/de\/wp-json\/wp\/v2\/product_tag?post=3112"}],"curies":[{"name":"wp","href":"https:\/\/api.w.org\/{rel}","templated":true}]}}