{"id":1142,"date":"2021-12-09T09:54:02","date_gmt":"2021-12-09T09:54:02","guid":{"rendered":"https:\/\/glider-battery.eu\/a-propos\/"},"modified":"2025-01-25T16:33:22","modified_gmt":"2025-01-25T16:33:22","slug":"a-propos","status":"publish","type":"page","link":"https:\/\/glider-battery.eu\/fr\/a-propos\/","title":{"rendered":"\u00c0 propos"},"content":{"rendered":"<\/p><!--themify_builder_content-->\n<div id=\"themify_builder_content-1142\" data-postid=\"1142\" class=\"themify_builder_content themify_builder_content-1142 themify_builder tf_clear\">\n                    <div  data-lazy=\"1\" class=\"module_row themify_builder_row tb_micu399 tb_first tf_w\">\n                        <div class=\"row_inner col_align_top tb_col_count_1 tf_box tf_rel\">\n                        <div  data-lazy=\"1\" class=\"module_column tb-column col-full tb_cu96393 first\">\n                    <!-- module box -->\n<div  class=\"module module-box tb_ul7t730 \" data-lazy=\"1\">\n    <div class=\"module-box-content ui  tb_default_color\">\n                <div class=\"tb_text_wrap\"><p>Chers amis du vol \u00e0 voile,<\/p>\n<p>Notre mission premi\u00e8re est de renforcer la s\u00e9curit\u00e9 au sein de la communaut\u00e9 du vol \u00e0 voile.<\/p>\n<p>A une \u00e9poque domin\u00e9e par l&rsquo;\u00e9lectronique, le monde du vol \u00e0 voile ne fait pas exception. Il est essentiel de disposer d&rsquo;une \u00e9lectronique fiable et fonctionnant sans faille. Et ce, non seulement pour optimiser les performances des instruments, mais aussi pour assurer le fonctionnement sans faille des dispositifs de s\u00e9curit\u00e9. Reconnaissant cette exigence essentielle, notre engagement est d&rsquo;\u00e9quiper chaque pilote de planeur avec des batteries modernes qui sont non seulement s\u00fbres et fiables, mais aussi abordables. Nous nous appuyons sur les connaissances et les pratiques d&rsquo;ing\u00e9nierie les plus r\u00e9centes pour \u00e9lever les normes de s\u00e9curit\u00e9 des batteries de planeurs sans faire de compromis sur les co\u00fbts. En ne proposant que des produits standard et les plus demand\u00e9s, nous sommes en mesure de r\u00e9duire les co\u00fbts de stockage et d&rsquo;entretien, ce qui permet de r\u00e9duire le prix final pour nos clients.<\/p>\n<p>Notre gamme de produits comprend des batteries LiFePO4 de taille standard sp\u00e9cialement con\u00e7ues pour les planeurs. Nous nous effor\u00e7ons de maintenir un niveau d&rsquo;excellence \u00e9lev\u00e9 en utilisant des mat\u00e9riaux de premi\u00e8re qualit\u00e9 et des solutions de s\u00e9curit\u00e9 de pointe. Nos batteries sont dot\u00e9es de cellules de qualit\u00e9 A+ provenant des plus grands fabricants mondiaux, d&rsquo;un syst\u00e8me de gestion des batteries de haute qualit\u00e9, de multiples capteurs de protection de la temp\u00e9rature, de plaques en nickel pur pour une meilleure r\u00e9sistance aux vibrations et d&rsquo;une conception sp\u00e9ciale de l&rsquo;ensemble des batteries pour une s\u00e9curit\u00e9 accrue. Ce ne sont l\u00e0 que quelques exemples des mesures que nous prenons pour vous fournir des batteries qui d\u00e9passent les normes de l&rsquo;industrie et qui donnent la priorit\u00e9 \u00e0 la s\u00e9curit\u00e9.<\/p>\n<p> Vous \u00eates a\u00e9roclub, e-shop, organisateur de comp\u00e9tition ou repr\u00e9sentez une autre communaut\u00e9 de glisse ? Nous sommes toujours ouverts \u00e0 la coop\u00e9ration. Contactez-nous!<\/p>\n<p>           <span style=\"font-family: cornerstone;font-size: 14pt\"> Equipe Glider-Battery.eu<\/span><\/p><\/div>\n    <\/div>\n<\/div>\n<!-- \/module box -->\n<!-- module box -->\n<div  class=\"module module-box tb_5ykh709 \" data-lazy=\"1\">\n    <div class=\"module-box-content ui  tb_default_color\">\n                <div class=\"tb_text_wrap\">\n<div class=\"wpcf7 no-js\" id=\"wpcf7-f1942-o1\" lang=\"fr-FR\" dir=\"ltr\" data-wpcf7-id=\"1942\">\n<div class=\"screen-reader-response\"><p role=\"status\" aria-live=\"polite\" aria-atomic=\"true\"><\/p> <ul><\/ul><\/div>\n<form action=\"\/fr\/wp-json\/wp\/v2\/pages\/1142#wpcf7-f1942-o1\" method=\"post\" class=\"wpcf7-form init\" aria-label=\"Formulaire de contact\" novalidate=\"novalidate\" data-status=\"init\">\n<fieldset class=\"hidden-fields-container\"><input type=\"hidden\" name=\"_wpcf7\" value=\"1942\" \/><input type=\"hidden\" name=\"_wpcf7_version\" value=\"6.1.5\" \/><input type=\"hidden\" name=\"_wpcf7_locale\" value=\"fr_FR\" \/><input type=\"hidden\" name=\"_wpcf7_unit_tag\" value=\"wpcf7-f1942-o1\" \/><input type=\"hidden\" name=\"_wpcf7_container_post\" value=\"0\" \/><input type=\"hidden\" name=\"_wpcf7_posted_data_hash\" value=\"\" \/><input type=\"hidden\" name=\"_wpcf7_recaptcha_response\" value=\"\" \/>\n<\/fieldset>\n<p><label> Votre nom (obligatoire)<br \/>\n<span class=\"wpcf7-form-control-wrap\" data-name=\"your-name\"><input size=\"40\" maxlength=\"400\" class=\"wpcf7-form-control wpcf7-text wpcf7-validates-as-required\" aria-required=\"true\" aria-invalid=\"false\" value=\"\" type=\"text\" name=\"your-name\" \/><\/span> <\/label>\n<\/p>\n<p><label> Votre e-mail (obligatoire)<br \/>\n<span class=\"wpcf7-form-control-wrap\" data-name=\"your-email\"><input size=\"40\" maxlength=\"400\" class=\"wpcf7-form-control wpcf7-email wpcf7-validates-as-required wpcf7-text wpcf7-validates-as-email\" aria-required=\"true\" aria-invalid=\"false\" value=\"\" type=\"email\" name=\"your-email\" \/><\/span> <\/label>\n<\/p>\n<p><label> Sujet<br \/>\n<span class=\"wpcf7-form-control-wrap\" data-name=\"your-subject\"><input size=\"40\" maxlength=\"400\" class=\"wpcf7-form-control wpcf7-text\" aria-invalid=\"false\" value=\"\" type=\"text\" name=\"your-subject\" \/><\/span> <\/label>\n<\/p>\n<p><label> Votre message<br \/>\n<span class=\"wpcf7-form-control-wrap\" data-name=\"your-message\"><textarea cols=\"40\" rows=\"10\" maxlength=\"2000\" class=\"wpcf7-form-control wpcf7-textarea\" aria-invalid=\"false\" name=\"your-message\"><\/textarea><\/span> <\/label>\n<\/p>\n<p><input class=\"wpcf7-form-control wpcf7-submit has-spinner\" type=\"submit\" value=\"Send\" \/>\n<\/p><p style=\"display: none !important;\" class=\"akismet-fields-container\" data-prefix=\"_wpcf7_ak_\"><label>&#916;<textarea name=\"_wpcf7_ak_hp_textarea\" cols=\"45\" rows=\"8\" maxlength=\"100\"><\/textarea><\/label><input type=\"hidden\" id=\"ak_js_1\" name=\"_wpcf7_ak_js\" value=\"6\"\/><script>document.getElementById( \"ak_js_1\" ).setAttribute( \"value\", ( new Date() ).getTime() );<\/script><\/p><div class=\"wpcf7-response-output\" aria-hidden=\"true\"><\/div>\n<\/form>\n<\/div>\n<\/div>\n    <\/div>\n<\/div>\n<!-- \/module box -->\n        <\/div>\n                        <\/div>\n        <\/div>\n                        <div  data-lazy=\"1\" class=\"module_row themify_builder_row tb_gt1s009 tf_w hide-mobile\">\n                        <div class=\"row_inner col_align_top tb_col_count_3 tf_box tf_rel\">\n                        <div  data-lazy=\"1\" class=\"module_column tb-column col3-1 tb_9fpc670 first\">\n                    <!-- module text -->\n<div  class=\"module module-text tb_8qfs099   \" data-lazy=\"1\">\n        <div  class=\"tb_text_wrap\">\n        <p style=\"text-align: right\"><a href=\"http:\/\/www.glider-battery.eu\/contact-us\/\">Service Clients<\/a><\/p>    <\/div>\n<\/div>\n<!-- \/module text -->        <\/div>\n                    <div  data-lazy=\"1\" class=\"module_column tb-column col3-1 tb_ji4f039\">\n                    <!-- module text -->\n<div  class=\"module module-text tb_mavs879   \" data-lazy=\"1\">\n        <div  class=\"tb_text_wrap\">\n        <p><a href=\"http:\/\/glider-battery.eu\/about\/\">\u00c0 propos de nous<\/a><\/p>    <\/div>\n<\/div>\n<!-- \/module text -->        <\/div>\n                    <div  data-lazy=\"1\" class=\"module_column tb-column col3-1 tb_lidl997 last\">\n                    <!-- module text -->\n<div  class=\"module module-text tb_d7nb799   \" data-lazy=\"1\">\n        <div  class=\"tb_text_wrap\">\n        <p><a href=\"http:\/\/glider-battery.eu\/my-account\/\">Compte<\/a><\/p>    <\/div>\n<\/div>\n<!-- \/module text -->        <\/div>\n                        <\/div>\n        <\/div>\n                        <div  data-lazy=\"1\" class=\"module_row themify_builder_row tb_gvwp080 tf_w hide-desktop hide-tablet\">\n                        <div class=\"row_inner col_align_top tb_col_count_1 tf_box tf_rel\">\n                        <div  data-lazy=\"1\" class=\"module_column tb-column col-full tb_1v7e000 first\">\n                    <!-- module text -->\n<div  class=\"module module-text tb_g7xr300   \" data-lazy=\"1\">\n        <div  class=\"tb_text_wrap\">\n        <p>Service client <a href=\"http:\/\/glider-battery.eu\/about\/\">\u00c0 propos de nous<\/a> <a href=\"http:\/\/glider-battery.eu\/my-account\/\">Compte<\/a><\/p>    <\/div>\n<\/div>\n<!-- \/module text -->        <\/div>\n                        <\/div>\n        <\/div>\n                        <div  data-lazy=\"1\" class=\"module_row themify_builder_row tb_skhw317 tf_w hide-mobile\">\n                        <div class=\"row_inner col_align_top tb_col_count_3 tf_box tf_rel\">\n                        <div  data-lazy=\"1\" class=\"module_column tb-column col3-1 tb_vdi2103 first\">\n                    <!-- module text -->\n<div  class=\"module module-text tb_sk3k008   \" data-lazy=\"1\">\n        <div  class=\"tb_text_wrap\">\n        <p style=\"text-align: right\"><a href=\"http:\/\/glider-battery.eu\/privacy-policy\/\">Politique de confidentialit\u00e9<\/a><\/p>    <\/div>\n<\/div>\n<!-- \/module text -->        <\/div>\n                    <div  data-lazy=\"1\" class=\"module_column tb-column col3-1 tb_skby393\">\n                    <!-- module text -->\n<div  class=\"module module-text tb_np96333   \" data-lazy=\"1\">\n        <div  class=\"tb_text_wrap\">\n        <p style=\"text-align: center\"><a href=\"http:\/\/www.glider-battery.eu\/payment-and-shipping\/\">Paiements et exp\u00e9dition<\/a><\/p>    <\/div>\n<\/div>\n<!-- \/module text -->        <\/div>\n                    <div  data-lazy=\"1\" class=\"module_column tb-column col3-1 tb_72gt089 last\">\n                    <!-- module text -->\n<div  class=\"module module-text tb_uiuc488   \" data-lazy=\"1\">\n        <div  class=\"tb_text_wrap\">\n        <p style=\"text-align: left\"><a href=\"http:\/\/glider-battery.eu\/Warranty-and-returns\/\">Garantie et retours<\/a><\/p>    <\/div>\n<\/div>\n<!-- \/module text -->        <\/div>\n                        <\/div>\n        <\/div>\n                        <div  data-lazy=\"1\" class=\"module_row themify_builder_row tb_pf27804 tf_w hide-desktop hide-tablet\">\n                        <div class=\"row_inner col_align_top tb_col_count_3 tf_box tf_rel\">\n                        <div  data-lazy=\"1\" class=\"module_column tb-column col3-1 tb_yr2c000 first\">\n                            <\/div>\n                    <div  data-lazy=\"1\" class=\"module_column tb-column col3-1 tb_x9qu019\">\n                    <!-- module text -->\n<div  class=\"module module-text tb_wbph909   \" data-lazy=\"1\">\n        <div  class=\"tb_text_wrap\">\n        <p style=\"text-align: center\"><a href=\"http:\/\/glider-battery.eu\/privacy-policy\/\">Politique de confidentialit\u00e9<\/a> <a href=\"http:\/\/glider-battery.eu\/warranty-and-returns\/\">Garantie et retours<\/a><\/p><p style=\"text-align: center\"><a href=\"http:\/\/www.glider-battery.eu\/payment-and-shipping\/\">Paiements et exp\u00e9dition<\/a><\/p>    <\/div>\n<\/div>\n<!-- \/module text -->        <\/div>\n                    <div  data-lazy=\"1\" class=\"module_column tb-column col3-1 tb_2nxh583 last\">\n                            <\/div>\n                        <\/div>\n        <\/div>\n                        <div  data-lazy=\"1\" class=\"module_row themify_builder_row tb_9j0x063 tf_w\">\n                        <div class=\"row_inner col_align_top tb_col_count_1 tf_box tf_rel\">\n                        <div  data-lazy=\"1\" class=\"module_column tb-column col-full tb_ykyl930 first\">\n                            <\/div>\n                        <\/div>\n        <\/div>\n        <\/div>\n<!--\/themify_builder_content-->","protected":false},"excerpt":{"rendered":"","protected":false},"author":1,"featured_media":0,"parent":0,"menu_order":0,"comment_status":"closed","ping_status":"closed","template":"","meta":{"footnotes":""},"class_list":["post-1142","page","type-page","status-publish","hentry","has-post-title","has-post-date","has-post-category","has-post-tag","has-post-comment","has-post-author",""],"yoast_head":"<!-- This site is optimized with the Yoast SEO plugin v27.0 - https:\/\/yoast.com\/product\/yoast-seo-wordpress\/ -->\n<title>\u00c0 propos - Glider Battery Shop<\/title>\n<meta name=\"robots\" content=\"index, follow, max-snippet:-1, max-image-preview:large, max-video-preview:-1\" \/>\n<link rel=\"canonical\" href=\"https:\/\/glider-battery.eu\/fr\/a-propos\/\" \/>\n<meta property=\"og:locale\" content=\"fr_FR\" \/>\n<meta property=\"og:type\" content=\"article\" \/>\n<meta property=\"og:title\" content=\"\u00c0 propos - Glider Battery Shop\" \/>\n<meta property=\"og:url\" content=\"https:\/\/glider-battery.eu\/fr\/a-propos\/\" \/>\n<meta property=\"og:site_name\" content=\"Glider Battery Shop\" \/>\n<meta property=\"article:modified_time\" content=\"2025-01-25T16:33:22+00:00\" \/>\n<meta name=\"twitter:card\" content=\"summary_large_image\" \/>\n<meta name=\"twitter:label1\" content=\"Dur\u00e9e de lecture estim\u00e9e\" \/>\n\t<meta name=\"twitter:data1\" content=\"2 minutes\" \/>\n<script type=\"application\/ld+json\" class=\"yoast-schema-graph\">{\"@context\":\"https:\/\/schema.org\",\"@graph\":[{\"@type\":\"WebPage\",\"@id\":\"https:\/\/glider-battery.eu\/fr\/a-propos\/\",\"url\":\"https:\/\/glider-battery.eu\/fr\/a-propos\/\",\"name\":\"\u00c0 propos - Glider Battery Shop\",\"isPartOf\":{\"@id\":\"https:\/\/glider-battery.eu\/#website\"},\"datePublished\":\"2021-12-09T09:54:02+00:00\",\"dateModified\":\"2025-01-25T16:33:22+00:00\",\"breadcrumb\":{\"@id\":\"https:\/\/glider-battery.eu\/fr\/a-propos\/#breadcrumb\"},\"inLanguage\":\"fr-FR\",\"potentialAction\":[{\"@type\":\"ReadAction\",\"target\":[\"https:\/\/glider-battery.eu\/fr\/a-propos\/\"]}]},{\"@type\":\"BreadcrumbList\",\"@id\":\"https:\/\/glider-battery.eu\/fr\/a-propos\/#breadcrumb\",\"itemListElement\":[{\"@type\":\"ListItem\",\"position\":1,\"name\":\"Home\",\"item\":\"https:\/\/glider-battery.eu\/\"},{\"@type\":\"ListItem\",\"position\":2,\"name\":\"\u00c0 propos\"}]},{\"@type\":\"WebSite\",\"@id\":\"https:\/\/glider-battery.eu\/#website\",\"url\":\"https:\/\/glider-battery.eu\/\",\"name\":\"Glider Battery Shop\",\"description\":\"Power For Your Electronics\",\"publisher\":{\"@id\":\"https:\/\/glider-battery.eu\/#organization\"},\"potentialAction\":[{\"@type\":\"SearchAction\",\"target\":{\"@type\":\"EntryPoint\",\"urlTemplate\":\"https:\/\/glider-battery.eu\/?s={search_term_string}\"},\"query-input\":{\"@type\":\"PropertyValueSpecification\",\"valueRequired\":true,\"valueName\":\"search_term_string\"}}],\"inLanguage\":\"fr-FR\"},{\"@type\":\"Organization\",\"@id\":\"https:\/\/glider-battery.eu\/#organization\",\"name\":\"Glider-Battery.eu\",\"url\":\"https:\/\/glider-battery.eu\/\",\"logo\":{\"@type\":\"ImageObject\",\"inLanguage\":\"fr-FR\",\"@id\":\"https:\/\/glider-battery.eu\/#\/schema\/logo\/image\/\",\"url\":\"https:\/\/glider-battery.eu\/wp-content\/uploads\/2018\/01\/dar-grey-logo.png\",\"contentUrl\":\"https:\/\/glider-battery.eu\/wp-content\/uploads\/2018\/01\/dar-grey-logo.png\",\"width\":1300,\"height\":400,\"caption\":\"Glider-Battery.eu\"},\"image\":{\"@id\":\"https:\/\/glider-battery.eu\/#\/schema\/logo\/image\/\"}}]}<\/script>\n<!-- \/ Yoast SEO plugin. -->","yoast_head_json":{"title":"\u00c0 propos - Glider Battery Shop","robots":{"index":"index","follow":"follow","max-snippet":"max-snippet:-1","max-image-preview":"max-image-preview:large","max-video-preview":"max-video-preview:-1"},"canonical":"https:\/\/glider-battery.eu\/fr\/a-propos\/","og_locale":"fr_FR","og_type":"article","og_title":"\u00c0 propos - Glider Battery Shop","og_url":"https:\/\/glider-battery.eu\/fr\/a-propos\/","og_site_name":"Glider Battery Shop","article_modified_time":"2025-01-25T16:33:22+00:00","twitter_card":"summary_large_image","twitter_misc":{"Dur\u00e9e de lecture estim\u00e9e":"2 minutes"},"schema":{"@context":"https:\/\/schema.org","@graph":[{"@type":"WebPage","@id":"https:\/\/glider-battery.eu\/fr\/a-propos\/","url":"https:\/\/glider-battery.eu\/fr\/a-propos\/","name":"\u00c0 propos - Glider Battery Shop","isPartOf":{"@id":"https:\/\/glider-battery.eu\/#website"},"datePublished":"2021-12-09T09:54:02+00:00","dateModified":"2025-01-25T16:33:22+00:00","breadcrumb":{"@id":"https:\/\/glider-battery.eu\/fr\/a-propos\/#breadcrumb"},"inLanguage":"fr-FR","potentialAction":[{"@type":"ReadAction","target":["https:\/\/glider-battery.eu\/fr\/a-propos\/"]}]},{"@type":"BreadcrumbList","@id":"https:\/\/glider-battery.eu\/fr\/a-propos\/#breadcrumb","itemListElement":[{"@type":"ListItem","position":1,"name":"Home","item":"https:\/\/glider-battery.eu\/"},{"@type":"ListItem","position":2,"name":"\u00c0 propos"}]},{"@type":"WebSite","@id":"https:\/\/glider-battery.eu\/#website","url":"https:\/\/glider-battery.eu\/","name":"Glider Battery Shop","description":"Power For Your Electronics","publisher":{"@id":"https:\/\/glider-battery.eu\/#organization"},"potentialAction":[{"@type":"SearchAction","target":{"@type":"EntryPoint","urlTemplate":"https:\/\/glider-battery.eu\/?s={search_term_string}"},"query-input":{"@type":"PropertyValueSpecification","valueRequired":true,"valueName":"search_term_string"}}],"inLanguage":"fr-FR"},{"@type":"Organization","@id":"https:\/\/glider-battery.eu\/#organization","name":"Glider-Battery.eu","url":"https:\/\/glider-battery.eu\/","logo":{"@type":"ImageObject","inLanguage":"fr-FR","@id":"https:\/\/glider-battery.eu\/#\/schema\/logo\/image\/","url":"https:\/\/glider-battery.eu\/wp-content\/uploads\/2018\/01\/dar-grey-logo.png","contentUrl":"https:\/\/glider-battery.eu\/wp-content\/uploads\/2018\/01\/dar-grey-logo.png","width":1300,"height":400,"caption":"Glider-Battery.eu"},"image":{"@id":"https:\/\/glider-battery.eu\/#\/schema\/logo\/image\/"}}]}},"builder_content":"<p>Chers amis du vol \u00e0 voile,<\/p> <p>Notre mission premi\u00e8re est de renforcer la s\u00e9curit\u00e9 au sein de la communaut\u00e9 du vol \u00e0 voile.<\/p> <p>A une \u00e9poque domin\u00e9e par l'\u00e9lectronique, le monde du vol \u00e0 voile ne fait pas exception. Il est essentiel de disposer d'une \u00e9lectronique fiable et fonctionnant sans faille. Et ce, non seulement pour optimiser les performances des instruments, mais aussi pour assurer le fonctionnement sans faille des dispositifs de s\u00e9curit\u00e9. Reconnaissant cette exigence essentielle, notre engagement est d'\u00e9quiper chaque pilote de planeur avec des batteries modernes qui sont non seulement s\u00fbres et fiables, mais aussi abordables. Nous nous appuyons sur les connaissances et les pratiques d'ing\u00e9nierie les plus r\u00e9centes pour \u00e9lever les normes de s\u00e9curit\u00e9 des batteries de planeurs sans faire de compromis sur les co\u00fbts. En ne proposant que des produits standard et les plus demand\u00e9s, nous sommes en mesure de r\u00e9duire les co\u00fbts de stockage et d'entretien, ce qui permet de r\u00e9duire le prix final pour nos clients.<\/p> <p>Notre gamme de produits comprend des batteries LiFePO4 de taille standard sp\u00e9cialement con\u00e7ues pour les planeurs. Nous nous effor\u00e7ons de maintenir un niveau d'excellence \u00e9lev\u00e9 en utilisant des mat\u00e9riaux de premi\u00e8re qualit\u00e9 et des solutions de s\u00e9curit\u00e9 de pointe. Nos batteries sont dot\u00e9es de cellules de qualit\u00e9 A+ provenant des plus grands fabricants mondiaux, d'un syst\u00e8me de gestion des batteries de haute qualit\u00e9, de multiples capteurs de protection de la temp\u00e9rature, de plaques en nickel pur pour une meilleure r\u00e9sistance aux vibrations et d'une conception sp\u00e9ciale de l'ensemble des batteries pour une s\u00e9curit\u00e9 accrue. Ce ne sont l\u00e0 que quelques exemples des mesures que nous prenons pour vous fournir des batteries qui d\u00e9passent les normes de l'industrie et qui donnent la priorit\u00e9 \u00e0 la s\u00e9curit\u00e9.<\/p> <p> Vous \u00eates a\u00e9roclub, e-shop, organisateur de comp\u00e9tition ou repr\u00e9sentez une autre communaut\u00e9 de glisse ? Nous sommes toujours ouverts \u00e0 la coop\u00e9ration. Contactez-nous!<\/p> <p> Equipe Glider-Battery.eu<\/p>\n<p>[contact-form-7 id=\"238\" title=\"Nous contacter\"]<\/p>\n<p style=\"text-align: right\"><a href=\"http:\/\/www.glider-battery.eu\/contact-us\/\">Service Clients<\/a><\/p>\n<p><a href=\"http:\/\/glider-battery.eu\/about\/\">\u00c0 propos de nous<\/a><\/p>\n<p><a href=\"http:\/\/glider-battery.eu\/my-account\/\">Compte<\/a><\/p>\n<p>Service client <a href=\"http:\/\/glider-battery.eu\/about\/\">\u00c0 propos de nous<\/a> <a href=\"http:\/\/glider-battery.eu\/my-account\/\">Compte<\/a><\/p>\n<p style=\"text-align: right\"><a href=\"http:\/\/glider-battery.eu\/privacy-policy\/\">Politique de confidentialit\u00e9<\/a><\/p>\n<p style=\"text-align: center\"><a href=\"http:\/\/www.glider-battery.eu\/payment-and-shipping\/\">Paiements et exp\u00e9dition<\/a><\/p>\n<p style=\"text-align: left\"><a href=\"http:\/\/glider-battery.eu\/Warranty-and-returns\/\">Garantie et retours<\/a><\/p>\n<p style=\"text-align: center\"><a href=\"http:\/\/glider-battery.eu\/privacy-policy\/\">Politique de confidentialit\u00e9<\/a> <a href=\"http:\/\/glider-battery.eu\/warranty-and-returns\/\">Garantie et retours<\/a><\/p><p style=\"text-align: center\"><a href=\"http:\/\/www.glider-battery.eu\/payment-and-shipping\/\">Paiements et exp\u00e9dition<\/a><\/p>","_links":{"self":[{"href":"https:\/\/glider-battery.eu\/fr\/wp-json\/wp\/v2\/pages\/1142","targetHints":{"allow":["GET"]}}],"collection":[{"href":"https:\/\/glider-battery.eu\/fr\/wp-json\/wp\/v2\/pages"}],"about":[{"href":"https:\/\/glider-battery.eu\/fr\/wp-json\/wp\/v2\/types\/page"}],"author":[{"embeddable":true,"href":"https:\/\/glider-battery.eu\/fr\/wp-json\/wp\/v2\/users\/1"}],"replies":[{"embeddable":true,"href":"https:\/\/glider-battery.eu\/fr\/wp-json\/wp\/v2\/comments?post=1142"}],"version-history":[{"count":12,"href":"https:\/\/glider-battery.eu\/fr\/wp-json\/wp\/v2\/pages\/1142\/revisions"}],"predecessor-version":[{"id":2570,"href":"https:\/\/glider-battery.eu\/fr\/wp-json\/wp\/v2\/pages\/1142\/revisions\/2570"}],"wp:attachment":[{"href":"https:\/\/glider-battery.eu\/fr\/wp-json\/wp\/v2\/media?parent=1142"}],"curies":[{"name":"wp","href":"https:\/\/api.w.org\/{rel}","templated":true}]}}