{"id":1144,"date":"2021-12-09T09:57:09","date_gmt":"2021-12-09T09:57:09","guid":{"rendered":"https:\/\/glider-battery.eu\/le-chargeur-au-plomb-peut-il-etre-utilise-pour-les-batteries-lifepo4\/"},"modified":"2022-01-07T03:35:37","modified_gmt":"2022-01-07T03:35:37","slug":"le-chargeur-au-plomb-peut-il-etre-utilise-pour-les-batteries-lifepo4","status":"publish","type":"page","link":"https:\/\/glider-battery.eu\/fr\/le-chargeur-au-plomb-peut-il-etre-utilise-pour-les-batteries-lifepo4\/","title":{"rendered":"Le chargeur au plomb peut-il \u00eatre utilis\u00e9 pour les batteries LiFePO4 ?"},"content":{"rendered":"<p>Salut les gars,<\/p>\n<p>La question que nous avons r\u00e9cemment re\u00e7ue de nos clients est de savoir si \u00ab\u00a0les batteries LiFePO4 peuvent \u00eatre charg\u00e9es avec un chargeur au plomb\u00a0\u00bb.<\/p>\n<p>Veuillez trouver ci-dessous la r\u00e9ponse pourquoi cela ne devrait pas \u00eatre fait. R\u00e9ponse simple : c&rsquo;est POSSIBLE, mais il faut \u00eatre TR\u00c8S PRUDENT et vous RISQUEZ la dur\u00e9e de vie de votre batterie.<\/p>\n<p>Une batterie au lithium LiFePO4 de 12 V compl\u00e8tement charg\u00e9e \u00e0 100 % tiendra une tension d&rsquo;environ 13,3 \u00e0 13,4 V. Son cousin au plomb sera d&rsquo;environ 12,6-12,7v. Une batterie au lithium \u00e0 20% de capacit\u00e9 tiendra une tension d&rsquo;environ 13V, sa cousine au plomb sera d&rsquo;environ 11,8V \u00e0 la m\u00eame capacit\u00e9. Comme vous pouvez le voir, nous jouons avec une fen\u00eatre de tension tr\u00e8s \u00e9troite avec le lithium, moins de 0,5V sur 80% de capacit\u00e9.<\/p>\n<p>Un chargeur Lithium LiFePO4 est un dispositif de limitation de tension qui pr\u00e9sente des similitudes avec le syst\u00e8me plomb-acide. Les diff\u00e9rences avec le Li-ion r\u00e9sident dans une tension plus \u00e9lev\u00e9e par cellule, des tol\u00e9rances de tension plus strictes et l&rsquo;absence de charge de maintien ou d&rsquo;entretien \u00e0 pleine charge. Alors que le plomb-acide offre une certaine flexibilit\u00e9 en termes de coupure de tension, les fabricants de cellules LiFePO4 sont tr\u00e8s stricts sur le r\u00e9glage correct car le Li-ion ne peut pas accepter les surcharges. Le soi-disant chargeur miracle qui promet de prolonger la dur\u00e9e de vie de la batterie et de gagner en capacit\u00e9 suppl\u00e9mentaire avec des impulsions et autres gadgets n&rsquo;existe pas. LiFePO4 est un syst\u00e8me \u00ab propre \u00bb et ne prend que ce qu&rsquo;il peut absorber.<\/p>\n<p>Les chargeurs au lithium sont bas\u00e9s sur un algorithme de charge CV\/CC (tension constante\/courant constant). Le chargeur limite la quantit\u00e9 de courant \u00e0 un niveau pr\u00e9d\u00e9fini jusqu&rsquo;\u00e0 ce que la batterie atteigne un niveau de tension pr\u00e9d\u00e9fini. Le courant diminue ensuite au fur et \u00e0 mesure que la batterie est compl\u00e8tement charg\u00e9e. Ce syst\u00e8me permet une charge rapide sans risque de surcharge et convient aux batteries Li-ion et autres types de batteries.<\/p>\n<p><img loading=\"lazy\" decoding=\"async\" class=\"alignnone wp-image-1146\" src=\"https:\/\/glider-battery.eu\/wp-content\/uploads\/2018\/01\/enerdrive-charger-lithium.jpg\" alt=\"\" width=\"525\" height=\"346\" srcset=\"https:\/\/glider-battery.eu\/wp-content\/uploads\/2018\/01\/enerdrive-charger-lithium.jpg 583w, https:\/\/glider-battery.eu\/wp-content\/uploads\/2018\/01\/enerdrive-charger-lithium-400x263.jpg 400w, https:\/\/glider-battery.eu\/wp-content\/uploads\/2018\/01\/enerdrive-charger-lithium-350x231.jpg 350w\" sizes=\"auto, (max-width: 525px) 100vw, 525px\" \/><\/p>\n<p><strong> Exemple d&rsquo;algorithme de chargeur au lithium en 2 \u00e9tapes<\/strong><\/p>\n<p>&nbsp;<\/p>\n<p>Comme vous pouvez le voir sur le graphique de charge ci-dessus, la batterie au lithium a une forte augmentation de tension \u00e0 la toute fin du cycle de charge. A ce stade, le courant de charge chute extr\u00eamement rapidement et le chargeur passe alors en mode alimentation.<\/p>\n<p>La majorit\u00e9 des chargeurs intelligents au plomb de nos jours ont des algorithmes de charge sp\u00e9cifiques pour les batteries Flooded\/AGM\/Gel qui n\u00e9cessitent g\u00e9n\u00e9ralement un processus de charge en 3 \u00e9tapes, Bulk\/Absorption\/Float. Une fois que le chargeur passe \u00e0 l&rsquo;\u00e9tat de gros, il charge normalement une batterie au plomb \u00e0 pleine intensit\u00e9 jusqu&rsquo;\u00e0 environ 80% de sa capacit\u00e9. \u00c0 ce stade, le chargeur passera \u00e0 l&rsquo;\u00e9tape d&rsquo;absorption.<\/p>\n<p><img loading=\"lazy\" decoding=\"async\" class=\"alignnone size-full wp-image-1149\" src=\"http:\/\/glider-battery.eu\/wp-content\/uploads\/2018\/01\/enerdrive-charger-bankPriority.jpg\" alt=\"\" width=\"548\" height=\"238\" srcset=\"https:\/\/glider-battery.eu\/wp-content\/uploads\/2018\/01\/enerdrive-charger-bankPriority.jpg 548w, https:\/\/glider-battery.eu\/wp-content\/uploads\/2018\/01\/enerdrive-charger-bankPriority-400x174.jpg 400w, https:\/\/glider-battery.eu\/wp-content\/uploads\/2018\/01\/enerdrive-charger-bankPriority-350x152.jpg 350w\" sizes=\"auto, (max-width: 548px) 100vw, 548px\" \/><\/p>\n<p><strong> Algorithme de chargeur d&rsquo;acide de plomb typique<\/strong><\/p>\n<p>&nbsp;<\/p>\n<p>Dans cette phase de charge, le chargeur maintiendra la tension maximale pour la batterie choisie et chargera la batterie avec un courant r\u00e9duit car la r\u00e9sistance interne des batteries ne peut pas accepter le courant de charge \u00e0 la sortie maximale. Une fois que le courant est r\u00e9duit \u00e0 environ \u226410 % de la sortie totale du chargeur, il passe alors \u00e0 l&rsquo;\u00e9tat flottant. L&rsquo;\u00e9tape d&rsquo;absorption est \u00e9galement bas\u00e9e sur le temps, si le chargeur est toujours dans sa phase d&rsquo;absorption apr\u00e8s 4 heures, le chargeur passera automatiquement \u00e0 l&rsquo;\u00e9tape de flottement. Cela se produit g\u00e9n\u00e9ralement si le chargeur est sous-dimensionn\u00e9 pour le groupe de batteries ou si des charges fonctionnent sur le syst\u00e8me et ne permettent pas au chargeur de r\u00e9duire le courant en dessous du point de transition.<\/p>\n<p>La plupart des chargeurs plomb-acide, sinon tous, ont un mode d&rsquo;\u00e9galisation. Sur certains chargeurs, ce mode peut \u00eatre automatique et ne peut pas \u00eatre d\u00e9sactiv\u00e9. Les batteries au lithium ne n\u00e9cessitent aucune forme d&rsquo;\u00e9galisation. L&rsquo;application d&rsquo;une charge d&rsquo;\u00e9galisation de 15 V+ \u00e0 une batterie au lithium endommagera les cellules de mani\u00e8re irr\u00e9parable.<\/p>\n<p>L&rsquo;autre fonction des chargeurs plomb-acide est une tension de \u00ab retour \u00e0 la masse \u00bb. La tension d&rsquo;une batterie 100% plomb-acide est d&rsquo;environ 12,7 V. Une fois que le chargeur est en mode Float, il maintiendra la batterie \u00e0 une tension pr\u00e9d\u00e9finie (normalement entre 13,3 et 13,8 V en fonction du type de batterie) et supportera \u00e9galement toutes les charges en cours d&rsquo;ex\u00e9cution \u00e0 ce moment-l\u00e0. Si les charges augmentent au-del\u00e0 de la sortie maximale du chargeur en flottement, la tension de la batterie commencera \u00e0 diminuer. Une fois que la tension atteint la tension de \u00abretour \u00e0 la masse\u00bb, le chargeur d\u00e9marre alors un nouveau cycle de charge et commence \u00e0 recharger la batterie.<\/p>\n<p>Le r\u00e9glage de la tension de \u00abretour en vrac\u00bb dans les chargeurs au plomb est normalement de 12,5-12,7v. Cette tension pour une batterie au lithium est beaucoup trop faible. \u00c0 cette tension, la batterie au lithium sera \u00e9puis\u00e9e \u00e0 environ 10 \u00e0 15% d&rsquo;\u00e9tat de charge. Les algorithmes de charge au lithium d\u00e9finiront normalement un retour \u00e0 la tension globale de 13,1 \u00e0 13,2 V. Juste une autre raison pour laquelle un chargeur au plomb standard ne convient pas aux batteries au lithium.<\/p>\n<p>Certains chargeurs au plomb \u00abpingent\u00bb la batterie au d\u00e9marrage pour d\u00e9terminer la tension\/la r\u00e9sistance de la batterie. Sur la base des informations de retour, le chargeur d\u00e9termine ensuite dans quelle phase de charge commencer. \u00c9tant donn\u00e9 que le lithium maintiendra une tension sup\u00e9rieure \u00e0 13 + v, certains chargeurs au plomb consid\u00e9reront cela comme une batterie presque pleine et entreront dans une phase flottante et contourneront la phase de charge ensemble.<\/p>\n<p>Si vous souhaitez utiliser un chargeur plomb-acide sur une batterie au lithium, vous pouvez, CEPENDANT, vous ne devez PAS utiliser un chargeur plomb-acide s&rsquo;il dispose d&rsquo;un \u00ab mode d&rsquo;\u00e9galisation \u00bb automatique, qui ne peut pas \u00eatre \u00e9teint en permanence. Un chargeur au plomb qui peut \u00eatre r\u00e9gl\u00e9 pour ne pas charger plus de 14,6 V peut \u00eatre utilis\u00e9 pour une charge r\u00e9guli\u00e8re, puis DOIT \u00eatre d\u00e9connect\u00e9 une fois la batterie compl\u00e8tement charg\u00e9e. NE PAS laisser le chargeur au plomb connect\u00e9 pour entretenir ou stocker la batterie, car la plupart ne maintiendront PAS l&rsquo;algorithme de charge de tension appropri\u00e9 pour les batteries au lithium et des dommages se produiront \u00e0 la batterie et cela n&rsquo;est pas couvert par la garantie de la batterie.<\/p>\n<p>En fin de compte, l&rsquo;utilisation d&rsquo;un chargeur de batterie avec un algorithme de charge au lithium sp\u00e9cifique est la meilleure option pour des performances et une dur\u00e9e de vie maximales de toute batterie au lithium.<\/p>\n<p><em>Source : Enerdrive.com<\/em><\/p>\n","protected":false},"excerpt":{"rendered":"<p>Salut les gars, La question que nous avons r\u00e9cemment re\u00e7ue de nos clients est de savoir si \u00ab\u00a0les batteries LiFePO4 peuvent \u00eatre charg\u00e9es avec un chargeur au plomb\u00a0\u00bb. Veuillez trouver ci-dessous la r\u00e9ponse pourquoi cela ne devrait pas \u00eatre fait. R\u00e9ponse simple : c&rsquo;est POSSIBLE, mais il faut \u00eatre TR\u00c8S PRUDENT et vous RISQUEZ la [&hellip;]<\/p>\n","protected":false},"author":4,"featured_media":0,"parent":0,"menu_order":0,"comment_status":"closed","ping_status":"closed","template":"","meta":{"footnotes":""},"class_list":["post-1144","page","type-page","status-publish","hentry","has-post-title","has-post-date","has-post-category","has-post-tag","has-post-comment","has-post-author",""],"yoast_head":"<!-- This site is optimized with the Yoast SEO plugin v27.0 - https:\/\/yoast.com\/product\/yoast-seo-wordpress\/ -->\n<title>Le chargeur au plomb peut-il \u00eatre utilis\u00e9 pour les batteries LiFePO4 ? - Glider Battery Shop<\/title>\n<meta name=\"robots\" content=\"index, follow, max-snippet:-1, max-image-preview:large, max-video-preview:-1\" \/>\n<link rel=\"canonical\" href=\"https:\/\/glider-battery.eu\/fr\/le-chargeur-au-plomb-peut-il-etre-utilise-pour-les-batteries-lifepo4\/\" \/>\n<meta property=\"og:locale\" content=\"fr_FR\" \/>\n<meta property=\"og:type\" content=\"article\" \/>\n<meta property=\"og:title\" content=\"Le chargeur au plomb peut-il \u00eatre utilis\u00e9 pour les batteries LiFePO4 ? - Glider Battery Shop\" \/>\n<meta property=\"og:description\" content=\"Salut les gars, La question que nous avons r\u00e9cemment re\u00e7ue de nos clients est de savoir si \u00ab\u00a0les batteries LiFePO4 peuvent \u00eatre charg\u00e9es avec un chargeur au plomb\u00a0\u00bb. Veuillez trouver ci-dessous la r\u00e9ponse pourquoi cela ne devrait pas \u00eatre fait. R\u00e9ponse simple : c&rsquo;est POSSIBLE, mais il faut \u00eatre TR\u00c8S PRUDENT et vous RISQUEZ la [&hellip;]\" \/>\n<meta property=\"og:url\" content=\"https:\/\/glider-battery.eu\/fr\/le-chargeur-au-plomb-peut-il-etre-utilise-pour-les-batteries-lifepo4\/\" \/>\n<meta property=\"og:site_name\" content=\"Glider Battery Shop\" \/>\n<meta property=\"article:modified_time\" content=\"2022-01-07T03:35:37+00:00\" \/>\n<meta property=\"og:image\" content=\"https:\/\/glider-battery.eu\/wp-content\/uploads\/2018\/01\/enerdrive-charger-lithium.jpg\" \/>\n<meta name=\"twitter:card\" content=\"summary_large_image\" \/>\n<meta name=\"twitter:label1\" content=\"Dur\u00e9e de lecture estim\u00e9e\" \/>\n\t<meta name=\"twitter:data1\" content=\"6 minutes\" \/>\n<script type=\"application\/ld+json\" class=\"yoast-schema-graph\">{\"@context\":\"https:\/\/schema.org\",\"@graph\":[{\"@type\":\"WebPage\",\"@id\":\"https:\/\/glider-battery.eu\/fr\/le-chargeur-au-plomb-peut-il-etre-utilise-pour-les-batteries-lifepo4\/\",\"url\":\"https:\/\/glider-battery.eu\/fr\/le-chargeur-au-plomb-peut-il-etre-utilise-pour-les-batteries-lifepo4\/\",\"name\":\"Le chargeur au plomb peut-il \u00eatre utilis\u00e9 pour les batteries LiFePO4 ? - Glider Battery Shop\",\"isPartOf\":{\"@id\":\"https:\/\/glider-battery.eu\/#website\"},\"primaryImageOfPage\":{\"@id\":\"https:\/\/glider-battery.eu\/fr\/le-chargeur-au-plomb-peut-il-etre-utilise-pour-les-batteries-lifepo4\/#primaryimage\"},\"image\":{\"@id\":\"https:\/\/glider-battery.eu\/fr\/le-chargeur-au-plomb-peut-il-etre-utilise-pour-les-batteries-lifepo4\/#primaryimage\"},\"thumbnailUrl\":\"https:\/\/glider-battery.eu\/wp-content\/uploads\/2018\/01\/enerdrive-charger-lithium.jpg\",\"datePublished\":\"2021-12-09T09:57:09+00:00\",\"dateModified\":\"2022-01-07T03:35:37+00:00\",\"breadcrumb\":{\"@id\":\"https:\/\/glider-battery.eu\/fr\/le-chargeur-au-plomb-peut-il-etre-utilise-pour-les-batteries-lifepo4\/#breadcrumb\"},\"inLanguage\":\"fr-FR\",\"potentialAction\":[{\"@type\":\"ReadAction\",\"target\":[\"https:\/\/glider-battery.eu\/fr\/le-chargeur-au-plomb-peut-il-etre-utilise-pour-les-batteries-lifepo4\/\"]}]},{\"@type\":\"ImageObject\",\"inLanguage\":\"fr-FR\",\"@id\":\"https:\/\/glider-battery.eu\/fr\/le-chargeur-au-plomb-peut-il-etre-utilise-pour-les-batteries-lifepo4\/#primaryimage\",\"url\":\"https:\/\/glider-battery.eu\/wp-content\/uploads\/2018\/01\/enerdrive-charger-lithium.jpg\",\"contentUrl\":\"https:\/\/glider-battery.eu\/wp-content\/uploads\/2018\/01\/enerdrive-charger-lithium.jpg\"},{\"@type\":\"BreadcrumbList\",\"@id\":\"https:\/\/glider-battery.eu\/fr\/le-chargeur-au-plomb-peut-il-etre-utilise-pour-les-batteries-lifepo4\/#breadcrumb\",\"itemListElement\":[{\"@type\":\"ListItem\",\"position\":1,\"name\":\"Home\",\"item\":\"https:\/\/glider-battery.eu\/\"},{\"@type\":\"ListItem\",\"position\":2,\"name\":\"Le chargeur au plomb peut-il \u00eatre utilis\u00e9 pour les batteries LiFePO4 ?\"}]},{\"@type\":\"WebSite\",\"@id\":\"https:\/\/glider-battery.eu\/#website\",\"url\":\"https:\/\/glider-battery.eu\/\",\"name\":\"Glider Battery Shop\",\"description\":\"Power For Your Electronics\",\"publisher\":{\"@id\":\"https:\/\/glider-battery.eu\/#organization\"},\"potentialAction\":[{\"@type\":\"SearchAction\",\"target\":{\"@type\":\"EntryPoint\",\"urlTemplate\":\"https:\/\/glider-battery.eu\/?s={search_term_string}\"},\"query-input\":{\"@type\":\"PropertyValueSpecification\",\"valueRequired\":true,\"valueName\":\"search_term_string\"}}],\"inLanguage\":\"fr-FR\"},{\"@type\":\"Organization\",\"@id\":\"https:\/\/glider-battery.eu\/#organization\",\"name\":\"Glider-Battery.eu\",\"url\":\"https:\/\/glider-battery.eu\/\",\"logo\":{\"@type\":\"ImageObject\",\"inLanguage\":\"fr-FR\",\"@id\":\"https:\/\/glider-battery.eu\/#\/schema\/logo\/image\/\",\"url\":\"https:\/\/glider-battery.eu\/wp-content\/uploads\/2018\/01\/dar-grey-logo.png\",\"contentUrl\":\"https:\/\/glider-battery.eu\/wp-content\/uploads\/2018\/01\/dar-grey-logo.png\",\"width\":1300,\"height\":400,\"caption\":\"Glider-Battery.eu\"},\"image\":{\"@id\":\"https:\/\/glider-battery.eu\/#\/schema\/logo\/image\/\"}}]}<\/script>\n<!-- \/ Yoast SEO plugin. -->","yoast_head_json":{"title":"Le chargeur au plomb peut-il \u00eatre utilis\u00e9 pour les batteries LiFePO4 ? - Glider Battery Shop","robots":{"index":"index","follow":"follow","max-snippet":"max-snippet:-1","max-image-preview":"max-image-preview:large","max-video-preview":"max-video-preview:-1"},"canonical":"https:\/\/glider-battery.eu\/fr\/le-chargeur-au-plomb-peut-il-etre-utilise-pour-les-batteries-lifepo4\/","og_locale":"fr_FR","og_type":"article","og_title":"Le chargeur au plomb peut-il \u00eatre utilis\u00e9 pour les batteries LiFePO4 ? - Glider Battery Shop","og_description":"Salut les gars, La question que nous avons r\u00e9cemment re\u00e7ue de nos clients est de savoir si \u00ab\u00a0les batteries LiFePO4 peuvent \u00eatre charg\u00e9es avec un chargeur au plomb\u00a0\u00bb. Veuillez trouver ci-dessous la r\u00e9ponse pourquoi cela ne devrait pas \u00eatre fait. R\u00e9ponse simple : c&rsquo;est POSSIBLE, mais il faut \u00eatre TR\u00c8S PRUDENT et vous RISQUEZ la [&hellip;]","og_url":"https:\/\/glider-battery.eu\/fr\/le-chargeur-au-plomb-peut-il-etre-utilise-pour-les-batteries-lifepo4\/","og_site_name":"Glider Battery Shop","article_modified_time":"2022-01-07T03:35:37+00:00","og_image":[{"url":"https:\/\/glider-battery.eu\/wp-content\/uploads\/2018\/01\/enerdrive-charger-lithium.jpg","type":"","width":"","height":""}],"twitter_card":"summary_large_image","twitter_misc":{"Dur\u00e9e de lecture estim\u00e9e":"6 minutes"},"schema":{"@context":"https:\/\/schema.org","@graph":[{"@type":"WebPage","@id":"https:\/\/glider-battery.eu\/fr\/le-chargeur-au-plomb-peut-il-etre-utilise-pour-les-batteries-lifepo4\/","url":"https:\/\/glider-battery.eu\/fr\/le-chargeur-au-plomb-peut-il-etre-utilise-pour-les-batteries-lifepo4\/","name":"Le chargeur au plomb peut-il \u00eatre utilis\u00e9 pour les batteries LiFePO4 ? - Glider Battery Shop","isPartOf":{"@id":"https:\/\/glider-battery.eu\/#website"},"primaryImageOfPage":{"@id":"https:\/\/glider-battery.eu\/fr\/le-chargeur-au-plomb-peut-il-etre-utilise-pour-les-batteries-lifepo4\/#primaryimage"},"image":{"@id":"https:\/\/glider-battery.eu\/fr\/le-chargeur-au-plomb-peut-il-etre-utilise-pour-les-batteries-lifepo4\/#primaryimage"},"thumbnailUrl":"https:\/\/glider-battery.eu\/wp-content\/uploads\/2018\/01\/enerdrive-charger-lithium.jpg","datePublished":"2021-12-09T09:57:09+00:00","dateModified":"2022-01-07T03:35:37+00:00","breadcrumb":{"@id":"https:\/\/glider-battery.eu\/fr\/le-chargeur-au-plomb-peut-il-etre-utilise-pour-les-batteries-lifepo4\/#breadcrumb"},"inLanguage":"fr-FR","potentialAction":[{"@type":"ReadAction","target":["https:\/\/glider-battery.eu\/fr\/le-chargeur-au-plomb-peut-il-etre-utilise-pour-les-batteries-lifepo4\/"]}]},{"@type":"ImageObject","inLanguage":"fr-FR","@id":"https:\/\/glider-battery.eu\/fr\/le-chargeur-au-plomb-peut-il-etre-utilise-pour-les-batteries-lifepo4\/#primaryimage","url":"https:\/\/glider-battery.eu\/wp-content\/uploads\/2018\/01\/enerdrive-charger-lithium.jpg","contentUrl":"https:\/\/glider-battery.eu\/wp-content\/uploads\/2018\/01\/enerdrive-charger-lithium.jpg"},{"@type":"BreadcrumbList","@id":"https:\/\/glider-battery.eu\/fr\/le-chargeur-au-plomb-peut-il-etre-utilise-pour-les-batteries-lifepo4\/#breadcrumb","itemListElement":[{"@type":"ListItem","position":1,"name":"Home","item":"https:\/\/glider-battery.eu\/"},{"@type":"ListItem","position":2,"name":"Le chargeur au plomb peut-il \u00eatre utilis\u00e9 pour les batteries LiFePO4 ?"}]},{"@type":"WebSite","@id":"https:\/\/glider-battery.eu\/#website","url":"https:\/\/glider-battery.eu\/","name":"Glider Battery Shop","description":"Power For Your Electronics","publisher":{"@id":"https:\/\/glider-battery.eu\/#organization"},"potentialAction":[{"@type":"SearchAction","target":{"@type":"EntryPoint","urlTemplate":"https:\/\/glider-battery.eu\/?s={search_term_string}"},"query-input":{"@type":"PropertyValueSpecification","valueRequired":true,"valueName":"search_term_string"}}],"inLanguage":"fr-FR"},{"@type":"Organization","@id":"https:\/\/glider-battery.eu\/#organization","name":"Glider-Battery.eu","url":"https:\/\/glider-battery.eu\/","logo":{"@type":"ImageObject","inLanguage":"fr-FR","@id":"https:\/\/glider-battery.eu\/#\/schema\/logo\/image\/","url":"https:\/\/glider-battery.eu\/wp-content\/uploads\/2018\/01\/dar-grey-logo.png","contentUrl":"https:\/\/glider-battery.eu\/wp-content\/uploads\/2018\/01\/dar-grey-logo.png","width":1300,"height":400,"caption":"Glider-Battery.eu"},"image":{"@id":"https:\/\/glider-battery.eu\/#\/schema\/logo\/image\/"}}]}},"builder_content":"","_links":{"self":[{"href":"https:\/\/glider-battery.eu\/fr\/wp-json\/wp\/v2\/pages\/1144","targetHints":{"allow":["GET"]}}],"collection":[{"href":"https:\/\/glider-battery.eu\/fr\/wp-json\/wp\/v2\/pages"}],"about":[{"href":"https:\/\/glider-battery.eu\/fr\/wp-json\/wp\/v2\/types\/page"}],"author":[{"embeddable":true,"href":"https:\/\/glider-battery.eu\/fr\/wp-json\/wp\/v2\/users\/4"}],"replies":[{"embeddable":true,"href":"https:\/\/glider-battery.eu\/fr\/wp-json\/wp\/v2\/comments?post=1144"}],"version-history":[{"count":1,"href":"https:\/\/glider-battery.eu\/fr\/wp-json\/wp\/v2\/pages\/1144\/revisions"}],"predecessor-version":[{"id":1434,"href":"https:\/\/glider-battery.eu\/fr\/wp-json\/wp\/v2\/pages\/1144\/revisions\/1434"}],"wp:attachment":[{"href":"https:\/\/glider-battery.eu\/fr\/wp-json\/wp\/v2\/media?parent=1144"}],"curies":[{"name":"wp","href":"https:\/\/api.w.org\/{rel}","templated":true}]}}