{"id":1255,"date":"2021-12-09T10:15:05","date_gmt":"2021-12-09T10:15:05","guid":{"rendered":"https:\/\/glider-battery.eu\/politique-de-confidentialite\/"},"modified":"2021-12-09T10:15:05","modified_gmt":"2021-12-09T10:15:05","slug":"politique-de-confidentialite","status":"publish","type":"page","link":"https:\/\/glider-battery.eu\/fr\/politique-de-confidentialite\/","title":{"rendered":"Politique de confidentialit\u00e9"},"content":{"rendered":"<p><strong> Politique de confidentialit\u00e9<\/strong><\/p>\n<p>Glider-Battery.eu respecte la vie priv\u00e9e de tous les utilisateurs de son site et veille \u00e0 ce que les informations personnelles que vous nous fournissez soient trait\u00e9es de mani\u00e8re confidentielle. Nous utilisons vos informations pour passer les commandes aussi rapidement et facilement que possible. Pour le reste, nous n&rsquo;utiliserons ces informations qu&rsquo;avec votre autorisation. Nous ne vendrons pas vos informations personnelles \u00e0 des tiers et les mettrons uniquement \u00e0 la disposition des tiers impliqu\u00e9s dans l&rsquo;ex\u00e9cution de votre commande.<\/p>\n<p>Glider-Battery.eu utilise les donn\u00e9es collect\u00e9es pour fournir \u00e0 ses clients les services suivants :<br \/>\nSi vous passez une commande, nous avons besoin de votre nom, adresse e-mail, num\u00e9ro de t\u00e9l\u00e9phone, adresse de livraison et informations de paiement pour ex\u00e9cuter votre commande et vous tenir au courant.<br \/>\nAfin de rendre les achats sur Glider-Battery.eu aussi agr\u00e9ables que possible, nous stockerons vos informations personnelles et les informations concernant votre commande et votre utilisation pour nos services.<br \/>\nNous utilisons votre adresse e-mail pour vous informer du d\u00e9veloppement du site Web et des offres et actions sp\u00e9ciales. Vous pouvez vous d\u00e9sinscrire de notre site Web \u00e0 tout moment.<br \/>\nSi vous passez une commande sur Glider-Battery.eu, nous conserverons vos informations dans un environnement s\u00e9curis\u00e9. Si vous le souhaitez, vous pouvez vous inscrire\/vous connecter avec un nom d&rsquo;utilisateur et un mot de passe et nous fournir votre nom et adresse, num\u00e9ro de t\u00e9l\u00e9phone, adresse e-mail, informations de livraison et de paiement afin que vous n&rsquo;ayez pas \u00e0 les remplir \u00e0 chaque nouvelle commande.<br \/>\nLes donn\u00e9es sur l&rsquo;utilisation de notre site et les commentaires que nous recevons de nos visiteurs nous aident \u00e0 d\u00e9velopper et \u00e0 am\u00e9liorer davantage notre site.<br \/>\nSi vous d\u00e9cidez d&rsquo;\u00e9crire un avis, vous pouvez choisir d&rsquo;ajouter votre nom ou d&rsquo;autres informations personnelles. Nous sommes curieux de conna\u00eetre les opinions de nos visiteurs, mais nous nous r\u00e9servons le droit de ne pas contribuer \u00e0 des contributions qui ne respectent pas nos termes de r\u00e9f\u00e9rence.<br \/>\nGlider-Battery.eu ne vend jamais vos donn\u00e9es.<br \/>\nGlider-Battery.eu ne vendra pas vos informations personnelles \u00e0 des tiers et ne les mettra \u00e0 disposition qu&rsquo;\u00e0 des tiers impliqu\u00e9s dans l&rsquo;ex\u00e9cution de votre commande. Nos employ\u00e9s et les tiers engag\u00e9s par nous sont tenus de respecter la confidentialit\u00e9 de vos donn\u00e9es.<\/p>\n<p><strong>Biscuits<\/strong><br \/>\nGlider-Battery.eu utilise des cookies pour vous reconna\u00eetre lors d&rsquo;une visite ult\u00e9rieure. Les cookies nous permettent de recueillir des informations sur l&rsquo;utilisation de nos services, de les am\u00e9liorer et de les adapter aux souhaits de nos visiteurs. Nos cookies fournissent des informations concernant l&rsquo;identification personnelle. Vous pouvez configurer votre navigateur pour qu&rsquo;il ne re\u00e7oive pas de cookies lors de vos achats sur notre site Web.<\/p>\n<p>Si vous avez des questions sur la politique de confidentialit\u00e9 de Glider-Battery.eu, veuillez nous contacter. Nous serons heureux de vous aider lorsque vous avez besoin d&rsquo;informations sur vos donn\u00e9es ou si vous souhaitez les modifier. En cas de modification de notre politique de confidentialit\u00e9, vous pouvez toujours trouver les informations les plus r\u00e9centes sur cette page.<\/p>\n","protected":false},"excerpt":{"rendered":"<p>Politique de confidentialit\u00e9 Glider-Battery.eu respecte la vie priv\u00e9e de tous les utilisateurs de son site et veille \u00e0 ce que les informations personnelles que vous nous fournissez soient trait\u00e9es de mani\u00e8re confidentielle. Nous utilisons vos informations pour passer les commandes aussi rapidement et facilement que possible. Pour le reste, nous n&rsquo;utiliserons ces informations qu&rsquo;avec votre [&hellip;]<\/p>\n","protected":false},"author":4,"featured_media":0,"parent":0,"menu_order":0,"comment_status":"closed","ping_status":"closed","template":"","meta":{"footnotes":""},"class_list":["post-1255","page","type-page","status-publish","hentry","has-post-title","has-post-date","has-post-category","has-post-tag","has-post-comment","has-post-author",""],"yoast_head":"<!-- This site is optimized with the Yoast SEO plugin v27.0 - https:\/\/yoast.com\/product\/yoast-seo-wordpress\/ -->\n<title>Politique de confidentialit\u00e9 - Glider Battery Shop<\/title>\n<meta name=\"robots\" content=\"index, follow, max-snippet:-1, max-image-preview:large, max-video-preview:-1\" \/>\n<link rel=\"canonical\" href=\"https:\/\/glider-battery.eu\/politique-de-confidentialite\/\" \/>\n<meta property=\"og:locale\" content=\"fr_FR\" \/>\n<meta property=\"og:type\" content=\"article\" \/>\n<meta property=\"og:title\" content=\"Politique de confidentialit\u00e9 - Glider Battery Shop\" \/>\n<meta property=\"og:description\" content=\"Politique de confidentialit\u00e9 Glider-Battery.eu respecte la vie priv\u00e9e de tous les utilisateurs de son site et veille \u00e0 ce que les informations personnelles que vous nous fournissez soient trait\u00e9es de mani\u00e8re confidentielle. Nous utilisons vos informations pour passer les commandes aussi rapidement et facilement que possible. Pour le reste, nous n&rsquo;utiliserons ces informations qu&rsquo;avec votre [&hellip;]\" \/>\n<meta property=\"og:url\" content=\"https:\/\/glider-battery.eu\/politique-de-confidentialite\/\" \/>\n<meta property=\"og:site_name\" content=\"Glider Battery Shop\" \/>\n<meta name=\"twitter:card\" content=\"summary_large_image\" \/>\n<meta name=\"twitter:label1\" content=\"Dur\u00e9e de lecture estim\u00e9e\" \/>\n\t<meta name=\"twitter:data1\" content=\"3 minutes\" \/>\n<script type=\"application\/ld+json\" class=\"yoast-schema-graph\">{\"@context\":\"https:\/\/schema.org\",\"@graph\":[{\"@type\":\"WebPage\",\"@id\":\"https:\/\/glider-battery.eu\/politique-de-confidentialite\/\",\"url\":\"https:\/\/glider-battery.eu\/politique-de-confidentialite\/\",\"name\":\"Politique de confidentialit\u00e9 - Glider Battery Shop\",\"isPartOf\":{\"@id\":\"https:\/\/glider-battery.eu\/#website\"},\"datePublished\":\"2021-12-09T10:15:05+00:00\",\"breadcrumb\":{\"@id\":\"https:\/\/glider-battery.eu\/politique-de-confidentialite\/#breadcrumb\"},\"inLanguage\":\"fr-FR\",\"potentialAction\":[{\"@type\":\"ReadAction\",\"target\":[\"https:\/\/glider-battery.eu\/politique-de-confidentialite\/\"]}]},{\"@type\":\"BreadcrumbList\",\"@id\":\"https:\/\/glider-battery.eu\/politique-de-confidentialite\/#breadcrumb\",\"itemListElement\":[{\"@type\":\"ListItem\",\"position\":1,\"name\":\"Home\",\"item\":\"https:\/\/glider-battery.eu\/\"},{\"@type\":\"ListItem\",\"position\":2,\"name\":\"Politique de confidentialit\u00e9\"}]},{\"@type\":\"WebSite\",\"@id\":\"https:\/\/glider-battery.eu\/#website\",\"url\":\"https:\/\/glider-battery.eu\/\",\"name\":\"Glider Battery Shop\",\"description\":\"Power For Your Electronics\",\"publisher\":{\"@id\":\"https:\/\/glider-battery.eu\/#organization\"},\"potentialAction\":[{\"@type\":\"SearchAction\",\"target\":{\"@type\":\"EntryPoint\",\"urlTemplate\":\"https:\/\/glider-battery.eu\/?s={search_term_string}\"},\"query-input\":{\"@type\":\"PropertyValueSpecification\",\"valueRequired\":true,\"valueName\":\"search_term_string\"}}],\"inLanguage\":\"fr-FR\"},{\"@type\":\"Organization\",\"@id\":\"https:\/\/glider-battery.eu\/#organization\",\"name\":\"Glider-Battery.eu\",\"url\":\"https:\/\/glider-battery.eu\/\",\"logo\":{\"@type\":\"ImageObject\",\"inLanguage\":\"fr-FR\",\"@id\":\"https:\/\/glider-battery.eu\/#\/schema\/logo\/image\/\",\"url\":\"https:\/\/glider-battery.eu\/wp-content\/uploads\/2018\/01\/dar-grey-logo.png\",\"contentUrl\":\"https:\/\/glider-battery.eu\/wp-content\/uploads\/2018\/01\/dar-grey-logo.png\",\"width\":1300,\"height\":400,\"caption\":\"Glider-Battery.eu\"},\"image\":{\"@id\":\"https:\/\/glider-battery.eu\/#\/schema\/logo\/image\/\"}}]}<\/script>\n<!-- \/ Yoast SEO plugin. -->","yoast_head_json":{"title":"Politique de confidentialit\u00e9 - Glider Battery Shop","robots":{"index":"index","follow":"follow","max-snippet":"max-snippet:-1","max-image-preview":"max-image-preview:large","max-video-preview":"max-video-preview:-1"},"canonical":"https:\/\/glider-battery.eu\/politique-de-confidentialite\/","og_locale":"fr_FR","og_type":"article","og_title":"Politique de confidentialit\u00e9 - Glider Battery Shop","og_description":"Politique de confidentialit\u00e9 Glider-Battery.eu respecte la vie priv\u00e9e de tous les utilisateurs de son site et veille \u00e0 ce que les informations personnelles que vous nous fournissez soient trait\u00e9es de mani\u00e8re confidentielle. Nous utilisons vos informations pour passer les commandes aussi rapidement et facilement que possible. Pour le reste, nous n&rsquo;utiliserons ces informations qu&rsquo;avec votre [&hellip;]","og_url":"https:\/\/glider-battery.eu\/politique-de-confidentialite\/","og_site_name":"Glider Battery Shop","twitter_card":"summary_large_image","twitter_misc":{"Dur\u00e9e de lecture estim\u00e9e":"3 minutes"},"schema":{"@context":"https:\/\/schema.org","@graph":[{"@type":"WebPage","@id":"https:\/\/glider-battery.eu\/politique-de-confidentialite\/","url":"https:\/\/glider-battery.eu\/politique-de-confidentialite\/","name":"Politique de confidentialit\u00e9 - Glider Battery Shop","isPartOf":{"@id":"https:\/\/glider-battery.eu\/#website"},"datePublished":"2021-12-09T10:15:05+00:00","breadcrumb":{"@id":"https:\/\/glider-battery.eu\/politique-de-confidentialite\/#breadcrumb"},"inLanguage":"fr-FR","potentialAction":[{"@type":"ReadAction","target":["https:\/\/glider-battery.eu\/politique-de-confidentialite\/"]}]},{"@type":"BreadcrumbList","@id":"https:\/\/glider-battery.eu\/politique-de-confidentialite\/#breadcrumb","itemListElement":[{"@type":"ListItem","position":1,"name":"Home","item":"https:\/\/glider-battery.eu\/"},{"@type":"ListItem","position":2,"name":"Politique de confidentialit\u00e9"}]},{"@type":"WebSite","@id":"https:\/\/glider-battery.eu\/#website","url":"https:\/\/glider-battery.eu\/","name":"Glider Battery Shop","description":"Power For Your Electronics","publisher":{"@id":"https:\/\/glider-battery.eu\/#organization"},"potentialAction":[{"@type":"SearchAction","target":{"@type":"EntryPoint","urlTemplate":"https:\/\/glider-battery.eu\/?s={search_term_string}"},"query-input":{"@type":"PropertyValueSpecification","valueRequired":true,"valueName":"search_term_string"}}],"inLanguage":"fr-FR"},{"@type":"Organization","@id":"https:\/\/glider-battery.eu\/#organization","name":"Glider-Battery.eu","url":"https:\/\/glider-battery.eu\/","logo":{"@type":"ImageObject","inLanguage":"fr-FR","@id":"https:\/\/glider-battery.eu\/#\/schema\/logo\/image\/","url":"https:\/\/glider-battery.eu\/wp-content\/uploads\/2018\/01\/dar-grey-logo.png","contentUrl":"https:\/\/glider-battery.eu\/wp-content\/uploads\/2018\/01\/dar-grey-logo.png","width":1300,"height":400,"caption":"Glider-Battery.eu"},"image":{"@id":"https:\/\/glider-battery.eu\/#\/schema\/logo\/image\/"}}]}},"builder_content":"","_links":{"self":[{"href":"https:\/\/glider-battery.eu\/fr\/wp-json\/wp\/v2\/pages\/1255","targetHints":{"allow":["GET"]}}],"collection":[{"href":"https:\/\/glider-battery.eu\/fr\/wp-json\/wp\/v2\/pages"}],"about":[{"href":"https:\/\/glider-battery.eu\/fr\/wp-json\/wp\/v2\/types\/page"}],"author":[{"embeddable":true,"href":"https:\/\/glider-battery.eu\/fr\/wp-json\/wp\/v2\/users\/4"}],"replies":[{"embeddable":true,"href":"https:\/\/glider-battery.eu\/fr\/wp-json\/wp\/v2\/comments?post=1255"}],"version-history":[{"count":0,"href":"https:\/\/glider-battery.eu\/fr\/wp-json\/wp\/v2\/pages\/1255\/revisions"}],"wp:attachment":[{"href":"https:\/\/glider-battery.eu\/fr\/wp-json\/wp\/v2\/media?parent=1255"}],"curies":[{"name":"wp","href":"https:\/\/api.w.org\/{rel}","templated":true}]}}