{"id":1259,"date":"2021-12-09T10:17:45","date_gmt":"2021-12-09T10:17:45","guid":{"rendered":"https:\/\/glider-battery.eu\/transaction-terminee\/"},"modified":"2022-01-07T02:43:48","modified_gmt":"2022-01-07T02:43:48","slug":"transaction-terminee","status":"publish","type":"page","link":"https:\/\/glider-battery.eu\/fr\/transaction-terminee\/","title":{"rendered":"Transaction termin\u00e9e"},"content":{"rendered":"<p><strong>Transaction termin\u00e9e<\/strong><\/p>\n<p>Merci pour votre paiement. Votre transaction a \u00e9t\u00e9 effectu\u00e9e et un re\u00e7u pour votre achat vous a \u00e9t\u00e9 envoy\u00e9 par courriel. Vous pouvez vous connecter \u00e0 votre compte sur www.glider-battery.eu pour afficher les d\u00e9tails de cette transaction.<\/p>\n<p>Equipe Glider-Battery.eu<\/p>\n","protected":false},"excerpt":{"rendered":"<p>Transaction termin\u00e9e Merci pour votre paiement. Votre transaction a \u00e9t\u00e9 effectu\u00e9e et un re\u00e7u pour votre achat vous a \u00e9t\u00e9 envoy\u00e9 par courriel. Vous pouvez vous connecter \u00e0 votre compte sur www.glider-battery.eu pour afficher les d\u00e9tails de cette transaction. Equipe Glider-Battery.eu<\/p>\n","protected":false},"author":4,"featured_media":0,"parent":0,"menu_order":0,"comment_status":"closed","ping_status":"closed","template":"","meta":{"footnotes":""},"class_list":["post-1259","page","type-page","status-publish","hentry","has-post-title","has-post-date","has-post-category","has-post-tag","has-post-comment","has-post-author",""],"yoast_head":"<!-- This site is optimized with the Yoast SEO plugin v27.0 - https:\/\/yoast.com\/product\/yoast-seo-wordpress\/ -->\n<title>Transaction termin\u00e9e - Glider Battery Shop<\/title>\n<meta name=\"robots\" content=\"index, follow, max-snippet:-1, max-image-preview:large, max-video-preview:-1\" \/>\n<link rel=\"canonical\" href=\"https:\/\/glider-battery.eu\/fr\/transaction-terminee\/\" \/>\n<meta property=\"og:locale\" content=\"fr_FR\" \/>\n<meta property=\"og:type\" content=\"article\" \/>\n<meta property=\"og:title\" content=\"Transaction termin\u00e9e - Glider Battery Shop\" \/>\n<meta property=\"og:description\" content=\"Transaction termin\u00e9e Merci pour votre paiement. Votre transaction a \u00e9t\u00e9 effectu\u00e9e et un re\u00e7u pour votre achat vous a \u00e9t\u00e9 envoy\u00e9 par courriel. Vous pouvez vous connecter \u00e0 votre compte sur www.glider-battery.eu pour afficher les d\u00e9tails de cette transaction. Equipe Glider-Battery.eu\" \/>\n<meta property=\"og:url\" content=\"https:\/\/glider-battery.eu\/fr\/transaction-terminee\/\" \/>\n<meta property=\"og:site_name\" content=\"Glider Battery Shop\" \/>\n<meta property=\"article:modified_time\" content=\"2022-01-07T02:43:48+00:00\" \/>\n<meta name=\"twitter:card\" content=\"summary_large_image\" \/>\n<script type=\"application\/ld+json\" class=\"yoast-schema-graph\">{\"@context\":\"https:\/\/schema.org\",\"@graph\":[{\"@type\":\"WebPage\",\"@id\":\"https:\/\/glider-battery.eu\/fr\/transaction-terminee\/\",\"url\":\"https:\/\/glider-battery.eu\/fr\/transaction-terminee\/\",\"name\":\"Transaction termin\u00e9e - Glider Battery Shop\",\"isPartOf\":{\"@id\":\"https:\/\/glider-battery.eu\/#website\"},\"datePublished\":\"2021-12-09T10:17:45+00:00\",\"dateModified\":\"2022-01-07T02:43:48+00:00\",\"breadcrumb\":{\"@id\":\"https:\/\/glider-battery.eu\/fr\/transaction-terminee\/#breadcrumb\"},\"inLanguage\":\"fr-FR\",\"potentialAction\":[{\"@type\":\"ReadAction\",\"target\":[\"https:\/\/glider-battery.eu\/fr\/transaction-terminee\/\"]}]},{\"@type\":\"BreadcrumbList\",\"@id\":\"https:\/\/glider-battery.eu\/fr\/transaction-terminee\/#breadcrumb\",\"itemListElement\":[{\"@type\":\"ListItem\",\"position\":1,\"name\":\"Home\",\"item\":\"https:\/\/glider-battery.eu\/\"},{\"@type\":\"ListItem\",\"position\":2,\"name\":\"Transaction termin\u00e9e\"}]},{\"@type\":\"WebSite\",\"@id\":\"https:\/\/glider-battery.eu\/#website\",\"url\":\"https:\/\/glider-battery.eu\/\",\"name\":\"Glider Battery Shop\",\"description\":\"Power For Your Electronics\",\"publisher\":{\"@id\":\"https:\/\/glider-battery.eu\/#organization\"},\"potentialAction\":[{\"@type\":\"SearchAction\",\"target\":{\"@type\":\"EntryPoint\",\"urlTemplate\":\"https:\/\/glider-battery.eu\/?s={search_term_string}\"},\"query-input\":{\"@type\":\"PropertyValueSpecification\",\"valueRequired\":true,\"valueName\":\"search_term_string\"}}],\"inLanguage\":\"fr-FR\"},{\"@type\":\"Organization\",\"@id\":\"https:\/\/glider-battery.eu\/#organization\",\"name\":\"Glider-Battery.eu\",\"url\":\"https:\/\/glider-battery.eu\/\",\"logo\":{\"@type\":\"ImageObject\",\"inLanguage\":\"fr-FR\",\"@id\":\"https:\/\/glider-battery.eu\/#\/schema\/logo\/image\/\",\"url\":\"https:\/\/glider-battery.eu\/wp-content\/uploads\/2018\/01\/dar-grey-logo.png\",\"contentUrl\":\"https:\/\/glider-battery.eu\/wp-content\/uploads\/2018\/01\/dar-grey-logo.png\",\"width\":1300,\"height\":400,\"caption\":\"Glider-Battery.eu\"},\"image\":{\"@id\":\"https:\/\/glider-battery.eu\/#\/schema\/logo\/image\/\"}}]}<\/script>\n<!-- \/ Yoast SEO plugin. -->","yoast_head_json":{"title":"Transaction termin\u00e9e - Glider Battery Shop","robots":{"index":"index","follow":"follow","max-snippet":"max-snippet:-1","max-image-preview":"max-image-preview:large","max-video-preview":"max-video-preview:-1"},"canonical":"https:\/\/glider-battery.eu\/fr\/transaction-terminee\/","og_locale":"fr_FR","og_type":"article","og_title":"Transaction termin\u00e9e - Glider Battery Shop","og_description":"Transaction termin\u00e9e Merci pour votre paiement. Votre transaction a \u00e9t\u00e9 effectu\u00e9e et un re\u00e7u pour votre achat vous a \u00e9t\u00e9 envoy\u00e9 par courriel. Vous pouvez vous connecter \u00e0 votre compte sur www.glider-battery.eu pour afficher les d\u00e9tails de cette transaction. Equipe Glider-Battery.eu","og_url":"https:\/\/glider-battery.eu\/fr\/transaction-terminee\/","og_site_name":"Glider Battery Shop","article_modified_time":"2022-01-07T02:43:48+00:00","twitter_card":"summary_large_image","schema":{"@context":"https:\/\/schema.org","@graph":[{"@type":"WebPage","@id":"https:\/\/glider-battery.eu\/fr\/transaction-terminee\/","url":"https:\/\/glider-battery.eu\/fr\/transaction-terminee\/","name":"Transaction termin\u00e9e - Glider Battery Shop","isPartOf":{"@id":"https:\/\/glider-battery.eu\/#website"},"datePublished":"2021-12-09T10:17:45+00:00","dateModified":"2022-01-07T02:43:48+00:00","breadcrumb":{"@id":"https:\/\/glider-battery.eu\/fr\/transaction-terminee\/#breadcrumb"},"inLanguage":"fr-FR","potentialAction":[{"@type":"ReadAction","target":["https:\/\/glider-battery.eu\/fr\/transaction-terminee\/"]}]},{"@type":"BreadcrumbList","@id":"https:\/\/glider-battery.eu\/fr\/transaction-terminee\/#breadcrumb","itemListElement":[{"@type":"ListItem","position":1,"name":"Home","item":"https:\/\/glider-battery.eu\/"},{"@type":"ListItem","position":2,"name":"Transaction termin\u00e9e"}]},{"@type":"WebSite","@id":"https:\/\/glider-battery.eu\/#website","url":"https:\/\/glider-battery.eu\/","name":"Glider Battery Shop","description":"Power For Your Electronics","publisher":{"@id":"https:\/\/glider-battery.eu\/#organization"},"potentialAction":[{"@type":"SearchAction","target":{"@type":"EntryPoint","urlTemplate":"https:\/\/glider-battery.eu\/?s={search_term_string}"},"query-input":{"@type":"PropertyValueSpecification","valueRequired":true,"valueName":"search_term_string"}}],"inLanguage":"fr-FR"},{"@type":"Organization","@id":"https:\/\/glider-battery.eu\/#organization","name":"Glider-Battery.eu","url":"https:\/\/glider-battery.eu\/","logo":{"@type":"ImageObject","inLanguage":"fr-FR","@id":"https:\/\/glider-battery.eu\/#\/schema\/logo\/image\/","url":"https:\/\/glider-battery.eu\/wp-content\/uploads\/2018\/01\/dar-grey-logo.png","contentUrl":"https:\/\/glider-battery.eu\/wp-content\/uploads\/2018\/01\/dar-grey-logo.png","width":1300,"height":400,"caption":"Glider-Battery.eu"},"image":{"@id":"https:\/\/glider-battery.eu\/#\/schema\/logo\/image\/"}}]}},"builder_content":"","_links":{"self":[{"href":"https:\/\/glider-battery.eu\/fr\/wp-json\/wp\/v2\/pages\/1259","targetHints":{"allow":["GET"]}}],"collection":[{"href":"https:\/\/glider-battery.eu\/fr\/wp-json\/wp\/v2\/pages"}],"about":[{"href":"https:\/\/glider-battery.eu\/fr\/wp-json\/wp\/v2\/types\/page"}],"author":[{"embeddable":true,"href":"https:\/\/glider-battery.eu\/fr\/wp-json\/wp\/v2\/users\/4"}],"replies":[{"embeddable":true,"href":"https:\/\/glider-battery.eu\/fr\/wp-json\/wp\/v2\/comments?post=1259"}],"version-history":[{"count":1,"href":"https:\/\/glider-battery.eu\/fr\/wp-json\/wp\/v2\/pages\/1259\/revisions"}],"predecessor-version":[{"id":1380,"href":"https:\/\/glider-battery.eu\/fr\/wp-json\/wp\/v2\/pages\/1259\/revisions\/1380"}],"wp:attachment":[{"href":"https:\/\/glider-battery.eu\/fr\/wp-json\/wp\/v2\/media?parent=1259"}],"curies":[{"name":"wp","href":"https:\/\/api.w.org\/{rel}","templated":true}]}}