{"id":1983,"date":"2023-01-05T02:48:26","date_gmt":"2023-01-05T02:48:26","guid":{"rendered":"https:\/\/glider-battery.eu\/peut-on-charger-plusieurs-batteries-lifepo4-avec-un-seul-chargeur\/"},"modified":"2023-01-05T03:01:03","modified_gmt":"2023-01-05T03:01:03","slug":"peut-on-charger-plusieurs-batteries-lifepo4-avec-un-seul-chargeur","status":"publish","type":"page","link":"https:\/\/glider-battery.eu\/fr\/peut-on-charger-plusieurs-batteries-lifepo4-avec-un-seul-chargeur\/","title":{"rendered":"Peut-on charger plusieurs batteries LiFePO4 avec un seul chargeur ?"},"content":{"rendered":"\n<p class=\"has-large-font-size\">Peut-on charger plusieurs batteries LiFePO4 avec un seul chargeur ?<\/p>\n\n<p>Chargement de plusieurs batteries avec un seul chargeur. D\u00e9veloppons davantage ce sujet.<\/p>\n\n<p>Si vous disposez d&rsquo;un syst\u00e8me de batterie utilisant des batteries au phosphate de fer lithium (LiFePO4), vous vous demandez peut-\u00eatre s&rsquo;il est possible de charger deux batteries 12V en parall\u00e8le \u00e0 l&rsquo;aide d&rsquo;un seul chargeur et d&rsquo;un syst\u00e8me de gestion de batterie (BMS). Bien que cela soit techniquement possible, ce n&rsquo;est g\u00e9n\u00e9ralement pas recommand\u00e9 en raison du risque de charge in\u00e9gale et du risque d&rsquo;endommager les batteries.<\/p>\n\n<figure class=\"wp-block-image size-full\"><img loading=\"lazy\" decoding=\"async\" width=\"621\" height=\"318\" src=\"https:\/\/glider-battery.eu\/wp-content\/uploads\/2023\/01\/image-1.png\" alt=\"\" class=\"wp-image-1975\" srcset=\"https:\/\/glider-battery.eu\/wp-content\/uploads\/2023\/01\/image-1.png 621w, https:\/\/glider-battery.eu\/wp-content\/uploads\/2023\/01\/image-1-400x205.png 400w\" sizes=\"auto, (max-width: 621px) 100vw, 621px\" \/><figcaption class=\"wp-element-caption\">Source : https:\/\/www.batterytender.com\/connecting-batteries-chargers-in-series-parallel<\/figcaption><\/figure>\n<p>Lorsque vous chargez des batteries LiFePO4 en parall\u00e8le, il est essentiel de veiller \u00e0 ce que le courant de charge soit r\u00e9parti uniform\u00e9ment entre les batteries. Si le courant n&rsquo;est pas r\u00e9parti uniform\u00e9ment, il est possible qu&rsquo;une batterie soit surcharg\u00e9e alors que l&rsquo;autre est sous-charg\u00e9e, ce qui peut entra\u00eener un d\u00e9s\u00e9quilibre de la tension et de la capacit\u00e9. Cela peut r\u00e9duire la dur\u00e9e de vie des batteries et m\u00eame les faire tomber en panne.<\/p>\n\n<p>Pour \u00e9viter cela, il est g\u00e9n\u00e9ralement recommand\u00e9 d&rsquo;utiliser un chargeur sp\u00e9cialement con\u00e7u pour la charge en parall\u00e8le et dont le courant de sortie est suffisant pour charger toutes les batteries en m\u00eame temps. Cela permet de s&rsquo;assurer que le courant de charge est r\u00e9parti de mani\u00e8re homog\u00e8ne entre les batteries et d&rsquo;\u00e9viter une charge in\u00e9gale.<\/p>\n\n<p>Outre l&rsquo;utilisation d&rsquo;un chargeur adapt\u00e9, il est \u00e9galement important d&rsquo;utiliser un BMS pour surveiller la charge et la d\u00e9charge des batteries et s&rsquo;assurer qu&rsquo;elles sont charg\u00e9es de mani\u00e8re uniforme. Sans BMS, il peut \u00eatre difficile d&rsquo;\u00e9quilibrer la charge entre les batteries, ce qui peut entra\u00eener des probl\u00e8mes de surcharge ou de sous-charge.<\/p>\n\n<p>Il est \u00e9galement important de suivre les proc\u00e9dures de charge appropri\u00e9es lorsque vous chargez des batteries LiFePO4 en parall\u00e8le. Il faut notamment utiliser la bonne tension et le bon courant de charge, et s&rsquo;assurer que les batteries sont compl\u00e8tement charg\u00e9es avant de d\u00e9brancher le chargeur.<\/p>\n\n<p>En conclusion, bien qu&rsquo;il soit techniquement possible de charger deux batteries LiFePO4 12V en parall\u00e8le \u00e0 l&rsquo;aide d&rsquo;un seul chargeur et d&rsquo;un BMS, cela n&rsquo;est g\u00e9n\u00e9ralement pas recommand\u00e9 en raison du risque de charge in\u00e9gale et du risque d&rsquo;endommagement des batteries. Pour garantir une charge s\u00fbre et efficace de vos batteries, il est pr\u00e9f\u00e9rable d&rsquo;utiliser un chargeur sp\u00e9cialement con\u00e7u pour la charge parall\u00e8le et un BMS pour surveiller la charge et la d\u00e9charge des batteries. En suivant les proc\u00e9dures de charge appropri\u00e9es, vous pouvez contribuer \u00e0 prolonger la dur\u00e9e de vie de vos batteries et \u00e0 garantir des performances fiables.<\/p>\n\n<p>Visitez notre magasin de batteries LiFePO4 en Europe pour des batteries et des \u00e9quipements de qualit\u00e9 aviation : https:\/\/glider-battery.eu\/shop\/<\/p>\n\n<p>Equipe Glider-Battery.eu<\/p>\n\n<p>www.glider-battery.eu<\/p>\n\n<p><\/p>\n<!-- wp:themify-builder\/canvas \/-->","protected":false},"excerpt":{"rendered":"<p>Peut-on charger plusieurs batteries LiFePO4 avec un seul chargeur ? Chargement de plusieurs batteries avec un seul chargeur. D\u00e9veloppons davantage ce sujet. Si vous disposez d&rsquo;un syst\u00e8me de batterie utilisant des batteries au phosphate de fer lithium (LiFePO4), vous vous demandez peut-\u00eatre s&rsquo;il est possible de charger deux batteries 12V en parall\u00e8le \u00e0 l&rsquo;aide d&rsquo;un [&hellip;]<\/p>\n","protected":false},"author":4,"featured_media":0,"parent":0,"menu_order":0,"comment_status":"closed","ping_status":"closed","template":"","meta":{"footnotes":""},"class_list":["post-1983","page","type-page","status-publish","hentry","has-post-title","has-post-date","has-post-category","has-post-tag","has-post-comment","has-post-author",""],"yoast_head":"<!-- This site is optimized with the Yoast SEO plugin v27.0 - https:\/\/yoast.com\/product\/yoast-seo-wordpress\/ -->\n<title>Chargement de plusieurs batteries au lithium avec un seul chargeur<\/title>\n<meta name=\"description\" content=\"Chargement de plusieurs batteries avec un seul chargeur. Est-il possible de charger plusieurs batteries avec un seul chargeur ?\" \/>\n<meta name=\"robots\" content=\"index, follow, max-snippet:-1, max-image-preview:large, max-video-preview:-1\" \/>\n<link rel=\"canonical\" href=\"https:\/\/glider-battery.eu\/fr\/?page_id=1983\" \/>\n<meta property=\"og:locale\" content=\"fr_FR\" \/>\n<meta property=\"og:type\" content=\"article\" \/>\n<meta property=\"og:title\" content=\"Chargement de plusieurs batteries au lithium avec un seul chargeur\" \/>\n<meta property=\"og:description\" content=\"Chargement de plusieurs batteries avec un seul chargeur. Est-il possible de charger plusieurs batteries avec un seul chargeur ?\" \/>\n<meta property=\"og:url\" content=\"https:\/\/glider-battery.eu\/fr\/?page_id=1983\" \/>\n<meta property=\"og:site_name\" content=\"Glider Battery Shop\" \/>\n<meta property=\"article:modified_time\" content=\"2023-01-05T03:01:03+00:00\" \/>\n<meta property=\"og:image\" content=\"https:\/\/glider-battery.eu\/wp-content\/uploads\/2023\/01\/image-1.png\" \/>\n<meta name=\"twitter:card\" content=\"summary_large_image\" \/>\n<meta name=\"twitter:label1\" content=\"Dur\u00e9e de lecture estim\u00e9e\" \/>\n\t<meta name=\"twitter:data1\" content=\"3 minutes\" \/>\n<script type=\"application\/ld+json\" class=\"yoast-schema-graph\">{\"@context\":\"https:\/\/schema.org\",\"@graph\":[{\"@type\":\"WebPage\",\"@id\":\"https:\/\/glider-battery.eu\/fr\/?page_id=1983\",\"url\":\"https:\/\/glider-battery.eu\/fr\/?page_id=1983\",\"name\":\"Chargement de plusieurs batteries au lithium avec un seul chargeur\",\"isPartOf\":{\"@id\":\"https:\/\/glider-battery.eu\/#website\"},\"primaryImageOfPage\":{\"@id\":\"https:\/\/glider-battery.eu\/fr\/?page_id=1983#primaryimage\"},\"image\":{\"@id\":\"https:\/\/glider-battery.eu\/fr\/?page_id=1983#primaryimage\"},\"thumbnailUrl\":\"https:\/\/glider-battery.eu\/wp-content\/uploads\/2023\/01\/image-1.png\",\"datePublished\":\"2023-01-05T02:48:26+00:00\",\"dateModified\":\"2023-01-05T03:01:03+00:00\",\"description\":\"Chargement de plusieurs batteries avec un seul chargeur. Est-il possible de charger plusieurs batteries avec un seul chargeur ?\",\"breadcrumb\":{\"@id\":\"https:\/\/glider-battery.eu\/fr\/?page_id=1983#breadcrumb\"},\"inLanguage\":\"fr-FR\",\"potentialAction\":[{\"@type\":\"ReadAction\",\"target\":[\"https:\/\/glider-battery.eu\/fr\/?page_id=1983\"]}]},{\"@type\":\"ImageObject\",\"inLanguage\":\"fr-FR\",\"@id\":\"https:\/\/glider-battery.eu\/fr\/?page_id=1983#primaryimage\",\"url\":\"https:\/\/glider-battery.eu\/wp-content\/uploads\/2023\/01\/image-1.png\",\"contentUrl\":\"https:\/\/glider-battery.eu\/wp-content\/uploads\/2023\/01\/image-1.png\"},{\"@type\":\"BreadcrumbList\",\"@id\":\"https:\/\/glider-battery.eu\/fr\/?page_id=1983#breadcrumb\",\"itemListElement\":[{\"@type\":\"ListItem\",\"position\":1,\"name\":\"Home\",\"item\":\"https:\/\/glider-battery.eu\/\"},{\"@type\":\"ListItem\",\"position\":2,\"name\":\"Peut-on charger plusieurs batteries LiFePO4 avec un seul chargeur ?\"}]},{\"@type\":\"WebSite\",\"@id\":\"https:\/\/glider-battery.eu\/#website\",\"url\":\"https:\/\/glider-battery.eu\/\",\"name\":\"Glider Battery Shop\",\"description\":\"Power For Your Electronics\",\"publisher\":{\"@id\":\"https:\/\/glider-battery.eu\/#organization\"},\"potentialAction\":[{\"@type\":\"SearchAction\",\"target\":{\"@type\":\"EntryPoint\",\"urlTemplate\":\"https:\/\/glider-battery.eu\/?s={search_term_string}\"},\"query-input\":{\"@type\":\"PropertyValueSpecification\",\"valueRequired\":true,\"valueName\":\"search_term_string\"}}],\"inLanguage\":\"fr-FR\"},{\"@type\":\"Organization\",\"@id\":\"https:\/\/glider-battery.eu\/#organization\",\"name\":\"Glider-Battery.eu\",\"url\":\"https:\/\/glider-battery.eu\/\",\"logo\":{\"@type\":\"ImageObject\",\"inLanguage\":\"fr-FR\",\"@id\":\"https:\/\/glider-battery.eu\/#\/schema\/logo\/image\/\",\"url\":\"https:\/\/glider-battery.eu\/wp-content\/uploads\/2018\/01\/dar-grey-logo.png\",\"contentUrl\":\"https:\/\/glider-battery.eu\/wp-content\/uploads\/2018\/01\/dar-grey-logo.png\",\"width\":1300,\"height\":400,\"caption\":\"Glider-Battery.eu\"},\"image\":{\"@id\":\"https:\/\/glider-battery.eu\/#\/schema\/logo\/image\/\"}}]}<\/script>\n<!-- \/ Yoast SEO plugin. -->","yoast_head_json":{"title":"Chargement de plusieurs batteries au lithium avec un seul chargeur","description":"Chargement de plusieurs batteries avec un seul chargeur. Est-il possible de charger plusieurs batteries avec un seul chargeur ?","robots":{"index":"index","follow":"follow","max-snippet":"max-snippet:-1","max-image-preview":"max-image-preview:large","max-video-preview":"max-video-preview:-1"},"canonical":"https:\/\/glider-battery.eu\/fr\/?page_id=1983","og_locale":"fr_FR","og_type":"article","og_title":"Chargement de plusieurs batteries au lithium avec un seul chargeur","og_description":"Chargement de plusieurs batteries avec un seul chargeur. Est-il possible de charger plusieurs batteries avec un seul chargeur ?","og_url":"https:\/\/glider-battery.eu\/fr\/?page_id=1983","og_site_name":"Glider Battery Shop","article_modified_time":"2023-01-05T03:01:03+00:00","og_image":[{"url":"https:\/\/glider-battery.eu\/wp-content\/uploads\/2023\/01\/image-1.png","type":"","width":"","height":""}],"twitter_card":"summary_large_image","twitter_misc":{"Dur\u00e9e de lecture estim\u00e9e":"3 minutes"},"schema":{"@context":"https:\/\/schema.org","@graph":[{"@type":"WebPage","@id":"https:\/\/glider-battery.eu\/fr\/?page_id=1983","url":"https:\/\/glider-battery.eu\/fr\/?page_id=1983","name":"Chargement de plusieurs batteries au lithium avec un seul chargeur","isPartOf":{"@id":"https:\/\/glider-battery.eu\/#website"},"primaryImageOfPage":{"@id":"https:\/\/glider-battery.eu\/fr\/?page_id=1983#primaryimage"},"image":{"@id":"https:\/\/glider-battery.eu\/fr\/?page_id=1983#primaryimage"},"thumbnailUrl":"https:\/\/glider-battery.eu\/wp-content\/uploads\/2023\/01\/image-1.png","datePublished":"2023-01-05T02:48:26+00:00","dateModified":"2023-01-05T03:01:03+00:00","description":"Chargement de plusieurs batteries avec un seul chargeur. Est-il possible de charger plusieurs batteries avec un seul chargeur ?","breadcrumb":{"@id":"https:\/\/glider-battery.eu\/fr\/?page_id=1983#breadcrumb"},"inLanguage":"fr-FR","potentialAction":[{"@type":"ReadAction","target":["https:\/\/glider-battery.eu\/fr\/?page_id=1983"]}]},{"@type":"ImageObject","inLanguage":"fr-FR","@id":"https:\/\/glider-battery.eu\/fr\/?page_id=1983#primaryimage","url":"https:\/\/glider-battery.eu\/wp-content\/uploads\/2023\/01\/image-1.png","contentUrl":"https:\/\/glider-battery.eu\/wp-content\/uploads\/2023\/01\/image-1.png"},{"@type":"BreadcrumbList","@id":"https:\/\/glider-battery.eu\/fr\/?page_id=1983#breadcrumb","itemListElement":[{"@type":"ListItem","position":1,"name":"Home","item":"https:\/\/glider-battery.eu\/"},{"@type":"ListItem","position":2,"name":"Peut-on charger plusieurs batteries LiFePO4 avec un seul chargeur ?"}]},{"@type":"WebSite","@id":"https:\/\/glider-battery.eu\/#website","url":"https:\/\/glider-battery.eu\/","name":"Glider Battery Shop","description":"Power For Your Electronics","publisher":{"@id":"https:\/\/glider-battery.eu\/#organization"},"potentialAction":[{"@type":"SearchAction","target":{"@type":"EntryPoint","urlTemplate":"https:\/\/glider-battery.eu\/?s={search_term_string}"},"query-input":{"@type":"PropertyValueSpecification","valueRequired":true,"valueName":"search_term_string"}}],"inLanguage":"fr-FR"},{"@type":"Organization","@id":"https:\/\/glider-battery.eu\/#organization","name":"Glider-Battery.eu","url":"https:\/\/glider-battery.eu\/","logo":{"@type":"ImageObject","inLanguage":"fr-FR","@id":"https:\/\/glider-battery.eu\/#\/schema\/logo\/image\/","url":"https:\/\/glider-battery.eu\/wp-content\/uploads\/2018\/01\/dar-grey-logo.png","contentUrl":"https:\/\/glider-battery.eu\/wp-content\/uploads\/2018\/01\/dar-grey-logo.png","width":1300,"height":400,"caption":"Glider-Battery.eu"},"image":{"@id":"https:\/\/glider-battery.eu\/#\/schema\/logo\/image\/"}}]}},"builder_content":"","_links":{"self":[{"href":"https:\/\/glider-battery.eu\/fr\/wp-json\/wp\/v2\/pages\/1983","targetHints":{"allow":["GET"]}}],"collection":[{"href":"https:\/\/glider-battery.eu\/fr\/wp-json\/wp\/v2\/pages"}],"about":[{"href":"https:\/\/glider-battery.eu\/fr\/wp-json\/wp\/v2\/types\/page"}],"author":[{"embeddable":true,"href":"https:\/\/glider-battery.eu\/fr\/wp-json\/wp\/v2\/users\/4"}],"replies":[{"embeddable":true,"href":"https:\/\/glider-battery.eu\/fr\/wp-json\/wp\/v2\/comments?post=1983"}],"version-history":[{"count":3,"href":"https:\/\/glider-battery.eu\/fr\/wp-json\/wp\/v2\/pages\/1983\/revisions"}],"predecessor-version":[{"id":2024,"href":"https:\/\/glider-battery.eu\/fr\/wp-json\/wp\/v2\/pages\/1983\/revisions\/2024"}],"wp:attachment":[{"href":"https:\/\/glider-battery.eu\/fr\/wp-json\/wp\/v2\/media?parent=1983"}],"curies":[{"name":"wp","href":"https:\/\/api.w.org\/{rel}","templated":true}]}}