{"id":1023,"date":"2018-12-27T19:54:45","date_gmt":"2021-12-09T09:22:25","guid":{"rendered":"https:\/\/glider-battery.eu\/product\/connecteurs-de-fil-de-type-xt60-divers-types\/"},"modified":"2022-09-07T22:05:04","modified_gmt":"2022-09-07T22:05:04","slug":"xt60-type-connecteur-fil-mf","status":"publish","type":"product","link":"https:\/\/glider-battery.eu\/fr\/produit\/xt60-type-connecteur-fil-mf\/","title":{"rendered":"Connecteurs de fil de type XT60, divers types"},"content":{"rendered":"<p>Connecteur de fil standard de type XT60, pi\u00e8ces m\u00e2le + femelle.<\/p>\n<ul>\n<li>Solution parfaite pour les d\u00e9connexions r\u00e9p\u00e9titives de vos batteries et de votre \u00e9lectronique.<\/li>\n<li>Protection de montage.<\/li>\n<li>Fiche XT60 + fil recouvert de silicone.<\/li>\n<li>XT60 1 connecteur femelle en 2 m\u00e2les. Solution pour la connexion simple de plusieurs appareils \u00e9lectroniques.<\/li>\n<li>Simple et fiable.<\/li>\n<li>Convivial pour l&rsquo;aviation.<\/li>\n<li>Diff\u00e9rents types \u00e0 des fins diff\u00e9rentes.<\/li>\n<li>Livraison rapide, bon prix.<\/li>\n<\/ul>\n<p>Si vous recherchez une solution pratique pour vos batteries ou votre connexion \u00e9lectronique, les connecteurs XT60 sont probablement votre meilleur choix.<\/p>\n<!--themify_builder_content-->\n<div id=\"themify_builder_content-1023\" data-postid=\"1023\" class=\"themify_builder_content themify_builder_content-1023 themify_builder tf_clear\">\n    <\/div>\n<!--\/themify_builder_content-->\n","protected":false},"excerpt":{"rendered":"<p>Les connecteurs sont fabriqu\u00e9s \u00e0 partir de broches ou de douilles plaqu\u00e9es or moul\u00e9es dans un bo\u00eetier solide en plastique\/nylon.<\/p>\n<ul>\n<li>La forme du XT60 emp\u00eache l&rsquo;inversion de polarit\u00e9.<\/li>\n<li>Vendu par paire de 1 connecteur m\u00e2le et 1 connecteur femelle ou s\u00e9par\u00e9ment.<\/li>\n<li>Comprend un couvercle qui emp\u00eache les dommages physiques pour les fils et les fils \u00e0 haute r\u00e9sistance recouverts de silicone.<\/li>\n<\/ul>\n","protected":false},"featured_media":1043,"comment_status":"open","ping_status":"closed","template":"","meta":[],"product_brand":[],"product_cat":[176],"product_tag":[103,178,99,121,119,93,97,96,95,177,212,213,211,102,94,100,101,92,98,253],"class_list":{"0":"post-1023","1":"product","2":"type-product","3":"status-publish","4":"has-post-thumbnail","6":"product_cat-accessoires-fr","7":"product_tag-accessoires-de-planeur","8":"product_tag-adaptateur-de-fil","9":"product_tag-aeroshop-fr","10":"product_tag-aeroshop-eu-fr","11":"product_tag-batterie-de-planeur-fr","12":"product_tag-chargeur","13":"product_tag-chargeur-de-batterie","14":"product_tag-chargeur-de-batterie-de-planeur","15":"product_tag-chargeur-lfp","16":"product_tag-connecteur-de-fil","17":"product_tag-electronique-fr","18":"product_tag-envolee-fr","19":"product_tag-equipement-de-planeur","20":"product_tag-fournitures-de-planeur","21":"product_tag-lifepo4-fr","22":"product_tag-magasin-de-planeur","23":"product_tag-magasin-de-planeur-fr","24":"product_tag-planeur","25":"product_tag-www-aeroshop-eu-fr","26":"product_tag-xt60-fr","27":"has-post-title","28":"has-post-date","29":"has-post-category","30":"has-post-tag","31":"has-post-comment","32":"has-post-author","33":"","35":"first","36":"instock","37":"sale","38":"taxable","39":"shipping-taxable","40":"purchasable","41":"product-type-variable","42":"has-default-attributes"},"yoast_head":"<!-- This site is optimized with the Yoast SEO plugin v27.0 - https:\/\/yoast.com\/product\/yoast-seo-wordpress\/ -->\n<title>Connecteurs de fil de type XT60, divers types - Glider Battery Shop<\/title>\n<meta name=\"description\" content=\"Connecteur de fil universel XT60 pour une d\u00e9connexion fr\u00e9quente. Adaptateur pour vol \u00e0 voile, aviation g\u00e9n\u00e9rale, mod\u00e8les RC et plus. Choix parfait pour plusieurs connexions \u00e9lectroniques. Standard XT60 m\u00e2le + femelle, XT60 avec protection, XT60 splits, XT60 avec fils silicone. Exp\u00e9dition rapide dans toute l&#039;Europe depuis notre entrep\u00f4t.\" \/>\n<meta name=\"robots\" content=\"index, follow, max-snippet:-1, max-image-preview:large, max-video-preview:-1\" \/>\n<link rel=\"canonical\" href=\"https:\/\/glider-battery.eu\/fr\/produit\/connecteurs-de-fil-de-type-xt60-divers-types\/\" \/>\n<meta property=\"og:locale\" content=\"fr_FR\" \/>\n<meta property=\"og:type\" content=\"article\" \/>\n<meta property=\"og:title\" content=\"Connecteurs de fil de type XT60, divers types - Glider Battery Shop\" \/>\n<meta property=\"og:description\" content=\"Connecteur de fil universel XT60 pour une d\u00e9connexion fr\u00e9quente. Adaptateur pour vol \u00e0 voile, aviation g\u00e9n\u00e9rale, mod\u00e8les RC et plus. Choix parfait pour plusieurs connexions \u00e9lectroniques. Standard XT60 m\u00e2le + femelle, XT60 avec protection, XT60 splits, XT60 avec fils silicone. Exp\u00e9dition rapide dans toute l&#039;Europe depuis notre entrep\u00f4t.\" \/>\n<meta property=\"og:url\" content=\"https:\/\/glider-battery.eu\/fr\/produit\/connecteurs-de-fil-de-type-xt60-divers-types\/\" \/>\n<meta property=\"og:site_name\" content=\"Glider Battery Shop\" \/>\n<meta property=\"article:modified_time\" content=\"2022-09-07T22:05:04+00:00\" \/>\n<meta property=\"og:image\" content=\"https:\/\/glider-battery.eu\/wp-content\/uploads\/2019\/01\/XT60-1-edited.jpg\" \/>\n\t<meta property=\"og:image:width\" content=\"800\" \/>\n\t<meta property=\"og:image:height\" content=\"800\" \/>\n\t<meta property=\"og:image:type\" content=\"image\/jpeg\" \/>\n<meta name=\"twitter:card\" content=\"summary_large_image\" \/>\n<script type=\"application\/ld+json\" class=\"yoast-schema-graph\">{\"@context\":\"https:\/\/schema.org\",\"@graph\":[{\"@type\":\"WebPage\",\"@id\":\"https:\/\/glider-battery.eu\/fr\/produit\/connecteurs-de-fil-de-type-xt60-divers-types\/\",\"url\":\"https:\/\/glider-battery.eu\/fr\/produit\/connecteurs-de-fil-de-type-xt60-divers-types\/\",\"name\":\"Connecteurs de fil de type XT60, divers types - Glider Battery Shop\",\"isPartOf\":{\"@id\":\"https:\/\/glider-battery.eu\/#website\"},\"primaryImageOfPage\":{\"@id\":\"https:\/\/glider-battery.eu\/fr\/produit\/connecteurs-de-fil-de-type-xt60-divers-types\/#primaryimage\"},\"image\":{\"@id\":\"https:\/\/glider-battery.eu\/fr\/produit\/connecteurs-de-fil-de-type-xt60-divers-types\/#primaryimage\"},\"thumbnailUrl\":\"https:\/\/glider-battery.eu\/wp-content\/uploads\/2019\/01\/XT60-1-edited.jpg\",\"datePublished\":\"2021-12-09T09:22:25+00:00\",\"dateModified\":\"2022-09-07T22:05:04+00:00\",\"description\":\"Connecteur de fil universel XT60 pour une d\u00e9connexion fr\u00e9quente. Adaptateur pour vol \u00e0 voile, aviation g\u00e9n\u00e9rale, mod\u00e8les RC et plus. Choix parfait pour plusieurs connexions \u00e9lectroniques. Standard XT60 m\u00e2le + femelle, XT60 avec protection, XT60 splits, XT60 avec fils silicone. Exp\u00e9dition rapide dans toute l'Europe depuis notre entrep\u00f4t.\",\"breadcrumb\":{\"@id\":\"https:\/\/glider-battery.eu\/fr\/produit\/connecteurs-de-fil-de-type-xt60-divers-types\/#breadcrumb\"},\"inLanguage\":\"fr-FR\",\"potentialAction\":[{\"@type\":\"ReadAction\",\"target\":[\"https:\/\/glider-battery.eu\/fr\/produit\/connecteurs-de-fil-de-type-xt60-divers-types\/\"]}]},{\"@type\":\"ImageObject\",\"inLanguage\":\"fr-FR\",\"@id\":\"https:\/\/glider-battery.eu\/fr\/produit\/connecteurs-de-fil-de-type-xt60-divers-types\/#primaryimage\",\"url\":\"https:\/\/glider-battery.eu\/wp-content\/uploads\/2019\/01\/XT60-1-edited.jpg\",\"contentUrl\":\"https:\/\/glider-battery.eu\/wp-content\/uploads\/2019\/01\/XT60-1-edited.jpg\",\"width\":800,\"height\":800},{\"@type\":\"BreadcrumbList\",\"@id\":\"https:\/\/glider-battery.eu\/fr\/produit\/connecteurs-de-fil-de-type-xt60-divers-types\/#breadcrumb\",\"itemListElement\":[{\"@type\":\"ListItem\",\"position\":1,\"name\":\"Home\",\"item\":\"https:\/\/glider-battery.eu\/\"},{\"@type\":\"ListItem\",\"position\":2,\"name\":\"Des produits\",\"item\":\"https:\/\/glider-battery.eu\/fr\/shop\/\"},{\"@type\":\"ListItem\",\"position\":3,\"name\":\"Connecteurs de fil de type XT60, divers types\"}]},{\"@type\":\"WebSite\",\"@id\":\"https:\/\/glider-battery.eu\/#website\",\"url\":\"https:\/\/glider-battery.eu\/\",\"name\":\"Glider Battery Shop\",\"description\":\"Power For Your Electronics\",\"publisher\":{\"@id\":\"https:\/\/glider-battery.eu\/#organization\"},\"potentialAction\":[{\"@type\":\"SearchAction\",\"target\":{\"@type\":\"EntryPoint\",\"urlTemplate\":\"https:\/\/glider-battery.eu\/?s={search_term_string}\"},\"query-input\":{\"@type\":\"PropertyValueSpecification\",\"valueRequired\":true,\"valueName\":\"search_term_string\"}}],\"inLanguage\":\"fr-FR\"},{\"@type\":\"Organization\",\"@id\":\"https:\/\/glider-battery.eu\/#organization\",\"name\":\"Glider-Battery.eu\",\"url\":\"https:\/\/glider-battery.eu\/\",\"logo\":{\"@type\":\"ImageObject\",\"inLanguage\":\"fr-FR\",\"@id\":\"https:\/\/glider-battery.eu\/#\/schema\/logo\/image\/\",\"url\":\"https:\/\/glider-battery.eu\/wp-content\/uploads\/2018\/01\/dar-grey-logo.png\",\"contentUrl\":\"https:\/\/glider-battery.eu\/wp-content\/uploads\/2018\/01\/dar-grey-logo.png\",\"width\":1300,\"height\":400,\"caption\":\"Glider-Battery.eu\"},\"image\":{\"@id\":\"https:\/\/glider-battery.eu\/#\/schema\/logo\/image\/\"}}]}<\/script>\n<!-- \/ Yoast SEO plugin. -->","yoast_head_json":{"title":"Connecteurs de fil de type XT60, divers types - Glider Battery Shop","description":"Connecteur de fil universel XT60 pour une d\u00e9connexion fr\u00e9quente. Adaptateur pour vol \u00e0 voile, aviation g\u00e9n\u00e9rale, mod\u00e8les RC et plus. Choix parfait pour plusieurs connexions \u00e9lectroniques. Standard XT60 m\u00e2le + femelle, XT60 avec protection, XT60 splits, XT60 avec fils silicone. Exp\u00e9dition rapide dans toute l'Europe depuis notre entrep\u00f4t.","robots":{"index":"index","follow":"follow","max-snippet":"max-snippet:-1","max-image-preview":"max-image-preview:large","max-video-preview":"max-video-preview:-1"},"canonical":"https:\/\/glider-battery.eu\/fr\/produit\/connecteurs-de-fil-de-type-xt60-divers-types\/","og_locale":"fr_FR","og_type":"article","og_title":"Connecteurs de fil de type XT60, divers types - Glider Battery Shop","og_description":"Connecteur de fil universel XT60 pour une d\u00e9connexion fr\u00e9quente. Adaptateur pour vol \u00e0 voile, aviation g\u00e9n\u00e9rale, mod\u00e8les RC et plus. Choix parfait pour plusieurs connexions \u00e9lectroniques. Standard XT60 m\u00e2le + femelle, XT60 avec protection, XT60 splits, XT60 avec fils silicone. Exp\u00e9dition rapide dans toute l'Europe depuis notre entrep\u00f4t.","og_url":"https:\/\/glider-battery.eu\/fr\/produit\/connecteurs-de-fil-de-type-xt60-divers-types\/","og_site_name":"Glider Battery Shop","article_modified_time":"2022-09-07T22:05:04+00:00","og_image":[{"width":800,"height":800,"url":"https:\/\/glider-battery.eu\/wp-content\/uploads\/2019\/01\/XT60-1-edited.jpg","type":"image\/jpeg"}],"twitter_card":"summary_large_image","schema":{"@context":"https:\/\/schema.org","@graph":[{"@type":"WebPage","@id":"https:\/\/glider-battery.eu\/fr\/produit\/connecteurs-de-fil-de-type-xt60-divers-types\/","url":"https:\/\/glider-battery.eu\/fr\/produit\/connecteurs-de-fil-de-type-xt60-divers-types\/","name":"Connecteurs de fil de type XT60, divers types - Glider Battery Shop","isPartOf":{"@id":"https:\/\/glider-battery.eu\/#website"},"primaryImageOfPage":{"@id":"https:\/\/glider-battery.eu\/fr\/produit\/connecteurs-de-fil-de-type-xt60-divers-types\/#primaryimage"},"image":{"@id":"https:\/\/glider-battery.eu\/fr\/produit\/connecteurs-de-fil-de-type-xt60-divers-types\/#primaryimage"},"thumbnailUrl":"https:\/\/glider-battery.eu\/wp-content\/uploads\/2019\/01\/XT60-1-edited.jpg","datePublished":"2021-12-09T09:22:25+00:00","dateModified":"2022-09-07T22:05:04+00:00","description":"Connecteur de fil universel XT60 pour une d\u00e9connexion fr\u00e9quente. Adaptateur pour vol \u00e0 voile, aviation g\u00e9n\u00e9rale, mod\u00e8les RC et plus. Choix parfait pour plusieurs connexions \u00e9lectroniques. Standard XT60 m\u00e2le + femelle, XT60 avec protection, XT60 splits, XT60 avec fils silicone. Exp\u00e9dition rapide dans toute l'Europe depuis notre entrep\u00f4t.","breadcrumb":{"@id":"https:\/\/glider-battery.eu\/fr\/produit\/connecteurs-de-fil-de-type-xt60-divers-types\/#breadcrumb"},"inLanguage":"fr-FR","potentialAction":[{"@type":"ReadAction","target":["https:\/\/glider-battery.eu\/fr\/produit\/connecteurs-de-fil-de-type-xt60-divers-types\/"]}]},{"@type":"ImageObject","inLanguage":"fr-FR","@id":"https:\/\/glider-battery.eu\/fr\/produit\/connecteurs-de-fil-de-type-xt60-divers-types\/#primaryimage","url":"https:\/\/glider-battery.eu\/wp-content\/uploads\/2019\/01\/XT60-1-edited.jpg","contentUrl":"https:\/\/glider-battery.eu\/wp-content\/uploads\/2019\/01\/XT60-1-edited.jpg","width":800,"height":800},{"@type":"BreadcrumbList","@id":"https:\/\/glider-battery.eu\/fr\/produit\/connecteurs-de-fil-de-type-xt60-divers-types\/#breadcrumb","itemListElement":[{"@type":"ListItem","position":1,"name":"Home","item":"https:\/\/glider-battery.eu\/"},{"@type":"ListItem","position":2,"name":"Des produits","item":"https:\/\/glider-battery.eu\/fr\/shop\/"},{"@type":"ListItem","position":3,"name":"Connecteurs de fil de type XT60, divers types"}]},{"@type":"WebSite","@id":"https:\/\/glider-battery.eu\/#website","url":"https:\/\/glider-battery.eu\/","name":"Glider Battery Shop","description":"Power For Your Electronics","publisher":{"@id":"https:\/\/glider-battery.eu\/#organization"},"potentialAction":[{"@type":"SearchAction","target":{"@type":"EntryPoint","urlTemplate":"https:\/\/glider-battery.eu\/?s={search_term_string}"},"query-input":{"@type":"PropertyValueSpecification","valueRequired":true,"valueName":"search_term_string"}}],"inLanguage":"fr-FR"},{"@type":"Organization","@id":"https:\/\/glider-battery.eu\/#organization","name":"Glider-Battery.eu","url":"https:\/\/glider-battery.eu\/","logo":{"@type":"ImageObject","inLanguage":"fr-FR","@id":"https:\/\/glider-battery.eu\/#\/schema\/logo\/image\/","url":"https:\/\/glider-battery.eu\/wp-content\/uploads\/2018\/01\/dar-grey-logo.png","contentUrl":"https:\/\/glider-battery.eu\/wp-content\/uploads\/2018\/01\/dar-grey-logo.png","width":1300,"height":400,"caption":"Glider-Battery.eu"},"image":{"@id":"https:\/\/glider-battery.eu\/#\/schema\/logo\/image\/"}}]}},"builder_content":"","_links":{"self":[{"href":"https:\/\/glider-battery.eu\/fr\/wp-json\/wp\/v2\/product\/1023","targetHints":{"allow":["GET"]}}],"collection":[{"href":"https:\/\/glider-battery.eu\/fr\/wp-json\/wp\/v2\/product"}],"about":[{"href":"https:\/\/glider-battery.eu\/fr\/wp-json\/wp\/v2\/types\/product"}],"replies":[{"embeddable":true,"href":"https:\/\/glider-battery.eu\/fr\/wp-json\/wp\/v2\/comments?post=1023"}],"wp:featuredmedia":[{"embeddable":true,"href":"https:\/\/glider-battery.eu\/fr\/wp-json\/wp\/v2\/media\/1043"}],"wp:attachment":[{"href":"https:\/\/glider-battery.eu\/fr\/wp-json\/wp\/v2\/media?parent=1023"}],"wp:term":[{"taxonomy":"product_brand","embeddable":true,"href":"https:\/\/glider-battery.eu\/fr\/wp-json\/wp\/v2\/product_brand?post=1023"},{"taxonomy":"product_cat","embeddable":true,"href":"https:\/\/glider-battery.eu\/fr\/wp-json\/wp\/v2\/product_cat?post=1023"},{"taxonomy":"product_tag","embeddable":true,"href":"https:\/\/glider-battery.eu\/fr\/wp-json\/wp\/v2\/product_tag?post=1023"}],"curies":[{"name":"wp","href":"https:\/\/api.w.org\/{rel}","templated":true}]}}