{"id":1307,"date":"2017-10-12T11:50:36","date_gmt":"2017-10-12T11:50:36","guid":{"rendered":"https:\/\/glider-battery.eu\/product\/chargeur-de-batterie-intelligent-lifepo4\/"},"modified":"2026-03-22T15:48:49","modified_gmt":"2026-03-22T15:48:49","slug":"chargeur-intelligent-4a","status":"publish","type":"product","link":"https:\/\/glider-battery.eu\/fr\/produit\/chargeur-intelligent-4a\/","title":{"rendered":"Chargeur de batterie intelligent LiFePO4"},"content":{"rendered":"<p>Chargeur de batterie intelligent facile \u00e0 utiliser en quatre \u00e9tapes avec indicateur de charge solide \u00e0 4 LED. Il est id\u00e9al pour charger les batteries LiFePO4. Convient pour une batterie LiFePO4 \u00e0 4 cellules.<\/p>\n<p>Le chargeur est certifi\u00e9 pour le march\u00e9 europ\u00e9en&#8230;<\/p>\n<p>Garantie de 24 mois.<\/p>\n<p>Le chargeur se transforme en \u00e9tage flottant lorsque la batterie est pleine. S\u00e9curis\u00e9 pour laisser les clips attach\u00e9s \u00e0 la batterie pour une dur\u00e9e illimit\u00e9e.<\/p>\n<p><a href=\"https:\/\/glider-battery.eu\/wp-content\/uploads\/2024\/07\/Smart-charger-manual.pdf\">-&gt; T\u00e9l\u00e9chargez le manuel de l&rsquo;utilisateur ici.<\/a><\/p>\n<p>&nbsp;<\/p>\n<table style=\"height: 432px;\" width=\"522\">\n<tbody>\n<tr>\n<td style=\"text-align: center;\" colspan=\"2\" width=\"386\"><strong>Caract\u00e9ristiques<\/strong><\/td>\n<\/tr>\n<tr>\n<td width=\"215\">Entr\u00e9e :<\/td>\n<td width=\"171\">100-240VAC@50\/60Hz<\/td>\n<\/tr>\n<tr>\n<td width=\"215\">Sortie :<\/td>\n<td width=\"171\">4A<\/td>\n<\/tr>\n<tr>\n<td width=\"215\">Tension limit\u00e9e :<\/td>\n<td width=\"171\">12.8V<\/td>\n<\/tr>\n<tr>\n<td width=\"215\">Mode de chargement :<\/td>\n<td width=\"171\">Enti\u00e8rement automatique en 4 \u00e9tapes<\/td>\n<\/tr>\n<tr>\n<td width=\"215\">Batterie adapt\u00e9e<\/td>\n<td width=\"171\">LiFePO4 : 12,8V<\/td>\n<\/tr>\n<tr>\n<td width=\"215\">Protection contre l&rsquo;inversion de polarit\u00e9 :<\/td>\n<td width=\"171\">Oui<\/td>\n<\/tr>\n<tr>\n<td width=\"215\">Protection contre les courts-circuits :<\/td>\n<td width=\"171\">Oui<\/td>\n<\/tr>\n<tr>\n<td width=\"215\">Protection contre les surcharges thermiques :<\/td>\n<td width=\"171\">Oui<\/td>\n<\/tr>\n<tr>\n<td width=\"215\">Arr\u00eat automatique en cas de saturation<\/td>\n<td width=\"171\">Oui<\/td>\n<\/tr>\n<\/tbody>\n<\/table>\n<p>&nbsp;<\/p>\n<table style=\"height: 27px;\" width=\"517\">\n<tbody>\n<tr>\n<td style=\"text-align: center;\" colspan=\"2\" width=\"466\"><\/td>\n<\/tr>\n<\/tbody>\n<\/table>\n","protected":false},"excerpt":{"rendered":"<p>Chargeur de batterie LiFePO4 14,4V\/4A facile \u00e0 utiliser.<\/p>\n<p>Entr\u00e9e\u00a0: prise secteur europ\u00e9enne.<\/p>\n<p>Sortie: pinces crocodiles.<\/p>\n<p>En option : Connecteurs de sortie suppl\u00e9mentaires de type GX16 ou XLR.<\/p>\n<p>Le chargeur se transforme en \u00e9tage flottant lorsque la batterie est pleine. S\u00e9curis\u00e9 pour laisser les clips attach\u00e9s \u00e0 la batterie pour une dur\u00e9e illimit\u00e9e.<\/p>\n<p>Certifi\u00e9 pour le march\u00e9 europ\u00e9en.<\/p>\n<p><a href=\"https:\/\/glider-battery.eu\/wp-content\/uploads\/2024\/07\/Smart-charger-manual.pdf\">T\u00e9l\u00e9chargez le manuel de l&rsquo;utilisateur ici.<\/a><\/p>\n<p>&nbsp;<\/p>\n","protected":false},"featured_media":3067,"comment_status":"open","ping_status":"closed","template":"","meta":[],"product_brand":[],"product_cat":[112],"product_tag":[103,99,121,119,93,97,96,186,95,187,214,123,212,213,211,125,102,115,172,94,100,101,92,124,122],"class_list":{"0":"post-1307","1":"product","2":"type-product","3":"status-publish","4":"has-post-thumbnail","6":"product_cat-chargeurs-fr","7":"product_tag-accessoires-de-planeur","8":"product_tag-aeroshop-fr","9":"product_tag-aeroshop-eu-fr","10":"product_tag-batterie-de-planeur-fr","11":"product_tag-chargeur","12":"product_tag-chargeur-de-batterie","13":"product_tag-chargeur-de-batterie-de-planeur","14":"product_tag-chargeur-intelligent","15":"product_tag-chargeur-lfp","16":"product_tag-chargeur-li-ion","17":"product_tag-chargeur-lifepo4","18":"product_tag-egc-fr","19":"product_tag-electronique-fr","20":"product_tag-envolee-fr","21":"product_tag-equipement-de-planeur","22":"product_tag-fcc-fr","23":"product_tag-fournitures-de-planeur","24":"product_tag-glissement","25":"product_tag-lfp-fr-3","26":"product_tag-lifepo4-fr","27":"product_tag-magasin-de-planeur","28":"product_tag-magasin-de-planeur-fr","29":"product_tag-planeur","30":"product_tag-pribinacup-fr","31":"product_tag-wgc-fr","32":"product_shipping_class-battery-charger-fr","33":"has-post-title","34":"has-post-date","35":"has-post-category","36":"has-post-tag","37":"has-post-comment","38":"has-post-author","39":"","41":"first","42":"instock","43":"featured","44":"taxable","45":"shipping-taxable","46":"purchasable","47":"product-type-simple"},"yoast_head":"<!-- This site is optimized with the Yoast SEO plugin v27.0 - https:\/\/yoast.com\/product\/yoast-seo-wordpress\/ -->\n<title>Chargeur de batterie intelligent LiFePO4 - Glider Battery Shop<\/title>\n<meta name=\"robots\" content=\"index, follow, max-snippet:-1, max-image-preview:large, max-video-preview:-1\" \/>\n<link rel=\"canonical\" href=\"https:\/\/glider-battery.eu\/fr\/produit\/chargeur-intelligent-4a\/\" \/>\n<meta property=\"og:locale\" content=\"fr_FR\" \/>\n<meta property=\"og:type\" content=\"article\" \/>\n<meta property=\"og:title\" content=\"Chargeur de batterie intelligent LiFePO4 - Glider Battery Shop\" \/>\n<meta property=\"og:description\" content=\"Chargeur de batterie LiFePO4 14,4V\/4A facile \u00e0 utiliser.  Entr\u00e9e\u00a0: prise secteur europ\u00e9enne.  Sortie: pinces crocodiles.  En option : Connecteurs de sortie suppl\u00e9mentaires de type GX16 ou XLR.  Le chargeur se transforme en \u00e9tage flottant lorsque la batterie est pleine. S\u00e9curis\u00e9 pour laisser les clips attach\u00e9s \u00e0 la batterie pour une dur\u00e9e illimit\u00e9e.  Certifi\u00e9 pour le march\u00e9 europ\u00e9en.  T\u00e9l\u00e9chargez le manuel de l&#039;utilisateur ici.  &nbsp;\" \/>\n<meta property=\"og:url\" content=\"https:\/\/glider-battery.eu\/fr\/produit\/chargeur-intelligent-4a\/\" \/>\n<meta property=\"og:site_name\" content=\"Glider Battery Shop\" \/>\n<meta property=\"article:modified_time\" content=\"2026-03-22T15:48:49+00:00\" \/>\n<meta property=\"og:image\" content=\"https:\/\/glider-battery.eu\/wp-content\/uploads\/2017\/10\/1-1.jpg\" \/>\n\t<meta property=\"og:image:width\" content=\"800\" \/>\n\t<meta property=\"og:image:height\" content=\"800\" \/>\n\t<meta property=\"og:image:type\" content=\"image\/jpeg\" \/>\n<meta name=\"twitter:card\" content=\"summary_large_image\" \/>\n<meta name=\"twitter:label1\" content=\"Dur\u00e9e de lecture estim\u00e9e\" \/>\n\t<meta name=\"twitter:data1\" content=\"1 minute\" \/>\n<script type=\"application\/ld+json\" class=\"yoast-schema-graph\">{\"@context\":\"https:\/\/schema.org\",\"@graph\":[{\"@type\":\"WebPage\",\"@id\":\"https:\/\/glider-battery.eu\/fr\/produit\/chargeur-intelligent-4a\/\",\"url\":\"https:\/\/glider-battery.eu\/fr\/produit\/chargeur-intelligent-4a\/\",\"name\":\"Chargeur de batterie intelligent LiFePO4 - Glider Battery Shop\",\"isPartOf\":{\"@id\":\"https:\/\/glider-battery.eu\/#website\"},\"primaryImageOfPage\":{\"@id\":\"https:\/\/glider-battery.eu\/fr\/produit\/chargeur-intelligent-4a\/#primaryimage\"},\"image\":{\"@id\":\"https:\/\/glider-battery.eu\/fr\/produit\/chargeur-intelligent-4a\/#primaryimage\"},\"thumbnailUrl\":\"https:\/\/glider-battery.eu\/wp-content\/uploads\/2017\/10\/1-1.jpg\",\"datePublished\":\"2017-10-12T11:50:36+00:00\",\"dateModified\":\"2026-03-22T15:48:49+00:00\",\"breadcrumb\":{\"@id\":\"https:\/\/glider-battery.eu\/fr\/produit\/chargeur-intelligent-4a\/#breadcrumb\"},\"inLanguage\":\"fr-FR\",\"potentialAction\":[{\"@type\":\"ReadAction\",\"target\":[\"https:\/\/glider-battery.eu\/fr\/produit\/chargeur-intelligent-4a\/\"]}]},{\"@type\":\"ImageObject\",\"inLanguage\":\"fr-FR\",\"@id\":\"https:\/\/glider-battery.eu\/fr\/produit\/chargeur-intelligent-4a\/#primaryimage\",\"url\":\"https:\/\/glider-battery.eu\/wp-content\/uploads\/2017\/10\/1-1.jpg\",\"contentUrl\":\"https:\/\/glider-battery.eu\/wp-content\/uploads\/2017\/10\/1-1.jpg\",\"width\":800,\"height\":800},{\"@type\":\"BreadcrumbList\",\"@id\":\"https:\/\/glider-battery.eu\/fr\/produit\/chargeur-intelligent-4a\/#breadcrumb\",\"itemListElement\":[{\"@type\":\"ListItem\",\"position\":1,\"name\":\"Home\",\"item\":\"https:\/\/glider-battery.eu\/\"},{\"@type\":\"ListItem\",\"position\":2,\"name\":\"Des produits\",\"item\":\"https:\/\/glider-battery.eu\/fr\/shop\/\"},{\"@type\":\"ListItem\",\"position\":3,\"name\":\"Chargeur de batterie intelligent LiFePO4\"}]},{\"@type\":\"WebSite\",\"@id\":\"https:\/\/glider-battery.eu\/#website\",\"url\":\"https:\/\/glider-battery.eu\/\",\"name\":\"Glider Battery Shop\",\"description\":\"Power For Your Electronics\",\"publisher\":{\"@id\":\"https:\/\/glider-battery.eu\/#organization\"},\"potentialAction\":[{\"@type\":\"SearchAction\",\"target\":{\"@type\":\"EntryPoint\",\"urlTemplate\":\"https:\/\/glider-battery.eu\/?s={search_term_string}\"},\"query-input\":{\"@type\":\"PropertyValueSpecification\",\"valueRequired\":true,\"valueName\":\"search_term_string\"}}],\"inLanguage\":\"fr-FR\"},{\"@type\":\"Organization\",\"@id\":\"https:\/\/glider-battery.eu\/#organization\",\"name\":\"Glider-Battery.eu\",\"url\":\"https:\/\/glider-battery.eu\/\",\"logo\":{\"@type\":\"ImageObject\",\"inLanguage\":\"fr-FR\",\"@id\":\"https:\/\/glider-battery.eu\/#\/schema\/logo\/image\/\",\"url\":\"https:\/\/glider-battery.eu\/wp-content\/uploads\/2018\/01\/dar-grey-logo.png\",\"contentUrl\":\"https:\/\/glider-battery.eu\/wp-content\/uploads\/2018\/01\/dar-grey-logo.png\",\"width\":1300,\"height\":400,\"caption\":\"Glider-Battery.eu\"},\"image\":{\"@id\":\"https:\/\/glider-battery.eu\/#\/schema\/logo\/image\/\"}}]}<\/script>\n<!-- \/ Yoast SEO plugin. -->","yoast_head_json":{"title":"Chargeur de batterie intelligent LiFePO4 - Glider Battery Shop","robots":{"index":"index","follow":"follow","max-snippet":"max-snippet:-1","max-image-preview":"max-image-preview:large","max-video-preview":"max-video-preview:-1"},"canonical":"https:\/\/glider-battery.eu\/fr\/produit\/chargeur-intelligent-4a\/","og_locale":"fr_FR","og_type":"article","og_title":"Chargeur de batterie intelligent LiFePO4 - Glider Battery Shop","og_description":"Chargeur de batterie LiFePO4 14,4V\/4A facile \u00e0 utiliser.  Entr\u00e9e\u00a0: prise secteur europ\u00e9enne.  Sortie: pinces crocodiles.  En option : Connecteurs de sortie suppl\u00e9mentaires de type GX16 ou XLR.  Le chargeur se transforme en \u00e9tage flottant lorsque la batterie est pleine. S\u00e9curis\u00e9 pour laisser les clips attach\u00e9s \u00e0 la batterie pour une dur\u00e9e illimit\u00e9e.  Certifi\u00e9 pour le march\u00e9 europ\u00e9en.  T\u00e9l\u00e9chargez le manuel de l'utilisateur ici.  &nbsp;","og_url":"https:\/\/glider-battery.eu\/fr\/produit\/chargeur-intelligent-4a\/","og_site_name":"Glider Battery Shop","article_modified_time":"2026-03-22T15:48:49+00:00","og_image":[{"width":800,"height":800,"url":"https:\/\/glider-battery.eu\/wp-content\/uploads\/2017\/10\/1-1.jpg","type":"image\/jpeg"}],"twitter_card":"summary_large_image","twitter_misc":{"Dur\u00e9e de lecture estim\u00e9e":"1 minute"},"schema":{"@context":"https:\/\/schema.org","@graph":[{"@type":"WebPage","@id":"https:\/\/glider-battery.eu\/fr\/produit\/chargeur-intelligent-4a\/","url":"https:\/\/glider-battery.eu\/fr\/produit\/chargeur-intelligent-4a\/","name":"Chargeur de batterie intelligent LiFePO4 - Glider Battery Shop","isPartOf":{"@id":"https:\/\/glider-battery.eu\/#website"},"primaryImageOfPage":{"@id":"https:\/\/glider-battery.eu\/fr\/produit\/chargeur-intelligent-4a\/#primaryimage"},"image":{"@id":"https:\/\/glider-battery.eu\/fr\/produit\/chargeur-intelligent-4a\/#primaryimage"},"thumbnailUrl":"https:\/\/glider-battery.eu\/wp-content\/uploads\/2017\/10\/1-1.jpg","datePublished":"2017-10-12T11:50:36+00:00","dateModified":"2026-03-22T15:48:49+00:00","breadcrumb":{"@id":"https:\/\/glider-battery.eu\/fr\/produit\/chargeur-intelligent-4a\/#breadcrumb"},"inLanguage":"fr-FR","potentialAction":[{"@type":"ReadAction","target":["https:\/\/glider-battery.eu\/fr\/produit\/chargeur-intelligent-4a\/"]}]},{"@type":"ImageObject","inLanguage":"fr-FR","@id":"https:\/\/glider-battery.eu\/fr\/produit\/chargeur-intelligent-4a\/#primaryimage","url":"https:\/\/glider-battery.eu\/wp-content\/uploads\/2017\/10\/1-1.jpg","contentUrl":"https:\/\/glider-battery.eu\/wp-content\/uploads\/2017\/10\/1-1.jpg","width":800,"height":800},{"@type":"BreadcrumbList","@id":"https:\/\/glider-battery.eu\/fr\/produit\/chargeur-intelligent-4a\/#breadcrumb","itemListElement":[{"@type":"ListItem","position":1,"name":"Home","item":"https:\/\/glider-battery.eu\/"},{"@type":"ListItem","position":2,"name":"Des produits","item":"https:\/\/glider-battery.eu\/fr\/shop\/"},{"@type":"ListItem","position":3,"name":"Chargeur de batterie intelligent LiFePO4"}]},{"@type":"WebSite","@id":"https:\/\/glider-battery.eu\/#website","url":"https:\/\/glider-battery.eu\/","name":"Glider Battery Shop","description":"Power For Your Electronics","publisher":{"@id":"https:\/\/glider-battery.eu\/#organization"},"potentialAction":[{"@type":"SearchAction","target":{"@type":"EntryPoint","urlTemplate":"https:\/\/glider-battery.eu\/?s={search_term_string}"},"query-input":{"@type":"PropertyValueSpecification","valueRequired":true,"valueName":"search_term_string"}}],"inLanguage":"fr-FR"},{"@type":"Organization","@id":"https:\/\/glider-battery.eu\/#organization","name":"Glider-Battery.eu","url":"https:\/\/glider-battery.eu\/","logo":{"@type":"ImageObject","inLanguage":"fr-FR","@id":"https:\/\/glider-battery.eu\/#\/schema\/logo\/image\/","url":"https:\/\/glider-battery.eu\/wp-content\/uploads\/2018\/01\/dar-grey-logo.png","contentUrl":"https:\/\/glider-battery.eu\/wp-content\/uploads\/2018\/01\/dar-grey-logo.png","width":1300,"height":400,"caption":"Glider-Battery.eu"},"image":{"@id":"https:\/\/glider-battery.eu\/#\/schema\/logo\/image\/"}}]}},"builder_content":"","_links":{"self":[{"href":"https:\/\/glider-battery.eu\/fr\/wp-json\/wp\/v2\/product\/1307","targetHints":{"allow":["GET"]}}],"collection":[{"href":"https:\/\/glider-battery.eu\/fr\/wp-json\/wp\/v2\/product"}],"about":[{"href":"https:\/\/glider-battery.eu\/fr\/wp-json\/wp\/v2\/types\/product"}],"replies":[{"embeddable":true,"href":"https:\/\/glider-battery.eu\/fr\/wp-json\/wp\/v2\/comments?post=1307"}],"wp:featuredmedia":[{"embeddable":true,"href":"https:\/\/glider-battery.eu\/fr\/wp-json\/wp\/v2\/media\/3067"}],"wp:attachment":[{"href":"https:\/\/glider-battery.eu\/fr\/wp-json\/wp\/v2\/media?parent=1307"}],"wp:term":[{"taxonomy":"product_brand","embeddable":true,"href":"https:\/\/glider-battery.eu\/fr\/wp-json\/wp\/v2\/product_brand?post=1307"},{"taxonomy":"product_cat","embeddable":true,"href":"https:\/\/glider-battery.eu\/fr\/wp-json\/wp\/v2\/product_cat?post=1307"},{"taxonomy":"product_tag","embeddable":true,"href":"https:\/\/glider-battery.eu\/fr\/wp-json\/wp\/v2\/product_tag?post=1307"}],"curies":[{"name":"wp","href":"https:\/\/api.w.org\/{rel}","templated":true}]}}