{"id":1317,"date":"2017-10-12T11:42:43","date_gmt":"2017-10-12T11:42:43","guid":{"rendered":"https:\/\/glider-battery.eu\/product\/batterie-de-planeur-lifepo4-10ah-v2-0\/"},"modified":"2026-04-24T03:04:58","modified_gmt":"2026-04-24T03:04:58","slug":"lifepo4-batterie-10ah","status":"publish","type":"product","link":"https:\/\/glider-battery.eu\/fr\/produit\/lifepo4-batterie-10ah\/","title":{"rendered":"Batterie pour planeur LiFePO4, 10.8AH ENDURANCE+"},"content":{"rendered":"<p>Batterie LiFePO4 (LFP) de taille standard pour un planeur. Dimensions : 151*95*65 mm.<\/p>\n<p>La batterie est dot\u00e9e d&rsquo;un syst\u00e8me de gestion de la batterie int\u00e9gr\u00e9 avec les protections suivantes :<\/p>\n<ul>\n<li style=\"list-style-type: none;\">\n<ul>\n<li>Surcharge<\/li>\n<li>D\u00e9charge excessive<\/li>\n<li>Court-circuit<\/li>\n<li>Polarit\u00e9 invers\u00e9e<\/li>\n<li>D\u00e9s\u00e9quilibre des cellules de la batterie<\/li>\n<li>Temp\u00e9ratures \u00e9lev\u00e9es<\/li>\n<li>Incendie<\/li>\n<\/ul>\n<\/li>\n<\/ul>\n<p>La batterie est certifi\u00e9e pour les march\u00e9s europ\u00e9en et britannique.<\/p>\n<p>Certifi\u00e9 UN 38.3. Certificat d&rsquo;identification disponible sur demande. <\/p>\n<p>Fiche de donn\u00e9es de s\u00e9curit\u00e9 disponible sur demande.<\/p>\n<p>Toujours fra\u00eechement pr\u00e9par\u00e9s et conserv\u00e9s \u00e0 une temp\u00e9rature d&rsquo;environ +22 \u00b0C.<\/p>\n<p><em>Les puces japonaises\/am\u00e9ricaines de haute qualit\u00e9 \u00e0 l&rsquo;int\u00e9rieur permettent de connecter et d&rsquo;utiliser en toute s\u00e9curit\u00e9 jusqu&rsquo;\u00e0 4 batteries en s\u00e9rie ou en parall\u00e8le.<\/em><\/p>\n<p><em>Perte d&rsquo;\u00e9nergie extr\u00eamement faible, transfert d&rsquo;\u00e9nergie en douceur et pas de chaleur excessive \u00e0 l&rsquo;int\u00e9rieur lorsque le BMS fonctionne.<\/em><\/p>\n<p><strong>Quoi de neuf ?<\/strong><\/p>\n<p>La version ENDURANCE+ change la donne en mati\u00e8re de s\u00e9curit\u00e9 et de fiabilit\u00e9 des batteries pour le vol \u00e0 voile. Il pr\u00e9sente des caract\u00e9ristiques de s\u00e9curit\u00e9 am\u00e9lior\u00e9es, des cellules LiFePO4 de qualit\u00e9 A provenant d&rsquo;un fabricant de confiance et un syst\u00e8me de gestion de la batterie (BMS) mis \u00e0 jour avec un c\u00e2blage et une disposition am\u00e9lior\u00e9s. Am\u00e9liorez votre exp\u00e9rience de vol \u00e0 voile gr\u00e2ce \u00e0 ces avanc\u00e9es en mati\u00e8re d&rsquo;endurance de la batterie.<\/p>\n<p>Nouvelles caract\u00e9ristiques et am\u00e9liorations du mod\u00e8le ENDURANCE+ :<\/p>\n<ol>\n<li><strong>Protection am\u00e9lior\u00e9e des cellules :<\/strong> Le mod\u00e8le ENDURANCE+ int\u00e8gre une conception raffin\u00e9e des cellules, du c\u00e2blage et de la disposition du BMS afin d&rsquo;offrir une protection sup\u00e9rieure contre les impacts et les chocs potentiels.<\/li>\n<li><strong>Connecteurs en nickel pur :<\/strong> Ce mod\u00e8le est \u00e9quip\u00e9 de connecteurs en nickel pur, garantissant une meilleure durabilit\u00e9 et une r\u00e9sistance exceptionnelle aux vibrations.<\/li>\n<li><strong>Deux capteurs thermiques :<\/strong> Deux capteurs thermiques sont int\u00e9gr\u00e9s pour surveiller et prot\u00e9ger \u00e0 la fois les cellules et les fonctions du BMS, am\u00e9liorant ainsi la s\u00e9curit\u00e9 globale.<\/li>\n<li><strong>Qualit\u00e9 sup\u00e9rieure des cellules :<\/strong> L&rsquo;utilisation de cellules de qualit\u00e9 A provenant d&rsquo;un fabricant r\u00e9put\u00e9 am\u00e9liore consid\u00e9rablement la long\u00e9vit\u00e9 et la fiabilit\u00e9 de la batterie.<\/li>\n<li><strong>BMS avanc\u00e9 :<\/strong> le mod\u00e8le ENDURANCE+ est dot\u00e9 d&rsquo;un BMS am\u00e9lior\u00e9 et de composants qui non seulement optimisent les performances de la batterie, mais fournissent \u00e9galement des m\u00e9canismes de protection plus pr\u00e9cis.<\/li>\n<\/ol>\n<p>&nbsp;<\/p>\n<p><strong>30 mois de garantie.<\/strong><\/p>\n<p>Fonctionne jusqu&rsquo;\u00e0 3000 cycles sans diminution significative de la capacit\u00e9.<\/p>\n<p>Plage de tension : ~13,5 V (plein) &#8211; ~10,4 V (vide).<\/p>\n<p>Pour conserver ses meilleures caract\u00e9ristiques, il est recommand\u00e9 de charger avec Smart Battery Charger.<\/p>\n<p>La garantie ne couvre pas les produits s&rsquo;ils sont utilis\u00e9s contre leurs instructions g\u00e9n\u00e9rales d&rsquo;entretien.<\/p>\n<p>La garantie d&rsquo;une batterie LiFePO4 n&rsquo;est pas valable si elle.. :<\/p>\n<ul>\n<li>N&rsquo;a pas \u00e9t\u00e9 correctement install\u00e9, entretenu et charg\u00e9.<\/li>\n<li>A \u00e9t\u00e9 endommag\u00e9 ext\u00e9rieurement.<\/li>\n<li>La mallette a \u00e9t\u00e9 ouverte.<\/li>\n<li>a \u00e9t\u00e9 expos\u00e9 \u00e0 l&rsquo;eau, au feu, \u00e0 une chaleur intense ou au gel.<\/li>\n<li>Il a \u00e9t\u00e9 stock\u00e9 compl\u00e8tement d\u00e9charg\u00e9 pendant un mois.<\/li>\n<\/ul>\n<p>&nbsp;<\/p>\n<table style=\"height: 400px;\" width=\"322\">\n<tbody>\n<tr>\n<td style=\"text-align: center;\" colspan=\"2\" width=\"250\"><strong>Caract\u00e9ristiques<\/strong><\/td>\n<\/tr>\n<tr>\n<td>Dimensions de l&rsquo;appareil<\/td>\n<td>151*95*65 mm<\/td>\n<\/tr>\n<tr>\n<td>Poids<\/td>\n<td>1260g<\/td>\n<\/tr>\n<tr>\n<td>Tension nominale<\/td>\n<td>12,8V<\/td>\n<\/tr>\n<tr>\n<td>Capacit\u00e9 nominale<\/td>\n<td>10,8AH<\/td>\n<\/tr>\n<tr>\n<td>Courant de charge<\/td>\n<td>5A<\/td>\n<\/tr>\n<tr>\n<td>Suite D\u00e9charge<\/td>\n<td>10,8A<\/td>\n<\/tr>\n<tr>\n<td>D\u00e9charge de pointe<\/td>\n<td>30A<\/td>\n<\/tr>\n<tr>\n<td>M\u00e9thode de charge<\/td>\n<td>CC\/CV<\/td>\n<\/tr>\n<tr>\n<td>Temp\u00e9rature de charge<\/td>\n<td>0-45 C<\/td>\n<\/tr>\n<tr>\n<td>Temp\u00e9rature de refoulement<\/td>\n<td>-20 &#8211; +60 \u00b0C<\/td>\n<\/tr>\n<\/tbody>\n<\/table>\n<p>&nbsp;<\/p>\n<table style=\"height: 438px;\" width=\"423\">\n<tbody>\n<tr>\n<td colspan=\"2\" width=\"579\"><strong>Informations sur le BMS et les cellules<\/strong><\/td>\n<\/tr>\n<tr>\n<td>Tension de la cellule<\/td>\n<td>3,2V<\/td>\n<\/tr>\n<tr>\n<td>Capacit\u00e9 des cellules<\/td>\n<td>3,6A<\/td>\n<\/tr>\n<tr>\n<td>Mod\u00e8le de cellule<\/td>\n<td>26650<\/td>\n<\/tr>\n<tr>\n<td>Disposition des cellules<\/td>\n<td>4 en s\u00e9rie, 3 en parall\u00e8le<\/td>\n<\/tr>\n<tr>\n<td>Total des cellules<\/td>\n<td>12<\/td>\n<\/tr>\n<tr>\n<td>Protection contre la surcharge, V\/cellule<\/td>\n<td>3,8<\/td>\n<\/tr>\n<tr>\n<td>Protection contre les d\u00e9charges excessives, V\/cellule<\/td>\n<td>2,3<\/td>\n<\/tr>\n<\/tbody>\n<\/table>\n<p>&nbsp;<\/p>\n<p><a href=\"https:\/\/glider-battery.eu\/wp-content\/uploads\/2017\/10\/108-Datasheet.pdf\">Fiche technique GBJTOV128108<\/a><\/p>\n<p>&nbsp;<\/p>\n<p>&nbsp;<\/p>\n<p style=\"text-align: center;\"><strong>QUESTIONS FR\u00c9QUEMMENT POS\u00c9ES<\/strong><\/p>\n<p>&nbsp;<\/p>\n<p><strong>Quel type de cellules sont utilis\u00e9es dans nos batteries 10H ?<\/strong><\/p>\n<p><em>Nous utilisons des piles de type 26650, de qualit\u00e9 A, de 3,2V et 3,6Ah. Au total 12 cellules \u2013 3 parall\u00e8les en 4 s\u00e9ries.<\/em><\/p>\n<p><em> <\/em><\/p>\n<p><strong>Nos batteries sont-elles s\u00fbres \u00e0 utiliser, pour quelles directives sont-elles certifi\u00e9es ?<\/strong><\/p>\n<p><em>Oui, ils sont s\u00fbrs \u00e0 utiliser. Les cellules LiFePO4 utilis\u00e9es dans nos batteries sont conformes \u00e0 la r\u00e9glementation EASA CS-STAN (CS-SC034a). <\/em><\/p>\n<p><em>Les cellules sont certifi\u00e9es selon la norme de s\u00e9curit\u00e9 : UL 1642, S\u00e9curit\u00e9 pour les batteries au lithium.<\/em><\/p>\n<p>&nbsp;<\/p>\n<p><em>Nos batteries sont conformes \u00e0 :<\/em><\/p>\n<ul>\n<li><em>DIRECTIVE LVD 2014\/35\/UE DU CONSEIL EUROP\u00c9EN. <\/em><\/li>\n<\/ul>\n<p><em>Normes d&rsquo;essais <strong>:<\/strong> EN60950-1:2006, A11:2009, A1:2010, A12:2011, A2:2013.<\/em><\/p>\n<ul>\n<li><em>DIRECTIVE ROHS 2011\/65\/UE DU CONSEIL EUROP\u00c9EN.<\/em><\/li>\n<\/ul>\n<p><em>Normes de test <strong>:<\/strong> IEC62321:2008, IEC62321-3-1:2013, IEC62321-5:2013.<\/em><\/p>\n<p><em> <\/em><\/p>\n<p><strong>Quel type de BMS (PCM) est utilis\u00e9 et pourquoi seul le chargeur LiFePO4 peut \u00eatre utilis\u00e9 pour la charge ?<\/strong><\/p>\n<p><em>Le BMS est int\u00e9gr\u00e9 dans la batterie et prot\u00e8ge contre les temp\u00e9ratures \u00e9lev\u00e9es\/basses, la surcharge, la d\u00e9charge excessive, l&rsquo;inversion de polarit\u00e9, les courts-circuits et l&rsquo;\u00e9quilibrage des cellules.  <\/em><\/p>\n<p><em>Protection contre la surcharge : 3,8V\/cellule.<\/em><\/p>\n<p><em>Protection contre les d\u00e9charges excessives&nbsp;: 2,3&nbsp;V\/cellule.<\/em><\/p>\n<p><em>Malgr\u00e9 la possibilit\u00e9 de charger les batteries LiFePO4 avec des chargeurs SLA, la garantie ne s&rsquo;applique que si le chargeur LiFePO4 est utilis\u00e9. Cela est d\u00fb \u00e0 la fois \u00e0 la s\u00e9curit\u00e9 et \u00e0 la capacit\u00e9 d&rsquo;atteindre 100<\/em><em>% \u00e9tat de charge. Simplement, si un chargeur SLA est utilis\u00e9, les batteries doivent \u00eatre surveill\u00e9es et d\u00e9connect\u00e9es d\u00e8s qu&rsquo;elles atteignent l&rsquo;\u00e9tat de charge maximal. <\/em><\/p>\n<p><em>Les batteries au plomb se chargent \u00e0 ~2,45V\/cellule, tandis que LiFePO4 n\u00e9cessite 3,6V\/cellule. Cela signifie que votre batterie finirait par \u00eatre sous-charg\u00e9e, de sorte que la pleine capacit\u00e9 de LiFePO4 ne sera pas atteinte. De plus, l&rsquo;\u00e9quilibrage ne serait pas d\u00e9clench\u00e9 dans le pack LiFePO4. <\/em><\/p>\n<p><em>Ce n&rsquo;est qu&rsquo;avec le chargeur LiFePO4 que la capacit\u00e9 maximale et la long\u00e9vit\u00e9 des cellules peuvent \u00eatre atteintes, donc avec le chargeur SLA, nous ne pouvons pas garantir les param\u00e8tres que nous d\u00e9clarons. Max. Le courant de charge autoris\u00e9 pour nos batteries est de 10A, le courant maximum recommand\u00e9 est de 5A pour une meilleure capacit\u00e9 et long\u00e9vit\u00e9.<\/em><\/p>\n<blockquote class=\"wp-embedded-content\" data-secret=\"TDlZmaHlU3\"><p><a href=\"https:\/\/glider-battery.eu\/fr\/le-chargeur-au-plomb-peut-il-etre-utilise-pour-les-batteries-lifepo4\/\">Can Lead Acid charger be used for LiFePO4 batteries ?<\/a><\/p><\/blockquote>\n<p><iframe loading=\"lazy\" class=\"wp-embedded-content\" sandbox=\"allow-scripts\" security=\"restricted\" style=\"position: absolute; visibility: hidden;\" title=\"\u00ab\u00a0Can Lead Acid charger be used for LiFePO4 batteries ?\u00a0\u00bb &#8212; Glider Battery Shop\" src=\"https:\/\/glider-battery.eu\/fr\/le-chargeur-au-plomb-peut-il-etre-utilise-pour-les-batteries-lifepo4\/embed\/#?secret=lHbhRodNgW#?secret=TDlZmaHlU3\" data-secret=\"TDlZmaHlU3\" width=\"600\" height=\"338\" frameborder=\"0\" marginwidth=\"0\" marginheight=\"0\" scrolling=\"no\"><\/iframe><\/p>\n","protected":false},"excerpt":{"rendered":"<p>Batterie LiFePO4 adapt\u00e9e au planeur standard (151*95*65 mm).<\/p>\n<p>Conforme \u00e0 la norme EASA CS-STAN CS-SC034c.<\/p>\n<p>Syst\u00e8me int\u00e9gr\u00e9 de gestion de la batterie.<\/p>\n<p>Cellules de grade A.<\/p>\n<p>Capacit\u00e9 &#8211; 10,8AH. Tension &#8211; 12,8V.<\/p>\n<p>Fonctionne jusqu&rsquo;\u00e0 3000 cycles (ou 8-10 ans) sans diminution significative de sa capacit\u00e9.<\/p>\n<p>Presque trois fois plus l\u00e9g\u00e8res que les batteries plomb-acide ordinaires de 10 Ah.<\/p>\n<p>Taux d&rsquo;autod\u00e9charge ~2%\/mois.<\/p>\n<p>\u00c9cologique.<\/p>\n<p>Plage de tension : ~13,5 V (plein) &#8211; ~10,0 V (vide).<\/p>\n<p>Certifi\u00e9 pour les march\u00e9s europ\u00e9en et britannique.<\/p>\n<p>Certificat UN 38.3 disponible sur demande.<\/p>\n<p><strong>30 mois de garantie.<\/strong><\/p>\n<p><em>Les puces japonaises\/am\u00e9ricaines de haute qualit\u00e9 \u00e0 l&rsquo;int\u00e9rieur permettent de connecter et d&rsquo;utiliser en toute s\u00e9curit\u00e9 jusqu&rsquo;\u00e0 4 batteries en s\u00e9rie ou en parall\u00e8le.<\/em><\/p>\n<p><em>Perte d&rsquo;\u00e9nergie extr\u00eamement faible, transfert d&rsquo;\u00e9nergie en douceur et pas de chaleur excessive \u00e0 l&rsquo;int\u00e9rieur lorsque le BMS fonctionne.<\/em><\/p>\n<p><strong>Quoi de neuf ?<\/strong><\/p>\n<p>La version ENDURANCE+ change la donne en mati\u00e8re de s\u00e9curit\u00e9 et de fiabilit\u00e9 des batteries pour le vol \u00e0 voile. Il pr\u00e9sente des caract\u00e9ristiques de s\u00e9curit\u00e9 am\u00e9lior\u00e9es, des cellules LiFePO4 de qualit\u00e9 A provenant d&rsquo;un fabricant de confiance et un syst\u00e8me de gestion de la batterie (BMS) mis \u00e0 jour avec un c\u00e2blage et une disposition am\u00e9lior\u00e9s. Am\u00e9liorez votre exp\u00e9rience de vol \u00e0 voile gr\u00e2ce \u00e0 ces avanc\u00e9es en mati\u00e8re d&rsquo;endurance de la batterie.<\/p>\n<p>Nouvelles caract\u00e9ristiques et am\u00e9liorations du mod\u00e8le ENDURANCE+ :<\/p>\n<ol>\n<li><strong>Protection am\u00e9lior\u00e9e des cellules :<\/strong> Le mod\u00e8le ENDURANCE+ int\u00e8gre une conception raffin\u00e9e des cellules, du c\u00e2blage et de la disposition du BMS afin d&rsquo;offrir une protection sup\u00e9rieure contre les impacts et les chocs potentiels.<\/li>\n<li><strong>Connecteurs en nickel pur :<\/strong> Ce mod\u00e8le est \u00e9quip\u00e9 de connecteurs en nickel pur, garantissant une meilleure durabilit\u00e9 et une r\u00e9sistance exceptionnelle aux vibrations.<\/li>\n<li><strong>Deux capteurs thermiques :<\/strong> Deux capteurs thermiques sont int\u00e9gr\u00e9s pour surveiller et prot\u00e9ger \u00e0 la fois les cellules et les fonctions du BMS, am\u00e9liorant ainsi la s\u00e9curit\u00e9 globale.<\/li>\n<li><strong>Qualit\u00e9 sup\u00e9rieure des cellules :<\/strong> L&rsquo;utilisation de cellules de qualit\u00e9 A provenant d&rsquo;un fabricant r\u00e9put\u00e9 am\u00e9liore consid\u00e9rablement la long\u00e9vit\u00e9 et la fiabilit\u00e9 de la batterie.<\/li>\n<li><strong>BMS avanc\u00e9 :<\/strong> le mod\u00e8le ENDURANCE+ est dot\u00e9 d&rsquo;un BMS am\u00e9lior\u00e9 et de composants qui non seulement optimisent les performances de la batterie, mais fournissent \u00e9galement des m\u00e9canismes de protection plus pr\u00e9cis.<\/li>\n<\/ol>\n","protected":false},"featured_media":2751,"comment_status":"open","ping_status":"closed","template":"","meta":[],"product_brand":[],"product_cat":[17],"product_tag":[37,33,40,19,68,66,38,50,47,24,29,31,44,20,49,22,18,46,36,48,21,28,26,35,23,65,67,51,45,55,64,52,53,54,56,43],"class_list":{"0":"post-1317","1":"product","2":"type-product","3":"status-publish","4":"has-post-thumbnail","6":"product_cat-batteries","7":"product_tag-glider-accessories","8":"product_tag-aeroshop","9":"product_tag-aeroshop-eu","10":"product_tag-battery","11":"product_tag-glider-light-battery","12":"product_tag-sailplane-battery","13":"product_tag-glider-battery","14":"product_tag-lfp-battery","15":"product_tag-lifepo4-battery","16":"product_tag-charger","17":"product_tag-glider-battery-charger","18":"product_tag-lifepo4-charger","19":"product_tag-egc","20":"product_tag-electronics","21":"product_tag-glider-electronics","22":"product_tag-soaring","23":"product_tag-glider-equipment","24":"product_tag-fcc","25":"product_tag-glider-supplies","26":"product_tag-glider-battery-eu","27":"product_tag-gliding","28":"product_tag-lfp","29":"product_tag-lifepo4","30":"product_tag-glider-shop","31":"product_tag-glider","32":"product_tag-glider-battery-lifepo4","33":"product_tag-glider-lifepo4","34":"product_tag-soaringspot","35":"product_tag-pribinacup","36":"product_tag-skysight-io","37":"product_tag-sailplane-battery-systems","38":"product_tag-topmeteo","39":"product_tag-topmeteo-com","40":"product_tag-topmeteo-eu","41":"product_tag-skysight","42":"product_tag-wgc","43":"product_shipping_class-10ah-battery","44":"has-post-title","45":"has-post-date","46":"has-post-category","47":"has-post-tag","48":"has-post-comment","49":"has-post-author","50":"","52":"first","53":"instock","54":"featured","55":"taxable","56":"shipping-taxable","57":"purchasable","58":"product-type-simple"},"yoast_head":"<!-- This site is optimized with the Yoast SEO plugin v27.0 - https:\/\/yoast.com\/product\/yoast-seo-wordpress\/ -->\n<title>Batterie pour planeur LiFePO4, 10.8AH ENDURANCE+ - Glider Battery Shop<\/title>\n<meta name=\"description\" content=\"Batterie de planeur LiFePO4 12V de taille standard. Qualit\u00e9 et performance optimales. M\u00eame taille mais plus de capacit\u00e9. Cellules de grade A+. Exp\u00e9dition vers toute l&#039;Europe.\" \/>\n<meta name=\"robots\" content=\"index, follow, max-snippet:-1, max-image-preview:large, max-video-preview:-1\" \/>\n<link rel=\"canonical\" href=\"https:\/\/glider-battery.eu\/fr\/produit\/lifepo4-batterie-10ah\/\" \/>\n<meta property=\"og:locale\" content=\"fr_FR\" \/>\n<meta property=\"og:type\" content=\"article\" \/>\n<meta property=\"og:title\" content=\"Batterie pour planeur LiFePO4, 10.8AH ENDURANCE+ - Glider Battery Shop\" \/>\n<meta property=\"og:description\" content=\"Batterie de planeur LiFePO4 12V de taille standard. Qualit\u00e9 et performance optimales. M\u00eame taille mais plus de capacit\u00e9. Cellules de grade A+. Exp\u00e9dition vers toute l&#039;Europe.\" \/>\n<meta property=\"og:url\" content=\"https:\/\/glider-battery.eu\/fr\/produit\/lifepo4-batterie-10ah\/\" \/>\n<meta property=\"og:site_name\" content=\"Glider Battery Shop\" \/>\n<meta property=\"article:modified_time\" content=\"2026-04-24T03:04:58+00:00\" \/>\n<meta property=\"og:image\" content=\"https:\/\/glider-battery.eu\/wp-content\/uploads\/2025\/05\/10AH-ENDURANCE-2.jpg\" \/>\n\t<meta property=\"og:image:width\" content=\"800\" \/>\n\t<meta property=\"og:image:height\" content=\"800\" \/>\n\t<meta property=\"og:image:type\" content=\"image\/jpeg\" \/>\n<meta name=\"twitter:card\" content=\"summary_large_image\" \/>\n<meta name=\"twitter:label1\" content=\"Dur\u00e9e de lecture estim\u00e9e\" \/>\n\t<meta name=\"twitter:data1\" content=\"4 minutes\" \/>\n<script type=\"application\/ld+json\" class=\"yoast-schema-graph\">{\"@context\":\"https:\/\/schema.org\",\"@graph\":[{\"@type\":\"WebPage\",\"@id\":\"https:\/\/glider-battery.eu\/fr\/produit\/lifepo4-batterie-10ah\/\",\"url\":\"https:\/\/glider-battery.eu\/fr\/produit\/lifepo4-batterie-10ah\/\",\"name\":\"Batterie pour planeur LiFePO4, 10.8AH ENDURANCE+ - Glider Battery Shop\",\"isPartOf\":{\"@id\":\"https:\/\/glider-battery.eu\/#website\"},\"primaryImageOfPage\":{\"@id\":\"https:\/\/glider-battery.eu\/fr\/produit\/lifepo4-batterie-10ah\/#primaryimage\"},\"image\":{\"@id\":\"https:\/\/glider-battery.eu\/fr\/produit\/lifepo4-batterie-10ah\/#primaryimage\"},\"thumbnailUrl\":\"https:\/\/glider-battery.eu\/wp-content\/uploads\/2025\/05\/10AH-ENDURANCE-2.jpg\",\"datePublished\":\"2017-10-12T11:42:43+00:00\",\"dateModified\":\"2026-04-24T03:04:58+00:00\",\"description\":\"Batterie de planeur LiFePO4 12V de taille standard. Qualit\u00e9 et performance optimales. M\u00eame taille mais plus de capacit\u00e9. Cellules de grade A+. Exp\u00e9dition vers toute l'Europe.\",\"breadcrumb\":{\"@id\":\"https:\/\/glider-battery.eu\/fr\/produit\/lifepo4-batterie-10ah\/#breadcrumb\"},\"inLanguage\":\"fr-FR\",\"potentialAction\":[{\"@type\":\"ReadAction\",\"target\":[\"https:\/\/glider-battery.eu\/fr\/produit\/lifepo4-batterie-10ah\/\"]}]},{\"@type\":\"ImageObject\",\"inLanguage\":\"fr-FR\",\"@id\":\"https:\/\/glider-battery.eu\/fr\/produit\/lifepo4-batterie-10ah\/#primaryimage\",\"url\":\"https:\/\/glider-battery.eu\/wp-content\/uploads\/2025\/05\/10AH-ENDURANCE-2.jpg\",\"contentUrl\":\"https:\/\/glider-battery.eu\/wp-content\/uploads\/2025\/05\/10AH-ENDURANCE-2.jpg\",\"width\":800,\"height\":800},{\"@type\":\"BreadcrumbList\",\"@id\":\"https:\/\/glider-battery.eu\/fr\/produit\/lifepo4-batterie-10ah\/#breadcrumb\",\"itemListElement\":[{\"@type\":\"ListItem\",\"position\":1,\"name\":\"Home\",\"item\":\"https:\/\/glider-battery.eu\/\"},{\"@type\":\"ListItem\",\"position\":2,\"name\":\"Des produits\",\"item\":\"https:\/\/glider-battery.eu\/fr\/shop\/\"},{\"@type\":\"ListItem\",\"position\":3,\"name\":\"Batterie pour planeur LiFePO4, 10.8AH ENDURANCE+\"}]},{\"@type\":\"WebSite\",\"@id\":\"https:\/\/glider-battery.eu\/#website\",\"url\":\"https:\/\/glider-battery.eu\/\",\"name\":\"Glider Battery Shop\",\"description\":\"Power For Your Electronics\",\"publisher\":{\"@id\":\"https:\/\/glider-battery.eu\/#organization\"},\"potentialAction\":[{\"@type\":\"SearchAction\",\"target\":{\"@type\":\"EntryPoint\",\"urlTemplate\":\"https:\/\/glider-battery.eu\/?s={search_term_string}\"},\"query-input\":{\"@type\":\"PropertyValueSpecification\",\"valueRequired\":true,\"valueName\":\"search_term_string\"}}],\"inLanguage\":\"fr-FR\"},{\"@type\":\"Organization\",\"@id\":\"https:\/\/glider-battery.eu\/#organization\",\"name\":\"Glider-Battery.eu\",\"url\":\"https:\/\/glider-battery.eu\/\",\"logo\":{\"@type\":\"ImageObject\",\"inLanguage\":\"fr-FR\",\"@id\":\"https:\/\/glider-battery.eu\/#\/schema\/logo\/image\/\",\"url\":\"https:\/\/glider-battery.eu\/wp-content\/uploads\/2018\/01\/dar-grey-logo.png\",\"contentUrl\":\"https:\/\/glider-battery.eu\/wp-content\/uploads\/2018\/01\/dar-grey-logo.png\",\"width\":1300,\"height\":400,\"caption\":\"Glider-Battery.eu\"},\"image\":{\"@id\":\"https:\/\/glider-battery.eu\/#\/schema\/logo\/image\/\"}}]}<\/script>\n<!-- \/ Yoast SEO plugin. -->","yoast_head_json":{"title":"Batterie pour planeur LiFePO4, 10.8AH ENDURANCE+ - Glider Battery Shop","description":"Batterie de planeur LiFePO4 12V de taille standard. Qualit\u00e9 et performance optimales. M\u00eame taille mais plus de capacit\u00e9. Cellules de grade A+. Exp\u00e9dition vers toute l'Europe.","robots":{"index":"index","follow":"follow","max-snippet":"max-snippet:-1","max-image-preview":"max-image-preview:large","max-video-preview":"max-video-preview:-1"},"canonical":"https:\/\/glider-battery.eu\/fr\/produit\/lifepo4-batterie-10ah\/","og_locale":"fr_FR","og_type":"article","og_title":"Batterie pour planeur LiFePO4, 10.8AH ENDURANCE+ - Glider Battery Shop","og_description":"Batterie de planeur LiFePO4 12V de taille standard. Qualit\u00e9 et performance optimales. M\u00eame taille mais plus de capacit\u00e9. Cellules de grade A+. Exp\u00e9dition vers toute l'Europe.","og_url":"https:\/\/glider-battery.eu\/fr\/produit\/lifepo4-batterie-10ah\/","og_site_name":"Glider Battery Shop","article_modified_time":"2026-04-24T03:04:58+00:00","og_image":[{"width":800,"height":800,"url":"https:\/\/glider-battery.eu\/wp-content\/uploads\/2025\/05\/10AH-ENDURANCE-2.jpg","type":"image\/jpeg"}],"twitter_card":"summary_large_image","twitter_misc":{"Dur\u00e9e de lecture estim\u00e9e":"4 minutes"},"schema":{"@context":"https:\/\/schema.org","@graph":[{"@type":"WebPage","@id":"https:\/\/glider-battery.eu\/fr\/produit\/lifepo4-batterie-10ah\/","url":"https:\/\/glider-battery.eu\/fr\/produit\/lifepo4-batterie-10ah\/","name":"Batterie pour planeur LiFePO4, 10.8AH ENDURANCE+ - Glider Battery Shop","isPartOf":{"@id":"https:\/\/glider-battery.eu\/#website"},"primaryImageOfPage":{"@id":"https:\/\/glider-battery.eu\/fr\/produit\/lifepo4-batterie-10ah\/#primaryimage"},"image":{"@id":"https:\/\/glider-battery.eu\/fr\/produit\/lifepo4-batterie-10ah\/#primaryimage"},"thumbnailUrl":"https:\/\/glider-battery.eu\/wp-content\/uploads\/2025\/05\/10AH-ENDURANCE-2.jpg","datePublished":"2017-10-12T11:42:43+00:00","dateModified":"2026-04-24T03:04:58+00:00","description":"Batterie de planeur LiFePO4 12V de taille standard. Qualit\u00e9 et performance optimales. M\u00eame taille mais plus de capacit\u00e9. Cellules de grade A+. Exp\u00e9dition vers toute l'Europe.","breadcrumb":{"@id":"https:\/\/glider-battery.eu\/fr\/produit\/lifepo4-batterie-10ah\/#breadcrumb"},"inLanguage":"fr-FR","potentialAction":[{"@type":"ReadAction","target":["https:\/\/glider-battery.eu\/fr\/produit\/lifepo4-batterie-10ah\/"]}]},{"@type":"ImageObject","inLanguage":"fr-FR","@id":"https:\/\/glider-battery.eu\/fr\/produit\/lifepo4-batterie-10ah\/#primaryimage","url":"https:\/\/glider-battery.eu\/wp-content\/uploads\/2025\/05\/10AH-ENDURANCE-2.jpg","contentUrl":"https:\/\/glider-battery.eu\/wp-content\/uploads\/2025\/05\/10AH-ENDURANCE-2.jpg","width":800,"height":800},{"@type":"BreadcrumbList","@id":"https:\/\/glider-battery.eu\/fr\/produit\/lifepo4-batterie-10ah\/#breadcrumb","itemListElement":[{"@type":"ListItem","position":1,"name":"Home","item":"https:\/\/glider-battery.eu\/"},{"@type":"ListItem","position":2,"name":"Des produits","item":"https:\/\/glider-battery.eu\/fr\/shop\/"},{"@type":"ListItem","position":3,"name":"Batterie pour planeur LiFePO4, 10.8AH ENDURANCE+"}]},{"@type":"WebSite","@id":"https:\/\/glider-battery.eu\/#website","url":"https:\/\/glider-battery.eu\/","name":"Glider Battery Shop","description":"Power For Your Electronics","publisher":{"@id":"https:\/\/glider-battery.eu\/#organization"},"potentialAction":[{"@type":"SearchAction","target":{"@type":"EntryPoint","urlTemplate":"https:\/\/glider-battery.eu\/?s={search_term_string}"},"query-input":{"@type":"PropertyValueSpecification","valueRequired":true,"valueName":"search_term_string"}}],"inLanguage":"fr-FR"},{"@type":"Organization","@id":"https:\/\/glider-battery.eu\/#organization","name":"Glider-Battery.eu","url":"https:\/\/glider-battery.eu\/","logo":{"@type":"ImageObject","inLanguage":"fr-FR","@id":"https:\/\/glider-battery.eu\/#\/schema\/logo\/image\/","url":"https:\/\/glider-battery.eu\/wp-content\/uploads\/2018\/01\/dar-grey-logo.png","contentUrl":"https:\/\/glider-battery.eu\/wp-content\/uploads\/2018\/01\/dar-grey-logo.png","width":1300,"height":400,"caption":"Glider-Battery.eu"},"image":{"@id":"https:\/\/glider-battery.eu\/#\/schema\/logo\/image\/"}}]}},"builder_content":"","_links":{"self":[{"href":"https:\/\/glider-battery.eu\/fr\/wp-json\/wp\/v2\/product\/1317","targetHints":{"allow":["GET"]}}],"collection":[{"href":"https:\/\/glider-battery.eu\/fr\/wp-json\/wp\/v2\/product"}],"about":[{"href":"https:\/\/glider-battery.eu\/fr\/wp-json\/wp\/v2\/types\/product"}],"replies":[{"embeddable":true,"href":"https:\/\/glider-battery.eu\/fr\/wp-json\/wp\/v2\/comments?post=1317"}],"wp:featuredmedia":[{"embeddable":true,"href":"https:\/\/glider-battery.eu\/fr\/wp-json\/wp\/v2\/media\/2751"}],"wp:attachment":[{"href":"https:\/\/glider-battery.eu\/fr\/wp-json\/wp\/v2\/media?parent=1317"}],"wp:term":[{"taxonomy":"product_brand","embeddable":true,"href":"https:\/\/glider-battery.eu\/fr\/wp-json\/wp\/v2\/product_brand?post=1317"},{"taxonomy":"product_cat","embeddable":true,"href":"https:\/\/glider-battery.eu\/fr\/wp-json\/wp\/v2\/product_cat?post=1317"},{"taxonomy":"product_tag","embeddable":true,"href":"https:\/\/glider-battery.eu\/fr\/wp-json\/wp\/v2\/product_tag?post=1317"}],"curies":[{"name":"wp","href":"https:\/\/api.w.org\/{rel}","templated":true}]}}