{"id":1850,"date":"2022-08-31T11:24:12","date_gmt":"2022-09-07T21:44:49","guid":{"rendered":"https:\/\/glider-battery.eu\/?post_type=product&#038;p=1850"},"modified":"2025-04-13T15:48:19","modified_gmt":"2025-04-13T15:48:19","slug":"connecteur-aviation-gx16","status":"publish","type":"product","link":"https:\/\/glider-battery.eu\/fr\/produit\/connecteur-aviation-gx16\/","title":{"rendered":"Connecteur aviation GX16 (3 broches ou 2 broches) M + F"},"content":{"rendered":"<p>Connecteur aviation GX16 c\u00f4t\u00e9 m\u00e2le. Utilis\u00e9 pour connecter la batterie au parapente, la batterie au chargeur, le chargeur au parapente.<\/p>\n<p>Les connecteurs sont livr\u00e9s nus, sans c\u00e2ble.<\/p>\n<p>Diff\u00e9rents types :<\/p>\n<ul>\n<li>M\u00e2le \u00e0 2 broches<\/li>\n<li>2 broches m\u00e2le (montage sur panneau)<\/li>\n<li>Femelle \u00e0 2 broches (batterie)<\/li>\n<li>M\u00e2le \u00e0 3 broches<\/li>\n<li>3 broches m\u00e2le (montage sur panneau)<\/li>\n<li>Femelle \u00e0 3 broches (batterie)<\/li>\n<\/ul>\n<!--themify_builder_content-->\n<div id=\"themify_builder_content-1850\" data-postid=\"1850\" class=\"themify_builder_content themify_builder_content-1850 themify_builder tf_clear\">\n    <\/div>\n<!--\/themify_builder_content-->\n","protected":false},"excerpt":{"rendered":"<p>Connecteur aviation GX16 c\u00f4t\u00e9 m\u00e2le. Utilis\u00e9 pour connecter la batterie au parapente, la batterie au chargeur, le chargeur au parapente.<\/p>\n<p>Les connecteurs sont livr\u00e9s nus, sans c\u00e2ble.<\/p>\n<p>Diff\u00e9rents types :<\/p>\n<ul>\n<li>M\u00e2le \u00e0 2 broches<\/li>\n<li>2 broches m\u00e2le (corps de contact)<\/li>\n<li>Femelle \u00e0 2 broches (batterie)<\/li>\n<li>M\u00e2le \u00e0 3 broches<\/li>\n<li>3-pin Male (corps de contact)<\/li>\n<li>Femelle \u00e0 3 broches (batterie)<\/li>\n<\/ul>\n","protected":false},"featured_media":1848,"comment_status":"closed","ping_status":"closed","template":"","meta":[],"product_brand":[],"product_cat":[218,176,234],"product_tag":[],"class_list":{"0":"post-1850","1":"product","2":"type-product","3":"status-publish","4":"has-post-thumbnail","6":"product_cat-accessoires-fr-2","7":"product_cat-accessoires-fr","8":"product_cat-zubehor-fr","9":"has-post-title","10":"has-post-date","11":"has-post-category","12":"has-post-tag","13":"has-post-comment","14":"has-post-author","15":"","17":"first","18":"instock","19":"taxable","20":"shipping-taxable","21":"purchasable","22":"product-type-variable"},"yoast_head":"<!-- This site is optimized with the Yoast SEO plugin v27.0 - https:\/\/yoast.com\/product\/yoast-seo-wordpress\/ -->\n<title>Connecteur aviation GX16 (3 broches ou 2 broches) M + F - Glider Battery Shop<\/title>\n<meta name=\"description\" content=\"Type de connecteur aviation GX16 utilis\u00e9 dans les avions et les planeurs. Diverses options - 3 broches, 2 broches, F, M, montage sur panneau, c\u00e2ble, extr\u00e9mit\u00e9s de c\u00e2ble de batterie.\" \/>\n<meta name=\"robots\" content=\"index, follow, max-snippet:-1, max-image-preview:large, max-video-preview:-1\" \/>\n<link rel=\"canonical\" href=\"https:\/\/glider-battery.eu\/fr\/produit\/connecteur-aviation-gx16\/\" \/>\n<meta property=\"og:locale\" content=\"fr_FR\" \/>\n<meta property=\"og:type\" content=\"article\" \/>\n<meta property=\"og:title\" content=\"Connecteur aviation GX16 (3 broches ou 2 broches) M + F - Glider Battery Shop\" \/>\n<meta property=\"og:description\" content=\"Type de connecteur aviation GX16 utilis\u00e9 dans les avions et les planeurs. Diverses options - 3 broches, 2 broches, F, M, montage sur panneau, c\u00e2ble, extr\u00e9mit\u00e9s de c\u00e2ble de batterie.\" \/>\n<meta property=\"og:url\" content=\"https:\/\/glider-battery.eu\/fr\/produit\/connecteur-aviation-gx16\/\" \/>\n<meta property=\"og:site_name\" content=\"Glider Battery Shop\" \/>\n<meta property=\"article:modified_time\" content=\"2025-04-13T15:48:19+00:00\" \/>\n<meta property=\"og:image\" content=\"https:\/\/glider-battery.eu\/wp-content\/uploads\/2022\/08\/Combined.jpg\" \/>\n\t<meta property=\"og:image:width\" content=\"800\" \/>\n\t<meta property=\"og:image:height\" content=\"800\" \/>\n\t<meta property=\"og:image:type\" content=\"image\/jpeg\" \/>\n<meta name=\"twitter:card\" content=\"summary_large_image\" \/>\n<script type=\"application\/ld+json\" class=\"yoast-schema-graph\">{\"@context\":\"https:\/\/schema.org\",\"@graph\":[{\"@type\":\"WebPage\",\"@id\":\"https:\/\/glider-battery.eu\/fr\/produit\/connecteur-aviation-gx16\/\",\"url\":\"https:\/\/glider-battery.eu\/fr\/produit\/connecteur-aviation-gx16\/\",\"name\":\"Connecteur aviation GX16 (3 broches ou 2 broches) M + F - Glider Battery Shop\",\"isPartOf\":{\"@id\":\"https:\/\/glider-battery.eu\/#website\"},\"primaryImageOfPage\":{\"@id\":\"https:\/\/glider-battery.eu\/fr\/produit\/connecteur-aviation-gx16\/#primaryimage\"},\"image\":{\"@id\":\"https:\/\/glider-battery.eu\/fr\/produit\/connecteur-aviation-gx16\/#primaryimage\"},\"thumbnailUrl\":\"https:\/\/glider-battery.eu\/wp-content\/uploads\/2022\/08\/Combined.jpg\",\"datePublished\":\"2022-09-07T21:44:49+00:00\",\"dateModified\":\"2025-04-13T15:48:19+00:00\",\"description\":\"Type de connecteur aviation GX16 utilis\u00e9 dans les avions et les planeurs. Diverses options - 3 broches, 2 broches, F, M, montage sur panneau, c\u00e2ble, extr\u00e9mit\u00e9s de c\u00e2ble de batterie.\",\"breadcrumb\":{\"@id\":\"https:\/\/glider-battery.eu\/fr\/produit\/connecteur-aviation-gx16\/#breadcrumb\"},\"inLanguage\":\"fr-FR\",\"potentialAction\":[{\"@type\":\"ReadAction\",\"target\":[\"https:\/\/glider-battery.eu\/fr\/produit\/connecteur-aviation-gx16\/\"]}]},{\"@type\":\"ImageObject\",\"inLanguage\":\"fr-FR\",\"@id\":\"https:\/\/glider-battery.eu\/fr\/produit\/connecteur-aviation-gx16\/#primaryimage\",\"url\":\"https:\/\/glider-battery.eu\/wp-content\/uploads\/2022\/08\/Combined.jpg\",\"contentUrl\":\"https:\/\/glider-battery.eu\/wp-content\/uploads\/2022\/08\/Combined.jpg\",\"width\":800,\"height\":800,\"caption\":\"Combined\"},{\"@type\":\"BreadcrumbList\",\"@id\":\"https:\/\/glider-battery.eu\/fr\/produit\/connecteur-aviation-gx16\/#breadcrumb\",\"itemListElement\":[{\"@type\":\"ListItem\",\"position\":1,\"name\":\"Home\",\"item\":\"https:\/\/glider-battery.eu\/\"},{\"@type\":\"ListItem\",\"position\":2,\"name\":\"Des produits\",\"item\":\"https:\/\/glider-battery.eu\/fr\/shop\/\"},{\"@type\":\"ListItem\",\"position\":3,\"name\":\"Connecteur aviation GX16 (3 broches ou 2 broches) M + F\"}]},{\"@type\":\"WebSite\",\"@id\":\"https:\/\/glider-battery.eu\/#website\",\"url\":\"https:\/\/glider-battery.eu\/\",\"name\":\"Glider Battery Shop\",\"description\":\"Power For Your Electronics\",\"publisher\":{\"@id\":\"https:\/\/glider-battery.eu\/#organization\"},\"potentialAction\":[{\"@type\":\"SearchAction\",\"target\":{\"@type\":\"EntryPoint\",\"urlTemplate\":\"https:\/\/glider-battery.eu\/?s={search_term_string}\"},\"query-input\":{\"@type\":\"PropertyValueSpecification\",\"valueRequired\":true,\"valueName\":\"search_term_string\"}}],\"inLanguage\":\"fr-FR\"},{\"@type\":\"Organization\",\"@id\":\"https:\/\/glider-battery.eu\/#organization\",\"name\":\"Glider-Battery.eu\",\"url\":\"https:\/\/glider-battery.eu\/\",\"logo\":{\"@type\":\"ImageObject\",\"inLanguage\":\"fr-FR\",\"@id\":\"https:\/\/glider-battery.eu\/#\/schema\/logo\/image\/\",\"url\":\"https:\/\/glider-battery.eu\/wp-content\/uploads\/2018\/01\/dar-grey-logo.png\",\"contentUrl\":\"https:\/\/glider-battery.eu\/wp-content\/uploads\/2018\/01\/dar-grey-logo.png\",\"width\":1300,\"height\":400,\"caption\":\"Glider-Battery.eu\"},\"image\":{\"@id\":\"https:\/\/glider-battery.eu\/#\/schema\/logo\/image\/\"}}]}<\/script>\n<!-- \/ Yoast SEO plugin. -->","yoast_head_json":{"title":"Connecteur aviation GX16 (3 broches ou 2 broches) M + F - Glider Battery Shop","description":"Type de connecteur aviation GX16 utilis\u00e9 dans les avions et les planeurs. Diverses options - 3 broches, 2 broches, F, M, montage sur panneau, c\u00e2ble, extr\u00e9mit\u00e9s de c\u00e2ble de batterie.","robots":{"index":"index","follow":"follow","max-snippet":"max-snippet:-1","max-image-preview":"max-image-preview:large","max-video-preview":"max-video-preview:-1"},"canonical":"https:\/\/glider-battery.eu\/fr\/produit\/connecteur-aviation-gx16\/","og_locale":"fr_FR","og_type":"article","og_title":"Connecteur aviation GX16 (3 broches ou 2 broches) M + F - Glider Battery Shop","og_description":"Type de connecteur aviation GX16 utilis\u00e9 dans les avions et les planeurs. Diverses options - 3 broches, 2 broches, F, M, montage sur panneau, c\u00e2ble, extr\u00e9mit\u00e9s de c\u00e2ble de batterie.","og_url":"https:\/\/glider-battery.eu\/fr\/produit\/connecteur-aviation-gx16\/","og_site_name":"Glider Battery Shop","article_modified_time":"2025-04-13T15:48:19+00:00","og_image":[{"width":800,"height":800,"url":"https:\/\/glider-battery.eu\/wp-content\/uploads\/2022\/08\/Combined.jpg","type":"image\/jpeg"}],"twitter_card":"summary_large_image","schema":{"@context":"https:\/\/schema.org","@graph":[{"@type":"WebPage","@id":"https:\/\/glider-battery.eu\/fr\/produit\/connecteur-aviation-gx16\/","url":"https:\/\/glider-battery.eu\/fr\/produit\/connecteur-aviation-gx16\/","name":"Connecteur aviation GX16 (3 broches ou 2 broches) M + F - Glider Battery Shop","isPartOf":{"@id":"https:\/\/glider-battery.eu\/#website"},"primaryImageOfPage":{"@id":"https:\/\/glider-battery.eu\/fr\/produit\/connecteur-aviation-gx16\/#primaryimage"},"image":{"@id":"https:\/\/glider-battery.eu\/fr\/produit\/connecteur-aviation-gx16\/#primaryimage"},"thumbnailUrl":"https:\/\/glider-battery.eu\/wp-content\/uploads\/2022\/08\/Combined.jpg","datePublished":"2022-09-07T21:44:49+00:00","dateModified":"2025-04-13T15:48:19+00:00","description":"Type de connecteur aviation GX16 utilis\u00e9 dans les avions et les planeurs. Diverses options - 3 broches, 2 broches, F, M, montage sur panneau, c\u00e2ble, extr\u00e9mit\u00e9s de c\u00e2ble de batterie.","breadcrumb":{"@id":"https:\/\/glider-battery.eu\/fr\/produit\/connecteur-aviation-gx16\/#breadcrumb"},"inLanguage":"fr-FR","potentialAction":[{"@type":"ReadAction","target":["https:\/\/glider-battery.eu\/fr\/produit\/connecteur-aviation-gx16\/"]}]},{"@type":"ImageObject","inLanguage":"fr-FR","@id":"https:\/\/glider-battery.eu\/fr\/produit\/connecteur-aviation-gx16\/#primaryimage","url":"https:\/\/glider-battery.eu\/wp-content\/uploads\/2022\/08\/Combined.jpg","contentUrl":"https:\/\/glider-battery.eu\/wp-content\/uploads\/2022\/08\/Combined.jpg","width":800,"height":800,"caption":"Combined"},{"@type":"BreadcrumbList","@id":"https:\/\/glider-battery.eu\/fr\/produit\/connecteur-aviation-gx16\/#breadcrumb","itemListElement":[{"@type":"ListItem","position":1,"name":"Home","item":"https:\/\/glider-battery.eu\/"},{"@type":"ListItem","position":2,"name":"Des produits","item":"https:\/\/glider-battery.eu\/fr\/shop\/"},{"@type":"ListItem","position":3,"name":"Connecteur aviation GX16 (3 broches ou 2 broches) M + F"}]},{"@type":"WebSite","@id":"https:\/\/glider-battery.eu\/#website","url":"https:\/\/glider-battery.eu\/","name":"Glider Battery Shop","description":"Power For Your Electronics","publisher":{"@id":"https:\/\/glider-battery.eu\/#organization"},"potentialAction":[{"@type":"SearchAction","target":{"@type":"EntryPoint","urlTemplate":"https:\/\/glider-battery.eu\/?s={search_term_string}"},"query-input":{"@type":"PropertyValueSpecification","valueRequired":true,"valueName":"search_term_string"}}],"inLanguage":"fr-FR"},{"@type":"Organization","@id":"https:\/\/glider-battery.eu\/#organization","name":"Glider-Battery.eu","url":"https:\/\/glider-battery.eu\/","logo":{"@type":"ImageObject","inLanguage":"fr-FR","@id":"https:\/\/glider-battery.eu\/#\/schema\/logo\/image\/","url":"https:\/\/glider-battery.eu\/wp-content\/uploads\/2018\/01\/dar-grey-logo.png","contentUrl":"https:\/\/glider-battery.eu\/wp-content\/uploads\/2018\/01\/dar-grey-logo.png","width":1300,"height":400,"caption":"Glider-Battery.eu"},"image":{"@id":"https:\/\/glider-battery.eu\/#\/schema\/logo\/image\/"}}]}},"builder_content":"","_links":{"self":[{"href":"https:\/\/glider-battery.eu\/fr\/wp-json\/wp\/v2\/product\/1850","targetHints":{"allow":["GET"]}}],"collection":[{"href":"https:\/\/glider-battery.eu\/fr\/wp-json\/wp\/v2\/product"}],"about":[{"href":"https:\/\/glider-battery.eu\/fr\/wp-json\/wp\/v2\/types\/product"}],"replies":[{"embeddable":true,"href":"https:\/\/glider-battery.eu\/fr\/wp-json\/wp\/v2\/comments?post=1850"}],"wp:featuredmedia":[{"embeddable":true,"href":"https:\/\/glider-battery.eu\/fr\/wp-json\/wp\/v2\/media\/1848"}],"wp:attachment":[{"href":"https:\/\/glider-battery.eu\/fr\/wp-json\/wp\/v2\/media?parent=1850"}],"wp:term":[{"taxonomy":"product_brand","embeddable":true,"href":"https:\/\/glider-battery.eu\/fr\/wp-json\/wp\/v2\/product_brand?post=1850"},{"taxonomy":"product_cat","embeddable":true,"href":"https:\/\/glider-battery.eu\/fr\/wp-json\/wp\/v2\/product_cat?post=1850"},{"taxonomy":"product_tag","embeddable":true,"href":"https:\/\/glider-battery.eu\/fr\/wp-json\/wp\/v2\/product_tag?post=1850"}],"curies":[{"name":"wp","href":"https:\/\/api.w.org\/{rel}","templated":true}]}}