{"id":1864,"date":"2022-08-31T10:55:52","date_gmt":"2022-09-07T21:45:37","guid":{"rendered":"https:\/\/glider-battery.eu\/?post_type=product&#038;p=1864"},"modified":"2025-06-27T17:41:32","modified_gmt":"2025-06-27T17:41:32","slug":"bouchon-de-batterie-diy","status":"publish","type":"product","link":"https:\/\/glider-battery.eu\/fr\/produit\/bouchon-de-batterie-diy\/","title":{"rendered":"Kit de bricolage &#8211; Bouchon de batterie avec disjoncteur automatique 10A\/5A"},"content":{"rendered":"<p>Capuchon de batterie de planeur avec disjoncteur automatique pour la batterie de votre planeur (convient aux batteries 10A de glider-battery.eu) avec un disjoncteur automatique int\u00e9gr\u00e9 (appuyer pour r\u00e9initialiser). La bo\u00eete est fabriqu\u00e9e en plastique durable, est l\u00e9g\u00e8re et ne comporte pas de vis. Le couvercle de la bo\u00eete s&rsquo;ouvre et se ferme \u00e0 l&rsquo;aide d&rsquo;un m\u00e9canisme de verrouillage interne, ce qui lui donne un aspect agr\u00e9able et soign\u00e9 de l&rsquo;ext\u00e9rieur et permet de l&rsquo;ouvrir facilement sans outils.<\/p>\n<p>Le bouchon est de couleur noire.<\/p>\n<p>Le bouchon de batterie Glider est une solution parfaite pour couvrir les bornes de votre batterie contre les dommages ext\u00e9rieurs, la corrosion, les accidents de court-circuit.<\/p>\n<p>La bo\u00eete de couverture de bornes de qualit\u00e9 est livr\u00e9e avec un disjoncteur 10A int\u00e9gr\u00e9 avec un bouton \u00ab\u00a0press-to-reset\u00a0\u00bb et tous les accessoires n\u00e9cessaires pour faire fonctionner votre syst\u00e8me de batterie, qui peut \u00eatre assembl\u00e9 par nous ou en version Do-It-Yourself.<\/p>\n<p>Les articles comprennent :<\/p>\n<ul>\n<li>Bo\u00eete de qualit\u00e9 (cache-bornes) ;<\/li>\n<li>Couvercle de bo\u00eete de qualit\u00e9 ;<\/li>\n<li>10A Disjoncteur automatique (\u00e0 r\u00e9armement par pression) ;<\/li>\n<li>Connecteur aviation GX16 (3 ou 2 broches) ou XLR 3 broches femelle<\/li>\n<li>2x C\u00e2bles \u00e9lectriques rouge (+) et noir (-) &#8211; 40cm<\/li>\n<li>Bo\u00eetier tress\u00e9 &#8211; 35cm<\/li>\n<li>3x Zip ties<\/li>\n<li>1x C\u00e2ble rouge pour la connexion de la borne au disjoncteur &#8211; 7cm<\/li>\n<li>2 connecteurs de borne de batterie (type spade) ;<\/li>\n<li>2 connecteurs pour bornes de fusibles (angle de 90\u00b0, type spade)<\/li>\n<li>Tube thermor\u00e9tractable<\/li>\n<li>Guide d&rsquo;instructions pas \u00e0 pas<\/li>\n<\/ul>\n<p>Dimensions de la bo\u00eete : <strong>LxLxH<\/strong><strong>:<\/strong><strong>50x62x21<\/strong><\/p>\n<p>! !! N&rsquo;oubliez pas qu&rsquo;en plus, pour votre chargeur ou votre planeur, vous devez commander s\u00e9par\u00e9ment des connecteurs GX16 (3 ou 2 broches) ou XLR 3 broches m\u00e2les. <\/p>\n<p>Convient pour une batterie de 10,8Ah :<\/p>\n<blockquote class=\"wp-embedded-content\" data-secret=\"3u3Zghseng\"><p><a href=\"https:\/\/glider-battery.eu\/product\/lifepo4-battery-10ah\/\">Glider Battery LiFePO4, 10AH v2.0<\/a><\/p><\/blockquote>\n<p><iframe loading=\"lazy\" class=\"wp-embedded-content\" sandbox=\"allow-scripts\" security=\"restricted\" style=\"position: absolute; clip: rect(1px, 1px, 1px, 1px);\" title=\"&#8220;Glider Battery LiFePO4, 10AH v2.0&#8221; &#8212; Glider Battery Shop\" src=\"https:\/\/glider-battery.eu\/product\/lifepo4-battery-10ah\/embed\/#?secret=ZF7FXvETCL#?secret=3u3Zghseng\" data-secret=\"3u3Zghseng\" width=\"600\" height=\"338\" frameborder=\"0\" marginwidth=\"0\" marginheight=\"0\" scrolling=\"no\"><\/iframe><\/p>\n<!--themify_builder_content-->\n<div id=\"themify_builder_content-1864\" data-postid=\"1864\" class=\"themify_builder_content themify_builder_content-1864 themify_builder tf_clear\">\n    <\/div>\n<!--\/themify_builder_content-->\n","protected":false},"excerpt":{"rendered":"<p>Plus de fusibles, de cassettes ou de fils \u00e0 transporter avant le vol. Plus de risque de court-circuit dans votre planeur. Une fa\u00e7on s\u00fbre et soign\u00e9e de se prot\u00e9ger contre les courants \u00e9lev\u00e9s, de couvrir les bornes de votre batterie et d&rsquo;avoir une connexion s\u00e9curis\u00e9e de la batterie \u00e0 votre planeur.<\/p>\n<p>Capuchon de batterie de planeur avec disjoncteur automatique pour la batterie de votre planeur (convient \u00e0 une batterie ordinaire de petite taille) avec un disjoncteur automatique int\u00e9gr\u00e9 (appuyer pour r\u00e9initialiser). La bo\u00eete est fabriqu\u00e9e en plastique durable, est l\u00e9g\u00e8re et ne comporte pas de vis. Le couvercle de la bo\u00eete s&rsquo;ouvre et se ferme \u00e0 l&rsquo;aide d&rsquo;un m\u00e9canisme de verrouillage interne, ce qui lui conf\u00e8re un aspect agr\u00e9able et soign\u00e9 de l&rsquo;ext\u00e9rieur et permet de l&rsquo;ouvrir facilement sans aucun outil.<\/p>\n<p>La bo\u00eete est de couleur noire.<\/p>\n<p>Le bouchon de batterie est une solution parfaite pour couvrir les bornes de votre batterie contre les dommages ext\u00e9rieurs, la corrosion, les accidents de court-circuit.<\/p>\n<p>La bo\u00eete de recouvrement des bornes de qualit\u00e9 est livr\u00e9e avec un disjoncteur int\u00e9gr\u00e9 de 10A avec un bouton \u00ab\u00a0press-to-reset\u00a0\u00bb et tous les accessoires n\u00e9cessaires pour faire fonctionner votre syst\u00e8me de batterie, qui peut \u00eatre soit assembl\u00e9 par nos soins, soit achet\u00e9 en tant que version Do-It-Yourself.<\/p>\n<p>Les articles de bricolage comprennent<\/p>\n<ul>\n<li>Bo\u00eete de qualit\u00e9 (cache-bornes) ;<\/li>\n<li>Couvercle de bo\u00eete de qualit\u00e9 ;<\/li>\n<li>10A ou 5A Disjoncteur automatique (\u00e0 r\u00e9armement par pression) ;<\/li>\n<li>Protection de la gaine tress\u00e9e d&rsquo;un fil ;<\/li>\n<li>Fil pour les bornes positives (+) et n\u00e9gatives (-)<\/li>\n<li>Connecteur d&rsquo;aviation s\u00e9lectionn\u00e9 GX16 (3 broches ou 2 broches F) ou XLR 3 broches F ;<\/li>\n<li>2+1x Connecteurs de terminaux de batterie ;<\/li>\n<li>2+1x Connecteurs de bornes de fusibles (angle de 90\u00b0) ;<\/li>\n<li>Colliers de serrage<\/li>\n<li>Gaines thermor\u00e9tractables de diff\u00e9rentes tailles<\/li>\n<li>Instructions \u00e9tape par \u00e9tape pour le bricolage<\/li>\n<\/ul>\n<p>Outils n\u00e9cessaires : m\u00e8tre ruban, fer \u00e0 souder, pinces coupantes, briquet.<\/p>\n","protected":false},"featured_media":1824,"comment_status":"open","ping_status":"closed","template":"","meta":[],"product_brand":[],"product_cat":[218,176,234],"product_tag":[300,103,99,298,304,114,119,282,283,292,290,285,284,287,288,281,286,295,302],"class_list":{"0":"post-1864","1":"product","2":"type-product","3":"status-publish","4":"has-post-thumbnail","6":"product_cat-accessoires-fr-2","7":"product_cat-accessoires-fr","8":"product_cat-zubehor-fr","9":"product_tag-accessoires-de-batterie","10":"product_tag-accessoires-de-planeur","11":"product_tag-aeroshop-fr","12":"product_tag-allemagne","13":"product_tag-aviation-fr","14":"product_tag-batterie","15":"product_tag-batterie-de-planeur-fr","16":"product_tag-boite-a-fusibles","17":"product_tag-boite-de-disjoncteur","18":"product_tag-capuchon-de-batterie","19":"product_tag-capuchon-de-borne","20":"product_tag-connecteur-gx","21":"product_tag-connecteur-xlr","22":"product_tag-couvercle-de-la-borne-de-la-batterie","23":"product_tag-couvercle-du-terminal","24":"product_tag-fusible","25":"product_tag-gx-fr","26":"product_tag-navboys-fr","27":"product_tag-planeurs","28":"has-post-title","29":"has-post-date","30":"has-post-category","31":"has-post-tag","32":"has-post-comment","33":"has-post-author","34":"","36":"first","37":"instock","38":"taxable","39":"shipping-taxable","40":"purchasable","41":"product-type-variable"},"yoast_head":"<!-- This site is optimized with the Yoast SEO plugin v27.0 - https:\/\/yoast.com\/product\/yoast-seo-wordpress\/ -->\n<title>Kit de bricolage - Bouchon de batterie avec disjoncteur automatique 10A\/5A - Glider Battery Shop<\/title>\n<meta name=\"description\" content=\"Cache-borne de batterie de haute qualit\u00e9 avec disjoncteur int\u00e9gr\u00e9 et un c\u00e2ble log\u00e9 avec connecteur attach\u00e9. Convient \u00e0 une batterie standard de 10Ah.\" \/>\n<meta name=\"robots\" content=\"index, follow, max-snippet:-1, max-image-preview:large, max-video-preview:-1\" \/>\n<link rel=\"canonical\" href=\"https:\/\/glider-battery.eu\/fr\/produit\/bouchon-de-batterie-diy\/\" \/>\n<meta property=\"og:locale\" content=\"fr_FR\" \/>\n<meta property=\"og:type\" content=\"article\" \/>\n<meta property=\"og:title\" content=\"Kit de bricolage - Bouchon de batterie avec disjoncteur automatique 10A\/5A - Glider Battery Shop\" \/>\n<meta property=\"og:description\" content=\"Cache-borne de batterie de haute qualit\u00e9 avec disjoncteur int\u00e9gr\u00e9 et un c\u00e2ble log\u00e9 avec connecteur attach\u00e9. Convient \u00e0 une batterie standard de 10Ah.\" \/>\n<meta property=\"og:url\" content=\"https:\/\/glider-battery.eu\/fr\/produit\/bouchon-de-batterie-diy\/\" \/>\n<meta property=\"og:site_name\" content=\"Glider Battery Shop\" \/>\n<meta property=\"article:modified_time\" content=\"2025-06-27T17:41:32+00:00\" \/>\n<meta property=\"og:image\" content=\"https:\/\/glider-battery.eu\/wp-content\/uploads\/2022\/08\/7-DIY.jpg\" \/>\n\t<meta property=\"og:image:width\" content=\"800\" \/>\n\t<meta property=\"og:image:height\" content=\"800\" \/>\n\t<meta property=\"og:image:type\" content=\"image\/jpeg\" \/>\n<meta name=\"twitter:card\" content=\"summary_large_image\" \/>\n<meta name=\"twitter:label1\" content=\"Dur\u00e9e de lecture estim\u00e9e\" \/>\n\t<meta name=\"twitter:data1\" content=\"1 minute\" \/>\n<script type=\"application\/ld+json\" class=\"yoast-schema-graph\">{\"@context\":\"https:\/\/schema.org\",\"@graph\":[{\"@type\":\"WebPage\",\"@id\":\"https:\/\/glider-battery.eu\/fr\/produit\/bouchon-de-batterie-diy\/\",\"url\":\"https:\/\/glider-battery.eu\/fr\/produit\/bouchon-de-batterie-diy\/\",\"name\":\"Kit de bricolage - Bouchon de batterie avec disjoncteur automatique 10A\/5A - Glider Battery Shop\",\"isPartOf\":{\"@id\":\"https:\/\/glider-battery.eu\/#website\"},\"primaryImageOfPage\":{\"@id\":\"https:\/\/glider-battery.eu\/fr\/produit\/bouchon-de-batterie-diy\/#primaryimage\"},\"image\":{\"@id\":\"https:\/\/glider-battery.eu\/fr\/produit\/bouchon-de-batterie-diy\/#primaryimage\"},\"thumbnailUrl\":\"https:\/\/glider-battery.eu\/wp-content\/uploads\/2022\/08\/7-DIY.jpg\",\"datePublished\":\"2022-09-07T21:45:37+00:00\",\"dateModified\":\"2025-06-27T17:41:32+00:00\",\"description\":\"Cache-borne de batterie de haute qualit\u00e9 avec disjoncteur int\u00e9gr\u00e9 et un c\u00e2ble log\u00e9 avec connecteur attach\u00e9. Convient \u00e0 une batterie standard de 10Ah.\",\"breadcrumb\":{\"@id\":\"https:\/\/glider-battery.eu\/fr\/produit\/bouchon-de-batterie-diy\/#breadcrumb\"},\"inLanguage\":\"fr-FR\",\"potentialAction\":[{\"@type\":\"ReadAction\",\"target\":[\"https:\/\/glider-battery.eu\/fr\/produit\/bouchon-de-batterie-diy\/\"]}]},{\"@type\":\"ImageObject\",\"inLanguage\":\"fr-FR\",\"@id\":\"https:\/\/glider-battery.eu\/fr\/produit\/bouchon-de-batterie-diy\/#primaryimage\",\"url\":\"https:\/\/glider-battery.eu\/wp-content\/uploads\/2022\/08\/7-DIY.jpg\",\"contentUrl\":\"https:\/\/glider-battery.eu\/wp-content\/uploads\/2022\/08\/7-DIY.jpg\",\"width\":800,\"height\":800},{\"@type\":\"BreadcrumbList\",\"@id\":\"https:\/\/glider-battery.eu\/fr\/produit\/bouchon-de-batterie-diy\/#breadcrumb\",\"itemListElement\":[{\"@type\":\"ListItem\",\"position\":1,\"name\":\"Home\",\"item\":\"https:\/\/glider-battery.eu\/\"},{\"@type\":\"ListItem\",\"position\":2,\"name\":\"Des produits\",\"item\":\"https:\/\/glider-battery.eu\/fr\/shop\/\"},{\"@type\":\"ListItem\",\"position\":3,\"name\":\"Kit de bricolage &#8211; Bouchon de batterie avec disjoncteur automatique 10A\/5A\"}]},{\"@type\":\"WebSite\",\"@id\":\"https:\/\/glider-battery.eu\/#website\",\"url\":\"https:\/\/glider-battery.eu\/\",\"name\":\"Glider Battery Shop\",\"description\":\"Power For Your Electronics\",\"publisher\":{\"@id\":\"https:\/\/glider-battery.eu\/#organization\"},\"potentialAction\":[{\"@type\":\"SearchAction\",\"target\":{\"@type\":\"EntryPoint\",\"urlTemplate\":\"https:\/\/glider-battery.eu\/?s={search_term_string}\"},\"query-input\":{\"@type\":\"PropertyValueSpecification\",\"valueRequired\":true,\"valueName\":\"search_term_string\"}}],\"inLanguage\":\"fr-FR\"},{\"@type\":\"Organization\",\"@id\":\"https:\/\/glider-battery.eu\/#organization\",\"name\":\"Glider-Battery.eu\",\"url\":\"https:\/\/glider-battery.eu\/\",\"logo\":{\"@type\":\"ImageObject\",\"inLanguage\":\"fr-FR\",\"@id\":\"https:\/\/glider-battery.eu\/#\/schema\/logo\/image\/\",\"url\":\"https:\/\/glider-battery.eu\/wp-content\/uploads\/2018\/01\/dar-grey-logo.png\",\"contentUrl\":\"https:\/\/glider-battery.eu\/wp-content\/uploads\/2018\/01\/dar-grey-logo.png\",\"width\":1300,\"height\":400,\"caption\":\"Glider-Battery.eu\"},\"image\":{\"@id\":\"https:\/\/glider-battery.eu\/#\/schema\/logo\/image\/\"}}]}<\/script>\n<!-- \/ Yoast SEO plugin. -->","yoast_head_json":{"title":"Kit de bricolage - Bouchon de batterie avec disjoncteur automatique 10A\/5A - Glider Battery Shop","description":"Cache-borne de batterie de haute qualit\u00e9 avec disjoncteur int\u00e9gr\u00e9 et un c\u00e2ble log\u00e9 avec connecteur attach\u00e9. Convient \u00e0 une batterie standard de 10Ah.","robots":{"index":"index","follow":"follow","max-snippet":"max-snippet:-1","max-image-preview":"max-image-preview:large","max-video-preview":"max-video-preview:-1"},"canonical":"https:\/\/glider-battery.eu\/fr\/produit\/bouchon-de-batterie-diy\/","og_locale":"fr_FR","og_type":"article","og_title":"Kit de bricolage - Bouchon de batterie avec disjoncteur automatique 10A\/5A - Glider Battery Shop","og_description":"Cache-borne de batterie de haute qualit\u00e9 avec disjoncteur int\u00e9gr\u00e9 et un c\u00e2ble log\u00e9 avec connecteur attach\u00e9. Convient \u00e0 une batterie standard de 10Ah.","og_url":"https:\/\/glider-battery.eu\/fr\/produit\/bouchon-de-batterie-diy\/","og_site_name":"Glider Battery Shop","article_modified_time":"2025-06-27T17:41:32+00:00","og_image":[{"width":800,"height":800,"url":"https:\/\/glider-battery.eu\/wp-content\/uploads\/2022\/08\/7-DIY.jpg","type":"image\/jpeg"}],"twitter_card":"summary_large_image","twitter_misc":{"Dur\u00e9e de lecture estim\u00e9e":"1 minute"},"schema":{"@context":"https:\/\/schema.org","@graph":[{"@type":"WebPage","@id":"https:\/\/glider-battery.eu\/fr\/produit\/bouchon-de-batterie-diy\/","url":"https:\/\/glider-battery.eu\/fr\/produit\/bouchon-de-batterie-diy\/","name":"Kit de bricolage - Bouchon de batterie avec disjoncteur automatique 10A\/5A - Glider Battery Shop","isPartOf":{"@id":"https:\/\/glider-battery.eu\/#website"},"primaryImageOfPage":{"@id":"https:\/\/glider-battery.eu\/fr\/produit\/bouchon-de-batterie-diy\/#primaryimage"},"image":{"@id":"https:\/\/glider-battery.eu\/fr\/produit\/bouchon-de-batterie-diy\/#primaryimage"},"thumbnailUrl":"https:\/\/glider-battery.eu\/wp-content\/uploads\/2022\/08\/7-DIY.jpg","datePublished":"2022-09-07T21:45:37+00:00","dateModified":"2025-06-27T17:41:32+00:00","description":"Cache-borne de batterie de haute qualit\u00e9 avec disjoncteur int\u00e9gr\u00e9 et un c\u00e2ble log\u00e9 avec connecteur attach\u00e9. Convient \u00e0 une batterie standard de 10Ah.","breadcrumb":{"@id":"https:\/\/glider-battery.eu\/fr\/produit\/bouchon-de-batterie-diy\/#breadcrumb"},"inLanguage":"fr-FR","potentialAction":[{"@type":"ReadAction","target":["https:\/\/glider-battery.eu\/fr\/produit\/bouchon-de-batterie-diy\/"]}]},{"@type":"ImageObject","inLanguage":"fr-FR","@id":"https:\/\/glider-battery.eu\/fr\/produit\/bouchon-de-batterie-diy\/#primaryimage","url":"https:\/\/glider-battery.eu\/wp-content\/uploads\/2022\/08\/7-DIY.jpg","contentUrl":"https:\/\/glider-battery.eu\/wp-content\/uploads\/2022\/08\/7-DIY.jpg","width":800,"height":800},{"@type":"BreadcrumbList","@id":"https:\/\/glider-battery.eu\/fr\/produit\/bouchon-de-batterie-diy\/#breadcrumb","itemListElement":[{"@type":"ListItem","position":1,"name":"Home","item":"https:\/\/glider-battery.eu\/"},{"@type":"ListItem","position":2,"name":"Des produits","item":"https:\/\/glider-battery.eu\/fr\/shop\/"},{"@type":"ListItem","position":3,"name":"Kit de bricolage &#8211; Bouchon de batterie avec disjoncteur automatique 10A\/5A"}]},{"@type":"WebSite","@id":"https:\/\/glider-battery.eu\/#website","url":"https:\/\/glider-battery.eu\/","name":"Glider Battery Shop","description":"Power For Your Electronics","publisher":{"@id":"https:\/\/glider-battery.eu\/#organization"},"potentialAction":[{"@type":"SearchAction","target":{"@type":"EntryPoint","urlTemplate":"https:\/\/glider-battery.eu\/?s={search_term_string}"},"query-input":{"@type":"PropertyValueSpecification","valueRequired":true,"valueName":"search_term_string"}}],"inLanguage":"fr-FR"},{"@type":"Organization","@id":"https:\/\/glider-battery.eu\/#organization","name":"Glider-Battery.eu","url":"https:\/\/glider-battery.eu\/","logo":{"@type":"ImageObject","inLanguage":"fr-FR","@id":"https:\/\/glider-battery.eu\/#\/schema\/logo\/image\/","url":"https:\/\/glider-battery.eu\/wp-content\/uploads\/2018\/01\/dar-grey-logo.png","contentUrl":"https:\/\/glider-battery.eu\/wp-content\/uploads\/2018\/01\/dar-grey-logo.png","width":1300,"height":400,"caption":"Glider-Battery.eu"},"image":{"@id":"https:\/\/glider-battery.eu\/#\/schema\/logo\/image\/"}}]}},"builder_content":"","_links":{"self":[{"href":"https:\/\/glider-battery.eu\/fr\/wp-json\/wp\/v2\/product\/1864","targetHints":{"allow":["GET"]}}],"collection":[{"href":"https:\/\/glider-battery.eu\/fr\/wp-json\/wp\/v2\/product"}],"about":[{"href":"https:\/\/glider-battery.eu\/fr\/wp-json\/wp\/v2\/types\/product"}],"replies":[{"embeddable":true,"href":"https:\/\/glider-battery.eu\/fr\/wp-json\/wp\/v2\/comments?post=1864"}],"wp:featuredmedia":[{"embeddable":true,"href":"https:\/\/glider-battery.eu\/fr\/wp-json\/wp\/v2\/media\/1824"}],"wp:attachment":[{"href":"https:\/\/glider-battery.eu\/fr\/wp-json\/wp\/v2\/media?parent=1864"}],"wp:term":[{"taxonomy":"product_brand","embeddable":true,"href":"https:\/\/glider-battery.eu\/fr\/wp-json\/wp\/v2\/product_brand?post=1864"},{"taxonomy":"product_cat","embeddable":true,"href":"https:\/\/glider-battery.eu\/fr\/wp-json\/wp\/v2\/product_cat?post=1864"},{"taxonomy":"product_tag","embeddable":true,"href":"https:\/\/glider-battery.eu\/fr\/wp-json\/wp\/v2\/product_tag?post=1864"}],"curies":[{"name":"wp","href":"https:\/\/api.w.org\/{rel}","templated":true}]}}