{"id":1870,"date":"2022-08-30T11:52:35","date_gmt":"2022-08-30T11:52:35","guid":{"rendered":"https:\/\/glider-battery.eu\/?post_type=product&#038;p=1870"},"modified":"2025-04-17T17:22:05","modified_gmt":"2025-04-17T17:22:05","slug":"bouchon-de-batterie","status":"publish","type":"product","link":"https:\/\/glider-battery.eu\/fr\/produit\/bouchon-de-batterie\/","title":{"rendered":"Bouchon de batterie avec disjoncteur automatique 10A\/5A"},"content":{"rendered":"<p>Capuchon de batterie de planeur avec disjoncteur automatique pour la batterie de votre planeur (convient aux batteries 10A de glider-battery.eu) avec un disjoncteur automatique int\u00e9gr\u00e9 (press-to-reset). La bo\u00eete est fabriqu\u00e9e en plastique durable, est l\u00e9g\u00e8re et ne comporte pas de vis. Le couvercle de la bo\u00eete s&rsquo;ouvre et se ferme \u00e0 l&rsquo;aide d&rsquo;un m\u00e9canisme de verrouillage interne, ce qui lui donne un aspect agr\u00e9able et soign\u00e9 de l&rsquo;ext\u00e9rieur et permet de l&rsquo;ouvrir facilement sans outils.<\/p>\n<p>Le bouchon est de couleur noire.<\/p>\n<p>Le bouchon de batterie Glider est une solution parfaite pour couvrir les bornes de votre batterie contre les dommages ext\u00e9rieurs, la corrosion, les accidents de court-circuit.<\/p>\n<p>La bo\u00eete de couverture de bornes de qualit\u00e9 est livr\u00e9e avec un disjoncteur 10A int\u00e9gr\u00e9 avec un bouton \u00ab\u00a0press-to-reset\u00a0\u00bb et tous les accessoires n\u00e9cessaires pour faire fonctionner votre syst\u00e8me de batterie, qui peut \u00eatre assembl\u00e9 par nous ou en version Do-It-Yourself.<\/p>\n<p>Les articles comprennent :<\/p>\n<ul>\n<li>Bo\u00eete de qualit\u00e9 (cache-bornes) ;<\/li>\n<li>Couvercle de bo\u00eete de qualit\u00e9 ;<\/li>\n<li>10A Disjoncteur automatique (\u00e0 r\u00e9armement par pression) ;<\/li>\n<li>C\u00e2ble tress\u00e9 prot\u00e9g\u00e9 par un bo\u00eetier pour les bornes positives (+) et n\u00e9gatives (-) pr\u00e9-confectionn\u00e9 avec un connecteur aviation s\u00e9lectionn\u00e9 GX16 (3 broches ou 2 broches) Femelle &#8211; 40 cm ;<\/li>\n<li>2 connecteurs de borne de batterie (type spade) ;<\/li>\n<li>2 connecteurs de bornes de fusibles (angle de 90\u00b0, type spade).<\/li>\n<\/ul>\n<p>Dimensions d&rsquo;une bo\u00eete : <strong>LxlxH<\/strong><strong>:50x62x21<\/strong><\/p>\n<p>En outre, pour votre chargeur ou un planeur, vous pouvez commander des connecteurs GX16 (3 broches ou 2 broches) c\u00f4t\u00e9 m\u00e2le avec des c\u00e2bles positifs et n\u00e9gatifs connect\u00e9s.<\/p>\n<p>Convient \u00e0 une batterie de 10Ah :<\/p>\n<blockquote class=\"wp-embedded-content\" data-secret=\"vIQASzLOUP\"><p><a href=\"https:\/\/glider-battery.eu\/product\/lifepo4-battery-10ah\/\">Glider Battery LiFePO4, 10AH v2.0<\/a><\/p><\/blockquote>\n<p><iframe loading=\"lazy\" class=\"wp-embedded-content\" sandbox=\"allow-scripts\" security=\"restricted\" style=\"position: absolute; clip: rect(1px, 1px, 1px, 1px);\" title=\"&#8220;Glider Battery LiFePO4, 10AH v2.0&#8221; &#8212; Glider Battery Shop\" src=\"https:\/\/glider-battery.eu\/product\/lifepo4-battery-10ah\/embed\/#?secret=DraLNtMIhF#?secret=vIQASzLOUP\" data-secret=\"vIQASzLOUP\" width=\"600\" height=\"338\" frameborder=\"0\" marginwidth=\"0\" marginheight=\"0\" scrolling=\"no\"><\/iframe><\/p>\n<!--themify_builder_content-->\n<div id=\"themify_builder_content-1870\" data-postid=\"1870\" class=\"themify_builder_content themify_builder_content-1870 themify_builder tf_clear\">\n    <\/div>\n<!--\/themify_builder_content-->\n","protected":false},"excerpt":{"rendered":"<p>Plus de fusibles, de cassettes ou de fils \u00e0 transporter avant le vol. Plus de risque de court-circuit dans votre planeur. Une fa\u00e7on s\u00fbre et soign\u00e9e de se prot\u00e9ger contre les courants \u00e9lev\u00e9s, de couvrir les bornes de votre batterie et d&rsquo;avoir une connexion s\u00e9curis\u00e9e de la batterie \u00e0 votre planeur.<\/p>\n<p>Capuchon de batterie de planeur avec disjoncteur automatique pour la batterie de votre planeur (convient aux batteries 10A de glider-battery.eu) avec un disjoncteur automatique int\u00e9gr\u00e9 (appuyer pour r\u00e9initialiser). La bo\u00eete est fabriqu\u00e9e en plastique durable, est l\u00e9g\u00e8re et ne comporte pas de vis. Le couvercle de la bo\u00eete s&rsquo;ouvre et se ferme \u00e0 l&rsquo;aide d&rsquo;un m\u00e9canisme de verrouillage interne, ce qui lui donne un aspect agr\u00e9able et soign\u00e9 de l&rsquo;ext\u00e9rieur et permet de l&rsquo;ouvrir facilement sans outils.<\/p>\n<p>La bo\u00eete est de couleur noire.<\/p>\n<p>Le bouchon de batterie est une solution parfaite pour couvrir les bornes de votre batterie contre les dommages ext\u00e9rieurs, la corrosion, les accidents de court-circuit.<\/p>\n<p>La bo\u00eete de couverture de bornes de qualit\u00e9 est livr\u00e9e avec un disjoncteur 10A int\u00e9gr\u00e9 avec un bouton \u00ab\u00a0press-to-reset\u00a0\u00bb et tous les accessoires n\u00e9cessaires pour faire fonctionner votre syst\u00e8me de batterie, qui peut \u00eatre assembl\u00e9 par nous ou en version Do-It-Yourself.<\/p>\n<p>Les articles comprennent :<\/p>\n<ul>\n<li>Bo\u00eete de qualit\u00e9 (cache-bornes) ;<\/li>\n<li>Couvercle de bo\u00eete de qualit\u00e9 ;<\/li>\n<li>10A Disjoncteur automatique (\u00e0 r\u00e9armement par pression) ;<\/li>\n<li>C\u00e2ble tress\u00e9 prot\u00e9g\u00e9 par un bo\u00eetier pour les bornes positives (+) et n\u00e9gatives (-) pr\u00e9-confectionn\u00e9 avec un connecteur aviation s\u00e9lectionn\u00e9 GX16 (3 broches ou 2 broches) Femelle &#8211; 40 cm ;<\/li>\n<li>2 connecteurs de borne de batterie (type spade) ;<\/li>\n<li>2 connecteurs de bornes de fusibles (angle de 90\u00b0, type spade).<\/li>\n<\/ul>\n","protected":false},"featured_media":1805,"comment_status":"open","ping_status":"closed","template":"","meta":[],"product_brand":[],"product_cat":[176,218,234],"product_tag":[300,103,99,298,304,114,119,282,283,292,290,285,284,287,288,281,286,295,302],"class_list":{"0":"post-1870","1":"product","2":"type-product","3":"status-publish","4":"has-post-thumbnail","6":"product_cat-accessoires-fr","7":"product_cat-accessoires-fr-2","8":"product_cat-zubehor-fr","9":"product_tag-accessoires-de-batterie","10":"product_tag-accessoires-de-planeur","11":"product_tag-aeroshop-fr","12":"product_tag-allemagne","13":"product_tag-aviation-fr","14":"product_tag-batterie","15":"product_tag-batterie-de-planeur-fr","16":"product_tag-boite-a-fusibles","17":"product_tag-boite-de-disjoncteur","18":"product_tag-capuchon-de-batterie","19":"product_tag-capuchon-de-borne","20":"product_tag-connecteur-gx","21":"product_tag-connecteur-xlr","22":"product_tag-couvercle-de-la-borne-de-la-batterie","23":"product_tag-couvercle-du-terminal","24":"product_tag-fusible","25":"product_tag-gx-fr","26":"product_tag-navboys-fr","27":"product_tag-planeurs","28":"has-post-title","29":"has-post-date","30":"has-post-category","31":"has-post-tag","32":"has-post-comment","33":"has-post-author","34":"","36":"first","37":"instock","38":"taxable","39":"shipping-taxable","40":"purchasable","41":"product-type-variable"},"yoast_head":"<!-- This site is optimized with the Yoast SEO plugin v27.0 - https:\/\/yoast.com\/product\/yoast-seo-wordpress\/ -->\n<title>Bouchon de batterie avec disjoncteur automatique 10A\/5A - Glider Battery Shop<\/title>\n<meta name=\"description\" content=\"Cache-borne de batterie de haute qualit\u00e9 avec disjoncteur int\u00e9gr\u00e9 et un c\u00e2ble log\u00e9 avec connecteur attach\u00e9. Convient \u00e0 une batterie standard de 10Ah.\" \/>\n<meta name=\"robots\" content=\"index, follow, max-snippet:-1, max-image-preview:large, max-video-preview:-1\" \/>\n<link rel=\"canonical\" href=\"https:\/\/glider-battery.eu\/produit\/battery-cap\/\" \/>\n<meta property=\"og:locale\" content=\"fr_FR\" \/>\n<meta property=\"og:type\" content=\"article\" \/>\n<meta property=\"og:title\" content=\"Bouchon de batterie avec disjoncteur automatique 10A\/5A - Glider Battery Shop\" \/>\n<meta property=\"og:description\" content=\"Cache-borne de batterie de haute qualit\u00e9 avec disjoncteur int\u00e9gr\u00e9 et un c\u00e2ble log\u00e9 avec connecteur attach\u00e9. Convient \u00e0 une batterie standard de 10Ah.\" \/>\n<meta property=\"og:url\" content=\"https:\/\/glider-battery.eu\/produit\/battery-cap\/\" \/>\n<meta property=\"og:site_name\" content=\"Glider Battery Shop\" \/>\n<meta property=\"article:modified_time\" content=\"2025-04-17T17:22:05+00:00\" \/>\n<meta property=\"og:image\" content=\"https:\/\/glider-battery.eu\/wp-content\/uploads\/2022\/08\/7.jpg\" \/>\n\t<meta property=\"og:image:width\" content=\"800\" \/>\n\t<meta property=\"og:image:height\" content=\"800\" \/>\n\t<meta property=\"og:image:type\" content=\"image\/jpeg\" \/>\n<meta name=\"twitter:card\" content=\"summary_large_image\" \/>\n<meta name=\"twitter:label1\" content=\"Dur\u00e9e de lecture estim\u00e9e\" \/>\n\t<meta name=\"twitter:data1\" content=\"1 minute\" \/>\n<script type=\"application\/ld+json\" class=\"yoast-schema-graph\">{\"@context\":\"https:\/\/schema.org\",\"@graph\":[{\"@type\":\"WebPage\",\"@id\":\"https:\/\/glider-battery.eu\/produit\/battery-cap\/\",\"url\":\"https:\/\/glider-battery.eu\/produit\/battery-cap\/\",\"name\":\"Bouchon de batterie avec disjoncteur automatique 10A\/5A - Glider Battery Shop\",\"isPartOf\":{\"@id\":\"https:\/\/glider-battery.eu\/#website\"},\"primaryImageOfPage\":{\"@id\":\"https:\/\/glider-battery.eu\/produit\/battery-cap\/#primaryimage\"},\"image\":{\"@id\":\"https:\/\/glider-battery.eu\/produit\/battery-cap\/#primaryimage\"},\"thumbnailUrl\":\"https:\/\/glider-battery.eu\/wp-content\/uploads\/2022\/08\/7.jpg\",\"datePublished\":\"2022-08-30T11:52:35+00:00\",\"dateModified\":\"2025-04-17T17:22:05+00:00\",\"description\":\"Cache-borne de batterie de haute qualit\u00e9 avec disjoncteur int\u00e9gr\u00e9 et un c\u00e2ble log\u00e9 avec connecteur attach\u00e9. Convient \u00e0 une batterie standard de 10Ah.\",\"breadcrumb\":{\"@id\":\"https:\/\/glider-battery.eu\/produit\/battery-cap\/#breadcrumb\"},\"inLanguage\":\"fr-FR\",\"potentialAction\":[{\"@type\":\"ReadAction\",\"target\":[\"https:\/\/glider-battery.eu\/produit\/battery-cap\/\"]}]},{\"@type\":\"ImageObject\",\"inLanguage\":\"fr-FR\",\"@id\":\"https:\/\/glider-battery.eu\/produit\/battery-cap\/#primaryimage\",\"url\":\"https:\/\/glider-battery.eu\/wp-content\/uploads\/2022\/08\/7.jpg\",\"contentUrl\":\"https:\/\/glider-battery.eu\/wp-content\/uploads\/2022\/08\/7.jpg\",\"width\":800,\"height\":800,\"caption\":\"Cache-bornes de la batterie2\"},{\"@type\":\"BreadcrumbList\",\"@id\":\"https:\/\/glider-battery.eu\/produit\/battery-cap\/#breadcrumb\",\"itemListElement\":[{\"@type\":\"ListItem\",\"position\":1,\"name\":\"Home\",\"item\":\"https:\/\/glider-battery.eu\/\"},{\"@type\":\"ListItem\",\"position\":2,\"name\":\"Des produits\",\"item\":\"https:\/\/glider-battery.eu\/fr\/shop\/\"},{\"@type\":\"ListItem\",\"position\":3,\"name\":\"Bouchon de batterie avec disjoncteur automatique 10A\/5A\"}]},{\"@type\":\"WebSite\",\"@id\":\"https:\/\/glider-battery.eu\/#website\",\"url\":\"https:\/\/glider-battery.eu\/\",\"name\":\"Glider Battery Shop\",\"description\":\"Power For Your Electronics\",\"publisher\":{\"@id\":\"https:\/\/glider-battery.eu\/#organization\"},\"potentialAction\":[{\"@type\":\"SearchAction\",\"target\":{\"@type\":\"EntryPoint\",\"urlTemplate\":\"https:\/\/glider-battery.eu\/?s={search_term_string}\"},\"query-input\":{\"@type\":\"PropertyValueSpecification\",\"valueRequired\":true,\"valueName\":\"search_term_string\"}}],\"inLanguage\":\"fr-FR\"},{\"@type\":\"Organization\",\"@id\":\"https:\/\/glider-battery.eu\/#organization\",\"name\":\"Glider-Battery.eu\",\"url\":\"https:\/\/glider-battery.eu\/\",\"logo\":{\"@type\":\"ImageObject\",\"inLanguage\":\"fr-FR\",\"@id\":\"https:\/\/glider-battery.eu\/#\/schema\/logo\/image\/\",\"url\":\"https:\/\/glider-battery.eu\/wp-content\/uploads\/2018\/01\/dar-grey-logo.png\",\"contentUrl\":\"https:\/\/glider-battery.eu\/wp-content\/uploads\/2018\/01\/dar-grey-logo.png\",\"width\":1300,\"height\":400,\"caption\":\"Glider-Battery.eu\"},\"image\":{\"@id\":\"https:\/\/glider-battery.eu\/#\/schema\/logo\/image\/\"}}]}<\/script>\n<!-- \/ Yoast SEO plugin. -->","yoast_head_json":{"title":"Bouchon de batterie avec disjoncteur automatique 10A\/5A - Glider Battery Shop","description":"Cache-borne de batterie de haute qualit\u00e9 avec disjoncteur int\u00e9gr\u00e9 et un c\u00e2ble log\u00e9 avec connecteur attach\u00e9. Convient \u00e0 une batterie standard de 10Ah.","robots":{"index":"index","follow":"follow","max-snippet":"max-snippet:-1","max-image-preview":"max-image-preview:large","max-video-preview":"max-video-preview:-1"},"canonical":"https:\/\/glider-battery.eu\/produit\/battery-cap\/","og_locale":"fr_FR","og_type":"article","og_title":"Bouchon de batterie avec disjoncteur automatique 10A\/5A - Glider Battery Shop","og_description":"Cache-borne de batterie de haute qualit\u00e9 avec disjoncteur int\u00e9gr\u00e9 et un c\u00e2ble log\u00e9 avec connecteur attach\u00e9. Convient \u00e0 une batterie standard de 10Ah.","og_url":"https:\/\/glider-battery.eu\/produit\/battery-cap\/","og_site_name":"Glider Battery Shop","article_modified_time":"2025-04-17T17:22:05+00:00","og_image":[{"width":800,"height":800,"url":"https:\/\/glider-battery.eu\/wp-content\/uploads\/2022\/08\/7.jpg","type":"image\/jpeg"}],"twitter_card":"summary_large_image","twitter_misc":{"Dur\u00e9e de lecture estim\u00e9e":"1 minute"},"schema":{"@context":"https:\/\/schema.org","@graph":[{"@type":"WebPage","@id":"https:\/\/glider-battery.eu\/produit\/battery-cap\/","url":"https:\/\/glider-battery.eu\/produit\/battery-cap\/","name":"Bouchon de batterie avec disjoncteur automatique 10A\/5A - Glider Battery Shop","isPartOf":{"@id":"https:\/\/glider-battery.eu\/#website"},"primaryImageOfPage":{"@id":"https:\/\/glider-battery.eu\/produit\/battery-cap\/#primaryimage"},"image":{"@id":"https:\/\/glider-battery.eu\/produit\/battery-cap\/#primaryimage"},"thumbnailUrl":"https:\/\/glider-battery.eu\/wp-content\/uploads\/2022\/08\/7.jpg","datePublished":"2022-08-30T11:52:35+00:00","dateModified":"2025-04-17T17:22:05+00:00","description":"Cache-borne de batterie de haute qualit\u00e9 avec disjoncteur int\u00e9gr\u00e9 et un c\u00e2ble log\u00e9 avec connecteur attach\u00e9. Convient \u00e0 une batterie standard de 10Ah.","breadcrumb":{"@id":"https:\/\/glider-battery.eu\/produit\/battery-cap\/#breadcrumb"},"inLanguage":"fr-FR","potentialAction":[{"@type":"ReadAction","target":["https:\/\/glider-battery.eu\/produit\/battery-cap\/"]}]},{"@type":"ImageObject","inLanguage":"fr-FR","@id":"https:\/\/glider-battery.eu\/produit\/battery-cap\/#primaryimage","url":"https:\/\/glider-battery.eu\/wp-content\/uploads\/2022\/08\/7.jpg","contentUrl":"https:\/\/glider-battery.eu\/wp-content\/uploads\/2022\/08\/7.jpg","width":800,"height":800,"caption":"Cache-bornes de la batterie2"},{"@type":"BreadcrumbList","@id":"https:\/\/glider-battery.eu\/produit\/battery-cap\/#breadcrumb","itemListElement":[{"@type":"ListItem","position":1,"name":"Home","item":"https:\/\/glider-battery.eu\/"},{"@type":"ListItem","position":2,"name":"Des produits","item":"https:\/\/glider-battery.eu\/fr\/shop\/"},{"@type":"ListItem","position":3,"name":"Bouchon de batterie avec disjoncteur automatique 10A\/5A"}]},{"@type":"WebSite","@id":"https:\/\/glider-battery.eu\/#website","url":"https:\/\/glider-battery.eu\/","name":"Glider Battery Shop","description":"Power For Your Electronics","publisher":{"@id":"https:\/\/glider-battery.eu\/#organization"},"potentialAction":[{"@type":"SearchAction","target":{"@type":"EntryPoint","urlTemplate":"https:\/\/glider-battery.eu\/?s={search_term_string}"},"query-input":{"@type":"PropertyValueSpecification","valueRequired":true,"valueName":"search_term_string"}}],"inLanguage":"fr-FR"},{"@type":"Organization","@id":"https:\/\/glider-battery.eu\/#organization","name":"Glider-Battery.eu","url":"https:\/\/glider-battery.eu\/","logo":{"@type":"ImageObject","inLanguage":"fr-FR","@id":"https:\/\/glider-battery.eu\/#\/schema\/logo\/image\/","url":"https:\/\/glider-battery.eu\/wp-content\/uploads\/2018\/01\/dar-grey-logo.png","contentUrl":"https:\/\/glider-battery.eu\/wp-content\/uploads\/2018\/01\/dar-grey-logo.png","width":1300,"height":400,"caption":"Glider-Battery.eu"},"image":{"@id":"https:\/\/glider-battery.eu\/#\/schema\/logo\/image\/"}}]}},"builder_content":"","_links":{"self":[{"href":"https:\/\/glider-battery.eu\/fr\/wp-json\/wp\/v2\/product\/1870","targetHints":{"allow":["GET"]}}],"collection":[{"href":"https:\/\/glider-battery.eu\/fr\/wp-json\/wp\/v2\/product"}],"about":[{"href":"https:\/\/glider-battery.eu\/fr\/wp-json\/wp\/v2\/types\/product"}],"replies":[{"embeddable":true,"href":"https:\/\/glider-battery.eu\/fr\/wp-json\/wp\/v2\/comments?post=1870"}],"wp:featuredmedia":[{"embeddable":true,"href":"https:\/\/glider-battery.eu\/fr\/wp-json\/wp\/v2\/media\/1805"}],"wp:attachment":[{"href":"https:\/\/glider-battery.eu\/fr\/wp-json\/wp\/v2\/media?parent=1870"}],"wp:term":[{"taxonomy":"product_brand","embeddable":true,"href":"https:\/\/glider-battery.eu\/fr\/wp-json\/wp\/v2\/product_brand?post=1870"},{"taxonomy":"product_cat","embeddable":true,"href":"https:\/\/glider-battery.eu\/fr\/wp-json\/wp\/v2\/product_cat?post=1870"},{"taxonomy":"product_tag","embeddable":true,"href":"https:\/\/glider-battery.eu\/fr\/wp-json\/wp\/v2\/product_tag?post=1870"}],"curies":[{"name":"wp","href":"https:\/\/api.w.org\/{rel}","templated":true}]}}