{"id":1885,"date":"2022-09-07T22:11:53","date_gmt":"2022-09-07T22:11:53","guid":{"rendered":"https:\/\/glider-battery.eu\/product\/cordon-de-raccordement-de-la-batterie-aviation-gx16-3-pin-2-pin\/"},"modified":"2025-04-13T15:48:17","modified_gmt":"2025-04-13T15:48:17","slug":"cordon-de-raccordement-de-la-batterie-aviation-gx16-3-pin-2-pin","status":"publish","type":"product","link":"https:\/\/glider-battery.eu\/fr\/produit\/cordon-de-raccordement-de-la-batterie-aviation-gx16-3-pin-2-pin\/","title":{"rendered":"Cordon de raccordement de la batterie aviation GX16 3-Pin \/ 2-Pin"},"content":{"rendered":"<p>Connexion prot\u00e9g\u00e9e de la batterie Cordon de connexion des bornes de la batterie au GX16 F (2-Pin et 3-Pin) avec bo\u00eetier de protection.<\/p>\n<p>Comprend :<\/p>\n<ul>\n<li>Connecteur aviation GX16 2-PIN \/ 3-PIN (connu sous le nom de XLR avec filetage) Bo\u00eetier femelle pour ouvrir les extr\u00e9mit\u00e9s positives (+) et n\u00e9gatives (-) du c\u00e2ble<\/li>\n<li>Bo\u00eetier en nylon tress\u00e9 ignifug\u00e9<\/li>\n<li>Longueur du c\u00e2ble &#8211; 40cm<\/li>\n<\/ul>\n<p>Convient pour :<\/p>\n<ol>\n<li>Connexion batterie-avion<\/li>\n<li>Chargeur de batterie GX16 (&lsquo;aka&rsquo; Threaded XLR) connexion adaptateur 2-PIN \/ 3-PIN Male<\/li>\n<\/ol>\n<p>La gaine tress\u00e9e ignifuge prot\u00e8ge les fils des dommages m\u00e9caniques (traction, flexion excessive, abrasion, arrachement, fatigue du mat\u00e9riau) et r\u00e9duit la propagation de la flamme.<\/p>\n<p>Le syst\u00e8me \u00e9lectrique de votre planeur sera plus propre, plus ordonn\u00e9 et plus durable.<\/p>\n<p>&nbsp;<\/p>\n<p>Cette solution fonctionne parfaitement avec les batteries Glider Battery 10Ah et Glider Battery 15Ah.<\/p>\n<p>Vous pouvez les commander directement :<\/p>\n<blockquote class=\"wp-embedded-content\" data-secret=\"m0TtN5oSuA\"><p><a href=\"https:\/\/glider-battery.eu\/product\/lifepo4-battery-10ah\/\">Glider Battery LiFePO4, 10AH v2.0<\/a><\/p><\/blockquote>\n<p><iframe loading=\"lazy\" class=\"wp-embedded-content\" sandbox=\"allow-scripts\" security=\"restricted\" style=\"position: absolute; clip: rect(1px, 1px, 1px, 1px);\" title=\"\u00ab\u00a0Glider Battery LiFePO4, 10AH v2.0\u00a0\u00bb &#8212; Glider Battery Shop\" src=\"https:\/\/glider-battery.eu\/product\/lifepo4-battery-10ah\/embed\/#?secret=p98UlB6rPj#?secret=m0TtN5oSuA\" data-secret=\"m0TtN5oSuA\" width=\"600\" height=\"338\" frameborder=\"0\" marginwidth=\"0\" marginheight=\"0\" scrolling=\"no\"><\/iframe><\/p>\n<p>&nbsp;<\/p>\n<p>Le cordon de connexion de la batterie prot\u00e9g\u00e9e a une longueur de 40 cm entre les connecteurs de la borne et l&rsquo;extr\u00e9mit\u00e9 du connecteur filet\u00e9 du GX16. Le produit est livr\u00e9 avec le c\u00f4t\u00e9 F (femelle) du connecteur filet\u00e9 GX16 2\/3 broches. Pour que le syst\u00e8me fonctionne, il faut commander s\u00e9par\u00e9ment le type M (Male). Le type de m\u00e2le pour votre chargeur ou votre planeur peut \u00eatre trouv\u00e9 dans notre liste de produits.<\/p>\n<p>&nbsp;<\/p>\n<!--themify_builder_content-->\n<div id=\"themify_builder_content-1885\" data-postid=\"1885\" class=\"themify_builder_content themify_builder_content-1885 themify_builder tf_clear\">\n    <\/div>\n<!--\/themify_builder_content-->\n","protected":false},"excerpt":{"rendered":"<p>Connexion prot\u00e9g\u00e9e de la batterie Cordon de connexion des bornes de la batterie au GX16 F (2-Pin et 3-Pin) avec bo\u00eetier de protection.<\/p>\n<p>Comprend :<\/p>\n<ul>\n<li>Connecteur aviation GX16 2-PIN \/ 3-PIN (connu sous le nom de XLR avec filetage) Bo\u00eetier femelle pour ouvrir les extr\u00e9mit\u00e9s positives (+) et n\u00e9gatives (-) du c\u00e2ble<\/li>\n<li>Bo\u00eetier en nylon tress\u00e9 ignifug\u00e9<\/li>\n<li>Longueur du c\u00e2ble &#8211; 40cm<\/li>\n<\/ul>\n<p>Convient pour :<\/p>\n<ol>\n<li>Connexion batterie-avion<\/li>\n<li>Chargeur de batterie GX16 (&lsquo;aka&rsquo; Threaded XLR) connexion adaptateur 2-PIN \/ 3-PIN Male<\/li>\n<\/ol>\n<p>La gaine tress\u00e9e ignifuge prot\u00e8ge les fils des dommages m\u00e9caniques (traction, flexion excessive, abrasion, arrachement, fatigue du mat\u00e9riau) et r\u00e9duit la propagation de la flamme.<\/p>\n<p>Le syst\u00e8me \u00e9lectrique de votre planeur sera plus propre, plus ordonn\u00e9 et plus durable.<\/p>\n","protected":false},"featured_media":1782,"comment_status":"closed","ping_status":"closed","template":"","meta":[],"product_brand":[],"product_cat":[218,176,234],"product_tag":[],"class_list":{"0":"post-1885","1":"product","2":"type-product","3":"status-publish","4":"has-post-thumbnail","6":"product_cat-accessoires-fr-2","7":"product_cat-accessoires-fr","8":"product_cat-zubehor-fr","9":"has-post-title","10":"has-post-date","11":"has-post-category","12":"has-post-tag","13":"has-post-comment","14":"has-post-author","15":"","17":"first","18":"instock","19":"taxable","20":"shipping-taxable","21":"purchasable","22":"product-type-variable"},"yoast_head":"<!-- This site is optimized with the Yoast SEO plugin v27.0 - https:\/\/yoast.com\/product\/yoast-seo-wordpress\/ -->\n<title>Cordon de raccordement de la batterie aviation GX16 3-Pin \/ 2-Pin - Glider Battery Shop<\/title>\n<meta name=\"description\" content=\"Cordon de raccordement de type XLR 3 broches avec connecteurs de batterie et bo\u00eetier de protection. Solution durable pour la protection m\u00e9canique des c\u00e2bles.\" \/>\n<meta name=\"robots\" content=\"index, follow, max-snippet:-1, max-image-preview:large, max-video-preview:-1\" \/>\n<link rel=\"canonical\" href=\"https:\/\/glider-battery.eu\/fr\/?post_type=product&p=1885\" \/>\n<meta property=\"og:locale\" content=\"fr_FR\" \/>\n<meta property=\"og:type\" content=\"article\" \/>\n<meta property=\"og:title\" content=\"Cordon de raccordement de la batterie aviation GX16 3-Pin \/ 2-Pin - Glider Battery Shop\" \/>\n<meta property=\"og:description\" content=\"Cordon de raccordement de type XLR 3 broches avec connecteurs de batterie et bo\u00eetier de protection. Solution durable pour la protection m\u00e9canique des c\u00e2bles.\" \/>\n<meta property=\"og:url\" content=\"https:\/\/glider-battery.eu\/fr\/?post_type=product&amp;p=1885\" \/>\n<meta property=\"og:site_name\" content=\"Glider Battery Shop\" \/>\n<meta property=\"article:modified_time\" content=\"2025-04-13T15:48:17+00:00\" \/>\n<meta property=\"og:image\" content=\"https:\/\/glider-battery.eu\/wp-content\/uploads\/2022\/08\/3.jpg\" \/>\n\t<meta property=\"og:image:width\" content=\"800\" \/>\n\t<meta property=\"og:image:height\" content=\"800\" \/>\n\t<meta property=\"og:image:type\" content=\"image\/jpeg\" \/>\n<meta name=\"twitter:card\" content=\"summary_large_image\" \/>\n<meta name=\"twitter:label1\" content=\"Dur\u00e9e de lecture estim\u00e9e\" \/>\n\t<meta name=\"twitter:data1\" content=\"1 minute\" \/>\n<script type=\"application\/ld+json\" class=\"yoast-schema-graph\">{\"@context\":\"https:\/\/schema.org\",\"@graph\":[{\"@type\":\"WebPage\",\"@id\":\"https:\/\/glider-battery.eu\/fr\/?post_type=product&p=1885\",\"url\":\"https:\/\/glider-battery.eu\/fr\/?post_type=product&p=1885\",\"name\":\"Cordon de raccordement de la batterie aviation GX16 3-Pin \/ 2-Pin - Glider Battery Shop\",\"isPartOf\":{\"@id\":\"https:\/\/glider-battery.eu\/#website\"},\"primaryImageOfPage\":{\"@id\":\"https:\/\/glider-battery.eu\/fr\/?post_type=product&p=1885#primaryimage\"},\"image\":{\"@id\":\"https:\/\/glider-battery.eu\/fr\/?post_type=product&p=1885#primaryimage\"},\"thumbnailUrl\":\"https:\/\/glider-battery.eu\/wp-content\/uploads\/2022\/08\/3.jpg\",\"datePublished\":\"2022-09-07T22:11:53+00:00\",\"dateModified\":\"2025-04-13T15:48:17+00:00\",\"description\":\"Cordon de raccordement de type XLR 3 broches avec connecteurs de batterie et bo\u00eetier de protection. Solution durable pour la protection m\u00e9canique des c\u00e2bles.\",\"breadcrumb\":{\"@id\":\"https:\/\/glider-battery.eu\/fr\/?post_type=product&p=1885#breadcrumb\"},\"inLanguage\":\"fr-FR\",\"potentialAction\":[{\"@type\":\"ReadAction\",\"target\":[\"https:\/\/glider-battery.eu\/fr\/?post_type=product&p=1885\"]}]},{\"@type\":\"ImageObject\",\"inLanguage\":\"fr-FR\",\"@id\":\"https:\/\/glider-battery.eu\/fr\/?post_type=product&p=1885#primaryimage\",\"url\":\"https:\/\/glider-battery.eu\/wp-content\/uploads\/2022\/08\/3.jpg\",\"contentUrl\":\"https:\/\/glider-battery.eu\/wp-content\/uploads\/2022\/08\/3.jpg\",\"width\":800,\"height\":800,\"caption\":\"2pin\"},{\"@type\":\"BreadcrumbList\",\"@id\":\"https:\/\/glider-battery.eu\/fr\/?post_type=product&p=1885#breadcrumb\",\"itemListElement\":[{\"@type\":\"ListItem\",\"position\":1,\"name\":\"Home\",\"item\":\"https:\/\/glider-battery.eu\/\"},{\"@type\":\"ListItem\",\"position\":2,\"name\":\"Des produits\",\"item\":\"https:\/\/glider-battery.eu\/fr\/shop\/\"},{\"@type\":\"ListItem\",\"position\":3,\"name\":\"Cordon de raccordement de la batterie aviation GX16 3-Pin \/ 2-Pin\"}]},{\"@type\":\"WebSite\",\"@id\":\"https:\/\/glider-battery.eu\/#website\",\"url\":\"https:\/\/glider-battery.eu\/\",\"name\":\"Glider Battery Shop\",\"description\":\"Power For Your Electronics\",\"publisher\":{\"@id\":\"https:\/\/glider-battery.eu\/#organization\"},\"potentialAction\":[{\"@type\":\"SearchAction\",\"target\":{\"@type\":\"EntryPoint\",\"urlTemplate\":\"https:\/\/glider-battery.eu\/?s={search_term_string}\"},\"query-input\":{\"@type\":\"PropertyValueSpecification\",\"valueRequired\":true,\"valueName\":\"search_term_string\"}}],\"inLanguage\":\"fr-FR\"},{\"@type\":\"Organization\",\"@id\":\"https:\/\/glider-battery.eu\/#organization\",\"name\":\"Glider-Battery.eu\",\"url\":\"https:\/\/glider-battery.eu\/\",\"logo\":{\"@type\":\"ImageObject\",\"inLanguage\":\"fr-FR\",\"@id\":\"https:\/\/glider-battery.eu\/#\/schema\/logo\/image\/\",\"url\":\"https:\/\/glider-battery.eu\/wp-content\/uploads\/2018\/01\/dar-grey-logo.png\",\"contentUrl\":\"https:\/\/glider-battery.eu\/wp-content\/uploads\/2018\/01\/dar-grey-logo.png\",\"width\":1300,\"height\":400,\"caption\":\"Glider-Battery.eu\"},\"image\":{\"@id\":\"https:\/\/glider-battery.eu\/#\/schema\/logo\/image\/\"}}]}<\/script>\n<!-- \/ Yoast SEO plugin. -->","yoast_head_json":{"title":"Cordon de raccordement de la batterie aviation GX16 3-Pin \/ 2-Pin - Glider Battery Shop","description":"Cordon de raccordement de type XLR 3 broches avec connecteurs de batterie et bo\u00eetier de protection. Solution durable pour la protection m\u00e9canique des c\u00e2bles.","robots":{"index":"index","follow":"follow","max-snippet":"max-snippet:-1","max-image-preview":"max-image-preview:large","max-video-preview":"max-video-preview:-1"},"canonical":"https:\/\/glider-battery.eu\/fr\/?post_type=product&p=1885","og_locale":"fr_FR","og_type":"article","og_title":"Cordon de raccordement de la batterie aviation GX16 3-Pin \/ 2-Pin - Glider Battery Shop","og_description":"Cordon de raccordement de type XLR 3 broches avec connecteurs de batterie et bo\u00eetier de protection. Solution durable pour la protection m\u00e9canique des c\u00e2bles.","og_url":"https:\/\/glider-battery.eu\/fr\/?post_type=product&p=1885","og_site_name":"Glider Battery Shop","article_modified_time":"2025-04-13T15:48:17+00:00","og_image":[{"width":800,"height":800,"url":"https:\/\/glider-battery.eu\/wp-content\/uploads\/2022\/08\/3.jpg","type":"image\/jpeg"}],"twitter_card":"summary_large_image","twitter_misc":{"Dur\u00e9e de lecture estim\u00e9e":"1 minute"},"schema":{"@context":"https:\/\/schema.org","@graph":[{"@type":"WebPage","@id":"https:\/\/glider-battery.eu\/fr\/?post_type=product&p=1885","url":"https:\/\/glider-battery.eu\/fr\/?post_type=product&p=1885","name":"Cordon de raccordement de la batterie aviation GX16 3-Pin \/ 2-Pin - Glider Battery Shop","isPartOf":{"@id":"https:\/\/glider-battery.eu\/#website"},"primaryImageOfPage":{"@id":"https:\/\/glider-battery.eu\/fr\/?post_type=product&p=1885#primaryimage"},"image":{"@id":"https:\/\/glider-battery.eu\/fr\/?post_type=product&p=1885#primaryimage"},"thumbnailUrl":"https:\/\/glider-battery.eu\/wp-content\/uploads\/2022\/08\/3.jpg","datePublished":"2022-09-07T22:11:53+00:00","dateModified":"2025-04-13T15:48:17+00:00","description":"Cordon de raccordement de type XLR 3 broches avec connecteurs de batterie et bo\u00eetier de protection. Solution durable pour la protection m\u00e9canique des c\u00e2bles.","breadcrumb":{"@id":"https:\/\/glider-battery.eu\/fr\/?post_type=product&p=1885#breadcrumb"},"inLanguage":"fr-FR","potentialAction":[{"@type":"ReadAction","target":["https:\/\/glider-battery.eu\/fr\/?post_type=product&p=1885"]}]},{"@type":"ImageObject","inLanguage":"fr-FR","@id":"https:\/\/glider-battery.eu\/fr\/?post_type=product&p=1885#primaryimage","url":"https:\/\/glider-battery.eu\/wp-content\/uploads\/2022\/08\/3.jpg","contentUrl":"https:\/\/glider-battery.eu\/wp-content\/uploads\/2022\/08\/3.jpg","width":800,"height":800,"caption":"2pin"},{"@type":"BreadcrumbList","@id":"https:\/\/glider-battery.eu\/fr\/?post_type=product&p=1885#breadcrumb","itemListElement":[{"@type":"ListItem","position":1,"name":"Home","item":"https:\/\/glider-battery.eu\/"},{"@type":"ListItem","position":2,"name":"Des produits","item":"https:\/\/glider-battery.eu\/fr\/shop\/"},{"@type":"ListItem","position":3,"name":"Cordon de raccordement de la batterie aviation GX16 3-Pin \/ 2-Pin"}]},{"@type":"WebSite","@id":"https:\/\/glider-battery.eu\/#website","url":"https:\/\/glider-battery.eu\/","name":"Glider Battery Shop","description":"Power For Your Electronics","publisher":{"@id":"https:\/\/glider-battery.eu\/#organization"},"potentialAction":[{"@type":"SearchAction","target":{"@type":"EntryPoint","urlTemplate":"https:\/\/glider-battery.eu\/?s={search_term_string}"},"query-input":{"@type":"PropertyValueSpecification","valueRequired":true,"valueName":"search_term_string"}}],"inLanguage":"fr-FR"},{"@type":"Organization","@id":"https:\/\/glider-battery.eu\/#organization","name":"Glider-Battery.eu","url":"https:\/\/glider-battery.eu\/","logo":{"@type":"ImageObject","inLanguage":"fr-FR","@id":"https:\/\/glider-battery.eu\/#\/schema\/logo\/image\/","url":"https:\/\/glider-battery.eu\/wp-content\/uploads\/2018\/01\/dar-grey-logo.png","contentUrl":"https:\/\/glider-battery.eu\/wp-content\/uploads\/2018\/01\/dar-grey-logo.png","width":1300,"height":400,"caption":"Glider-Battery.eu"},"image":{"@id":"https:\/\/glider-battery.eu\/#\/schema\/logo\/image\/"}}]}},"builder_content":"","_links":{"self":[{"href":"https:\/\/glider-battery.eu\/fr\/wp-json\/wp\/v2\/product\/1885","targetHints":{"allow":["GET"]}}],"collection":[{"href":"https:\/\/glider-battery.eu\/fr\/wp-json\/wp\/v2\/product"}],"about":[{"href":"https:\/\/glider-battery.eu\/fr\/wp-json\/wp\/v2\/types\/product"}],"replies":[{"embeddable":true,"href":"https:\/\/glider-battery.eu\/fr\/wp-json\/wp\/v2\/comments?post=1885"}],"wp:featuredmedia":[{"embeddable":true,"href":"https:\/\/glider-battery.eu\/fr\/wp-json\/wp\/v2\/media\/1782"}],"wp:attachment":[{"href":"https:\/\/glider-battery.eu\/fr\/wp-json\/wp\/v2\/media?parent=1885"}],"wp:term":[{"taxonomy":"product_brand","embeddable":true,"href":"https:\/\/glider-battery.eu\/fr\/wp-json\/wp\/v2\/product_brand?post=1885"},{"taxonomy":"product_cat","embeddable":true,"href":"https:\/\/glider-battery.eu\/fr\/wp-json\/wp\/v2\/product_cat?post=1885"},{"taxonomy":"product_tag","embeddable":true,"href":"https:\/\/glider-battery.eu\/fr\/wp-json\/wp\/v2\/product_tag?post=1885"}],"curies":[{"name":"wp","href":"https:\/\/api.w.org\/{rel}","templated":true}]}}