{"id":2615,"date":"2025-02-26T18:08:44","date_gmt":"2025-02-26T18:08:44","guid":{"rendered":"https:\/\/glider-battery.eu\/product\/support-de-batterie-12v-plateau-small\/"},"modified":"2025-04-20T11:20:59","modified_gmt":"2025-04-20T11:20:59","slug":"support-de-batterie-12v-plateau-small","status":"publish","type":"product","link":"https:\/\/glider-battery.eu\/fr\/produit\/support-de-batterie-12v-plateau-small\/","title":{"rendered":"Support de batterie 12V \/ plateau GRANDE"},"content":{"rendered":"<p><strong>Support de batterie pour une batterie de planeur de 16 Ah.<\/strong><\/p>\n<p><span class=\"x-el x-el-span c2-1 c2-2 c2-3 c2-4 c2-5 c2-6 c2-7 c2-8\" data-ux=\"Element\">Mat\u00e9riau tr\u00e8s solide et durable &#8211; Aluminium 5052 de qualit\u00e9 marine, anodis\u00e9 noir. <\/span><\/p>\n<p>Comprend une sangle de batterie en nylon solide et durable.<\/p>\n<p><span class=\"x-el x-el-span c2-1 c2-2 c2-3 c2-4 c2-5 c2-6 c2-7 c2-8\" data-ux=\"Element\">Extra l\u00e9ger &#8211; Seulement 108 g.<\/span><\/p>\n<p><span class=\"x-el x-el-span c2-1 c2-2 c2-3 c2-4 c2-5 c2-6 c2-7 c2-8\" data-ux=\"Element\">Il peut \u00eatre boulonn\u00e9 ou viss\u00e9 et mont\u00e9 sur n&rsquo;importe quelle surface \u00e0<\/span> l&rsquo;aide de trous pr\u00e9-perc\u00e9s \u00e0 la base.<\/p>\n<p><span class=\"x-el x-el-span c2-1 c2-2 c2-3 c2-4 c2-5 c2-6 c2-7 c2-8\" data-ux=\"Element\">Comprend une sangle de maintien de la batterie en nylon avec crochets et boucles<\/span>.<\/p>\n<p>L&rsquo;absence de parties m\u00e9talliques sur le bracelet permet d&rsquo;\u00e9viter les rayures ou tout autre dommage lors du remplacement de la batterie.<\/p>\n<p>S&rsquo;adapte parfaitement \u00e0 la batterie 16 Ah Glider ou \u00e0 toute autre batterie 12V 10-16Ah de taille standard, \u00e0 la verticale ou \u00e0 plat.<\/p>\n<p>Les boulons, vis et \u00e9crous ne sont pas inclus.<\/p>\n<p>Dimensions ext\u00e9rieures, y compris les oreilles de fixation : <strong>LxHxL<\/strong> (mm) = <strong>155 <\/strong>x <strong>27<\/strong> x <strong>128<\/strong> (mm)<\/p>\n<p>&nbsp;<\/p>\n<p>&nbsp;<\/p>\n","protected":false},"excerpt":{"rendered":"<p><strong>Support de batterie pour une batterie de planeur de 16 AH.<\/strong><\/p>\n<p><span class=\"x-el x-el-span c2-1 c2-2 c2-3 c2-4 c2-5 c2-6 c2-7 c2-8\" data-ux=\"Element\">Mat\u00e9riau tr\u00e8s solide et durable &#8211; Aluminium 5052 de qualit\u00e9 marine, anodis\u00e9 noir. <\/span><\/p>\n<p>Comprend une sangle de batterie en nylon solide et durable.<\/p>\n<p><span class=\"x-el x-el-span c2-1 c2-2 c2-3 c2-4 c2-5 c2-6 c2-7 c2-8\" data-ux=\"Element\">Extra l\u00e9ger &#8211; Seulement 108 g.<\/span><\/p>\n<p><span class=\"x-el x-el-span c2-1 c2-2 c2-3 c2-4 c2-5 c2-6 c2-7 c2-8\" data-ux=\"Element\">Il peut \u00eatre boulonn\u00e9 ou viss\u00e9 et mont\u00e9 sur n&rsquo;importe quelle surface \u00e0<\/span> l&rsquo;aide de trous pr\u00e9-perc\u00e9s \u00e0 la base.<\/p>\n<p><span class=\"x-el x-el-span c2-1 c2-2 c2-3 c2-4 c2-5 c2-6 c2-7 c2-8\" data-ux=\"Element\">Comprend une sangle de maintien de la batterie en nylon avec crochets et boucles<\/span>.<\/p>\n<p>L&rsquo;absence de parties m\u00e9talliques sur le bracelet permet d&rsquo;\u00e9viter les rayures ou tout autre dommage lors du remplacement de la batterie.<\/p>\n<p>Convient parfaitement \u00e0 la batterie 16 Ah Glider ou \u00e0 toute autre batterie 12V 12-16Ah de taille standard.<\/p>\n<p>Les boulons, vis et \u00e9crous ne sont pas inclus.<\/p>\n<p>&nbsp;<\/p>\n","protected":false},"featured_media":2621,"comment_status":"closed","ping_status":"closed","template":"","meta":[],"product_brand":[],"product_cat":[218,205,232,234],"product_tag":[319,321,322,320,323,324],"class_list":{"0":"post-2615","1":"product","2":"type-product","3":"status-publish","4":"has-post-thumbnail","6":"product_cat-accessoires-fr-2","7":"product_cat-piles-fr-fr","8":"product_cat-uncategorized-fr","9":"product_cat-zubehor-fr","10":"product_tag-bac-a-piles","11":"product_tag-plateau-de-batterie-12v","12":"product_tag-support-de-batterie","13":"product_tag-support-de-batterie-12v","14":"product_tag-support-de-batterie-12v-en-metal","15":"product_tag-support-en-aluminium","16":"has-post-title","17":"has-post-date","18":"has-post-category","19":"has-post-tag","20":"has-post-comment","21":"has-post-author","22":"","24":"first","25":"instock","26":"taxable","27":"shipping-taxable","28":"purchasable","29":"product-type-simple"},"yoast_head":"<!-- This site is optimized with the Yoast SEO plugin v27.0 - https:\/\/yoast.com\/product\/yoast-seo-wordpress\/ -->\n<title>Support de batterie 12V \/ plateau GRANDE - Glider Battery Shop<\/title>\n<meta name=\"description\" content=\"Support de batterie en m\u00e9tal pour batterie 12V LiFePO4 ou Lead Acid. Diff\u00e9rentes tailles pour la p\u00eache, le vol \u00e0 voile, les activit\u00e9s de plein air, les bateaux. Support 12V de taille standard.\" \/>\n<meta name=\"robots\" content=\"index, follow, max-snippet:-1, max-image-preview:large, max-video-preview:-1\" \/>\n<link rel=\"canonical\" href=\"https:\/\/glider-battery.eu\/fr\/produit\/support-de-batterie-12v-plateau-small\/\" \/>\n<meta property=\"og:locale\" content=\"fr_FR\" \/>\n<meta property=\"og:type\" content=\"article\" \/>\n<meta property=\"og:title\" content=\"Support de batterie 12V \/ plateau GRANDE - Glider Battery Shop\" \/>\n<meta property=\"og:description\" content=\"Support de batterie en m\u00e9tal pour batterie 12V LiFePO4 ou Lead Acid. Diff\u00e9rentes tailles pour la p\u00eache, le vol \u00e0 voile, les activit\u00e9s de plein air, les bateaux. Support 12V de taille standard.\" \/>\n<meta property=\"og:url\" content=\"https:\/\/glider-battery.eu\/fr\/produit\/support-de-batterie-12v-plateau-small\/\" \/>\n<meta property=\"og:site_name\" content=\"Glider Battery Shop\" \/>\n<meta property=\"article:modified_time\" content=\"2025-04-20T11:20:59+00:00\" \/>\n<meta property=\"og:image\" content=\"https:\/\/glider-battery.eu\/wp-content\/uploads\/2025\/02\/2-1.png\" \/>\n\t<meta property=\"og:image:width\" content=\"800\" \/>\n\t<meta property=\"og:image:height\" content=\"800\" \/>\n\t<meta property=\"og:image:type\" content=\"image\/png\" \/>\n<meta name=\"twitter:card\" content=\"summary_large_image\" \/>\n<meta name=\"twitter:label1\" content=\"Dur\u00e9e de lecture estim\u00e9e\" \/>\n\t<meta name=\"twitter:data1\" content=\"1 minute\" \/>\n<script type=\"application\/ld+json\" class=\"yoast-schema-graph\">{\"@context\":\"https:\/\/schema.org\",\"@graph\":[{\"@type\":\"WebPage\",\"@id\":\"https:\/\/glider-battery.eu\/fr\/produit\/support-de-batterie-12v-plateau-small\/\",\"url\":\"https:\/\/glider-battery.eu\/fr\/produit\/support-de-batterie-12v-plateau-small\/\",\"name\":\"Support de batterie 12V \/ plateau GRANDE - Glider Battery Shop\",\"isPartOf\":{\"@id\":\"https:\/\/glider-battery.eu\/#website\"},\"primaryImageOfPage\":{\"@id\":\"https:\/\/glider-battery.eu\/fr\/produit\/support-de-batterie-12v-plateau-small\/#primaryimage\"},\"image\":{\"@id\":\"https:\/\/glider-battery.eu\/fr\/produit\/support-de-batterie-12v-plateau-small\/#primaryimage\"},\"thumbnailUrl\":\"https:\/\/glider-battery.eu\/wp-content\/uploads\/2025\/02\/2-1.png\",\"datePublished\":\"2025-02-26T18:08:44+00:00\",\"dateModified\":\"2025-04-20T11:20:59+00:00\",\"description\":\"Support de batterie en m\u00e9tal pour batterie 12V LiFePO4 ou Lead Acid. Diff\u00e9rentes tailles pour la p\u00eache, le vol \u00e0 voile, les activit\u00e9s de plein air, les bateaux. Support 12V de taille standard.\",\"breadcrumb\":{\"@id\":\"https:\/\/glider-battery.eu\/fr\/produit\/support-de-batterie-12v-plateau-small\/#breadcrumb\"},\"inLanguage\":\"fr-FR\",\"potentialAction\":[{\"@type\":\"ReadAction\",\"target\":[\"https:\/\/glider-battery.eu\/fr\/produit\/support-de-batterie-12v-plateau-small\/\"]}]},{\"@type\":\"ImageObject\",\"inLanguage\":\"fr-FR\",\"@id\":\"https:\/\/glider-battery.eu\/fr\/produit\/support-de-batterie-12v-plateau-small\/#primaryimage\",\"url\":\"https:\/\/glider-battery.eu\/wp-content\/uploads\/2025\/02\/2-1.png\",\"contentUrl\":\"https:\/\/glider-battery.eu\/wp-content\/uploads\/2025\/02\/2-1.png\",\"width\":800,\"height\":800},{\"@type\":\"BreadcrumbList\",\"@id\":\"https:\/\/glider-battery.eu\/fr\/produit\/support-de-batterie-12v-plateau-small\/#breadcrumb\",\"itemListElement\":[{\"@type\":\"ListItem\",\"position\":1,\"name\":\"Home\",\"item\":\"https:\/\/glider-battery.eu\/\"},{\"@type\":\"ListItem\",\"position\":2,\"name\":\"Des produits\",\"item\":\"https:\/\/glider-battery.eu\/fr\/shop\/\"},{\"@type\":\"ListItem\",\"position\":3,\"name\":\"Support de batterie 12V \/ plateau GRANDE\"}]},{\"@type\":\"WebSite\",\"@id\":\"https:\/\/glider-battery.eu\/#website\",\"url\":\"https:\/\/glider-battery.eu\/\",\"name\":\"Glider Battery Shop\",\"description\":\"Power For Your Electronics\",\"publisher\":{\"@id\":\"https:\/\/glider-battery.eu\/#organization\"},\"potentialAction\":[{\"@type\":\"SearchAction\",\"target\":{\"@type\":\"EntryPoint\",\"urlTemplate\":\"https:\/\/glider-battery.eu\/?s={search_term_string}\"},\"query-input\":{\"@type\":\"PropertyValueSpecification\",\"valueRequired\":true,\"valueName\":\"search_term_string\"}}],\"inLanguage\":\"fr-FR\"},{\"@type\":\"Organization\",\"@id\":\"https:\/\/glider-battery.eu\/#organization\",\"name\":\"Glider-Battery.eu\",\"url\":\"https:\/\/glider-battery.eu\/\",\"logo\":{\"@type\":\"ImageObject\",\"inLanguage\":\"fr-FR\",\"@id\":\"https:\/\/glider-battery.eu\/#\/schema\/logo\/image\/\",\"url\":\"https:\/\/glider-battery.eu\/wp-content\/uploads\/2018\/01\/dar-grey-logo.png\",\"contentUrl\":\"https:\/\/glider-battery.eu\/wp-content\/uploads\/2018\/01\/dar-grey-logo.png\",\"width\":1300,\"height\":400,\"caption\":\"Glider-Battery.eu\"},\"image\":{\"@id\":\"https:\/\/glider-battery.eu\/#\/schema\/logo\/image\/\"}}]}<\/script>\n<!-- \/ Yoast SEO plugin. -->","yoast_head_json":{"title":"Support de batterie 12V \/ plateau GRANDE - Glider Battery Shop","description":"Support de batterie en m\u00e9tal pour batterie 12V LiFePO4 ou Lead Acid. Diff\u00e9rentes tailles pour la p\u00eache, le vol \u00e0 voile, les activit\u00e9s de plein air, les bateaux. Support 12V de taille standard.","robots":{"index":"index","follow":"follow","max-snippet":"max-snippet:-1","max-image-preview":"max-image-preview:large","max-video-preview":"max-video-preview:-1"},"canonical":"https:\/\/glider-battery.eu\/fr\/produit\/support-de-batterie-12v-plateau-small\/","og_locale":"fr_FR","og_type":"article","og_title":"Support de batterie 12V \/ plateau GRANDE - Glider Battery Shop","og_description":"Support de batterie en m\u00e9tal pour batterie 12V LiFePO4 ou Lead Acid. Diff\u00e9rentes tailles pour la p\u00eache, le vol \u00e0 voile, les activit\u00e9s de plein air, les bateaux. Support 12V de taille standard.","og_url":"https:\/\/glider-battery.eu\/fr\/produit\/support-de-batterie-12v-plateau-small\/","og_site_name":"Glider Battery Shop","article_modified_time":"2025-04-20T11:20:59+00:00","og_image":[{"width":800,"height":800,"url":"https:\/\/glider-battery.eu\/wp-content\/uploads\/2025\/02\/2-1.png","type":"image\/png"}],"twitter_card":"summary_large_image","twitter_misc":{"Dur\u00e9e de lecture estim\u00e9e":"1 minute"},"schema":{"@context":"https:\/\/schema.org","@graph":[{"@type":"WebPage","@id":"https:\/\/glider-battery.eu\/fr\/produit\/support-de-batterie-12v-plateau-small\/","url":"https:\/\/glider-battery.eu\/fr\/produit\/support-de-batterie-12v-plateau-small\/","name":"Support de batterie 12V \/ plateau GRANDE - Glider Battery Shop","isPartOf":{"@id":"https:\/\/glider-battery.eu\/#website"},"primaryImageOfPage":{"@id":"https:\/\/glider-battery.eu\/fr\/produit\/support-de-batterie-12v-plateau-small\/#primaryimage"},"image":{"@id":"https:\/\/glider-battery.eu\/fr\/produit\/support-de-batterie-12v-plateau-small\/#primaryimage"},"thumbnailUrl":"https:\/\/glider-battery.eu\/wp-content\/uploads\/2025\/02\/2-1.png","datePublished":"2025-02-26T18:08:44+00:00","dateModified":"2025-04-20T11:20:59+00:00","description":"Support de batterie en m\u00e9tal pour batterie 12V LiFePO4 ou Lead Acid. Diff\u00e9rentes tailles pour la p\u00eache, le vol \u00e0 voile, les activit\u00e9s de plein air, les bateaux. Support 12V de taille standard.","breadcrumb":{"@id":"https:\/\/glider-battery.eu\/fr\/produit\/support-de-batterie-12v-plateau-small\/#breadcrumb"},"inLanguage":"fr-FR","potentialAction":[{"@type":"ReadAction","target":["https:\/\/glider-battery.eu\/fr\/produit\/support-de-batterie-12v-plateau-small\/"]}]},{"@type":"ImageObject","inLanguage":"fr-FR","@id":"https:\/\/glider-battery.eu\/fr\/produit\/support-de-batterie-12v-plateau-small\/#primaryimage","url":"https:\/\/glider-battery.eu\/wp-content\/uploads\/2025\/02\/2-1.png","contentUrl":"https:\/\/glider-battery.eu\/wp-content\/uploads\/2025\/02\/2-1.png","width":800,"height":800},{"@type":"BreadcrumbList","@id":"https:\/\/glider-battery.eu\/fr\/produit\/support-de-batterie-12v-plateau-small\/#breadcrumb","itemListElement":[{"@type":"ListItem","position":1,"name":"Home","item":"https:\/\/glider-battery.eu\/"},{"@type":"ListItem","position":2,"name":"Des produits","item":"https:\/\/glider-battery.eu\/fr\/shop\/"},{"@type":"ListItem","position":3,"name":"Support de batterie 12V \/ plateau GRANDE"}]},{"@type":"WebSite","@id":"https:\/\/glider-battery.eu\/#website","url":"https:\/\/glider-battery.eu\/","name":"Glider Battery Shop","description":"Power For Your Electronics","publisher":{"@id":"https:\/\/glider-battery.eu\/#organization"},"potentialAction":[{"@type":"SearchAction","target":{"@type":"EntryPoint","urlTemplate":"https:\/\/glider-battery.eu\/?s={search_term_string}"},"query-input":{"@type":"PropertyValueSpecification","valueRequired":true,"valueName":"search_term_string"}}],"inLanguage":"fr-FR"},{"@type":"Organization","@id":"https:\/\/glider-battery.eu\/#organization","name":"Glider-Battery.eu","url":"https:\/\/glider-battery.eu\/","logo":{"@type":"ImageObject","inLanguage":"fr-FR","@id":"https:\/\/glider-battery.eu\/#\/schema\/logo\/image\/","url":"https:\/\/glider-battery.eu\/wp-content\/uploads\/2018\/01\/dar-grey-logo.png","contentUrl":"https:\/\/glider-battery.eu\/wp-content\/uploads\/2018\/01\/dar-grey-logo.png","width":1300,"height":400,"caption":"Glider-Battery.eu"},"image":{"@id":"https:\/\/glider-battery.eu\/#\/schema\/logo\/image\/"}}]}},"builder_content":"","_links":{"self":[{"href":"https:\/\/glider-battery.eu\/fr\/wp-json\/wp\/v2\/product\/2615","targetHints":{"allow":["GET"]}}],"collection":[{"href":"https:\/\/glider-battery.eu\/fr\/wp-json\/wp\/v2\/product"}],"about":[{"href":"https:\/\/glider-battery.eu\/fr\/wp-json\/wp\/v2\/types\/product"}],"replies":[{"embeddable":true,"href":"https:\/\/glider-battery.eu\/fr\/wp-json\/wp\/v2\/comments?post=2615"}],"wp:featuredmedia":[{"embeddable":true,"href":"https:\/\/glider-battery.eu\/fr\/wp-json\/wp\/v2\/media\/2621"}],"wp:attachment":[{"href":"https:\/\/glider-battery.eu\/fr\/wp-json\/wp\/v2\/media?parent=2615"}],"wp:term":[{"taxonomy":"product_brand","embeddable":true,"href":"https:\/\/glider-battery.eu\/fr\/wp-json\/wp\/v2\/product_brand?post=2615"},{"taxonomy":"product_cat","embeddable":true,"href":"https:\/\/glider-battery.eu\/fr\/wp-json\/wp\/v2\/product_cat?post=2615"},{"taxonomy":"product_tag","embeddable":true,"href":"https:\/\/glider-battery.eu\/fr\/wp-json\/wp\/v2\/product_tag?post=2615"}],"curies":[{"name":"wp","href":"https:\/\/api.w.org\/{rel}","templated":true}]}}