{"id":2818,"date":"2025-06-27T16:41:24","date_gmt":"2025-06-27T16:41:24","guid":{"rendered":"https:\/\/glider-battery.eu\/product\/connecteur-aviation-gx16-3-ou-2-broches-m-f-copie\/"},"modified":"2025-06-27T17:05:34","modified_gmt":"2025-06-27T17:05:34","slug":"connecteur-aviation-gx16-3-ou-2-broches-m-f-copie","status":"publish","type":"product","link":"https:\/\/glider-battery.eu\/fr\/produit\/connecteur-aviation-gx16-3-ou-2-broches-m-f-copie\/","title":{"rendered":"Connecteur XLR 3 broches M\/F"},"content":{"rendered":"<p>Connecteur XLR 3 broches &#8211; m\u00e2le \/ femelle. Connectez la batterie \u00e0 l&rsquo;avionique du planeur, la batterie au chargeur. <\/p>\n<p>Les connecteurs sont livr\u00e9s nus, sans c\u00e2ble.<\/p>\n<p>Types :<\/p>\n<ul>\n<li>M\u00e2le \u00e0 3 broches<\/li>\n<li>3 broches femelles<\/li>\n<\/ul>\n<p><!--themify_builder_static--><!--\/themify_builder_static--><\/p>\n","protected":false},"excerpt":{"rendered":"<p>Connecteur XLR 3 broches &#8211; m\u00e2le \/ femelle. Connectez la batterie \u00e0 l&rsquo;avionique du planeur, la batterie au chargeur. <\/p>\n<p>Les connecteurs sont livr\u00e9s nus, sans c\u00e2ble. Prix pour 1 unit\u00e9.<\/p>\n<p>Types :<\/p>\n<ul>\n<li>M\u00e2le \u00e0 3 broches<\/li>\n<li>3 broches femelles<\/li>\n<\/ul>\n","protected":false},"featured_media":2830,"comment_status":"closed","ping_status":"closed","template":"","meta":[],"product_brand":[],"product_cat":[176,218,234],"product_tag":[],"class_list":{"0":"post-2818","1":"product","2":"type-product","3":"status-publish","4":"has-post-thumbnail","6":"product_cat-accessoires-fr","7":"product_cat-accessoires-fr-2","8":"product_cat-zubehor-fr","9":"has-post-title","10":"has-post-date","11":"has-post-category","12":"has-post-tag","13":"has-post-comment","14":"has-post-author","15":"","17":"first","18":"instock","19":"taxable","20":"shipping-taxable","21":"purchasable","22":"product-type-variable"},"yoast_head":"<!-- This site is optimized with the Yoast SEO plugin v27.0 - https:\/\/yoast.com\/product\/yoast-seo-wordpress\/ -->\n<title>Connecteur XLR 3 broches M\/F - Glider Battery Shop<\/title>\n<meta name=\"description\" content=\"Connecteur XLR \u00e0 3 broches - m\u00e2le ou femelle. Connectez la batterie \u00e0 l&#039;avionique du planeur, la batterie au chargeur.\" \/>\n<meta name=\"robots\" content=\"index, follow, max-snippet:-1, max-image-preview:large, max-video-preview:-1\" \/>\n<link rel=\"canonical\" href=\"https:\/\/glider-battery.eu\/fr\/?post_type=product&p=2818\" \/>\n<meta property=\"og:locale\" content=\"fr_FR\" \/>\n<meta property=\"og:type\" content=\"article\" \/>\n<meta property=\"og:title\" content=\"Connecteur XLR 3 broches M\/F - Glider Battery Shop\" \/>\n<meta property=\"og:description\" content=\"Connecteur XLR \u00e0 3 broches - m\u00e2le ou femelle. Connectez la batterie \u00e0 l&#039;avionique du planeur, la batterie au chargeur.\" \/>\n<meta property=\"og:url\" content=\"https:\/\/glider-battery.eu\/fr\/?post_type=product&amp;p=2818\" \/>\n<meta property=\"og:site_name\" content=\"Glider Battery Shop\" \/>\n<meta property=\"article:modified_time\" content=\"2025-06-27T17:05:34+00:00\" \/>\n<meta property=\"og:image\" content=\"https:\/\/glider-battery.eu\/wp-content\/uploads\/2025\/06\/XLR-3pin-M-800.jpeg\" \/>\n\t<meta property=\"og:image:width\" content=\"800\" \/>\n\t<meta property=\"og:image:height\" content=\"800\" \/>\n\t<meta property=\"og:image:type\" content=\"image\/jpeg\" \/>\n<meta name=\"twitter:card\" content=\"summary_large_image\" \/>\n<script type=\"application\/ld+json\" class=\"yoast-schema-graph\">{\"@context\":\"https:\/\/schema.org\",\"@graph\":[{\"@type\":\"WebPage\",\"@id\":\"https:\/\/glider-battery.eu\/fr\/?post_type=product&p=2818\",\"url\":\"https:\/\/glider-battery.eu\/fr\/?post_type=product&p=2818\",\"name\":\"Connecteur XLR 3 broches M\/F - Glider Battery Shop\",\"isPartOf\":{\"@id\":\"https:\/\/glider-battery.eu\/#website\"},\"primaryImageOfPage\":{\"@id\":\"https:\/\/glider-battery.eu\/fr\/?post_type=product&p=2818#primaryimage\"},\"image\":{\"@id\":\"https:\/\/glider-battery.eu\/fr\/?post_type=product&p=2818#primaryimage\"},\"thumbnailUrl\":\"https:\/\/glider-battery.eu\/wp-content\/uploads\/2025\/06\/XLR-3pin-M-800.jpeg\",\"datePublished\":\"2025-06-27T16:41:24+00:00\",\"dateModified\":\"2025-06-27T17:05:34+00:00\",\"description\":\"Connecteur XLR \u00e0 3 broches - m\u00e2le ou femelle. Connectez la batterie \u00e0 l'avionique du planeur, la batterie au chargeur.\",\"breadcrumb\":{\"@id\":\"https:\/\/glider-battery.eu\/fr\/?post_type=product&p=2818#breadcrumb\"},\"inLanguage\":\"fr-FR\",\"potentialAction\":[{\"@type\":\"ReadAction\",\"target\":[\"https:\/\/glider-battery.eu\/fr\/?post_type=product&p=2818\"]}]},{\"@type\":\"ImageObject\",\"inLanguage\":\"fr-FR\",\"@id\":\"https:\/\/glider-battery.eu\/fr\/?post_type=product&p=2818#primaryimage\",\"url\":\"https:\/\/glider-battery.eu\/wp-content\/uploads\/2025\/06\/XLR-3pin-M-800.jpeg\",\"contentUrl\":\"https:\/\/glider-battery.eu\/wp-content\/uploads\/2025\/06\/XLR-3pin-M-800.jpeg\",\"width\":800,\"height\":800},{\"@type\":\"BreadcrumbList\",\"@id\":\"https:\/\/glider-battery.eu\/fr\/?post_type=product&p=2818#breadcrumb\",\"itemListElement\":[{\"@type\":\"ListItem\",\"position\":1,\"name\":\"Home\",\"item\":\"https:\/\/glider-battery.eu\/\"},{\"@type\":\"ListItem\",\"position\":2,\"name\":\"Des produits\",\"item\":\"https:\/\/glider-battery.eu\/fr\/shop\/\"},{\"@type\":\"ListItem\",\"position\":3,\"name\":\"Connecteur XLR 3 broches M\/F\"}]},{\"@type\":\"WebSite\",\"@id\":\"https:\/\/glider-battery.eu\/#website\",\"url\":\"https:\/\/glider-battery.eu\/\",\"name\":\"Glider Battery Shop\",\"description\":\"Power For Your Electronics\",\"publisher\":{\"@id\":\"https:\/\/glider-battery.eu\/#organization\"},\"potentialAction\":[{\"@type\":\"SearchAction\",\"target\":{\"@type\":\"EntryPoint\",\"urlTemplate\":\"https:\/\/glider-battery.eu\/?s={search_term_string}\"},\"query-input\":{\"@type\":\"PropertyValueSpecification\",\"valueRequired\":true,\"valueName\":\"search_term_string\"}}],\"inLanguage\":\"fr-FR\"},{\"@type\":\"Organization\",\"@id\":\"https:\/\/glider-battery.eu\/#organization\",\"name\":\"Glider-Battery.eu\",\"url\":\"https:\/\/glider-battery.eu\/\",\"logo\":{\"@type\":\"ImageObject\",\"inLanguage\":\"fr-FR\",\"@id\":\"https:\/\/glider-battery.eu\/#\/schema\/logo\/image\/\",\"url\":\"https:\/\/glider-battery.eu\/wp-content\/uploads\/2018\/01\/dar-grey-logo.png\",\"contentUrl\":\"https:\/\/glider-battery.eu\/wp-content\/uploads\/2018\/01\/dar-grey-logo.png\",\"width\":1300,\"height\":400,\"caption\":\"Glider-Battery.eu\"},\"image\":{\"@id\":\"https:\/\/glider-battery.eu\/#\/schema\/logo\/image\/\"}}]}<\/script>\n<!-- \/ Yoast SEO plugin. -->","yoast_head_json":{"title":"Connecteur XLR 3 broches M\/F - Glider Battery Shop","description":"Connecteur XLR \u00e0 3 broches - m\u00e2le ou femelle. Connectez la batterie \u00e0 l'avionique du planeur, la batterie au chargeur.","robots":{"index":"index","follow":"follow","max-snippet":"max-snippet:-1","max-image-preview":"max-image-preview:large","max-video-preview":"max-video-preview:-1"},"canonical":"https:\/\/glider-battery.eu\/fr\/?post_type=product&p=2818","og_locale":"fr_FR","og_type":"article","og_title":"Connecteur XLR 3 broches M\/F - Glider Battery Shop","og_description":"Connecteur XLR \u00e0 3 broches - m\u00e2le ou femelle. Connectez la batterie \u00e0 l'avionique du planeur, la batterie au chargeur.","og_url":"https:\/\/glider-battery.eu\/fr\/?post_type=product&p=2818","og_site_name":"Glider Battery Shop","article_modified_time":"2025-06-27T17:05:34+00:00","og_image":[{"width":800,"height":800,"url":"https:\/\/glider-battery.eu\/wp-content\/uploads\/2025\/06\/XLR-3pin-M-800.jpeg","type":"image\/jpeg"}],"twitter_card":"summary_large_image","schema":{"@context":"https:\/\/schema.org","@graph":[{"@type":"WebPage","@id":"https:\/\/glider-battery.eu\/fr\/?post_type=product&p=2818","url":"https:\/\/glider-battery.eu\/fr\/?post_type=product&p=2818","name":"Connecteur XLR 3 broches M\/F - Glider Battery Shop","isPartOf":{"@id":"https:\/\/glider-battery.eu\/#website"},"primaryImageOfPage":{"@id":"https:\/\/glider-battery.eu\/fr\/?post_type=product&p=2818#primaryimage"},"image":{"@id":"https:\/\/glider-battery.eu\/fr\/?post_type=product&p=2818#primaryimage"},"thumbnailUrl":"https:\/\/glider-battery.eu\/wp-content\/uploads\/2025\/06\/XLR-3pin-M-800.jpeg","datePublished":"2025-06-27T16:41:24+00:00","dateModified":"2025-06-27T17:05:34+00:00","description":"Connecteur XLR \u00e0 3 broches - m\u00e2le ou femelle. Connectez la batterie \u00e0 l'avionique du planeur, la batterie au chargeur.","breadcrumb":{"@id":"https:\/\/glider-battery.eu\/fr\/?post_type=product&p=2818#breadcrumb"},"inLanguage":"fr-FR","potentialAction":[{"@type":"ReadAction","target":["https:\/\/glider-battery.eu\/fr\/?post_type=product&p=2818"]}]},{"@type":"ImageObject","inLanguage":"fr-FR","@id":"https:\/\/glider-battery.eu\/fr\/?post_type=product&p=2818#primaryimage","url":"https:\/\/glider-battery.eu\/wp-content\/uploads\/2025\/06\/XLR-3pin-M-800.jpeg","contentUrl":"https:\/\/glider-battery.eu\/wp-content\/uploads\/2025\/06\/XLR-3pin-M-800.jpeg","width":800,"height":800},{"@type":"BreadcrumbList","@id":"https:\/\/glider-battery.eu\/fr\/?post_type=product&p=2818#breadcrumb","itemListElement":[{"@type":"ListItem","position":1,"name":"Home","item":"https:\/\/glider-battery.eu\/"},{"@type":"ListItem","position":2,"name":"Des produits","item":"https:\/\/glider-battery.eu\/fr\/shop\/"},{"@type":"ListItem","position":3,"name":"Connecteur XLR 3 broches M\/F"}]},{"@type":"WebSite","@id":"https:\/\/glider-battery.eu\/#website","url":"https:\/\/glider-battery.eu\/","name":"Glider Battery Shop","description":"Power For Your Electronics","publisher":{"@id":"https:\/\/glider-battery.eu\/#organization"},"potentialAction":[{"@type":"SearchAction","target":{"@type":"EntryPoint","urlTemplate":"https:\/\/glider-battery.eu\/?s={search_term_string}"},"query-input":{"@type":"PropertyValueSpecification","valueRequired":true,"valueName":"search_term_string"}}],"inLanguage":"fr-FR"},{"@type":"Organization","@id":"https:\/\/glider-battery.eu\/#organization","name":"Glider-Battery.eu","url":"https:\/\/glider-battery.eu\/","logo":{"@type":"ImageObject","inLanguage":"fr-FR","@id":"https:\/\/glider-battery.eu\/#\/schema\/logo\/image\/","url":"https:\/\/glider-battery.eu\/wp-content\/uploads\/2018\/01\/dar-grey-logo.png","contentUrl":"https:\/\/glider-battery.eu\/wp-content\/uploads\/2018\/01\/dar-grey-logo.png","width":1300,"height":400,"caption":"Glider-Battery.eu"},"image":{"@id":"https:\/\/glider-battery.eu\/#\/schema\/logo\/image\/"}}]}},"builder_content":"","_links":{"self":[{"href":"https:\/\/glider-battery.eu\/fr\/wp-json\/wp\/v2\/product\/2818","targetHints":{"allow":["GET"]}}],"collection":[{"href":"https:\/\/glider-battery.eu\/fr\/wp-json\/wp\/v2\/product"}],"about":[{"href":"https:\/\/glider-battery.eu\/fr\/wp-json\/wp\/v2\/types\/product"}],"replies":[{"embeddable":true,"href":"https:\/\/glider-battery.eu\/fr\/wp-json\/wp\/v2\/comments?post=2818"}],"wp:featuredmedia":[{"embeddable":true,"href":"https:\/\/glider-battery.eu\/fr\/wp-json\/wp\/v2\/media\/2830"}],"wp:attachment":[{"href":"https:\/\/glider-battery.eu\/fr\/wp-json\/wp\/v2\/media?parent=2818"}],"wp:term":[{"taxonomy":"product_brand","embeddable":true,"href":"https:\/\/glider-battery.eu\/fr\/wp-json\/wp\/v2\/product_brand?post=2818"},{"taxonomy":"product_cat","embeddable":true,"href":"https:\/\/glider-battery.eu\/fr\/wp-json\/wp\/v2\/product_cat?post=2818"},{"taxonomy":"product_tag","embeddable":true,"href":"https:\/\/glider-battery.eu\/fr\/wp-json\/wp\/v2\/product_tag?post=2818"}],"curies":[{"name":"wp","href":"https:\/\/api.w.org\/{rel}","templated":true}]}}